{"id":148010,"date":"2025-02-25T12:22:22","date_gmt":"2025-02-25T11:22:22","guid":{"rendered":"https:\/\/secureus.se\/?post_type=product&#038;p=148010"},"modified":"2026-04-08T16:38:07","modified_gmt":"2026-04-08T14:38:07","slug":"plejd-belysning-plafond-sensor-vit","status":"publish","type":"product","link":"https:\/\/secureus.se\/fr\/plejd-belysning-plafond-sensor-vit\/","title":{"rendered":"Plejd \u00e9clairage Plafond Sensor blanc"},"content":{"rendered":"<h1>Plejd CCL-01-S \u2013 Plafonnier LED intelligent avec d\u00e9tecteur de mouvement et blanc r\u00e9glable<\/h1>\n<p data-start=\"508\" data-end=\"757\">Plejd CCL-01-S est un plafonnier LED intelligent avec capteur de mouvement int\u00e9gr\u00e9 et contr\u00f4le de la lumi\u00e8re, parfait pour les maisons et les environnements publics.<\/p>\n<p data-start=\"508\" data-end=\"757\">Gr\u00e2ce \u00e0 la fonction variateur int\u00e9gr\u00e9e, aucun variateur externe n&#039;est n\u00e9cessaire, ce qui rend l&#039;installation plus facile et plus flexible.<\/p>\n<p data-start=\"759\" data-end=\"1078\">Il peut \u00eatre contr\u00f4l\u00e9 via l&#039;application Plejd, un bouton-poussoir ou d&#039;autres appareils Plejd et peut \u00e9galement \u00eatre regroup\u00e9 sans fil, permettant un contr\u00f4le fluide de plusieurs appareils simultan\u00e9ment.<\/p>\n<p data-start=\"759\" data-end=\"1078\">De plus, il dispose de fonctions de temps int\u00e9gr\u00e9es telles que les horloges astronomiques et hebdomadaires, ce qui signifie que l&#039;\u00e9clairage peut \u00eatre automatiquement ajust\u00e9 en fonction de l&#039;heure de la journ\u00e9e.<\/p>\n<p data-start=\"1080\" data-end=\"1483\">Le capteur de mouvement int\u00e9gr\u00e9 combine la technologie PIR et HF pour une d\u00e9tection de mouvement optimale.<\/p>\n<p data-start=\"1080\" data-end=\"1483\">Le capteur PIR a une port\u00e9e allant jusqu&#039;\u00e0 11 m\u00e8tres, tandis que le capteur HF est r\u00e9glable jusqu&#039;\u00e0 10 m\u00e8tres et peut d\u00e9tecter m\u00eame de petits mouvements.<\/p>\n<p data-start=\"1080\" data-end=\"1483\">Il est \u00e9galement \u00e9quip\u00e9 d&#039;un capteur de lumi\u00e8re du jour, ce qui signifie que l&#039;\u00e9clairage n&#039;est activ\u00e9 qu&#039;en cas de faible luminosit\u00e9 ambiante, ce qui contribue aux \u00e9conomies d&#039;\u00e9nergie.<\/p>\n<p data-start=\"1485\" data-end=\"1830\">Gr\u00e2ce \u00e0 la technologie blanche r\u00e9glable, la temp\u00e9rature de couleur peut \u00eatre ajust\u00e9e entre 2 200 K et 4 000 K, ce qui permet d&#039;adapter facilement l&#039;\u00e9clairage \u00e0 vos besoins, d&#039;une lueur chaleureuse et confortable \u00e0 une lumi\u00e8re de travail plus neutre.<\/p>\n<p data-start=\"1485\" data-end=\"1830\">La fonction d&#039;att\u00e9nuation vers r\u00e9chauffement garantit que la temp\u00e9rature de couleur est ajust\u00e9e naturellement lors de la gradation pour une exp\u00e9rience d&#039;\u00e9clairage douce et confortable.<\/p>\n<p data-start=\"1832\" data-end=\"2072\">Le plafonnier a un angle de faisceau de 120\u00b0, ce qui assure une r\u00e9partition lumineuse large et uniforme.<\/p>\n<p data-start=\"1832\" data-end=\"2072\">Avec un indice de rendu des couleurs \u00e9lev\u00e9 (IRC 93), les couleurs sont rendues de mani\u00e8re naturelle et agr\u00e9able, ce qui rend le luminaire id\u00e9al pour les maisons, les bureaux et les magasins.<\/p>\n<p data-start=\"2074\" data-end=\"2253\">Gr\u00e2ce \u00e0 la technologie maill\u00e9e Bluetooth\u00ae, plusieurs appareils peuvent communiquer et \u00e9tendre la port\u00e9e radio, garantissant un contr\u00f4le stable et fiable dans les installations plus grandes.<\/p>\n<p data-start=\"2255\" data-end=\"2478\">Il est class\u00e9 IP44 lorsqu&#039;il est mont\u00e9 au plafond, ce qui le rend adapt\u00e9 aux salles de bains et aux environnements humides.<\/p>\n<p data-start=\"2255\" data-end=\"2478\">Lorsqu&#039;il est mont\u00e9 au mur, il est class\u00e9 IP20. Le plafonnier est \u00e9galement dot\u00e9 d&#039;une r\u00e9sistance aux chocs class\u00e9e IK07, ce qui le rend particuli\u00e8rement durable.<\/p>\n<p data-start=\"2480\" data-end=\"2653\">Plejd CCL-01-S est une solution d&#039;\u00e9clairage \u00e9conome en \u00e9nergie et durable, avec une dur\u00e9e de vie allant jusqu&#039;\u00e0 100 000 heures, garantissant un fonctionnement durable et fiable.<\/p>\n<h3 data-start=\"2655\" data-end=\"2690\"><strong data-start=\"2659\" data-end=\"2688\">Sp\u00e9cifications techniques\u00a0:<\/strong><\/h3>\n<ul data-start=\"2691\" data-end=\"3645\">\n<li data-start=\"2691\" data-end=\"2727\"><strong data-start=\"2693\" data-end=\"2707\">Source lumineuse\u00a0:<\/strong> LED (non rempla\u00e7able)<\/li>\n<li data-start=\"2728\" data-end=\"2754\"><strong data-start=\"2730\" data-end=\"2744\">Flux lumineux:<\/strong> 2000 lumens<\/li>\n<li data-start=\"2755\" data-end=\"2805\"><strong data-start=\"2757\" data-end=\"2776\">Temp\u00e9rature de couleur :<\/strong> 2200\u20134000K (blanc r\u00e9glable)<\/li>\n<li data-start=\"2806\" data-end=\"2839\"><strong data-start=\"2808\" data-end=\"2827\">Plage de gradation :<\/strong> 0,1\u2013100 %<\/li>\n<li data-start=\"2840\" data-end=\"2870\"><strong data-start=\"2842\" data-end=\"2863\">Angle d&#039;\u00e9talement :<\/strong> 120\u00b0<\/li>\n<li data-start=\"2871\" data-end=\"2904\"><strong data-start=\"2873\" data-end=\"2899\">Rendu des couleurs (IRC) :<\/strong> 93<\/li>\n<li data-start=\"2905\" data-end=\"2958\"><strong data-start=\"2907\" data-end=\"2921\">Vie:<\/strong> 100 000 heures (L70\/B50 \u00e0 25\u00b0C)<\/li>\n<li data-start=\"2959\" data-end=\"2979\"><strong data-start=\"2961\" data-end=\"2972\">Effet:<\/strong> 22W<\/li>\n<li data-start=\"2980\" data-end=\"3015\"><strong data-start=\"2982\" data-end=\"3011\">Classe d&#039;efficacit\u00e9 \u00e9nerg\u00e9tique :<\/strong> F<\/li>\n<li data-start=\"3016\" data-end=\"3045\"><strong data-start=\"3018\" data-end=\"3034\">Classe de protection\u00a0:<\/strong> Classe II<\/li>\n<li data-start=\"3046\" data-end=\"3122\"><strong data-start=\"3048\" data-end=\"3061\">Classe IP\u00a0:<\/strong>\n<ul data-start=\"3066\" data-end=\"3122\">\n<li data-start=\"3066\" data-end=\"3092\"><strong data-start=\"3068\" data-end=\"3085\">Montage au plafond :<\/strong> IP44<\/li>\n<li data-start=\"3095\" data-end=\"3122\"><strong data-start=\"3097\" data-end=\"3115\">Montage mural :<\/strong> IP20<\/li>\n<\/ul>\n<\/li>\n<li data-start=\"3123\" data-end=\"3149\"><strong data-start=\"3125\" data-end=\"3142\">R\u00e9sistance aux chocs :<\/strong> IK07<\/li>\n<li data-start=\"3150\" data-end=\"3182\"><strong data-start=\"3152\" data-end=\"3168\">Tension secteur :<\/strong> 230V \/ 50Hz<\/li>\n<li data-start=\"3183\" data-end=\"3208\"><strong data-start=\"3185\" data-end=\"3202\">Facteur de puissance :<\/strong> 0,9<\/li>\n<li data-start=\"3209\" data-end=\"3255\"><strong data-start=\"3211\" data-end=\"3229\">Communication:<\/strong> Maillage Bluetooth\u00ae 2,4 GHz<\/li>\n<li data-start=\"3256\" data-end=\"3331\"><strong data-start=\"3258\" data-end=\"3276\">Port\u00e9e radio :<\/strong> Environ 10 m\u00e8tres en int\u00e9rieur (\u00e9tendu avec la technologie de maillage Plejd)<\/li>\n<li data-start=\"3332\" data-end=\"3375\"><strong data-start=\"3334\" data-end=\"3348\">Montage:<\/strong> Montage au plafond ou au mur<\/li>\n<li data-start=\"3376\" data-end=\"3410\"><strong data-start=\"3378\" data-end=\"3387\">Mesure:<\/strong> \u00d8 294 mm, hauteur 50 mm<\/li>\n<li data-start=\"3411\" data-end=\"3455\"><strong data-start=\"3413\" data-end=\"3426\">Mat\u00e9riel:<\/strong> Plastique mat, blanc (RAL 9003)<\/li>\n<li data-start=\"3456\" data-end=\"3520\"><strong data-start=\"3458\" data-end=\"3476\">Capteur de mouvement:<\/strong> Capteur PIR + HF (r\u00e9glable jusqu&#039;\u00e0 10 m)<\/li>\n<li data-start=\"3521\" data-end=\"3575\"><strong data-start=\"3523\" data-end=\"3541\">Capteur de lumi\u00e8re du jour :<\/strong> Activ\u00e9 uniquement en cas de faible luminosit\u00e9<\/li>\n<li data-start=\"3576\" data-end=\"3645\"><strong data-start=\"3578\" data-end=\"3597\">Compatibilit\u00e9:<\/strong> HomeKit d&#039;Apple, Assistant Google, Alexa d&#039;Amazon<\/li>\n<\/ul>\n<p data-start=\"3647\" data-end=\"3816\">Plejd CCL-01-S est la solution d&#039;\u00e9clairage optimale pour les installations intelligentes, o\u00f9 le design, la fonctionnalit\u00e9 et la technologie moderne sont combin\u00e9s pour un environnement d&#039;\u00e9clairage parfait.<\/p>\n<p>&nbsp;<\/p>","protected":false},"excerpt":{"rendered":"<p>Plejd CCL-01-S est un plafonnier LED intelligent avec d\u00e9tecteur de mouvement et fonction variateur int\u00e9gr\u00e9e. Aucun variateur externe n&#039;est n\u00e9cessaire.<\/p>\n<p>Il peut \u00eatre contr\u00f4l\u00e9 via l&#039;application Plejd, un bouton-poussoir ou d&#039;autres appareils Plejd et dispose d&#039;une temp\u00e9rature de couleur r\u00e9glable de 2200K \u00e0 4000K ainsi que d&#039;une prise en charge de l&#039;intensit\u00e9 lumineuse \u00e0 la chaleur.<\/p>\n<p>Class\u00e9 IP44, parfait pour les environnements int\u00e9rieurs et ext\u00e9rieurs prot\u00e9g\u00e9s.<\/p>","protected":false},"featured_media":148009,"template":"","meta":{"_acf_changed":false},"product_brand":[],"product_cat":[4664],"product_tag":[4670],"class_list":{"0":"post-148010","1":"product","2":"type-product","3":"status-publish","4":"has-post-thumbnail","6":"product_cat-plejd-belysning","7":"product_tag-plejd","8":"product_shipping_class-postnord-varubrev","9":"pa_brands-plejd","10":"pa_farg-vit","11":"tm-has-options","13":"first","14":"instock","15":"sale","16":"taxable","17":"shipping-taxable","18":"purchasable","19":"product-type-simple"},"acf":[],"_links":{"self":[{"href":"https:\/\/secureus.se\/fr\/wp-json\/wp\/v2\/product\/148010","targetHints":{"allow":["GET"]}}],"collection":[{"href":"https:\/\/secureus.se\/fr\/wp-json\/wp\/v2\/product"}],"about":[{"href":"https:\/\/secureus.se\/fr\/wp-json\/wp\/v2\/types\/product"}],"wp:featuredmedia":[{"embeddable":true,"href":"https:\/\/secureus.se\/fr\/wp-json\/wp\/v2\/media\/148009"}],"wp:attachment":[{"href":"https:\/\/secureus.se\/fr\/wp-json\/wp\/v2\/media?parent=148010"}],"wp:term":[{"taxonomy":"product_brand","embeddable":true,"href":"https:\/\/secureus.se\/fr\/wp-json\/wp\/v2\/product_brand?post=148010"},{"taxonomy":"product_cat","embeddable":true,"href":"https:\/\/secureus.se\/fr\/wp-json\/wp\/v2\/product_cat?post=148010"},{"taxonomy":"product_tag","embeddable":true,"href":"https:\/\/secureus.se\/fr\/wp-json\/wp\/v2\/product_tag?post=148010"}],"curies":[{"name":"wp","href":"https:\/\/api.w.org\/{rel}","templated":true}]}}