{"id":148012,"date":"2025-02-25T12:22:22","date_gmt":"2025-02-25T11:22:22","guid":{"rendered":"https:\/\/secureus.se\/?post_type=product&#038;p=148012"},"modified":"2026-03-26T11:07:45","modified_gmt":"2026-03-26T10:07:45","slug":"plejd-belysning-downlight-tilt-vit-6-pack","status":"publish","type":"product","link":"https:\/\/secureus.se\/fr\/plejd-belysning-downlight-tilt-vit-6-pack\/","title":{"rendered":"Plejd Lighting Downlight inclinable blanc pack de 6"},"content":{"rendered":"<h1>Plejd DWN-01 \u2013 Pack de 6 spots intelligents inclinables avec angle d&#039;\u00e9clairage r\u00e9glable et commande sans fil<\/h1>\n<p data-start=\"554\" data-end=\"875\">Plejd DWN-01 est un downlight moderne et \u00e9l\u00e9gant qui offre un contr\u00f4le d&#039;\u00e9clairage intelligent pour les installations domestiques et commerciales.<\/p>\n<p data-start=\"554\" data-end=\"875\">Il dispose d&#039;une fonction de variateur int\u00e9gr\u00e9e, ce qui signifie qu&#039;aucun variateur externe n&#039;est n\u00e9cessaire.<\/p>\n<p data-start=\"554\" data-end=\"875\">Le contr\u00f4le s&#039;effectue en douceur via l&#039;application Plejd, un bouton poussoir filaire ou d&#039;autres appareils Plejd.<\/p>\n<p data-start=\"877\" data-end=\"1143\">Le plus grand avantage du DWN-01 est sa fonction d\u2019inclinaison de 22\u00b0, qui permet d\u2019orienter la lumi\u00e8re et de cr\u00e9er un \u00e9clairage plus flexible.<\/p>\n<p data-start=\"877\" data-end=\"1143\">Parfait pour mettre en valeur les d\u00e9tails, cr\u00e9er un \u00e9clairage ponctuel ou assurer une r\u00e9partition uniforme de la lumi\u00e8re selon les besoins de l&#039;installation.<\/p>\n<p data-start=\"1145\" data-end=\"1478\">Gr\u00e2ce \u00e0 la technologie blanche r\u00e9glable, la temp\u00e9rature de couleur peut \u00eatre ajust\u00e9e entre 2 200 K et 4 000 K, vous offrant une totale libert\u00e9 pour r\u00e9gler l&#039;\u00e9clairage d&#039;une lueur chaude et confortable \u00e0 une lumi\u00e8re blanche plus fonctionnelle.<\/p>\n<p data-start=\"1145\" data-end=\"1478\">La fonction dim to warm garantit une exp\u00e9rience d&#039;\u00e9clairage naturel lors de la gradation en ajustant automatiquement la temp\u00e9rature de couleur.<\/p>\n<p data-start=\"1480\" data-end=\"1714\">Le DWN-01 a un angle de faisceau de 40\u00b0, ce qui assure une distribution lumineuse sym\u00e9trique et agr\u00e9able.<\/p>\n<p data-start=\"1480\" data-end=\"1714\">Avec un indice de rendu des couleurs \u00e9lev\u00e9 (IRC 90), une reproduction lumineuse naturelle et agr\u00e9able est assur\u00e9e, parfaite pour les maisons, les bureaux et les magasins.<\/p>\n<p data-start=\"1716\" data-end=\"2014\">Gr\u00e2ce \u00e0 la technologie Bluetooth\u00ae mesh, plusieurs downlights peuvent \u00eatre regroup\u00e9s sans fil et contr\u00f4l\u00e9s ensemble via le syst\u00e8me Plejd.<\/p>\n<p data-start=\"1716\" data-end=\"2014\">Le produit dispose \u00e9galement de fonctions de temps int\u00e9gr\u00e9es telles que les horloges astronomiques et hebdomadaires, ce qui facilite l&#039;automatisation des programmes d&#039;\u00e9clairage en fonction de l&#039;heure de la journ\u00e9e et des conditions d&#039;\u00e9clairage.<\/p>\n<p data-start=\"2016\" data-end=\"2310\">L&#039;installation est facile gr\u00e2ce \u00e0 une faible profondeur d&#039;installation de seulement 40 mm, ce qui signifie que le downlight peut \u00eatre mont\u00e9 m\u00eame dans des espaces \u00e0 profondeur limit\u00e9e.<\/p>\n<p data-start=\"2016\" data-end=\"2310\">Il est class\u00e9 IP44, ce qui signifie qu&#039;il est prot\u00e9g\u00e9 contre l&#039;humidit\u00e9 et qu&#039;il convient aux salles de bains et aux installations d&#039;avant-toit ext\u00e9rieures.<\/p>\n<p data-start=\"2312\" data-end=\"2558\">Plejd DWN-01 est livr\u00e9 dans un pack de 6, ce qui en fait une solution id\u00e9ale pour les installations plus grandes o\u00f9 plusieurs points lumineux sont n\u00e9cessaires.<\/p>\n<p data-start=\"2312\" data-end=\"2558\">Sa dur\u00e9e de vie peut atteindre 60 000 heures, garantissant un fonctionnement \u00e9conome en \u00e9nergie et durable.<\/p>\n<h3 data-start=\"2560\" data-end=\"2595\"><strong data-start=\"2564\" data-end=\"2593\">Sp\u00e9cifications techniques\u00a0:<\/strong><\/h3>\n<ul data-start=\"2596\" data-end=\"3428\">\n<li data-start=\"2596\" data-end=\"2632\"><strong data-start=\"2598\" data-end=\"2612\">Source lumineuse\u00a0:<\/strong> LED (non rempla\u00e7able)<\/li>\n<li data-start=\"2633\" data-end=\"2672\"><strong data-start=\"2635\" data-end=\"2649\">Flux lumineux:<\/strong> 515 lm par downlight<\/li>\n<li data-start=\"2673\" data-end=\"2723\"><strong data-start=\"2675\" data-end=\"2694\">Temp\u00e9rature de couleur :<\/strong> 2200\u20134000K (blanc r\u00e9glable)<\/li>\n<li data-start=\"2724\" data-end=\"2757\"><strong data-start=\"2726\" data-end=\"2745\">Plage de gradation :<\/strong> 0,1\u2013100 %<\/li>\n<li data-start=\"2758\" data-end=\"2781\"><strong data-start=\"2760\" data-end=\"2775\">Inclinabilit\u00e9 :<\/strong> 22\u00b0<\/li>\n<li data-start=\"2782\" data-end=\"2811\"><strong data-start=\"2784\" data-end=\"2805\">Angle d&#039;\u00e9talement :<\/strong> 40\u00b0<\/li>\n<li data-start=\"2812\" data-end=\"2845\"><strong data-start=\"2814\" data-end=\"2840\">Rendu des couleurs (IRC) :<\/strong> 90<\/li>\n<li data-start=\"2846\" data-end=\"2898\"><strong data-start=\"2848\" data-end=\"2862\">Vie:<\/strong> 60 000 heures (L70\/B50 \u00e0 25\u00b0C)<\/li>\n<li data-start=\"2899\" data-end=\"2928\"><strong data-start=\"2901\" data-end=\"2912\">Effet:<\/strong> 8 W par unit\u00e9<\/li>\n<li data-start=\"2929\" data-end=\"2964\"><strong data-start=\"2931\" data-end=\"2960\">Classe d&#039;efficacit\u00e9 \u00e9nerg\u00e9tique :<\/strong> F<\/li>\n<li data-start=\"2965\" data-end=\"2994\"><strong data-start=\"2967\" data-end=\"2983\">Classe de protection\u00a0:<\/strong> Classe II<\/li>\n<li data-start=\"2995\" data-end=\"3043\"><strong data-start=\"2997\" data-end=\"3010\">Classe IP\u00a0:<\/strong> IP44 (luminaire), IP20 (pilote)<\/li>\n<li data-start=\"3044\" data-end=\"3076\"><strong data-start=\"3046\" data-end=\"3062\">Tension secteur :<\/strong> 230V \/ 50Hz<\/li>\n<li data-start=\"3077\" data-end=\"3103\"><strong data-start=\"3079\" data-end=\"3096\">Facteur de puissance :<\/strong> 0,84<\/li>\n<li data-start=\"3104\" data-end=\"3150\"><strong data-start=\"3106\" data-end=\"3124\">Communication:<\/strong> Maillage Bluetooth\u00ae 2,4 GHz<\/li>\n<li data-start=\"3151\" data-end=\"3226\"><strong data-start=\"3153\" data-end=\"3171\">Port\u00e9e radio :<\/strong> Environ 10 m\u00e8tres en int\u00e9rieur (\u00e9tendu avec la technologie de maillage Plejd)<\/li>\n<li data-start=\"3227\" data-end=\"3273\"><strong data-start=\"3229\" data-end=\"3243\">Montage:<\/strong> Encastr\u00e9 au plafond (trou \u00d8 83 mm)<\/li>\n<li data-start=\"3274\" data-end=\"3313\"><strong data-start=\"3276\" data-end=\"3305\">Profondeur d&#039;installation minimale :<\/strong> 40 millim\u00e8tres<\/li>\n<li data-start=\"3314\" data-end=\"3372\"><strong data-start=\"3316\" data-end=\"3329\">Mat\u00e9riel:<\/strong> Aluminium avec rev\u00eatement en poudre, blanc (RAL 9003)<\/li>\n<li data-start=\"3373\" data-end=\"3428\"><strong data-start=\"3375\" data-end=\"3394\">Compatibilit\u00e9:<\/strong> Apple HomeKit, Google Assistant<\/li>\n<\/ul>\n<p data-start=\"3430\" data-end=\"3599\">Plejd DWN-01 en pack de 6 est la solution parfaite pour les grands projets d&#039;\u00e9clairage, o\u00f9 la fonction, le design et la technologie fonctionnent ensemble pour un environnement d&#039;\u00e9clairage intelligent et flexible.<\/p>","protected":false},"excerpt":{"rendered":"<p>Plejd DWN-01 est un downlight intelligent avec un blanc r\u00e9glable et une fonction de variateur int\u00e9gr\u00e9e - aucun variateur externe n&#039;est n\u00e9cessaire.<\/p>\n<p>La source lumineuse peut \u00eatre inclin\u00e9e pour un \u00e9clairage flexible et contr\u00f4l\u00e9e via l&#039;application Plejd, un bouton-poussoir ou d&#039;autres appareils Plejd.<\/p>\n<p>Temp\u00e9rature de couleur r\u00e9glable de 2\u00a0200\u00a0K \u00e0 4\u00a0000\u00a0K et prise en charge de l&#039;intensit\u00e9 lumineuse \u00e0 la chaleur.<\/p>\n<p>Livr\u00e9 en pack de 6, id\u00e9al pour les installations plus grandes.<\/p>","protected":false},"featured_media":148011,"template":"","meta":{"_acf_changed":false},"product_brand":[],"product_cat":[4664],"product_tag":[4670],"class_list":{"0":"post-148012","1":"product","2":"type-product","3":"status-publish","4":"has-post-thumbnail","6":"product_cat-plejd-belysning","7":"product_tag-plejd","8":"product_shipping_class-tunga-paket","9":"pa_brands-plejd","10":"tm-has-options","12":"first","13":"outofstock","14":"sale","15":"taxable","16":"shipping-taxable","17":"purchasable","18":"product-type-simple"},"acf":[],"_links":{"self":[{"href":"https:\/\/secureus.se\/fr\/wp-json\/wp\/v2\/product\/148012","targetHints":{"allow":["GET"]}}],"collection":[{"href":"https:\/\/secureus.se\/fr\/wp-json\/wp\/v2\/product"}],"about":[{"href":"https:\/\/secureus.se\/fr\/wp-json\/wp\/v2\/types\/product"}],"wp:featuredmedia":[{"embeddable":true,"href":"https:\/\/secureus.se\/fr\/wp-json\/wp\/v2\/media\/148011"}],"wp:attachment":[{"href":"https:\/\/secureus.se\/fr\/wp-json\/wp\/v2\/media?parent=148012"}],"wp:term":[{"taxonomy":"product_brand","embeddable":true,"href":"https:\/\/secureus.se\/fr\/wp-json\/wp\/v2\/product_brand?post=148012"},{"taxonomy":"product_cat","embeddable":true,"href":"https:\/\/secureus.se\/fr\/wp-json\/wp\/v2\/product_cat?post=148012"},{"taxonomy":"product_tag","embeddable":true,"href":"https:\/\/secureus.se\/fr\/wp-json\/wp\/v2\/product_tag?post=148012"}],"curies":[{"name":"wp","href":"https:\/\/api.w.org\/{rel}","templated":true}]}}