{"id":148014,"date":"2025-02-25T12:22:22","date_gmt":"2025-02-25T11:22:22","guid":{"rendered":"https:\/\/secureus.se\/?post_type=product&#038;p=148014"},"modified":"2026-04-08T16:27:46","modified_gmt":"2026-04-08T14:27:46","slug":"plejd-vridadapter-rtr-01-rb-svart","status":"publish","type":"product","link":"https:\/\/secureus.se\/fr\/plejd-vridadapter-rtr-01-rb-svart\/","title":{"rendered":"Adaptateur pivotant Plejd RTR-01-RB noir"},"content":{"rendered":"<h1 data-start=\"513\" data-end=\"564\"><strong data-start=\"517\" data-end=\"562\">Contr\u00f4le de la lumi\u00e8re fluide et sans fil avec Plejd<\/strong><\/h1>\n<p data-start=\"565\" data-end=\"971\">L&#039;adaptateur rotatif RB Black est une solution innovante pour ceux qui souhaitent combiner la fonction classique de variateur rotatif avec la derni\u00e8re technologie intelligente.<\/p>\n<p data-start=\"565\" data-end=\"971\">En cliquant sur l&#039;adaptateur pivotant avec un palet Plejd de votre choix, vous obtenez un contr\u00f4le d&#039;\u00e9clairage intuitif qui fonctionne \u00e0 la fois manuellement et via le r\u00e9seau maill\u00e9 sans fil de Plejd.<\/p>\n<p data-start=\"565\" data-end=\"971\">Parfait pour tous ceux qui souhaitent un contr\u00f4le simple et efficace de l\u2019\u00e9clairage de leur maison intelligente ou de leur lieu de travail.<\/p>\n<h3 data-start=\"973\" data-end=\"1010\"><strong data-start=\"977\" data-end=\"1008\">Flexible et adaptable<\/strong><\/h3>\n<p data-start=\"1011\" data-end=\"1373\">L\u2019un des plus grands avantages de l\u2019adaptateur pivotant RB Black est sa fonctionnalit\u00e9 sans fil.<\/p>\n<p data-start=\"1011\" data-end=\"1373\">Gr\u00e2ce \u00e0 la technologie de maillage int\u00e9gr\u00e9e de Plejd, l&#039;adaptateur peut communiquer avec d&#039;autres produits du syst\u00e8me, ce qui le rend id\u00e9al pour les petites et grandes solutions d&#039;\u00e9clairage.<\/p>\n<p data-start=\"1011\" data-end=\"1373\">De plus, vous pouvez facilement personnaliser les param\u00e8tres via l&#039;application Plejd pour cr\u00e9er des sc\u00e8nes d&#039;\u00e9clairage et des commandes programm\u00e9es.<\/p>\n<h3 data-start=\"1375\" data-end=\"1415\"><strong data-start=\"1379\" data-end=\"1413\">Caract\u00e9ristiques et avantages du produit<\/strong><\/h3>\n<ul data-start=\"1417\" data-end=\"2141\">\n<li data-start=\"1417\" data-end=\"1514\"><strong data-start=\"1419\" data-end=\"1450\">Fonction variateur rotatif classique<\/strong> \u2013 Fonctionne comme un variateur traditionnel mais avec un contr\u00f4le intelligent.<\/li>\n<li data-start=\"1515\" data-end=\"1608\"><strong data-start=\"1517\" data-end=\"1540\">Int\u00e9gration sans fil<\/strong> \u2013 Se connecte via le r\u00e9seau maill\u00e9 du syst\u00e8me Plejd pour un contr\u00f4le flexible.<\/li>\n<li data-start=\"1609\" data-end=\"1689\"><strong data-start=\"1611\" data-end=\"1630\">Montage facile<\/strong> \u2013 La fixation par encliquetage rend l\u2019installation rapide et facile.<\/li>\n<li data-start=\"1690\" data-end=\"1786\"><strong data-start=\"1692\" data-end=\"1719\">Mat\u00e9riaux de haute qualit\u00e9<\/strong> \u2013 Fabriqu\u00e9 en thermoplastique sans halog\u00e8ne avec une surface laqu\u00e9e et brillante.<\/li>\n<li data-start=\"1787\" data-end=\"1856\"><strong data-start=\"1789\" data-end=\"1807\">Compatibilit\u00e9<\/strong> \u2013 Compatible avec le cadre noir de Schneider Renova\u00ae.<\/li>\n<li data-start=\"1857\" data-end=\"1940\"><strong data-start=\"1859\" data-end=\"1877\">Conception \u00e9l\u00e9gante<\/strong> \u2013 Couleur noire (RAL 9005) qui s\u2019int\u00e8gre dans les int\u00e9rieurs modernes.<\/li>\n<li data-start=\"1941\" data-end=\"2008\"><strong data-start=\"1943\" data-end=\"1959\">Indice de protection IP20<\/strong> \u2013 Prot\u00e9g\u00e9 contre les objets solides de taille sup\u00e9rieure \u00e0 12,5 mm.<\/li>\n<li data-start=\"2009\" data-end=\"2086\"><strong data-start=\"2011\" data-end=\"2025\">Protection IK00<\/strong> \u2013 Aucune r\u00e9sistance suppl\u00e9mentaire aux chocs, recommand\u00e9 pour une utilisation en int\u00e9rieur.<\/li>\n<li data-start=\"2087\" data-end=\"2141\"><strong data-start=\"2089\" data-end=\"2097\">Mesure<\/strong> \u2013 Largeur : 52 mm, Hauteur : 52 mm, Profondeur : 18 mm.<\/li>\n<\/ul>\n<h3 data-start=\"2143\" data-end=\"2171\"><strong data-start=\"2147\" data-end=\"2169\">Domaines d&#039;utilisation<\/strong><\/h3>\n<p data-start=\"2172\" data-end=\"2499\">L&#039;adaptateur rotatif RB Black est une solution id\u00e9ale pour tous ceux qui souhaitent combiner le contr\u00f4le d&#039;\u00e9clairage traditionnel avec des fonctions intelligentes modernes.<\/p>\n<p data-start=\"2172\" data-end=\"2499\">Il est parfait pour les maisons, les bureaux et les magasins o\u00f9 un contr\u00f4le fluide et sans fil est n\u00e9cessaire. Parce qu&#039;il fonctionne avec le r\u00e9seau maill\u00e9 de Plejd, il peut \u00eatre facilement int\u00e9gr\u00e9 dans les installations nouvelles et existantes.<\/p>\n<h3 data-start=\"2501\" data-end=\"2541\"><strong data-start=\"2505\" data-end=\"2539\">Installation et configuration<\/strong><\/h3>\n<p data-start=\"2542\" data-end=\"2850\">L&#039;installation est simple et ne n\u00e9cessite aucun outil avanc\u00e9. L&#039;adaptateur pivotant est encliquet\u00e9 avec une rondelle Plejd et mont\u00e9 dans un bo\u00eetier d&#039;appareil standard avec fixation par encliquetage.<\/p>\n<p data-start=\"2542\" data-end=\"2850\">Les param\u00e8tres sont ensuite configur\u00e9s dans l&#039;application Plejd, o\u00f9 vous pouvez cr\u00e9er vos propres sc\u00e8nes lumineuses, d\u00e9finir des niveaux de gradation et contr\u00f4ler l&#039;\u00e9clairage sans fil.<\/p>\n<h3 data-start=\"2852\" data-end=\"2883\"><strong data-start=\"2856\" data-end=\"2881\">Conception et durabilit\u00e9<\/strong><\/h3>\n<p data-start=\"2884\" data-end=\"3245\">L&#039;adaptateur pivotant RB Black est con\u00e7u pour s&#039;int\u00e9grer dans les int\u00e9rieurs modernes.<\/p>\n<p data-start=\"2884\" data-end=\"3245\">Il pr\u00e9sente une \u00e9l\u00e9gante finition laqu\u00e9e noire avec une surface brillante et est fabriqu\u00e9 en thermoplastique durable sans halog\u00e8ne.<\/p>\n<p data-start=\"2884\" data-end=\"3245\">Cependant, il n\u2019est pas antibact\u00e9rien et ne poss\u00e8de pas d\u2019\u00e9tiquette imprimable ni de lentille rempla\u00e7able.<\/p>\n<p data-start=\"2884\" data-end=\"3245\">Avec son indice IP20, il convient \u00e0 une utilisation en int\u00e9rieur mais doit \u00eatre \u00e9vit\u00e9 dans les environnements humides.<\/p>\n<h3 data-start=\"3247\" data-end=\"3265\"><strong data-start=\"3251\" data-end=\"3263\">Conclusion<\/strong><\/h3>\n<p data-start=\"3266\" data-end=\"3587\">Avec l&#039;adaptateur rotatif RB Black, vous obtenez une combinaison parfaite de la fonction de variateur rotatif classique et du contr\u00f4le d&#039;\u00e9clairage intelligent moderne.<\/p>\n<p data-start=\"3266\" data-end=\"3587\">L&#039;installation facile, la flexibilit\u00e9 sans fil et la conception \u00e9l\u00e9gante en font un excellent choix pour tous ceux qui souhaitent un contr\u00f4le de l&#039;\u00e9clairage fluide et efficace dans leur maison intelligente ou leur environnement de travail.<\/p>","protected":false},"excerpt":{"rendered":"<p>L&#039;adaptateur rotatif RB Black s&#039;enclenche avec un palet Plejd en option et fonctionne comme un variateur rotatif classique.<\/p>\n<p>Gr\u00e2ce \u00e0 la technologie de maillage sans fil, il peut contr\u00f4ler d&#039;autres produits Plejd dans le syst\u00e8me.<\/p>\n<p>Installation facile via l&#039;application.<\/p>\n<p>Fabriqu\u00e9 en thermoplastique noir sans halog\u00e8ne avec une surface laqu\u00e9e brillante.<\/p>\n<p>Compatible avec le cadre noir de Schneider Renova\u00ae.<\/p>","protected":false},"featured_media":148013,"template":"","meta":{"_acf_changed":false},"product_brand":[],"product_cat":[4661],"product_tag":[4670],"class_list":{"0":"post-148014","1":"product","2":"type-product","3":"status-publish","4":"has-post-thumbnail","6":"product_cat-plejd-vridadapter","7":"product_tag-plejd","8":"product_shipping_class-postnord-varubrev","9":"pa_brands-plejd","10":"pa_farg-svart","11":"tm-has-options","13":"first","14":"instock","15":"sale","16":"taxable","17":"shipping-taxable","18":"purchasable","19":"product-type-simple"},"acf":[],"_links":{"self":[{"href":"https:\/\/secureus.se\/fr\/wp-json\/wp\/v2\/product\/148014","targetHints":{"allow":["GET"]}}],"collection":[{"href":"https:\/\/secureus.se\/fr\/wp-json\/wp\/v2\/product"}],"about":[{"href":"https:\/\/secureus.se\/fr\/wp-json\/wp\/v2\/types\/product"}],"wp:featuredmedia":[{"embeddable":true,"href":"https:\/\/secureus.se\/fr\/wp-json\/wp\/v2\/media\/148013"}],"wp:attachment":[{"href":"https:\/\/secureus.se\/fr\/wp-json\/wp\/v2\/media?parent=148014"}],"wp:term":[{"taxonomy":"product_brand","embeddable":true,"href":"https:\/\/secureus.se\/fr\/wp-json\/wp\/v2\/product_brand?post=148014"},{"taxonomy":"product_cat","embeddable":true,"href":"https:\/\/secureus.se\/fr\/wp-json\/wp\/v2\/product_cat?post=148014"},{"taxonomy":"product_tag","embeddable":true,"href":"https:\/\/secureus.se\/fr\/wp-json\/wp\/v2\/product_tag?post=148014"}],"curies":[{"name":"wp","href":"https:\/\/api.w.org\/{rel}","templated":true}]}}