{"id":148016,"date":"2025-02-25T12:22:22","date_gmt":"2025-02-25T11:22:22","guid":{"rendered":"https:\/\/secureus.se\/?post_type=product&#038;p=148016"},"modified":"2026-04-07T12:46:46","modified_gmt":"2026-04-07T10:46:46","slug":"plejd-vridratt-tradlos-wrt-01-ewvit","status":"publish","type":"product","link":"https:\/\/secureus.se\/fr\/plejd-vridratt-tradlos-wrt-01-ewvit\/","title":{"rendered":"Bouton rotatif sans fil Plejd WRT-01-EWblanc"},"content":{"rendered":"<h1 data-start=\"470\" data-end=\"521\"><strong data-start=\"474\" data-end=\"519\">Contr\u00f4le de la lumi\u00e8re sans fil et fluide avec Plejd<\/strong><\/h1>\n<p data-start=\"522\" data-end=\"915\">Le bouton rotatif sans fil EW White est une solution innovante et flexible pour contr\u00f4ler l&#039;\u00e9clairage de votre maison ou de votre bureau.<\/p>\n<p data-start=\"522\" data-end=\"915\">Avec ce bouton rotatif et poussoir sans fil, vous pouvez facilement r\u00e9gler la luminosit\u00e9 d&#039;un ou plusieurs appareils Plejd sans avoir besoin de c\u00e2bles ou d&#039;installations compliqu\u00e9es.<\/p>\n<p data-start=\"522\" data-end=\"915\">La configuration s&#039;effectue en douceur dans l&#039;application Plejd, o\u00f9 vous pouvez personnaliser les fonctions et le contr\u00f4le des sc\u00e9narios selon vos besoins.<\/p>\n<p data-start=\"917\" data-end=\"1167\">Gr\u00e2ce \u00e0 sa conception compacte et \u00e9l\u00e9gante, l&#039;appareil s&#039;int\u00e8gre parfaitement dans n&#039;importe quel environnement.<\/p>\n<p data-start=\"917\" data-end=\"1167\">Avec une longue dur\u00e9e de vie de la batterie allant jusqu&#039;\u00e0 15 ans et la prise en charge des syst\u00e8mes de maison intelligente tels qu&#039;Apple HomeKit et Google Assistant, il s&#039;agit d&#039;une solution d&#039;avenir pour le contr\u00f4le de l&#039;\u00e9clairage sans fil.<\/p>\n<h3 data-start=\"1169\" data-end=\"1220\"><strong data-start=\"1173\" data-end=\"1218\">Assemblage flexible et installation facile<\/strong><\/h3>\n<p data-start=\"1221\" data-end=\"1499\">Le bouton rotatif sans fil EW Blanc peut \u00eatre mont\u00e9 \u00e0 l&#039;ext\u00e9rieur d&#039;un bo\u00eetier d&#039;appareil standard ou fix\u00e9 avec du ruban adh\u00e9sif double face ou des vis, ce qui rend l&#039;installation rapide et facile.<\/p>\n<p data-start=\"1221\" data-end=\"1499\">Aucun c\u00e2blage n\u2019est requis, ce qui le rend id\u00e9al pour les nouvelles installations et les mises \u00e0 niveau des syst\u00e8mes \u00e9lectriques existants.<\/p>\n<h3 data-start=\"1501\" data-end=\"1541\"><strong data-start=\"1505\" data-end=\"1539\">Caract\u00e9ristiques et avantages du produit<\/strong><\/h3>\n<ul data-start=\"1543\" data-end=\"2260\">\n<li data-start=\"1543\" data-end=\"1626\"><strong data-start=\"1545\" data-end=\"1569\">Contr\u00f4le de la lumi\u00e8re sans fil<\/strong> \u2013 R\u00e9glez facilement la lumi\u00e8re gr\u00e2ce \u00e0 la fonction rotation ou pouss\u00e9e.<\/li>\n<li data-start=\"1627\" data-end=\"1721\"><strong data-start=\"1629\" data-end=\"1647\">Compatibilit\u00e9<\/strong> \u2013 Fonctionne avec tous les appareils Plejd et peut contr\u00f4ler plusieurs lumi\u00e8res simultan\u00e9ment.<\/li>\n<li data-start=\"1722\" data-end=\"1794\"><strong data-start=\"1724\" data-end=\"1745\">Int\u00e9gration intelligente<\/strong> \u2013 Prise en charge d\u2019Apple HomeKit et de Google Assistant.<\/li>\n<li data-start=\"1795\" data-end=\"1880\"><strong data-start=\"1797\" data-end=\"1816\">Longue dur\u00e9e de vie de la batterie<\/strong> \u2013 Jusqu\u2019\u00e0 15 ans (environ 200 000 clics) avec 3 piles CR2032.<\/li>\n<li data-start=\"1881\" data-end=\"1957\"><strong data-start=\"1883\" data-end=\"1903\">Contr\u00f4le de sc\u00e9nario<\/strong> \u2013 Un double-clic peut activer des sc\u00e8nes d\u2019\u00e9clairage pr\u00e9d\u00e9finies.<\/li>\n<li data-start=\"1958\" data-end=\"2039\"><strong data-start=\"1960\" data-end=\"1979\">Montage facile<\/strong> \u2013 Installation rapide en surface ou avec du ruban adh\u00e9sif\/des vis.<\/li>\n<li data-start=\"2040\" data-end=\"2103\"><strong data-start=\"2042\" data-end=\"2060\">Conception compacte<\/strong> \u2013 S\u2019adapte \u00e0 toutes les maisons et environnements modernes.<\/li>\n<li data-start=\"2104\" data-end=\"2185\"><strong data-start=\"2106\" data-end=\"2147\">Compatible avec le cadre blanc montagne ELKO\u00ae RS\/Plus<\/strong> \u2013 Donne un look uniforme et \u00e9l\u00e9gant.<\/li>\n<li data-start=\"2186\" data-end=\"2260\"><strong data-start=\"2188\" data-end=\"2209\">S\u00fbr et durable<\/strong> \u2013 Fabriqu\u00e9 en thermoplastique durable sans halog\u00e8ne.<\/li>\n<\/ul>\n<h3 data-start=\"2262\" data-end=\"2296\"><strong data-start=\"2266\" data-end=\"2294\">Sp\u00e9cifications techniques<\/strong><\/h3>\n<ul data-start=\"2298\" data-end=\"3018\">\n<li data-start=\"2298\" data-end=\"2329\"><strong data-start=\"2300\" data-end=\"2311\">Mod\u00e8le:<\/strong> Bouton poussoir s\u00e9rie<\/li>\n<li data-start=\"2330\" data-end=\"2373\"><strong data-start=\"2332\" data-end=\"2354\">Mode op\u00e9ratoire :<\/strong> Bouton rotatif\/poussoir<\/li>\n<li data-start=\"2374\" data-end=\"2441\"><strong data-start=\"2376\" data-end=\"2396\">M\u00e9thode de montage :<\/strong> Montage en surface (fixation rapide avec ruban adh\u00e9sif\/vis)<\/li>\n<li data-start=\"2442\" data-end=\"2470\"><strong data-start=\"2444\" data-end=\"2453\">Peinture:<\/strong> Blanc (RAL 9010)<\/li>\n<li data-start=\"2471\" data-end=\"2512\"><strong data-start=\"2473\" data-end=\"2486\">Mat\u00e9riel:<\/strong> Thermoplastique (sans halog\u00e8ne)<\/li>\n<li data-start=\"2513\" data-end=\"2556\"><strong data-start=\"2515\" data-end=\"2532\">Traitement de surface :<\/strong> Surface brillante et non trait\u00e9e<\/li>\n<li data-start=\"2557\" data-end=\"2604\"><strong data-start=\"2559\" data-end=\"2572\">Classe IP\u00a0:<\/strong> IP20 (pour une utilisation en int\u00e9rieur uniquement)<\/li>\n<li data-start=\"2605\" data-end=\"2631\"><strong data-start=\"2607\" data-end=\"2624\">R\u00e9sistance aux chocs :<\/strong> IK00<\/li>\n<li data-start=\"2632\" data-end=\"2681\"><strong data-start=\"2634\" data-end=\"2643\">Mesure:<\/strong> Largeur 71 mm, Hauteur 71 mm, Profondeur 20 mm<\/li>\n<li data-start=\"2682\" data-end=\"2724\"><strong data-start=\"2684\" data-end=\"2699\">Type de batterie\u00a0:<\/strong> 3 x CR2032 (rempla\u00e7able)<\/li>\n<li data-start=\"2725\" data-end=\"2759\"><strong data-start=\"2727\" data-end=\"2742\">Autonomie de la batterie\u00a0:<\/strong> Jusqu&#039;\u00e0 15 ans<\/li>\n<li data-start=\"2760\" data-end=\"2815\"><strong data-start=\"2762\" data-end=\"2778\">Syst\u00e8me radio:<\/strong> Maillage 2,4 GHz, Bluetooth\u00ae (&lt;10 dBm)<\/li>\n<li data-start=\"2816\" data-end=\"2858\"><strong data-start=\"2818\" data-end=\"2836\">Port\u00e9e radio :<\/strong> Environ 10 m\u00e8tres \u00e0 l&#039;int\u00e9rieur<\/li>\n<li data-start=\"2859\" data-end=\"2899\"><strong data-start=\"2861\" data-end=\"2893\">Extension du r\u00e9seau maill\u00e9 :<\/strong> Non<\/li>\n<li data-start=\"2900\" data-end=\"2983\"><strong data-start=\"2902\" data-end=\"2921\">Compatibilit\u00e9:<\/strong> Apple HomeKit, Google Assistant (pas Amazon Alexa, pas IFTTT)<\/li>\n<li data-start=\"2984\" data-end=\"3018\"><strong data-start=\"2986\" data-end=\"3012\">\u00c9clairage\/feu de signalisation :<\/strong> Non<\/li>\n<\/ul>\n<h3 data-start=\"3020\" data-end=\"3079\"><strong data-start=\"3024\" data-end=\"3077\">Id\u00e9al pour les maisons intelligentes et les environnements professionnels<\/strong><\/h3>\n<p data-start=\"3080\" data-end=\"3343\">La conception minimaliste du bouton rotatif sans fil et sa fonctionnalit\u00e9 conviviale le rendent parfait pour les maisons priv\u00e9es et les environnements commerciaux.<\/p>\n<p data-start=\"3080\" data-end=\"3343\">Contr\u00f4lez facilement tout votre \u00e9clairage Plejd sans avoir \u00e0 tirer de c\u00e2bles et cr\u00e9ez des sc\u00e8nes d&#039;\u00e9clairage personnalis\u00e9es pour diff\u00e9rentes occasions.<\/p>\n<p data-start=\"3345\" data-end=\"3556\">Gr\u00e2ce \u00e0 la possibilit\u00e9 d&#039;int\u00e9gration avec Apple HomeKit et Google Assistant, vous pouvez contr\u00f4ler l&#039;\u00e9clairage avec des commandes vocales ou via l&#039;application.<\/p>\n<p data-start=\"3345\" data-end=\"3556\">Cela permet d\u2019automatiser et d\u2019adapter facilement l\u2019\u00e9clairage \u00e0 votre quotidien.<\/p>\n<h3 data-start=\"3558\" data-end=\"3576\"><strong data-start=\"3562\" data-end=\"3574\">Conclusion<\/strong><\/h3>\n<p data-start=\"3577\" data-end=\"3914\">Le bouton rotatif sans fil EW White est une solution innovante et flexible pour le contr\u00f4le de l&#039;\u00e9clairage sans fil.<\/p>\n<p data-start=\"3577\" data-end=\"3914\">Avec une longue dur\u00e9e de vie de la batterie, une installation facile et des fonctionnalit\u00e9s intelligentes, il s&#039;agit d&#039;un appareil optimal pour tous ceux qui souhaitent un contr\u00f4le d&#039;\u00e9clairage fluide et moderne.<\/p>\n<p data-start=\"3577\" data-end=\"3914\">Parfait pour les maisons intelligentes et les environnements professionnels o\u00f9 la simplicit\u00e9 et la fonctionnalit\u00e9 sont essentielles.<\/p>","protected":false},"excerpt":{"rendered":"<p>Le bouton rotatif sans fil EW White permet le contr\u00f4le sans fil d&#039;une ou plusieurs unit\u00e9s Plejd.<\/p>\n<p>Se monte facilement \u00e0 l&#039;ext\u00e9rieur du bo\u00eetier de l&#039;appareil ou avec du ruban adh\u00e9sif\/des vis.<\/p>\n<p>Jusqu&#039;\u00e0 15 ans d&#039;autonomie de la batterie.<\/p>\n<p>Compatible avec Apple HomeKit et Google Assistant.<\/p>\n<p>Compatible avec le cadre blanc montagne d&#039;ELKO\u00ae RS\/Plus.<\/p>","protected":false},"featured_media":148015,"template":"","meta":{"_acf_changed":false},"product_brand":[],"product_cat":[4661],"product_tag":[4670],"class_list":{"0":"post-148016","1":"product","2":"type-product","3":"status-publish","4":"has-post-thumbnail","6":"product_cat-plejd-vridadapter","7":"product_tag-plejd","8":"product_shipping_class-postnord-varubrev","9":"pa_brands-plejd","10":"pa_farg-vit","11":"tm-has-options","13":"first","14":"instock","15":"sale","16":"taxable","17":"shipping-taxable","18":"purchasable","19":"product-type-simple"},"acf":[],"_links":{"self":[{"href":"https:\/\/secureus.se\/fr\/wp-json\/wp\/v2\/product\/148016","targetHints":{"allow":["GET"]}}],"collection":[{"href":"https:\/\/secureus.se\/fr\/wp-json\/wp\/v2\/product"}],"about":[{"href":"https:\/\/secureus.se\/fr\/wp-json\/wp\/v2\/types\/product"}],"wp:featuredmedia":[{"embeddable":true,"href":"https:\/\/secureus.se\/fr\/wp-json\/wp\/v2\/media\/148015"}],"wp:attachment":[{"href":"https:\/\/secureus.se\/fr\/wp-json\/wp\/v2\/media?parent=148016"}],"wp:term":[{"taxonomy":"product_brand","embeddable":true,"href":"https:\/\/secureus.se\/fr\/wp-json\/wp\/v2\/product_brand?post=148016"},{"taxonomy":"product_cat","embeddable":true,"href":"https:\/\/secureus.se\/fr\/wp-json\/wp\/v2\/product_cat?post=148016"},{"taxonomy":"product_tag","embeddable":true,"href":"https:\/\/secureus.se\/fr\/wp-json\/wp\/v2\/product_tag?post=148016"}],"curies":[{"name":"wp","href":"https:\/\/api.w.org\/{rel}","templated":true}]}}