{"id":148018,"date":"2025-02-25T12:22:22","date_gmt":"2025-02-25T11:22:22","guid":{"rendered":"https:\/\/secureus.se\/?post_type=product&#038;p=148018"},"modified":"2026-04-08T16:29:43","modified_gmt":"2026-04-08T14:29:43","slug":"plejd-monteringsclips-din-vagg","status":"publish","type":"product","link":"https:\/\/secureus.se\/fr\/plejd-monteringsclips-din-vagg\/","title":{"rendered":"Clips de montage Plejd DIN\/mur"},"content":{"rendered":"<h1 data-start=\"446\" data-end=\"498\"><strong data-start=\"450\" data-end=\"496\">Assemblage facile et fluide des rondelles Plejd<\/strong><\/h1>\n<p data-start=\"499\" data-end=\"790\">Les clips de montage DIN\/MURAL sont une solution intelligente et flexible pour le montage des rondelles Plejd sur un rail DIN (35 mm) ou directement sur un mur.<\/p>\n<p data-start=\"499\" data-end=\"790\">Gr\u00e2ce \u00e0 la fonction clip pratique, vous pouvez rapidement et facilement enclencher le palet en place apr\u00e8s le montage des clips, garantissant ainsi un placement stable et s\u00e9curis\u00e9.<\/p>\n<h3 data-start=\"792\" data-end=\"838\"><strong data-start=\"796\" data-end=\"836\">Installation flexible pour tous les besoins<\/strong><\/h3>\n<p data-start=\"839\" data-end=\"1112\">Que vous souhaitiez monter un palet Plejd dans un panneau \u00e9lectrique sur un rail DIN ou directement sur le mur dans une bo\u00eete de jonction, les clips de montage DIN\/MURAL vous offrent la flexibilit\u00e9 dont vous avez besoin.<\/p>\n<p data-start=\"839\" data-end=\"1112\">La conception simple vous permet d&#039;installer et de d\u00e9monter les appareils en douceur sans outils suppl\u00e9mentaires.<\/p>\n<h3 data-start=\"1114\" data-end=\"1154\"><strong data-start=\"1118\" data-end=\"1152\">Caract\u00e9ristiques et avantages du produit<\/strong><\/h3>\n<ul data-start=\"1156\" data-end=\"1625\">\n<li data-start=\"1156\" data-end=\"1217\"><strong data-start=\"1158\" data-end=\"1187\">Compatibilit\u00e9 universelle<\/strong> \u2013 Convient \u00e0 tous les palets Plejd.<\/li>\n<li data-start=\"1218\" data-end=\"1293\"><strong data-start=\"1220\" data-end=\"1242\">Montage flexible<\/strong> \u2013 Peut \u00eatre fix\u00e9 sur rail DIN (35 mm) et sur mur.<\/li>\n<li data-start=\"1294\" data-end=\"1377\"><strong data-start=\"1296\" data-end=\"1318\">Installation rapide<\/strong> \u2013 La fonction clip permet de fixer facilement le palet en place.<\/li>\n<li data-start=\"1378\" data-end=\"1463\"><strong data-start=\"1380\" data-end=\"1404\">Construction durable<\/strong> \u2013 Fabriqu\u00e9 en plastique durable pour une utilisation longue dur\u00e9e.<\/li>\n<li data-start=\"1464\" data-end=\"1544\"><strong data-start=\"1466\" data-end=\"1489\">Fixation stable<\/strong> \u2013 Assure que le palet est bien en place et en toute s\u00e9curit\u00e9.<\/li>\n<li data-start=\"1545\" data-end=\"1625\"><strong data-start=\"1547\" data-end=\"1574\">Solution peu encombrante<\/strong> \u2013 Id\u00e9al pour les panneaux \u00e9lectriques et les armoires d\u2019installation.<\/li>\n<\/ul>\n<h3 data-start=\"1627\" data-end=\"1655\"><strong data-start=\"1631\" data-end=\"1653\">Domaines d&#039;utilisation<\/strong><\/h3>\n<p data-start=\"1656\" data-end=\"1944\">Les clips de montage DIN\/MURAL sont id\u00e9aux pour les \u00e9lectriciens professionnels et les utilisateurs domestiques qui souhaitent un montage stable et s\u00e9curis\u00e9 des produits Plejd.<\/p>\n<p data-start=\"1656\" data-end=\"1944\">Il peut \u00eatre utilis\u00e9 dans des armoires \u00e9lectriques, des bo\u00eetes de jonction ou directement sur le mur, ce qui en fait une solution polyvalente pour diverses installations.<\/p>\n<h3 data-start=\"1946\" data-end=\"1983\"><strong data-start=\"1950\" data-end=\"1981\">Installation et utilisation<\/strong><\/h3>\n<p data-start=\"1984\" data-end=\"2038\">Le montage est simple et ne n\u00e9cessite aucun outil particulier :<\/p>\n<ol data-start=\"2040\" data-end=\"2292\">\n<li data-start=\"2040\" data-end=\"2129\"><strong data-start=\"2043\" data-end=\"2059\">Fixez les clips<\/strong> \u2013 Se monte directement sur rail DIN (35 mm) ou au mur avec des vis.<\/li>\n<li data-start=\"2130\" data-end=\"2216\"><strong data-start=\"2133\" data-end=\"2154\">Lancez la rondelle<\/strong> \u2013 Le palet Plejd s&#039;enclenche facilement dans les clips de montage.<\/li>\n<li data-start=\"2217\" data-end=\"2292\"><strong data-start=\"2220\" data-end=\"2243\">Installation termin\u00e9e<\/strong> \u2013 Le palet est bien fix\u00e9 et pr\u00eat \u00e0 l\u2019emploi.<\/li>\n<\/ol>\n<p data-start=\"2294\" data-end=\"2411\">Cette solution permet de remplacer ou de mettre \u00e0 niveau facilement les unit\u00e9s Plejd sans avoir \u00e0 d\u00e9monter l\u2019ensemble de l\u2019installation.<\/p>\n<h3 data-start=\"2413\" data-end=\"2447\"><strong data-start=\"2417\" data-end=\"2445\">Sp\u00e9cifications techniques<\/strong><\/h3>\n<ul data-start=\"2449\" data-end=\"2665\">\n<li data-start=\"2449\" data-end=\"2515\"><strong data-start=\"2451\" data-end=\"2475\">Type de pi\u00e8ce jointe :<\/strong> Montage sur rail DIN (35 mm) ou mural<\/li>\n<li data-start=\"2516\" data-end=\"2547\"><strong data-start=\"2518\" data-end=\"2541\">Type de support de rail :<\/strong> Droit<\/li>\n<li data-start=\"2548\" data-end=\"2571\"><strong data-start=\"2550\" data-end=\"2563\">Mat\u00e9riel:<\/strong> Plastique<\/li>\n<li data-start=\"2572\" data-end=\"2620\"><strong data-start=\"2574\" data-end=\"2593\">Compatibilit\u00e9:<\/strong> S&#039;adapte \u00e0 toutes les rondelles Plejd<\/li>\n<li data-start=\"2621\" data-end=\"2665\"><strong data-start=\"2623\" data-end=\"2643\">M\u00e9thode de montage :<\/strong> Fonction clip\/snap<\/li>\n<\/ul>\n<h3 data-start=\"2667\" data-end=\"2710\"><strong data-start=\"2671\" data-end=\"2708\">Conception durable et conviviale<\/strong><\/h3>\n<p data-start=\"2711\" data-end=\"3002\">Les clips de montage DIN\/MURAL sont con\u00e7us pour faciliter l&#039;installation des produits Plejd de mani\u00e8re fluide et s\u00fbre.<\/p>\n<p data-start=\"2711\" data-end=\"3002\">Avec une construction en plastique robuste et une fonction de clip simple, c&#039;est une solution parfaite pour tous les types d&#039;installations, des propri\u00e9t\u00e9s r\u00e9sidentielles aux grandes propri\u00e9t\u00e9s commerciales.<\/p>\n<h3 data-start=\"3004\" data-end=\"3022\"><strong data-start=\"3008\" data-end=\"3020\">Conclusion<\/strong><\/h3>\n<p data-start=\"3023\" data-end=\"3274\">Avec les clips de montage DIN\/MURAL, vous obtenez un montage simple, rapide et s\u00fbr des rondelles Plejd sur un rail DIN ou un mur.<\/p>\n<p data-start=\"3023\" data-end=\"3274\">Son design \u00e9pur\u00e9 et sa compatibilit\u00e9 avec tous les appareils Plejd en font un composant indispensable aussi bien pour les professionnels que pour les particuliers.<\/p>\n<h4 data-start=\"3276\" data-end=\"3304\"><strong data-start=\"3281\" data-end=\"3302\">M\u00e9ta-titre (SEO)\u00a0:<\/strong><\/h4>\n<p data-start=\"3305\" data-end=\"3365\">Clips de montage DIN\/MURAL \u2013 Montage facile des rondelles Plejd<\/p>\n<h4 data-start=\"3367\" data-end=\"3401\"><strong data-start=\"3372\" data-end=\"3399\">M\u00e9ta description (SEO)\u00a0:<\/strong><\/h4>\n<p data-start=\"3402\" data-end=\"3556\" data-is-last-node=\"\">Fixez facilement les rondelles Plejd avec les clips de montage DIN\/MURAL. Montage rapide sur rail DIN (35 mm) ou mural.<\/p>\n<p data-start=\"3402\" data-end=\"3556\" data-is-last-node=\"\">Fonction de clip lisse et construction en plastique robuste.<\/p>","protected":false},"excerpt":{"rendered":"<p>Les clips de montage DIN\/MURAL permettent de fixer facilement n&#039;importe quel palet Plejd sur un rail DIN (35 mm) ou sur un mur.<\/p>\n<p>Gr\u00e2ce \u00e0 une fonction de clip pratique, le palet s&#039;enclenche facilement en place apr\u00e8s l&#039;assemblage.<\/p>\n<p>Fabriqu\u00e9 en plastique durable et con\u00e7u pour une installation facile.<\/p>","protected":false},"featured_media":148017,"template":"","meta":{"_acf_changed":false},"product_brand":[],"product_cat":[4662],"product_tag":[4670],"class_list":{"0":"post-148018","1":"product","2":"type-product","3":"status-publish","4":"has-post-thumbnail","6":"product_cat-plejd-tillbehor","7":"product_tag-plejd","8":"product_shipping_class-postnord-varubrev","9":"pa_brands-plejd","10":"tm-has-options","12":"first","13":"instock","14":"sale","15":"taxable","16":"shipping-taxable","17":"purchasable","18":"product-type-simple"},"acf":[],"_links":{"self":[{"href":"https:\/\/secureus.se\/fr\/wp-json\/wp\/v2\/product\/148018","targetHints":{"allow":["GET"]}}],"collection":[{"href":"https:\/\/secureus.se\/fr\/wp-json\/wp\/v2\/product"}],"about":[{"href":"https:\/\/secureus.se\/fr\/wp-json\/wp\/v2\/types\/product"}],"wp:featuredmedia":[{"embeddable":true,"href":"https:\/\/secureus.se\/fr\/wp-json\/wp\/v2\/media\/148017"}],"wp:attachment":[{"href":"https:\/\/secureus.se\/fr\/wp-json\/wp\/v2\/media?parent=148018"}],"wp:term":[{"taxonomy":"product_brand","embeddable":true,"href":"https:\/\/secureus.se\/fr\/wp-json\/wp\/v2\/product_brand?post=148018"},{"taxonomy":"product_cat","embeddable":true,"href":"https:\/\/secureus.se\/fr\/wp-json\/wp\/v2\/product_cat?post=148018"},{"taxonomy":"product_tag","embeddable":true,"href":"https:\/\/secureus.se\/fr\/wp-json\/wp\/v2\/product_tag?post=148018"}],"curies":[{"name":"wp","href":"https:\/\/api.w.org\/{rel}","templated":true}]}}