{"id":148020,"date":"2025-02-25T12:22:22","date_gmt":"2025-02-25T11:22:22","guid":{"rendered":"https:\/\/secureus.se\/?post_type=product&#038;p=148020"},"modified":"2026-04-23T10:18:34","modified_gmt":"2026-04-23T08:18:34","slug":"plejd-vridadapter-rtr-01-sa-antracit","status":"publish","type":"product","link":"https:\/\/secureus.se\/fr\/plejd-vridadapter-rtr-01-sa-antracit\/","title":{"rendered":"Adaptateur pivotant Plejd RTR-01-SA anthracite"},"content":{"rendered":"<h1 data-start=\"479\" data-end=\"539\"><strong data-start=\"483\" data-end=\"537\">Combinez la fonction de variateur classique avec la technologie intelligente<\/strong><\/h1>\n<p data-start=\"540\" data-end=\"919\">L&#039;adaptateur pivotant SA Anthracite est une solution \u00e9l\u00e9gante et fonctionnelle pour un contr\u00f4le intelligent de l&#039;\u00e9clairage.<\/p>\n<p data-start=\"540\" data-end=\"919\">En cliquant l&#039;adaptateur avec un palet Plejd de votre choix, vous obtenez un variateur rotatif traditionnel qui peut \u00eatre contr\u00f4l\u00e9 manuellement et sans fil via la technologie maill\u00e9e du syst\u00e8me Plejd.<\/p>\n<p data-start=\"540\" data-end=\"919\">Cela le rend id\u00e9al aussi bien pour les maisons modernes que pour les installations professionnelles o\u00f9 la flexibilit\u00e9 et le design sont des facteurs importants.<\/p>\n<h3 data-start=\"921\" data-end=\"970\"><strong data-start=\"925\" data-end=\"968\">Contr\u00f4le d&#039;\u00e9clairage sans fil et flexible<\/strong><\/h3>\n<p data-start=\"971\" data-end=\"1349\">L\u2019un des grands avantages du Vridadapter SA Anthracite est sa capacit\u00e9 \u00e0 fonctionner dans l\u2019\u00e9cosyst\u00e8me Plejd.<\/p>\n<p data-start=\"971\" data-end=\"1349\">Gr\u00e2ce \u00e0 la technologie de maillage sans fil, il peut contr\u00f4ler d&#039;autres appareils Plejd et s&#039;int\u00e9grer de mani\u00e8re transparente \u00e0 votre syst\u00e8me existant.<\/p>\n<p data-start=\"971\" data-end=\"1349\">Le palet utilis\u00e9 avec l&#039;adaptateur conserve ses fonctions telles que l&#039;entr\u00e9e de commande et les param\u00e8tres de synchronisation, vous permettant de contr\u00f4ler l&#039;\u00e9clairage \u00e0 partir de plusieurs boutons diff\u00e9rents.<\/p>\n<h3 data-start=\"1351\" data-end=\"1391\"><strong data-start=\"1355\" data-end=\"1389\">Caract\u00e9ristiques et avantages du produit<\/strong><\/h3>\n<ul data-start=\"1393\" data-end=\"2051\">\n<li data-start=\"1393\" data-end=\"1482\"><strong data-start=\"1395\" data-end=\"1426\">Fonction variateur rotatif classique<\/strong> \u2013 Offre une sensation traditionnelle avec une technologie intelligente moderne.<\/li>\n<li data-start=\"1483\" data-end=\"1557\"><strong data-start=\"1485\" data-end=\"1508\">Int\u00e9gration sans fil<\/strong> \u2013 Contr\u00f4lez d\u2019autres appareils Plejd via le r\u00e9seau maill\u00e9.<\/li>\n<li data-start=\"1558\" data-end=\"1628\"><strong data-start=\"1560\" data-end=\"1582\">Installation simple<\/strong> \u2013 Fixation par clipsage en caisson ou cadre double.<\/li>\n<li data-start=\"1629\" data-end=\"1695\"><strong data-start=\"1631\" data-end=\"1649\">Design \u00e9l\u00e9gant<\/strong> \u2013 Surface laqu\u00e9e mate en anthracite (RAL 7024).<\/li>\n<li data-start=\"1696\" data-end=\"1794\"><strong data-start=\"1698\" data-end=\"1720\">Montage flexible<\/strong> \u2013 Peut \u00eatre install\u00e9 en pose libre ou dans un cadre double avec un interrupteur standard.<\/li>\n<li data-start=\"1795\" data-end=\"1883\"><strong data-start=\"1797\" data-end=\"1818\">Mat\u00e9riau durable<\/strong> \u2013 Fabriqu\u00e9 en thermoplastique sans halog\u00e8ne pour une durabilit\u00e9 \u00e0 long terme.<\/li>\n<li data-start=\"1884\" data-end=\"1964\"><strong data-start=\"1886\" data-end=\"1901\">Contr\u00f4le des applications<\/strong> \u2013 La configuration et les r\u00e9glages s\u2019effectuent facilement dans l\u2019application Plejd.<\/li>\n<li data-start=\"1884\" data-end=\"1964\"><strong data-start=\"1967\" data-end=\"2005\">Compatible avec les cadres Schneider Exxact\u00ae<\/strong> \u2013 Pour une installation uniforme et \u00e9l\u00e9gante.<\/li>\n<\/ul>\n<h3><strong data-start=\"2057\" data-end=\"2110\">Id\u00e9al pour les maisons intelligentes et les environnements professionnels<\/strong><\/h3>\n<p data-start=\"2113\" data-end=\"2325\">L&#039;adaptateur rotatif SA Anthracite est une solution parfaite pour ceux qui souhaitent un contr\u00f4le d&#039;\u00e9clairage \u00e9l\u00e9gant et fonctionnel. Il s&#039;int\u00e8gre aussi bien dans les maisons modernes que dans les environnements de bureau o\u00f9 vous souhaitez combiner style et fonctions intelligentes.<\/p>\n<h3 data-start=\"2327\" data-end=\"2364\"><strong data-start=\"2331\" data-end=\"2362\">Installation et utilisation<\/strong><\/h3>\n<p data-start=\"2365\" data-end=\"2422\">L&#039;installation est simple et ne n\u00e9cessite aucun outil particulier :<\/p>\n<ol data-start=\"2424\" data-end=\"2843\">\n<li data-start=\"2424\" data-end=\"2522\"><strong data-start=\"2427\" data-end=\"2473\">Cliquez sur l&#039;adaptateur pivotant avec un palet Plejd<\/strong> \u2013 Choisissez un palet compatible parmi la gamme Plejd.<\/li>\n<li data-start=\"2523\" data-end=\"2633\"><strong data-start=\"2526\" data-end=\"2546\">Monter l&#039;adaptateur<\/strong> \u2013 Encliquetez-le dans une bo\u00eete ou un cadre double avec un interrupteur ordinaire.<\/li>\n<li data-start=\"2634\" data-end=\"2734\"><strong data-start=\"2637\" data-end=\"2662\">Configurer via l&#039;application<\/strong> \u2013 R\u00e9glez la luminosit\u00e9, les sc\u00e9narios et d\u2019autres fonctions via l\u2019application Plejd.<\/li>\n<li data-start=\"2735\" data-end=\"2843\"><strong data-start=\"2738\" data-end=\"2765\">Commencez \u00e0 contr\u00f4ler l&#039;\u00e9clairage<\/strong> \u2013 Tamisez la lumi\u00e8re avec le bouton rotatif ou utilisez les fonctions sans fil du syst\u00e8me Plejd.<\/li>\n<\/ol>\n<p data-start=\"2845\" data-end=\"2985\">Le montage flexible permet d&#039;installer l&#039;adaptateur pivotant SA Anthracite \u00e0 la fois de mani\u00e8re autonome et en combinaison avec d&#039;autres unit\u00e9s Plejd.<\/p>\n<h3 data-start=\"2987\" data-end=\"3021\"><strong data-start=\"2991\" data-end=\"3019\">Sp\u00e9cifications techniques<\/strong><\/h3>\n<ul data-start=\"3023\" data-end=\"3576\">\n<li data-start=\"3023\" data-end=\"3043\"><strong data-start=\"3025\" data-end=\"3036\">Mod\u00e8le:<\/strong> D\u00e9truire<\/li>\n<li data-start=\"3044\" data-end=\"3083\"><strong data-start=\"3046\" data-end=\"3068\">Mode op\u00e9ratoire :<\/strong> Fonction de rotation<\/li>\n<li data-start=\"3084\" data-end=\"3116\"><strong data-start=\"3086\" data-end=\"3108\">Type d&#039;\u00e9tanch\u00e9it\u00e9 :<\/strong> Instantan\u00e9<\/li>\n<li data-start=\"3117\" data-end=\"3158\"><strong data-start=\"3119\" data-end=\"3132\">Mat\u00e9riel:<\/strong> Thermoplastique (sans halog\u00e8ne)<\/li>\n<li data-start=\"3159\" data-end=\"3199\"><strong data-start=\"3161\" data-end=\"3178\">Traitement de surface :<\/strong> Surface laqu\u00e9e et mate<\/li>\n<li data-start=\"3200\" data-end=\"3233\"><strong data-start=\"3202\" data-end=\"3211\">Peinture:<\/strong> Anthracite (RAL 7024)<\/li>\n<li data-start=\"3234\" data-end=\"3274\"><strong data-start=\"3236\" data-end=\"3249\">Classe IP\u00a0:<\/strong> IP20 (pour une utilisation en int\u00e9rieur)<\/li>\n<li data-start=\"3275\" data-end=\"3301\"><strong data-start=\"3277\" data-end=\"3294\">R\u00e9sistance aux chocs :<\/strong> IK00<\/li>\n<li data-start=\"3302\" data-end=\"3322\"><strong data-start=\"3304\" data-end=\"3314\">Largeur:<\/strong> 55 millim\u00e8tres<\/li>\n<li data-start=\"3323\" data-end=\"3342\"><strong data-start=\"3325\" data-end=\"3334\">Hauteur:<\/strong> 55 millim\u00e8tres<\/li>\n<li data-start=\"3343\" data-end=\"3362\"><strong data-start=\"3345\" data-end=\"3354\">Profondeur:<\/strong> 18 mm<\/li>\n<li data-start=\"3363\" data-end=\"3417\"><strong data-start=\"3365\" data-end=\"3411\">Convient pour capteur tactile pour syst\u00e8mes de bus :<\/strong> Non<\/li>\n<li data-start=\"3418\" data-end=\"3461\"><strong data-start=\"3420\" data-end=\"3455\">Symbole num\u00e9risable \/ sans obstacle :<\/strong> Non<\/li>\n<li data-start=\"3462\" data-end=\"3495\"><strong data-start=\"3464\" data-end=\"3489\">Avec \u00e9tiquette imprimable :<\/strong> Non<\/li>\n<li data-start=\"3496\" data-end=\"3533\"><strong data-start=\"3498\" data-end=\"3527\">Avec lentille\/symbole interchangeable :<\/strong> Non<\/li>\n<li data-start=\"3534\" data-end=\"3576\"><strong data-start=\"3536\" data-end=\"3570\">Fen\u00eatre de surveillance\/prise d&#039;\u00e9clairage :<\/strong> Non<\/li>\n<\/ul>\n<h3 data-start=\"3578\" data-end=\"3625\"><strong data-start=\"3582\" data-end=\"3623\">Design et fonctionnalit\u00e9 en parfaite harmonie<\/strong><\/h3>\n<p data-start=\"3626\" data-end=\"3911\">La surface mate de couleur anthracite et la compatibilit\u00e9 avec les cadres Schneider Exxact\u00ae font de l&#039;adaptateur pivotant SA Anthracite un choix \u00e9l\u00e9gant pour tous les types d&#039;environnements.<\/p>\n<p data-start=\"3626\" data-end=\"3911\">Le design minimaliste s&#039;int\u00e8gre parfaitement dans les int\u00e9rieurs modernes tout en offrant un contr\u00f4le total sur l&#039;\u00e9clairage.<\/p>\n<h3 data-start=\"3913\" data-end=\"3931\"><strong data-start=\"3917\" data-end=\"3929\">Conclusion<\/strong><\/h3>\n<p data-start=\"3932\" data-end=\"4246\">L&#039;adaptateur rotatif SA Anthracite est une solution de contr\u00f4le d&#039;\u00e9clairage \u00e9l\u00e9gante et intelligente qui combine la fonction de variateur rotatif classique avec la technologie sans fil moderne.<\/p>\n<p data-start=\"3932\" data-end=\"4246\">L&#039;installation facile, le design \u00e9l\u00e9gant et l&#039;int\u00e9gration avec le syst\u00e8me Plejd en font un choix \u00e9vident pour les particuliers et les installateurs professionnels.<\/p>","protected":false},"excerpt":{"rendered":"<p>L&#039;adaptateur rotatif SA Anthracite s&#039;enclenche avec un palet Plejd en option et fonctionne comme un variateur rotatif classique.<\/p>\n<p>La technologie de maillage sans fil permet de contr\u00f4ler d&#039;autres appareils Plejd.<\/p>\n<p>Installation et configuration faciles via l&#039;application Plejd.<\/p>\n<p>Compatible avec le cadre de couleur anthracite de Schneider Exxact\u00ae.<\/p>","protected":false},"featured_media":148019,"template":"","meta":{"_acf_changed":false},"product_brand":[],"product_cat":[4661],"product_tag":[4670],"class_list":{"0":"post-148020","1":"product","2":"type-product","3":"status-publish","4":"has-post-thumbnail","6":"product_cat-plejd-vridadapter","7":"product_tag-plejd","8":"product_shipping_class-postnord-varubrev","9":"pa_brands-plejd","10":"pa_farg-antracit","11":"tm-has-options","13":"first","14":"instock","15":"sale","16":"taxable","17":"shipping-taxable","18":"purchasable","19":"product-type-simple"},"acf":[],"_links":{"self":[{"href":"https:\/\/secureus.se\/fr\/wp-json\/wp\/v2\/product\/148020","targetHints":{"allow":["GET"]}}],"collection":[{"href":"https:\/\/secureus.se\/fr\/wp-json\/wp\/v2\/product"}],"about":[{"href":"https:\/\/secureus.se\/fr\/wp-json\/wp\/v2\/types\/product"}],"wp:featuredmedia":[{"embeddable":true,"href":"https:\/\/secureus.se\/fr\/wp-json\/wp\/v2\/media\/148019"}],"wp:attachment":[{"href":"https:\/\/secureus.se\/fr\/wp-json\/wp\/v2\/media?parent=148020"}],"wp:term":[{"taxonomy":"product_brand","embeddable":true,"href":"https:\/\/secureus.se\/fr\/wp-json\/wp\/v2\/product_brand?post=148020"},{"taxonomy":"product_cat","embeddable":true,"href":"https:\/\/secureus.se\/fr\/wp-json\/wp\/v2\/product_cat?post=148020"},{"taxonomy":"product_tag","embeddable":true,"href":"https:\/\/secureus.se\/fr\/wp-json\/wp\/v2\/product_tag?post=148020"}],"curies":[{"name":"wp","href":"https:\/\/api.w.org\/{rel}","templated":true}]}}