{"id":148024,"date":"2025-02-25T12:22:23","date_gmt":"2025-02-25T11:22:23","guid":{"rendered":"https:\/\/secureus.se\/?post_type=product&#038;p=148024"},"modified":"2026-04-23T10:18:26","modified_gmt":"2026-04-23T08:18:26","slug":"plejd-vridadapter-rtr-01-eb-svart","status":"publish","type":"product","link":"https:\/\/secureus.se\/fr\/plejd-vridadapter-rtr-01-eb-svart\/","title":{"rendered":"Adaptateur pivotant Plejd RTR-01-EB noir"},"content":{"rendered":"<h1 data-start=\"448\" data-end=\"508\"><strong data-start=\"452\" data-end=\"506\">Combinez la fonction de variateur classique avec la technologie intelligente<\/strong><\/h1>\n<p data-start=\"509\" data-end=\"885\">L&#039;adaptateur pivotant EB Black est une solution \u00e9l\u00e9gante et fonctionnelle pour un contr\u00f4le intelligent de l&#039;\u00e9clairage.<\/p>\n<p data-start=\"509\" data-end=\"885\">En cliquant l&#039;adaptateur avec un palet Plejd de votre choix, vous obtenez un variateur rotatif traditionnel qui peut \u00eatre contr\u00f4l\u00e9 manuellement et sans fil via la technologie maill\u00e9e du syst\u00e8me Plejd.<\/p>\n<p data-start=\"509\" data-end=\"885\">Cela le rend id\u00e9al aussi bien pour les maisons modernes que pour les installations professionnelles o\u00f9 la flexibilit\u00e9 et le design sont des facteurs importants.<\/p>\n<h3 data-start=\"887\" data-end=\"936\"><strong data-start=\"891\" data-end=\"934\">Contr\u00f4le d&#039;\u00e9clairage sans fil et flexible<\/strong><\/h3>\n<p data-start=\"937\" data-end=\"1312\">L\u2019un des grands avantages de l\u2019adaptateur pivotant EB Black est sa capacit\u00e9 \u00e0 fonctionner dans l\u2019\u00e9cosyst\u00e8me Plejd.<\/p>\n<p data-start=\"937\" data-end=\"1312\">Gr\u00e2ce \u00e0 la technologie de maillage sans fil, il peut contr\u00f4ler d&#039;autres appareils Plejd et s&#039;int\u00e9grer de mani\u00e8re transparente \u00e0 votre syst\u00e8me existant.<\/p>\n<p data-start=\"937\" data-end=\"1312\">Le palet utilis\u00e9 avec l&#039;adaptateur conserve ses fonctions telles que l&#039;entr\u00e9e de commande et les param\u00e8tres de synchronisation, vous permettant de contr\u00f4ler l&#039;\u00e9clairage \u00e0 partir de plusieurs boutons diff\u00e9rents.<\/p>\n<h3 data-start=\"1314\" data-end=\"1354\"><strong data-start=\"1318\" data-end=\"1352\">Caract\u00e9ristiques et avantages du produit<\/strong><\/h3>\n<ul data-start=\"1356\" data-end=\"2079\">\n<li data-start=\"1356\" data-end=\"1445\"><strong data-start=\"1358\" data-end=\"1389\">Fonction variateur rotatif classique<\/strong> \u2013 Offre une sensation traditionnelle avec une technologie intelligente moderne.<\/li>\n<li data-start=\"1446\" data-end=\"1520\"><strong data-start=\"1448\" data-end=\"1471\">Int\u00e9gration sans fil<\/strong> \u2013 Contr\u00f4lez d\u2019autres appareils Plejd via le r\u00e9seau maill\u00e9.<\/li>\n<li data-start=\"1521\" data-end=\"1591\"><strong data-start=\"1523\" data-end=\"1545\">Installation simple<\/strong> \u2013 Fixation par clipsage en caisson ou cadre double.<\/li>\n<li data-start=\"1592\" data-end=\"1655\"><strong data-start=\"1594\" data-end=\"1612\">Design \u00e9l\u00e9gant<\/strong> \u2013 Surface laqu\u00e9e mate en noir (RAL 9005).<\/li>\n<li data-start=\"1656\" data-end=\"1754\"><strong data-start=\"1658\" data-end=\"1680\">Montage flexible<\/strong> \u2013 Peut \u00eatre install\u00e9 en pose libre ou dans un cadre double avec un interrupteur standard.<\/li>\n<li data-start=\"1755\" data-end=\"1843\"><strong data-start=\"1757\" data-end=\"1778\">Mat\u00e9riau durable<\/strong> \u2013 Fabriqu\u00e9 en thermoplastique sans halog\u00e8ne pour une durabilit\u00e9 \u00e0 long terme.<\/li>\n<li data-start=\"1844\" data-end=\"1924\"><strong data-start=\"1846\" data-end=\"1861\">Contr\u00f4le des applications<\/strong> \u2013 La configuration et les r\u00e9glages s\u2019effectuent facilement dans l\u2019application Plejd.<\/li>\n<li data-start=\"1925\" data-end=\"2004\"><strong data-start=\"1927\" data-end=\"1958\">Compatible avec les cadres ELKO\u00ae Plus<\/strong> \u2013 Pour une installation uniforme et \u00e9l\u00e9gante.<\/li>\n<li data-start=\"2005\" data-end=\"2079\"><strong data-start=\"2007\" data-end=\"2031\">Disponible en plusieurs couleurs<\/strong> \u2013 Personnalisez-le en fonction de votre int\u00e9rieur avec diff\u00e9rents choix de couleurs.<\/li>\n<\/ul>\n<h3 data-start=\"2081\" data-end=\"2140\"><strong data-start=\"2085\" data-end=\"2138\">Id\u00e9al pour les maisons intelligentes et les environnements professionnels<\/strong><\/h3>\n<p data-start=\"2141\" data-end=\"2350\">L&#039;adaptateur rotatif EB Black est une solution parfaite pour ceux qui souhaitent un contr\u00f4le d&#039;\u00e9clairage \u00e9l\u00e9gant et fonctionnel.<\/p>\n<p data-start=\"2141\" data-end=\"2350\">Il s&#039;int\u00e8gre aussi bien dans les maisons modernes que dans les environnements de bureau o\u00f9 vous souhaitez combiner style et fonctions intelligentes.<\/p>\n<h3 data-start=\"2352\" data-end=\"2389\"><strong data-start=\"2356\" data-end=\"2387\">Installation et utilisation<\/strong><\/h3>\n<p data-start=\"2390\" data-end=\"2447\">L&#039;installation est simple et ne n\u00e9cessite aucun outil particulier :<\/p>\n<ol data-start=\"2449\" data-end=\"2868\">\n<li data-start=\"2449\" data-end=\"2547\"><strong data-start=\"2452\" data-end=\"2498\">Cliquez sur l&#039;adaptateur pivotant avec un palet Plejd<\/strong> \u2013 Choisissez un palet compatible parmi la gamme Plejd.<\/li>\n<li data-start=\"2548\" data-end=\"2658\"><strong data-start=\"2551\" data-end=\"2571\">Monter l&#039;adaptateur<\/strong> \u2013 Encliquetez-le dans une bo\u00eete ou un cadre double avec un interrupteur ordinaire.<\/li>\n<li data-start=\"2659\" data-end=\"2759\"><strong data-start=\"2662\" data-end=\"2687\">Configurer via l&#039;application<\/strong> \u2013 R\u00e9glez la luminosit\u00e9, les sc\u00e9narios et d\u2019autres fonctions via l\u2019application Plejd.<\/li>\n<li data-start=\"2760\" data-end=\"2868\"><strong data-start=\"2763\" data-end=\"2790\">Commencez \u00e0 contr\u00f4ler l&#039;\u00e9clairage<\/strong> \u2013 Tamisez la lumi\u00e8re avec le bouton rotatif ou utilisez les fonctions sans fil du syst\u00e8me Plejd.<\/li>\n<\/ol>\n<p data-start=\"2870\" data-end=\"3007\">Le montage flexible permet d&#039;installer l&#039;adaptateur pivotant EB Black \u00e0 la fois de mani\u00e8re autonome et en combinaison avec d&#039;autres unit\u00e9s Plejd.<\/p>\n<h3 data-start=\"3009\" data-end=\"3043\"><strong data-start=\"3013\" data-end=\"3041\">Sp\u00e9cifications techniques<\/strong><\/h3>\n<ul data-start=\"3045\" data-end=\"3595\">\n<li data-start=\"3045\" data-end=\"3065\"><strong data-start=\"3047\" data-end=\"3058\">Mod\u00e8le:<\/strong> D\u00e9truire<\/li>\n<li data-start=\"3066\" data-end=\"3105\"><strong data-start=\"3068\" data-end=\"3090\">Mode op\u00e9ratoire :<\/strong> Fonction de rotation<\/li>\n<li data-start=\"3106\" data-end=\"3138\"><strong data-start=\"3108\" data-end=\"3130\">Type d&#039;\u00e9tanch\u00e9it\u00e9 :<\/strong> Instantan\u00e9<\/li>\n<li data-start=\"3139\" data-end=\"3180\"><strong data-start=\"3141\" data-end=\"3154\">Mat\u00e9riel:<\/strong> Thermoplastique (sans halog\u00e8ne)<\/li>\n<li data-start=\"3181\" data-end=\"3221\"><strong data-start=\"3183\" data-end=\"3200\">Traitement de surface :<\/strong> Surface laqu\u00e9e et mate<\/li>\n<li data-start=\"3222\" data-end=\"3252\"><strong data-start=\"3224\" data-end=\"3233\">Peinture:<\/strong> Noir (RAL 9005)<\/li>\n<li data-start=\"3253\" data-end=\"3293\"><strong data-start=\"3255\" data-end=\"3268\">Classe IP\u00a0:<\/strong> IP20 (pour une utilisation en int\u00e9rieur)<\/li>\n<li data-start=\"3294\" data-end=\"3320\"><strong data-start=\"3296\" data-end=\"3313\">R\u00e9sistance aux chocs :<\/strong> IK00<\/li>\n<li data-start=\"3321\" data-end=\"3341\"><strong data-start=\"3323\" data-end=\"3333\">Largeur:<\/strong> 55 millim\u00e8tres<\/li>\n<li data-start=\"3342\" data-end=\"3361\"><strong data-start=\"3344\" data-end=\"3353\">Hauteur:<\/strong> 55 millim\u00e8tres<\/li>\n<li data-start=\"3362\" data-end=\"3381\"><strong data-start=\"3364\" data-end=\"3373\">Profondeur:<\/strong> 18 mm<\/li>\n<li data-start=\"3382\" data-end=\"3436\"><strong data-start=\"3384\" data-end=\"3430\">Convient pour capteur tactile pour syst\u00e8mes de bus :<\/strong> Non<\/li>\n<li data-start=\"3437\" data-end=\"3480\"><strong data-start=\"3439\" data-end=\"3474\">Symbole num\u00e9risable \/ sans obstacle :<\/strong> Non<\/li>\n<li data-start=\"3481\" data-end=\"3514\"><strong data-start=\"3483\" data-end=\"3508\">Avec \u00e9tiquette imprimable :<\/strong> Non<\/li>\n<li data-start=\"3515\" data-end=\"3552\"><strong data-start=\"3517\" data-end=\"3546\">Avec lentille\/symbole interchangeable :<\/strong> Non<\/li>\n<li data-start=\"3553\" data-end=\"3595\"><strong data-start=\"3555\" data-end=\"3589\">Fen\u00eatre de surveillance\/prise d&#039;\u00e9clairage :<\/strong> Non<\/li>\n<\/ul>\n<h3 data-start=\"3597\" data-end=\"3644\"><strong data-start=\"3601\" data-end=\"3642\">Design et fonctionnalit\u00e9 en parfaite harmonie<\/strong><\/h3>\n<p data-start=\"3645\" data-end=\"3911\">La surface noire mate et la compatibilit\u00e9 avec les cadres ELKO\u00ae Plus font de l&#039;adaptateur pivotant EB Black un choix \u00e9l\u00e9gant pour tous les types d&#039;environnements.<\/p>\n<p data-start=\"3645\" data-end=\"3911\">Le design minimaliste s&#039;int\u00e8gre parfaitement dans les int\u00e9rieurs modernes tout en offrant un contr\u00f4le total sur l&#039;\u00e9clairage.<\/p>\n<h3 data-start=\"3913\" data-end=\"3931\"><strong data-start=\"3917\" data-end=\"3929\">Conclusion<\/strong><\/h3>\n<p data-start=\"3932\" data-end=\"4243\">L&#039;adaptateur rotatif EB Black est une solution de contr\u00f4le d&#039;\u00e9clairage \u00e9l\u00e9gante et intelligente qui combine la fonction de variateur rotatif classique avec la technologie sans fil moderne.<\/p>\n<p data-start=\"3932\" data-end=\"4243\">L&#039;installation facile, le design \u00e9l\u00e9gant et l&#039;int\u00e9gration avec le syst\u00e8me Plejd en font un choix \u00e9vident pour les particuliers et les installateurs professionnels.<\/p>","protected":false},"excerpt":{"rendered":"<p>L&#039;adaptateur rotatif EB Black s&#039;enclenche avec un palet Plejd en option et fonctionne comme un variateur rotatif classique.<\/p>\n<p>Gr\u00e2ce \u00e0 la technologie de maillage sans fil, il peut contr\u00f4ler d&#039;autres appareils Plejd.<\/p>\n<p>Installation et configuration faciles via l&#039;application Plejd.<\/p>\n<p>Compatible avec le cadre noir ELKO\u00ae Plus.<\/p>","protected":false},"featured_media":148023,"template":"","meta":{"_acf_changed":false},"product_brand":[],"product_cat":[4661],"product_tag":[4670],"class_list":{"0":"post-148024","1":"product","2":"type-product","3":"status-publish","4":"has-post-thumbnail","6":"product_cat-plejd-vridadapter","7":"product_tag-plejd","8":"product_shipping_class-postnord-varubrev","9":"pa_brands-plejd","10":"pa_farg-svart","11":"tm-has-options","13":"first","14":"instock","15":"sale","16":"taxable","17":"shipping-taxable","18":"purchasable","19":"product-type-simple"},"acf":[],"_links":{"self":[{"href":"https:\/\/secureus.se\/fr\/wp-json\/wp\/v2\/product\/148024","targetHints":{"allow":["GET"]}}],"collection":[{"href":"https:\/\/secureus.se\/fr\/wp-json\/wp\/v2\/product"}],"about":[{"href":"https:\/\/secureus.se\/fr\/wp-json\/wp\/v2\/types\/product"}],"wp:featuredmedia":[{"embeddable":true,"href":"https:\/\/secureus.se\/fr\/wp-json\/wp\/v2\/media\/148023"}],"wp:attachment":[{"href":"https:\/\/secureus.se\/fr\/wp-json\/wp\/v2\/media?parent=148024"}],"wp:term":[{"taxonomy":"product_brand","embeddable":true,"href":"https:\/\/secureus.se\/fr\/wp-json\/wp\/v2\/product_brand?post=148024"},{"taxonomy":"product_cat","embeddable":true,"href":"https:\/\/secureus.se\/fr\/wp-json\/wp\/v2\/product_cat?post=148024"},{"taxonomy":"product_tag","embeddable":true,"href":"https:\/\/secureus.se\/fr\/wp-json\/wp\/v2\/product_tag?post=148024"}],"curies":[{"name":"wp","href":"https:\/\/api.w.org\/{rel}","templated":true}]}}