{"id":148028,"date":"2025-02-25T12:22:23","date_gmt":"2025-02-25T11:22:23","guid":{"rendered":"https:\/\/secureus.se\/?post_type=product&#038;p=148028"},"modified":"2026-04-23T10:18:16","modified_gmt":"2026-04-23T08:18:16","slug":"plejd-vridratt-tradlos-wrt-01-eb-svart","status":"publish","type":"product","link":"https:\/\/secureus.se\/fr\/plejd-vridratt-tradlos-wrt-01-eb-svart\/","title":{"rendered":"Bouton rotatif sans fil Plejd WRT-01-EB noir"},"content":{"rendered":"<h1 data-start=\"475\" data-end=\"522\"><strong data-start=\"479\" data-end=\"520\">Contr\u00f4le d&#039;\u00e9clairage sans fil et pratique<\/strong><\/h1>\n<p data-start=\"523\" data-end=\"917\">Le bouton rotatif sans fil EB Black est une solution flexible et \u00e9l\u00e9gante pour contr\u00f4ler l&#039;\u00e9clairage de votre maison intelligente.<\/p>\n<p data-start=\"523\" data-end=\"917\">Avec ce bouton rotatif et poussoir sans fil, vous pouvez facilement r\u00e9gler la luminosit\u00e9 d&#039;un ou plusieurs appareils Plejd sans avoir besoin de c\u00e2blage ou d&#039;installations compliqu\u00e9es.<\/p>\n<p data-start=\"523\" data-end=\"917\">La configuration s&#039;effectue en toute transparence via l&#039;application Plejd, o\u00f9 vous pouvez personnaliser les param\u00e8tres et le contr\u00f4le des sc\u00e9narios selon vos besoins.<\/p>\n<p data-start=\"919\" data-end=\"1087\">Avec une longue dur\u00e9e de vie de la batterie allant jusqu&#039;\u00e0 15 ans et la prise en charge d&#039;Apple HomeKit et de Google Assistant, il s&#039;agit d&#039;une solution \u00e9volutive et \u00e9conome en \u00e9nergie pour le contr\u00f4le de l&#039;\u00e9clairage moderne.<\/p>\n<h3 data-start=\"1089\" data-end=\"1132\"><strong data-start=\"1093\" data-end=\"1130\">Montage flexible pour tous les besoins<\/strong><\/h3>\n<p data-start=\"1133\" data-end=\"1392\">Le bouton rotatif sans fil EB Black peut \u00eatre mont\u00e9 exactement o\u00f9 vous le souhaitez. Il peut \u00eatre fix\u00e9 avec du ruban adh\u00e9sif double face ou viss\u00e9 sur un bo\u00eetier \u00e9lectrique standard.<\/p>\n<p data-start=\"1133\" data-end=\"1392\">Il peut \u00e9galement \u00eatre mont\u00e9 dans un cadre double avec un interrupteur d&#039;\u00e9clairage ordinaire pour une installation plus int\u00e9gr\u00e9e.<\/p>\n<h3 data-start=\"1394\" data-end=\"1434\"><strong data-start=\"1398\" data-end=\"1432\">Caract\u00e9ristiques et avantages du produit<\/strong><\/h3>\n<ul data-start=\"1436\" data-end=\"2190\">\n<li data-start=\"1436\" data-end=\"1519\"><strong data-start=\"1438\" data-end=\"1462\">Contr\u00f4le de la lumi\u00e8re sans fil<\/strong> \u2013 R\u00e9glez facilement la lumi\u00e8re gr\u00e2ce \u00e0 la fonction rotation ou pouss\u00e9e.<\/li>\n<li data-start=\"1520\" data-end=\"1614\"><strong data-start=\"1522\" data-end=\"1540\">Compatibilit\u00e9<\/strong> \u2013 Fonctionne avec tous les appareils Plejd et peut contr\u00f4ler plusieurs lumi\u00e8res simultan\u00e9ment.<\/li>\n<li data-start=\"1615\" data-end=\"1687\"><strong data-start=\"1617\" data-end=\"1638\">Int\u00e9gration intelligente<\/strong> \u2013 Prise en charge d\u2019Apple HomeKit et de Google Assistant.<\/li>\n<li data-start=\"1688\" data-end=\"1773\"><strong data-start=\"1690\" data-end=\"1709\">Longue dur\u00e9e de vie de la batterie<\/strong> \u2013 Jusqu\u2019\u00e0 15 ans (environ 200 000 clics) avec 3 piles CR2032.<\/li>\n<li data-start=\"1774\" data-end=\"1850\"><strong data-start=\"1776\" data-end=\"1796\">Contr\u00f4le de sc\u00e9nario<\/strong> \u2013 Un double-clic peut activer des sc\u00e8nes d\u2019\u00e9clairage pr\u00e9d\u00e9finies.<\/li>\n<li data-start=\"1851\" data-end=\"1931\"><strong data-start=\"1853\" data-end=\"1872\">Montage facile<\/strong> \u2013 Installation rapide avec ruban adh\u00e9sif\/vis ou dans une bo\u00eete de jonction.<\/li>\n<li data-start=\"1932\" data-end=\"2029\"><strong data-start=\"1934\" data-end=\"1952\">Conception \u00e9l\u00e9gante<\/strong> \u2013 Surface laqu\u00e9e noire mate (RAL 9005) qui s\u2019int\u00e8gre dans les int\u00e9rieurs modernes.<\/li>\n<li data-start=\"2030\" data-end=\"2109\"><strong data-start=\"2032\" data-end=\"2063\">Compatible avec les cadres ELKO\u00ae Plus<\/strong> \u2013 Pour une pose uniforme et \u00e9l\u00e9gante.<\/li>\n<li data-start=\"2110\" data-end=\"2190\"><strong data-start=\"2112\" data-end=\"2136\">Plusieurs options de couleurs<\/strong> \u2013 Disponible en diff\u00e9rentes couleurs pour s\u2019adapter \u00e0 diff\u00e9rents environnements.<\/li>\n<\/ul>\n<h3 data-start=\"2192\" data-end=\"2226\"><strong data-start=\"2196\" data-end=\"2224\">Sp\u00e9cifications techniques<\/strong><\/h3>\n<ul data-start=\"2228\" data-end=\"2924\">\n<li data-start=\"2228\" data-end=\"2259\"><strong data-start=\"2230\" data-end=\"2241\">Mod\u00e8le:<\/strong> Bouton poussoir s\u00e9rie<\/li>\n<li data-start=\"2260\" data-end=\"2303\"><strong data-start=\"2262\" data-end=\"2284\">Mode op\u00e9ratoire :<\/strong> Bouton rotatif\/poussoir<\/li>\n<li data-start=\"2304\" data-end=\"2344\"><strong data-start=\"2306\" data-end=\"2328\">Type d&#039;\u00e9tanch\u00e9it\u00e9 :<\/strong> Colle\/vis<\/li>\n<li data-start=\"2345\" data-end=\"2386\"><strong data-start=\"2347\" data-end=\"2360\">Mat\u00e9riel:<\/strong> Thermoplastique (sans halog\u00e8ne)<\/li>\n<li data-start=\"2387\" data-end=\"2427\"><strong data-start=\"2389\" data-end=\"2406\">Traitement de surface :<\/strong> Surface laqu\u00e9e et mate<\/li>\n<li data-start=\"2428\" data-end=\"2458\"><strong data-start=\"2430\" data-end=\"2439\">Peinture:<\/strong> Noir (RAL 9005)<\/li>\n<li data-start=\"2459\" data-end=\"2499\"><strong data-start=\"2461\" data-end=\"2474\">Classe IP\u00a0:<\/strong> IP20 (pour une utilisation en int\u00e9rieur)<\/li>\n<li data-start=\"2500\" data-end=\"2526\"><strong data-start=\"2502\" data-end=\"2519\">R\u00e9sistance aux chocs :<\/strong> IK00<\/li>\n<li data-start=\"2527\" data-end=\"2547\"><strong data-start=\"2529\" data-end=\"2539\">Largeur:<\/strong> 71 mm<\/li>\n<li data-start=\"2548\" data-end=\"2567\"><strong data-start=\"2550\" data-end=\"2559\">Hauteur:<\/strong> 71 mm<\/li>\n<li data-start=\"2568\" data-end=\"2587\"><strong data-start=\"2570\" data-end=\"2579\">Profondeur:<\/strong> 20 millim\u00e8tres<\/li>\n<li data-start=\"2588\" data-end=\"2630\"><strong data-start=\"2590\" data-end=\"2605\">Type de batterie\u00a0:<\/strong> 3 x CR2032 (rempla\u00e7able)<\/li>\n<li data-start=\"2631\" data-end=\"2665\"><strong data-start=\"2633\" data-end=\"2648\">Autonomie de la batterie\u00a0:<\/strong> Jusqu&#039;\u00e0 15 ans<\/li>\n<li data-start=\"2666\" data-end=\"2721\"><strong data-start=\"2668\" data-end=\"2684\">Syst\u00e8me radio:<\/strong> Maillage 2,4 GHz, Bluetooth\u00ae (&lt;10 dBm)<\/li>\n<li data-start=\"2722\" data-end=\"2764\"><strong data-start=\"2724\" data-end=\"2742\">Port\u00e9e radio :<\/strong> Environ 10 m\u00e8tres \u00e0 l&#039;int\u00e9rieur<\/li>\n<li data-start=\"2765\" data-end=\"2805\"><strong data-start=\"2767\" data-end=\"2799\">Extension du r\u00e9seau maill\u00e9 :<\/strong> Non<\/li>\n<li data-start=\"2806\" data-end=\"2889\"><strong data-start=\"2808\" data-end=\"2827\">Compatibilit\u00e9:<\/strong> Apple HomeKit, Google Assistant (pas Amazon Alexa, pas IFTTT)<\/li>\n<li data-start=\"2890\" data-end=\"2924\"><strong data-start=\"2892\" data-end=\"2918\">\u00c9clairage\/feu de signalisation :<\/strong> Non<\/li>\n<\/ul>\n<h3 data-start=\"2926\" data-end=\"2983\"><strong data-start=\"2930\" data-end=\"2981\">Id\u00e9al pour les maisons intelligentes et les environnements commerciaux<\/strong><\/h3>\n<p data-start=\"2984\" data-end=\"3245\">Le bouton rotatif noir sans fil EB est id\u00e9al pour les utilisateurs domestiques et les installateurs professionnels qui souhaitent un contr\u00f4le d&#039;\u00e9clairage sans fil et flexible.<\/p>\n<p data-start=\"2984\" data-end=\"3245\">Contr\u00f4lez facilement l\u2019\u00e9clairage Plejd sans avoir \u00e0 faire passer des c\u00e2bles et cr\u00e9ez des sc\u00e8nes d\u2019\u00e9clairage personnalis\u00e9es pour diff\u00e9rentes occasions.<\/p>\n<p data-start=\"3247\" data-end=\"3409\">Gr\u00e2ce \u00e0 la prise en charge d&#039;Apple HomeKit et de Google Assistant, vous pouvez \u00e9galement contr\u00f4ler votre \u00e9clairage avec des commandes vocales ou l&#039;application, offrant ainsi une exp\u00e9rience utilisateur fluide et moderne.<\/p>\n<h3 data-start=\"3411\" data-end=\"3449\"><strong data-start=\"3415\" data-end=\"3447\">Installation facile et rapide<\/strong><\/h3>\n<p data-start=\"3450\" data-end=\"3507\">L&#039;installation est simple et ne n\u00e9cessite aucun outil particulier :<\/p>\n<ol data-start=\"3509\" data-end=\"3842\">\n<li data-start=\"3509\" data-end=\"3636\"><strong data-start=\"3512\" data-end=\"3545\">Fixez le bouton rotatif \u00e0 l&#039;emplacement souhait\u00e9<\/strong> \u2013 Mont\u00e9 sur un bo\u00eetier \u00e9lectrique standard ou avec du ruban adh\u00e9sif\/des vis sur n\u2019importe quelle surface.<\/li>\n<li data-start=\"3637\" data-end=\"3724\"><strong data-start=\"3640\" data-end=\"3669\">Configurer dans l&#039;application Plejd<\/strong> \u2013 Connectez-vous et ajustez les param\u00e8tres directement dans l\u2019application.<\/li>\n<li data-start=\"3725\" data-end=\"3842\"><strong data-start=\"3728\" data-end=\"3755\">Commencez \u00e0 contr\u00f4ler l&#039;\u00e9clairage<\/strong> \u2013 Tournez pour att\u00e9nuer, appuyez pour allumer\/\u00e9teindre et double-cliquez pour contr\u00f4ler le sc\u00e9nario.<\/li>\n<\/ol>\n<h3 data-start=\"3844\" data-end=\"3893\"><strong data-start=\"3848\" data-end=\"3891\">Conception \u00e9l\u00e9gante et construction durable<\/strong><\/h3>\n<p data-start=\"3894\" data-end=\"4192\">La finition noire mate et la compatibilit\u00e9 avec les cadres ELKO\u00ae Plus font du Rotary Wireless EB Black un choix \u00e9l\u00e9gant pour tous les types d&#039;environnements.<\/p>\n<p data-start=\"3894\" data-end=\"4192\">Gr\u00e2ce \u00e0 son design minimaliste, il s&#039;int\u00e8gre parfaitement aux int\u00e9rieurs modernes et classiques tout en offrant un contr\u00f4le avanc\u00e9 de la lumi\u00e8re.<\/p>\n<h3 data-start=\"4194\" data-end=\"4212\"><strong data-start=\"4198\" data-end=\"4210\">Conclusion<\/strong><\/h3>\n<p data-start=\"4213\" data-end=\"4453\">Le bouton rotatif sans fil EB Black est une solution innovante et flexible pour le contr\u00f4le de l&#039;\u00e9clairage sans fil.<\/p>\n<p data-start=\"4213\" data-end=\"4453\">Avec une longue dur\u00e9e de vie de la batterie, une installation facile et des fonctionnalit\u00e9s intelligentes, il s&#039;agit d&#039;un appareil optimal pour tous ceux qui souhaitent un contr\u00f4le d&#039;\u00e9clairage fluide et moderne.<\/p>","protected":false},"excerpt":{"rendered":"<p>Le bouton rotatif sans fil EB Black permet le contr\u00f4le sans fil d&#039;une ou plusieurs unit\u00e9s Plejd.<\/p>\n<p>Installation facile \u00e0 l&#039;ext\u00e9rieur d&#039;un bo\u00eetier \u00e9lectrique standard ou avec du ruban adh\u00e9sif\/des vis.<\/p>\n<p>Jusqu&#039;\u00e0 15 ans d&#039;autonomie de la batterie. Compatible avec Apple HomeKit et Google Assistant.<\/p>\n<p>Compatible avec le cadre noir ELKO\u00ae Plus.<\/p>","protected":false},"featured_media":148027,"template":"","meta":{"_acf_changed":false},"product_brand":[],"product_cat":[4661],"product_tag":[4670],"class_list":{"0":"post-148028","1":"product","2":"type-product","3":"status-publish","4":"has-post-thumbnail","6":"product_cat-plejd-vridadapter","7":"product_tag-plejd","8":"product_shipping_class-postnord-varubrev","9":"pa_brands-plejd","10":"pa_farg-svart","11":"tm-has-options","13":"first","14":"instock","15":"sale","16":"taxable","17":"shipping-taxable","18":"purchasable","19":"product-type-simple"},"acf":[],"_links":{"self":[{"href":"https:\/\/secureus.se\/fr\/wp-json\/wp\/v2\/product\/148028","targetHints":{"allow":["GET"]}}],"collection":[{"href":"https:\/\/secureus.se\/fr\/wp-json\/wp\/v2\/product"}],"about":[{"href":"https:\/\/secureus.se\/fr\/wp-json\/wp\/v2\/types\/product"}],"wp:featuredmedia":[{"embeddable":true,"href":"https:\/\/secureus.se\/fr\/wp-json\/wp\/v2\/media\/148027"}],"wp:attachment":[{"href":"https:\/\/secureus.se\/fr\/wp-json\/wp\/v2\/media?parent=148028"}],"wp:term":[{"taxonomy":"product_brand","embeddable":true,"href":"https:\/\/secureus.se\/fr\/wp-json\/wp\/v2\/product_brand?post=148028"},{"taxonomy":"product_cat","embeddable":true,"href":"https:\/\/secureus.se\/fr\/wp-json\/wp\/v2\/product_cat?post=148028"},{"taxonomy":"product_tag","embeddable":true,"href":"https:\/\/secureus.se\/fr\/wp-json\/wp\/v2\/product_tag?post=148028"}],"curies":[{"name":"wp","href":"https:\/\/api.w.org\/{rel}","templated":true}]}}