{"id":148034,"date":"2025-02-25T12:22:23","date_gmt":"2025-02-25T11:22:23","guid":{"rendered":"https:\/\/secureus.se\/?post_type=product&#038;p=148034"},"modified":"2026-03-26T11:06:43","modified_gmt":"2026-03-26T10:06:43","slug":"plejd-tryckknapp-tradlos-wph-01-eb-svart","status":"publish","type":"product","link":"https:\/\/secureus.se\/fr\/plejd-tryckknapp-tradlos-wph-01-eb-svart\/","title":{"rendered":"Bouton poussoir sans fil Plejd WPH-01-EB noir"},"content":{"rendered":"<h1 data-start=\"443\" data-end=\"490\"><strong data-start=\"447\" data-end=\"488\">Contr\u00f4le d&#039;\u00e9clairage sans fil et pratique<\/strong><\/h1>\n<p data-start=\"491\" data-end=\"772\">Le bouton-poussoir sans fil EB Black est une solution \u00e9l\u00e9gante et flexible pour contr\u00f4ler l&#039;\u00e9clairage de votre maison intelligente ou de votre lieu de travail.<\/p>\n<p data-start=\"491\" data-end=\"772\">Avec ce bouton sans fil, vous pouvez facilement allumer, \u00e9teindre ou att\u00e9nuer l&#039;\u00e9clairage d&#039;un ou plusieurs appareils Plejd - sans avoir besoin de c\u00e2blage.<\/p>\n<p data-start=\"774\" data-end=\"995\">Les r\u00e9glages s&#039;effectuent facilement dans l&#039;application Plejd, o\u00f9 vous pouvez cr\u00e9er des sc\u00e9narios, contr\u00f4ler les niveaux de lumi\u00e8re et personnaliser les fonctions selon vos besoins.<\/p>\n<p data-start=\"774\" data-end=\"995\">Il est \u00e9galement compatible avec la technologie mesh 2,4 GHz de Plejd pour une communication fiable au sein du syst\u00e8me.<\/p>\n<h3 data-start=\"997\" data-end=\"1048\"><strong data-start=\"1001\" data-end=\"1046\">Assemblage flexible et installation facile<\/strong><\/h3>\n<p data-start=\"1049\" data-end=\"1137\">Le bouton poussoir sans fil EB Black peut \u00eatre mont\u00e9 de plusieurs fa\u00e7ons pour s&#039;adapter \u00e0 votre installation :<\/p>\n<ul data-start=\"1139\" data-end=\"1352\">\n<li data-start=\"1139\" data-end=\"1209\"><strong data-start=\"1141\" data-end=\"1158\">Montage sur bande<\/strong> \u2013 Parfait pour les surfaces lisses comme les murs ou le carrelage.<\/li>\n<li data-start=\"1210\" data-end=\"1282\"><strong data-start=\"1212\" data-end=\"1230\">Montage par vis<\/strong> \u2013 Peut \u00eatre mont\u00e9 directement sur un bo\u00eetier \u00e9lectrique standard.<\/li>\n<li data-start=\"1283\" data-end=\"1352\"><strong data-start=\"1285\" data-end=\"1309\">Montage autoportant<\/strong> \u2013 Peut \u00eatre plac\u00e9 n\u2019importe o\u00f9 dans la pi\u00e8ce.<\/li>\n<\/ul>\n<p data-start=\"1354\" data-end=\"1456\">Avec son design \u00e9l\u00e9gant et sa compatibilit\u00e9 avec les cadres ELKO\u00ae Plus, il s&#039;int\u00e8gre dans les int\u00e9rieurs modernes.<\/p>\n<h3 data-start=\"1458\" data-end=\"1498\"><strong data-start=\"1462\" data-end=\"1496\">Caract\u00e9ristiques et avantages du produit<\/strong><\/h3>\n<ul data-start=\"1500\" data-end=\"2199\">\n<li data-start=\"1500\" data-end=\"1588\"><strong data-start=\"1502\" data-end=\"1522\">Contr\u00f4le sans fil<\/strong> \u2013 Allumez, \u00e9teignez ou tamisez l\u2019\u00e9clairage en appuyant simplement sur un bouton.<\/li>\n<li data-start=\"1589\" data-end=\"1670\"><strong data-start=\"1591\" data-end=\"1613\">Montage flexible<\/strong> \u2013 Fixer avec du ruban adh\u00e9sif, des vis ou directement sur une bo\u00eete de jonction.<\/li>\n<li data-start=\"1671\" data-end=\"1766\"><strong data-start=\"1673\" data-end=\"1692\">Longue dur\u00e9e de vie de la batterie<\/strong> \u2013 Jusqu\u2019\u00e0 15 ans ou 200 000 clics (2 piles CR2032, rempla\u00e7ables).<\/li>\n<li data-start=\"1767\" data-end=\"1859\"><strong data-start=\"1769\" data-end=\"1801\">Contr\u00f4le direct et sc\u00e9narios<\/strong> \u2013 Personnalisez les fonctionnalit\u00e9s et cr\u00e9ez des horaires via l\u2019application Plejd.<\/li>\n<li data-start=\"1860\" data-end=\"1921\"><strong data-start=\"1862\" data-end=\"1880\">Conception \u00e9l\u00e9gante<\/strong> \u2013 Surface laqu\u00e9e noire mate (RAL 9005).<\/li>\n<li data-start=\"1922\" data-end=\"1997\"><strong data-start=\"1924\" data-end=\"1951\">Compatible avec les cadres ELKO\u00ae Plus<\/strong> \u2013 Pour une pose uniforme et \u00e9l\u00e9gante.<\/li>\n<li data-start=\"1998\" data-end=\"2080\"><strong data-start=\"2000\" data-end=\"2025\">Communication sans fil<\/strong> \u2013 Mesh 2,4 GHz et Bluetooth\u00ae pour une connexion stable.<\/li>\n<li data-start=\"2081\" data-end=\"2128\"><strong data-start=\"2083\" data-end=\"2100\">Port\u00e9e radio<\/strong> \u2013 Environ 10 m\u00e8tres \u00e0 l\u2019int\u00e9rieur.<\/li>\n<li data-start=\"2129\" data-end=\"2199\"><strong data-start=\"2131\" data-end=\"2152\">Fonctionnement \u00e0 deux boutons<\/strong> \u2013 Livr\u00e9 avec bascule simple et double.<\/li>\n<\/ul>\n<h3 data-start=\"2201\" data-end=\"2267\"><strong data-start=\"2205\" data-end=\"2265\">Id\u00e9al pour les maisons intelligentes et les installations professionnelles<\/strong><\/h3>\n<p data-start=\"2268\" data-end=\"2509\">Le bouton poussoir sans fil EB Black est une solution parfaite pour ceux qui souhaitent un contr\u00f4le simple et sans fil de votre \u00e9clairage.<\/p>\n<p data-start=\"2268\" data-end=\"2509\">Il est id\u00e9al pour les maisons intelligentes, les environnements de bureau et autres installations o\u00f9 la flexibilit\u00e9 et la facilit\u00e9 d&#039;utilisation sont primordiales.<\/p>\n<h3 data-start=\"2511\" data-end=\"2548\"><strong data-start=\"2515\" data-end=\"2546\">Installation et utilisation<\/strong><\/h3>\n<p data-start=\"2549\" data-end=\"2606\">L&#039;installation est simple et ne n\u00e9cessite aucun outil particulier :<\/p>\n<ol data-start=\"2608\" data-end=\"2890\">\n<li data-start=\"2608\" data-end=\"2713\"><strong data-start=\"2611\" data-end=\"2630\">Installer le bouton<\/strong> \u2013 Fixez-le avec le ruban adh\u00e9sif fourni, vissez-le dans le bo\u00eetier de l&#039;appareil ou placez-le de mani\u00e8re autonome.<\/li>\n<li data-start=\"2714\" data-end=\"2783\"><strong data-start=\"2717\" data-end=\"2741\">Connectez-vous \u00e0 l&#039;application Plejd<\/strong> \u2013 Configurer et personnaliser les fonctionnalit\u00e9s.<\/li>\n<li data-start=\"2784\" data-end=\"2890\"><strong data-start=\"2787\" data-end=\"2812\">Commencer \u00e0 utiliser le bouton<\/strong> \u2013 Contr\u00f4lez facilement l\u2019\u00e9clairage en appuyant sur des boutons ou en programmant des sc\u00e9narios.<\/li>\n<\/ol>\n<h3 data-start=\"2892\" data-end=\"2926\"><strong data-start=\"2896\" data-end=\"2924\">Sp\u00e9cifications techniques<\/strong><\/h3>\n<ul data-start=\"2928\" data-end=\"3608\">\n<li data-start=\"2928\" data-end=\"2959\"><strong data-start=\"2930\" data-end=\"2941\">Mod\u00e8le:<\/strong> Bouton poussoir s\u00e9rie<\/li>\n<li data-start=\"2960\" data-end=\"2997\"><strong data-start=\"2962\" data-end=\"2984\">Mode op\u00e9ratoire :<\/strong> Bouton poussoir<\/li>\n<li data-start=\"2998\" data-end=\"3038\"><strong data-start=\"3000\" data-end=\"3022\">Type d&#039;\u00e9tanch\u00e9it\u00e9 :<\/strong> Colle\/vis<\/li>\n<li data-start=\"3039\" data-end=\"3067\"><strong data-start=\"3041\" data-end=\"3054\">Mat\u00e9riel:<\/strong> Thermoplastique<\/li>\n<li data-start=\"3068\" data-end=\"3108\"><strong data-start=\"3070\" data-end=\"3087\">Traitement de surface :<\/strong> Surface laqu\u00e9e et mate<\/li>\n<li data-start=\"3109\" data-end=\"3139\"><strong data-start=\"3111\" data-end=\"3120\">Peinture:<\/strong> Noir (RAL 9005)<\/li>\n<li data-start=\"3140\" data-end=\"3180\"><strong data-start=\"3142\" data-end=\"3155\">Classe IP\u00a0:<\/strong> IP20 (pour une utilisation en int\u00e9rieur)<\/li>\n<li data-start=\"3181\" data-end=\"3236\"><strong data-start=\"3183\" data-end=\"3201\">Nombre de boutons :<\/strong> 2 (bascule simple et double inclus)<\/li>\n<li data-start=\"3237\" data-end=\"3268\"><strong data-start=\"3239\" data-end=\"3264\">Nombre de points de contr\u00f4le :<\/strong> 4<\/li>\n<li data-start=\"3269\" data-end=\"3289\"><strong data-start=\"3271\" data-end=\"3281\">Largeur:<\/strong> 71 mm<\/li>\n<li data-start=\"3290\" data-end=\"3309\"><strong data-start=\"3292\" data-end=\"3301\">Hauteur:<\/strong> 71 mm<\/li>\n<li data-start=\"3310\" data-end=\"3329\"><strong data-start=\"3312\" data-end=\"3321\">Profondeur:<\/strong> 14 mm<\/li>\n<li data-start=\"3330\" data-end=\"3372\"><strong data-start=\"3332\" data-end=\"3347\">Type de batterie\u00a0:<\/strong> 2 x CR2032 (rempla\u00e7able)<\/li>\n<li data-start=\"3373\" data-end=\"3427\"><strong data-start=\"3375\" data-end=\"3390\">Autonomie de la batterie\u00a0:<\/strong> Jusqu&#039;\u00e0 15 ans ou 200 000 clics<\/li>\n<li data-start=\"3428\" data-end=\"3483\"><strong data-start=\"3430\" data-end=\"3446\">Syst\u00e8me radio:<\/strong> Maillage 2,4 GHz, Bluetooth\u00ae (&lt;10 dBm)<\/li>\n<li data-start=\"3484\" data-end=\"3526\"><strong data-start=\"3486\" data-end=\"3504\">Port\u00e9e radio :<\/strong> Environ 10 m\u00e8tres \u00e0 l&#039;int\u00e9rieur<\/li>\n<li data-start=\"3527\" data-end=\"3567\"><strong data-start=\"3529\" data-end=\"3561\">Extension du r\u00e9seau maill\u00e9 :<\/strong> Non<\/li>\n<li data-start=\"3568\" data-end=\"3608\"><strong data-start=\"3570\" data-end=\"3589\">Compatibilit\u00e9:<\/strong> Cadres ELKO\u00ae Plus<\/li>\n<\/ul>\n<h3 data-start=\"3610\" data-end=\"3659\"><strong data-start=\"3614\" data-end=\"3657\">Conception \u00e9l\u00e9gante et construction durable<\/strong><\/h3>\n<p data-start=\"3660\" data-end=\"3960\">La finition noire mate et la compatibilit\u00e9 avec les cadres ELKO\u00ae Plus font du Push Button Wireless EB Black un choix \u00e9l\u00e9gant pour tous les types d&#039;environnements.<\/p>\n<p data-start=\"3660\" data-end=\"3960\">Gr\u00e2ce \u00e0 son design minimaliste, il s&#039;int\u00e8gre parfaitement aux int\u00e9rieurs modernes et classiques tout en offrant un contr\u00f4le avanc\u00e9 de la lumi\u00e8re.<\/p>\n<h3 data-start=\"3962\" data-end=\"3980\"><strong data-start=\"3966\" data-end=\"3978\">Conclusion<\/strong><\/h3>\n<p data-start=\"3981\" data-end=\"4223\">Le bouton poussoir sans fil EB Black est une solution innovante et flexible pour le contr\u00f4le de l&#039;\u00e9clairage sans fil.<\/p>\n<p data-start=\"3981\" data-end=\"4223\">Avec une longue dur\u00e9e de vie de la batterie, une installation facile et des fonctionnalit\u00e9s intelligentes, il s&#039;agit d&#039;un appareil optimal pour tous ceux qui souhaitent un contr\u00f4le d&#039;\u00e9clairage fluide et moderne.<\/p>","protected":false},"excerpt":{"rendered":"<p>Le bouton poussoir sans fil EB Black permet le contr\u00f4le sans fil d&#039;un ou plusieurs appareils Plejd.<\/p>\n<p>Installation facile \u00e0 l&#039;ext\u00e9rieur d&#039;un bo\u00eetier \u00e9lectrique standard ou avec du ruban adh\u00e9sif\/des vis.<\/p>\n<p>Jusqu&#039;\u00e0 15 ans d&#039;autonomie de la batterie ou 200 000 clics.<\/p>\n<p>Compatible avec les cadres ELKO\u00ae Plus.<\/p>","protected":false},"featured_media":148033,"template":"","meta":{"_acf_changed":false},"product_brand":[],"product_cat":[4658],"product_tag":[4670],"class_list":{"0":"post-148034","1":"product","2":"type-product","3":"status-publish","4":"has-post-thumbnail","6":"product_cat-plejd-stromstallare","7":"product_tag-plejd","8":"product_shipping_class-tunga-paket","9":"pa_brands-plejd","10":"pa_farg-svart","11":"tm-has-options","13":"first","14":"instock","15":"sale","16":"taxable","17":"shipping-taxable","18":"purchasable","19":"product-type-simple"},"acf":[],"_links":{"self":[{"href":"https:\/\/secureus.se\/fr\/wp-json\/wp\/v2\/product\/148034","targetHints":{"allow":["GET"]}}],"collection":[{"href":"https:\/\/secureus.se\/fr\/wp-json\/wp\/v2\/product"}],"about":[{"href":"https:\/\/secureus.se\/fr\/wp-json\/wp\/v2\/types\/product"}],"wp:featuredmedia":[{"embeddable":true,"href":"https:\/\/secureus.se\/fr\/wp-json\/wp\/v2\/media\/148033"}],"wp:attachment":[{"href":"https:\/\/secureus.se\/fr\/wp-json\/wp\/v2\/media?parent=148034"}],"wp:term":[{"taxonomy":"product_brand","embeddable":true,"href":"https:\/\/secureus.se\/fr\/wp-json\/wp\/v2\/product_brand?post=148034"},{"taxonomy":"product_cat","embeddable":true,"href":"https:\/\/secureus.se\/fr\/wp-json\/wp\/v2\/product_cat?post=148034"},{"taxonomy":"product_tag","embeddable":true,"href":"https:\/\/secureus.se\/fr\/wp-json\/wp\/v2\/product_tag?post=148034"}],"curies":[{"name":"wp","href":"https:\/\/api.w.org\/{rel}","templated":true}]}}