{"id":148036,"date":"2025-02-25T12:22:24","date_gmt":"2025-02-25T11:22:24","guid":{"rendered":"https:\/\/secureus.se\/?post_type=product&#038;p=148036"},"modified":"2026-04-23T10:18:01","modified_gmt":"2026-04-23T08:18:01","slug":"plejd-tryckknapp-tradlos-wph-01-ew-vit","status":"publish","type":"product","link":"https:\/\/secureus.se\/fr\/plejd-tryckknapp-tradlos-wph-01-ew-vit\/","title":{"rendered":"Bouton poussoir sans fil Plejd WPH-01-EW blanc"},"content":{"rendered":"<h1 data-start=\"438\" data-end=\"487\"><strong data-start=\"442\" data-end=\"485\">Contr\u00f4le d&#039;\u00e9clairage sans fil et flexible<\/strong><\/h1>\n<p data-start=\"488\" data-end=\"794\">Le bouton poussoir sans fil EW White est une solution \u00e9l\u00e9gante et flexible pour contr\u00f4ler l&#039;\u00e9clairage de votre maison ou de votre lieu de travail.<\/p>\n<p data-start=\"488\" data-end=\"794\">Avec ce bouton sans fil, vous pouvez facilement allumer, \u00e9teindre ou att\u00e9nuer l&#039;\u00e9clairage d&#039;un ou plusieurs appareils Plejd - sans avoir besoin de c\u00e2blage ni d&#039;installations compliqu\u00e9es.<\/p>\n<p data-start=\"796\" data-end=\"1057\">Les r\u00e9glages s&#039;effectuent facilement via <strong data-start=\"829\" data-end=\"844\">L&#039;application Plejd<\/strong>, o\u00f9 vous pouvez cr\u00e9er des sc\u00e9narios, contr\u00f4ler les niveaux de lumi\u00e8re et personnaliser les fonctions selon vos besoins.<\/p>\n<p data-start=\"796\" data-end=\"1057\">Le bouton poussoir communique via <strong data-start=\"957\" data-end=\"995\">Technologie maill\u00e9e 2,4 GHz et Bluetooth\u00ae<\/strong>, qui assure une connexion stable au sein du syst\u00e8me Plejd.<\/p>\n<h3 data-start=\"1059\" data-end=\"1110\"><strong data-start=\"1063\" data-end=\"1108\">Assemblage flexible et installation facile<\/strong><\/h3>\n<p data-start=\"1111\" data-end=\"1202\">Le bouton poussoir sans fil EW Blanc peut \u00eatre mont\u00e9 de plusieurs mani\u00e8res en fonction de vos besoins d&#039;installation :<\/p>\n<ul data-start=\"1204\" data-end=\"1417\">\n<li data-start=\"1204\" data-end=\"1274\"><strong data-start=\"1206\" data-end=\"1223\">Montage sur bande<\/strong> \u2013 Parfait pour les surfaces lisses comme les murs ou le carrelage.<\/li>\n<li data-start=\"1275\" data-end=\"1347\"><strong data-start=\"1277\" data-end=\"1295\">Montage par vis<\/strong> \u2013 Peut \u00eatre mont\u00e9 directement sur un bo\u00eetier \u00e9lectrique standard.<\/li>\n<li data-start=\"1348\" data-end=\"1417\"><strong data-start=\"1350\" data-end=\"1374\">Montage autoportant<\/strong> \u2013 Peut \u00eatre plac\u00e9 n\u2019importe o\u00f9 dans la pi\u00e8ce.<\/li>\n<\/ul>\n<p data-start=\"1419\" data-end=\"1545\">Le design \u00e9l\u00e9gant et la compatibilit\u00e9 avec <strong data-start=\"1466\" data-end=\"1489\">Cadres ELKO\u00ae RS\/Plus<\/strong> permet au bouton poussoir de se fondre dans les int\u00e9rieurs modernes.<\/p>\n<h3 data-start=\"1547\" data-end=\"1587\"><strong data-start=\"1551\" data-end=\"1585\">Caract\u00e9ristiques et avantages du produit<\/strong><\/h3>\n<ul data-start=\"1589\" data-end=\"2292\">\n<li data-start=\"1589\" data-end=\"1677\"><strong data-start=\"1591\" data-end=\"1611\">Contr\u00f4le sans fil<\/strong> \u2013 Allumez, \u00e9teignez ou tamisez l\u2019\u00e9clairage en appuyant simplement sur un bouton.<\/li>\n<li data-start=\"1678\" data-end=\"1759\"><strong data-start=\"1680\" data-end=\"1702\">Montage flexible<\/strong> \u2013 Fixer avec du ruban adh\u00e9sif, des vis ou directement sur une bo\u00eete de jonction.<\/li>\n<li data-start=\"1760\" data-end=\"1855\"><strong data-start=\"1762\" data-end=\"1781\">Longue dur\u00e9e de vie de la batterie<\/strong> \u2013 Jusqu\u2019\u00e0 15 ans ou 200 000 clics (2 piles CR2032, rempla\u00e7ables).<\/li>\n<li data-start=\"1856\" data-end=\"1948\"><strong data-start=\"1858\" data-end=\"1890\">Contr\u00f4le direct et sc\u00e9narios<\/strong> \u2013 Personnalisez les fonctionnalit\u00e9s et cr\u00e9ez des horaires via l\u2019application Plejd.<\/li>\n<li data-start=\"1949\" data-end=\"2011\"><strong data-start=\"1951\" data-end=\"1969\">Conception \u00e9l\u00e9gante<\/strong> \u2013 Surface blanche brillante non trait\u00e9e (RAL 9010).<\/li>\n<li data-start=\"2012\" data-end=\"2090\"><strong data-start=\"2014\" data-end=\"2044\">Compatible avec les cadres ELKO\u00ae RS\/Plus<\/strong> \u2013 Pour une pose uniforme et \u00e9l\u00e9gante.<\/li>\n<li data-start=\"2091\" data-end=\"2173\"><strong data-start=\"2093\" data-end=\"2118\">Communication sans fil<\/strong> \u2013 Mesh 2,4 GHz et Bluetooth\u00ae pour une connexion stable.<\/li>\n<li data-start=\"2174\" data-end=\"2221\"><strong data-start=\"2176\" data-end=\"2193\">Port\u00e9e radio<\/strong> \u2013 Environ 10 m\u00e8tres \u00e0 l\u2019int\u00e9rieur.<\/li>\n<li data-start=\"2222\" data-end=\"2292\"><strong data-start=\"2224\" data-end=\"2245\">Fonctionnement \u00e0 deux boutons<\/strong> \u2013 Livr\u00e9 avec bascule simple et double.<\/li>\n<\/ul>\n<h3 data-start=\"2294\" data-end=\"2360\"><strong data-start=\"2298\" data-end=\"2358\">Id\u00e9al pour les maisons intelligentes et les installations professionnelles<\/strong><\/h3>\n<p data-start=\"2361\" data-end=\"2604\">Le bouton poussoir sans fil EW White est une solution id\u00e9ale pour ceux qui souhaitent un contr\u00f4le simple et sans fil de votre \u00e9clairage.<\/p>\n<p data-start=\"2361\" data-end=\"2604\">C&#039;est parfait pour <strong data-start=\"2494\" data-end=\"2549\">maisons intelligentes, environnements de bureau et autres installations<\/strong> o\u00f9 la flexibilit\u00e9 et la facilit\u00e9 d\u2019utilisation sont cruciales.<\/p>\n<h3 data-start=\"2606\" data-end=\"2643\"><strong data-start=\"2610\" data-end=\"2641\">Installation et utilisation<\/strong><\/h3>\n<p data-start=\"2644\" data-end=\"2701\">L&#039;installation est simple et ne n\u00e9cessite aucun outil particulier :<\/p>\n<ol data-start=\"2703\" data-end=\"2985\">\n<li data-start=\"2703\" data-end=\"2808\"><strong data-start=\"2706\" data-end=\"2725\">Installer le bouton<\/strong> \u2013 Fixez-le avec le ruban adh\u00e9sif fourni, vissez-le dans le bo\u00eetier de l&#039;appareil ou placez-le de mani\u00e8re autonome.<\/li>\n<li data-start=\"2809\" data-end=\"2878\"><strong data-start=\"2812\" data-end=\"2836\">Connectez-vous \u00e0 l&#039;application Plejd<\/strong> \u2013 Configurer et personnaliser les fonctionnalit\u00e9s.<\/li>\n<li data-start=\"2879\" data-end=\"2985\"><strong data-start=\"2882\" data-end=\"2907\">Commencer \u00e0 utiliser le bouton<\/strong> \u2013 Contr\u00f4lez facilement l\u2019\u00e9clairage en appuyant sur des boutons ou en programmant des sc\u00e9narios.<\/li>\n<\/ol>\n<h3 data-start=\"2987\" data-end=\"3021\"><strong data-start=\"2991\" data-end=\"3019\">Sp\u00e9cifications techniques<\/strong><\/h3>\n<ul data-start=\"3023\" data-end=\"3707\">\n<li data-start=\"3023\" data-end=\"3054\"><strong data-start=\"3025\" data-end=\"3036\">Mod\u00e8le:<\/strong> Bouton poussoir s\u00e9rie<\/li>\n<li data-start=\"3055\" data-end=\"3092\"><strong data-start=\"3057\" data-end=\"3079\">Mode op\u00e9ratoire :<\/strong> Bouton poussoir<\/li>\n<li data-start=\"3093\" data-end=\"3133\"><strong data-start=\"3095\" data-end=\"3117\">Type d&#039;\u00e9tanch\u00e9it\u00e9 :<\/strong> Colle\/vis<\/li>\n<li data-start=\"3134\" data-end=\"3162\"><strong data-start=\"3136\" data-end=\"3149\">Mat\u00e9riel:<\/strong> Thermoplastique<\/li>\n<li data-start=\"3163\" data-end=\"3206\"><strong data-start=\"3165\" data-end=\"3182\">Traitement de surface :<\/strong> Surface brillante et non trait\u00e9e<\/li>\n<li data-start=\"3207\" data-end=\"3235\"><strong data-start=\"3209\" data-end=\"3218\">Peinture:<\/strong> Blanc (RAL 9010)<\/li>\n<li data-start=\"3236\" data-end=\"3276\"><strong data-start=\"3238\" data-end=\"3251\">Classe IP\u00a0:<\/strong> IP20 (pour une utilisation en int\u00e9rieur)<\/li>\n<li data-start=\"3277\" data-end=\"3332\"><strong data-start=\"3279\" data-end=\"3297\">Nombre de boutons :<\/strong> 2 (bascule simple et double inclus)<\/li>\n<li data-start=\"3333\" data-end=\"3364\"><strong data-start=\"3335\" data-end=\"3360\">Nombre de points de contr\u00f4le :<\/strong> 4<\/li>\n<li data-start=\"3365\" data-end=\"3385\"><strong data-start=\"3367\" data-end=\"3377\">Largeur:<\/strong> 71 mm<\/li>\n<li data-start=\"3386\" data-end=\"3405\"><strong data-start=\"3388\" data-end=\"3397\">Hauteur:<\/strong> 71 mm<\/li>\n<li data-start=\"3406\" data-end=\"3425\"><strong data-start=\"3408\" data-end=\"3417\">Profondeur:<\/strong> 14 mm<\/li>\n<li data-start=\"3426\" data-end=\"3468\"><strong data-start=\"3428\" data-end=\"3443\">Type de batterie\u00a0:<\/strong> 2 x CR2032 (rempla\u00e7able)<\/li>\n<li data-start=\"3469\" data-end=\"3523\"><strong data-start=\"3471\" data-end=\"3486\">Autonomie de la batterie\u00a0:<\/strong> Jusqu&#039;\u00e0 15 ans ou 200 000 clics<\/li>\n<li data-start=\"3524\" data-end=\"3579\"><strong data-start=\"3526\" data-end=\"3542\">Syst\u00e8me radio:<\/strong> Maillage 2,4 GHz, Bluetooth\u00ae (&lt;10 dBm)<\/li>\n<li data-start=\"3580\" data-end=\"3622\"><strong data-start=\"3582\" data-end=\"3600\">Port\u00e9e radio :<\/strong> Environ 10 m\u00e8tres \u00e0 l&#039;int\u00e9rieur<\/li>\n<li data-start=\"3623\" data-end=\"3663\"><strong data-start=\"3625\" data-end=\"3657\">Extension du r\u00e9seau maill\u00e9 :<\/strong> Non<\/li>\n<li data-start=\"3664\" data-end=\"3707\"><strong data-start=\"3666\" data-end=\"3685\">Compatibilit\u00e9:<\/strong> Cadres ELKO\u00ae RS\/Plus<\/li>\n<\/ul>\n<h3 data-start=\"3709\" data-end=\"3758\"><strong data-start=\"3713\" data-end=\"3756\">Conception \u00e9l\u00e9gante et construction durable<\/strong><\/h3>\n<p data-start=\"3759\" data-end=\"4067\">La finition blanche et brillante et la compatibilit\u00e9 avec <strong data-start=\"3810\" data-end=\"3833\">Cadres ELKO\u00ae RS\/Plus<\/strong> faire <strong data-start=\"3838\" data-end=\"3867\">Bouton poussoir sans fil EW blanc<\/strong> un choix \u00e9l\u00e9gant pour tous les types d&#039;environnements.<\/p>\n<p data-start=\"3759\" data-end=\"4067\">Gr\u00e2ce \u00e0 son design minimaliste, il s&#039;int\u00e8gre parfaitement aux int\u00e9rieurs modernes et classiques tout en offrant un contr\u00f4le avanc\u00e9 de la lumi\u00e8re.<\/p>\n<h3 data-start=\"4069\" data-end=\"4087\"><strong data-start=\"4073\" data-end=\"4085\">Conclusion<\/strong><\/h3>\n<p data-start=\"4088\" data-end=\"4336\">Le bouton-poussoir sans fil EW White est une solution innovante et flexible pour <strong data-start=\"4155\" data-end=\"4179\">Contr\u00f4le de la lumi\u00e8re sans fil<\/strong>.<\/p>\n<p data-start=\"4088\" data-end=\"4336\">Avec une longue dur\u00e9e de vie de la batterie, une installation facile et des fonctionnalit\u00e9s intelligentes, c&#039;est un appareil optimal pour tous ceux qui veulent un <strong data-start=\"4293\" data-end=\"4333\">Contr\u00f4le d&#039;\u00e9clairage fluide et moderne<\/strong>.<\/p>","protected":false},"excerpt":{"rendered":"<p>Le bouton poussoir sans fil EW Blanc permet le contr\u00f4le sans fil d&#039;un ou plusieurs appareils Plejd.<\/p>\n<p>Installation facile \u00e0 l&#039;ext\u00e9rieur d&#039;un bo\u00eetier \u00e9lectrique standard ou avec du ruban adh\u00e9sif\/des vis.<\/p>\n<p>Jusqu&#039;\u00e0 15 ans d&#039;autonomie de la batterie ou 200 000 clics.<\/p>\n<p>Compatible avec les cadres ELKO\u00ae RS\/Plus.<\/p>","protected":false},"featured_media":148035,"template":"","meta":{"_acf_changed":false},"product_brand":[],"product_cat":[4658],"product_tag":[4670],"class_list":{"0":"post-148036","1":"product","2":"type-product","3":"status-publish","4":"has-post-thumbnail","6":"product_cat-plejd-stromstallare","7":"product_tag-plejd","8":"product_shipping_class-postnord-varubrev","9":"pa_brands-plejd","10":"pa_farg-vit","11":"tm-has-options","13":"first","14":"instock","15":"sale","16":"taxable","17":"shipping-taxable","18":"purchasable","19":"product-type-simple"},"acf":[],"_links":{"self":[{"href":"https:\/\/secureus.se\/fr\/wp-json\/wp\/v2\/product\/148036","targetHints":{"allow":["GET"]}}],"collection":[{"href":"https:\/\/secureus.se\/fr\/wp-json\/wp\/v2\/product"}],"about":[{"href":"https:\/\/secureus.se\/fr\/wp-json\/wp\/v2\/types\/product"}],"wp:featuredmedia":[{"embeddable":true,"href":"https:\/\/secureus.se\/fr\/wp-json\/wp\/v2\/media\/148035"}],"wp:attachment":[{"href":"https:\/\/secureus.se\/fr\/wp-json\/wp\/v2\/media?parent=148036"}],"wp:term":[{"taxonomy":"product_brand","embeddable":true,"href":"https:\/\/secureus.se\/fr\/wp-json\/wp\/v2\/product_brand?post=148036"},{"taxonomy":"product_cat","embeddable":true,"href":"https:\/\/secureus.se\/fr\/wp-json\/wp\/v2\/product_cat?post=148036"},{"taxonomy":"product_tag","embeddable":true,"href":"https:\/\/secureus.se\/fr\/wp-json\/wp\/v2\/product_tag?post=148036"}],"curies":[{"name":"wp","href":"https:\/\/api.w.org\/{rel}","templated":true}]}}