{"id":148038,"date":"2025-02-25T12:22:23","date_gmt":"2025-02-25T11:22:23","guid":{"rendered":"https:\/\/secureus.se\/?post_type=product&#038;p=148038"},"modified":"2026-04-23T10:18:04","modified_gmt":"2026-04-23T08:18:04","slug":"plejd-vridadapter-rtr-01-sw-vit","status":"publish","type":"product","link":"https:\/\/secureus.se\/fr\/plejd-vridadapter-rtr-01-sw-vit\/","title":{"rendered":"Adaptateur pivotant Plejd RTR-01-SW blanc"},"content":{"rendered":"<h1 data-start=\"447\" data-end=\"507\"><strong data-start=\"451\" data-end=\"505\">Combinez la fonction de variateur classique avec la technologie intelligente<\/strong><\/h1>\n<p data-start=\"508\" data-end=\"882\">L&#039;adaptateur pivotant SW White est une solution \u00e9l\u00e9gante et fonctionnelle pour un contr\u00f4le intelligent de l&#039;\u00e9clairage.<\/p>\n<p data-start=\"508\" data-end=\"882\">En cliquant l&#039;adaptateur avec un palet Plejd de votre choix, vous obtenez un variateur rotatif traditionnel qui peut \u00eatre contr\u00f4l\u00e9 manuellement et sans fil via la technologie maill\u00e9e du syst\u00e8me Plejd.<\/p>\n<p data-start=\"508\" data-end=\"882\">Cela le rend id\u00e9al aussi bien pour les maisons modernes que pour les installations professionnelles o\u00f9 la flexibilit\u00e9 et le design sont des facteurs importants.<\/p>\n<h3 data-start=\"884\" data-end=\"933\"><strong data-start=\"888\" data-end=\"931\">Contr\u00f4le d&#039;\u00e9clairage sans fil et flexible<\/strong><\/h3>\n<p data-start=\"934\" data-end=\"1307\">L\u2019un des grands avantages de l\u2019adaptateur rotatif SW White est sa capacit\u00e9 \u00e0 fonctionner dans l\u2019\u00e9cosyst\u00e8me Plejd. Gr\u00e2ce \u00e0 la technologie de maillage sans fil, il peut contr\u00f4ler d&#039;autres appareils Plejd et s&#039;int\u00e9grer de mani\u00e8re transparente \u00e0 votre syst\u00e8me existant.<\/p>\n<p data-start=\"934\" data-end=\"1307\">Le palet utilis\u00e9 avec l&#039;adaptateur conserve ses fonctions telles que l&#039;entr\u00e9e de commande et les param\u00e8tres de synchronisation, vous permettant de contr\u00f4ler l&#039;\u00e9clairage \u00e0 partir de plusieurs boutons diff\u00e9rents.<\/p>\n<p data-start=\"1309\" data-end=\"1337\"><strong data-start=\"1309\" data-end=\"1335\">Les fonctionnalit\u00e9s incluent\u00a0:<\/strong><\/p>\n<ul data-start=\"1338\" data-end=\"1563\">\n<li data-start=\"1338\" data-end=\"1395\"><strong data-start=\"1340\" data-end=\"1365\">Double-cliquez sur le volant<\/strong> pour activer des sc\u00e9narios.<\/li>\n<li data-start=\"1396\" data-end=\"1451\"><strong data-start=\"1398\" data-end=\"1423\">Communication sans fil<\/strong> via le r\u00e9seau maill\u00e9 Plejd.<\/li>\n<li data-start=\"1452\" data-end=\"1508\"><strong data-start=\"1454\" data-end=\"1477\">Compatibilit\u00e9 totale<\/strong> avec cadres Schneider Exxact\u00ae.<\/li>\n<li data-start=\"1509\" data-end=\"1563\"><strong data-start=\"1511\" data-end=\"1544\">Les param\u00e8tres sont facilement ajustables<\/strong> via l&#039;application Plejd.<\/li>\n<\/ul>\n<h3 data-start=\"1565\" data-end=\"1605\"><strong data-start=\"1569\" data-end=\"1603\">Caract\u00e9ristiques et avantages du produit<\/strong><\/h3>\n<ul data-start=\"1607\" data-end=\"2340\">\n<li data-start=\"1607\" data-end=\"1696\"><strong data-start=\"1609\" data-end=\"1640\">Fonction variateur rotatif classique<\/strong> \u2013 Offre une sensation traditionnelle avec une technologie intelligente moderne.<\/li>\n<li data-start=\"1697\" data-end=\"1771\"><strong data-start=\"1699\" data-end=\"1722\">Int\u00e9gration sans fil<\/strong> \u2013 Contr\u00f4lez d\u2019autres appareils Plejd via le r\u00e9seau maill\u00e9.<\/li>\n<li data-start=\"1772\" data-end=\"1842\"><strong data-start=\"1774\" data-end=\"1796\">Installation simple<\/strong> \u2013 Fixation par clipsage en caisson ou cadre double.<\/li>\n<li data-start=\"1843\" data-end=\"1905\"><strong data-start=\"1845\" data-end=\"1863\">Design \u00e9l\u00e9gant<\/strong> \u2013 Surface blanche brillante non trait\u00e9e (RAL 9003).<\/li>\n<li data-start=\"1906\" data-end=\"2004\"><strong data-start=\"1908\" data-end=\"1930\">Montage flexible<\/strong> \u2013 Peut \u00eatre install\u00e9 en pose libre ou dans un cadre double avec un interrupteur standard.<\/li>\n<li data-start=\"2005\" data-end=\"2093\"><strong data-start=\"2007\" data-end=\"2028\">Mat\u00e9riau durable<\/strong> \u2013 Fabriqu\u00e9 en thermoplastique sans halog\u00e8ne pour une durabilit\u00e9 \u00e0 long terme.<\/li>\n<li data-start=\"2094\" data-end=\"2174\"><strong data-start=\"2096\" data-end=\"2111\">Contr\u00f4le des applications<\/strong> \u2013 La configuration et les r\u00e9glages s\u2019effectuent facilement dans l\u2019application Plejd.<\/li>\n<li data-start=\"2175\" data-end=\"2261\"><strong data-start=\"2177\" data-end=\"2215\">Compatible avec les cadres Schneider Exxact\u00ae<\/strong> \u2013 Pour une installation uniforme et \u00e9l\u00e9gante.<\/li>\n<li data-start=\"2262\" data-end=\"2340\"><strong data-start=\"2264\" data-end=\"2288\">Plusieurs options de couleurs<\/strong> \u2013 Disponible en diff\u00e9rentes couleurs pour s\u2019agencer \u00e0 l\u2019int\u00e9rieur.<\/li>\n<\/ul>\n<h3 data-start=\"2342\" data-end=\"2401\"><strong data-start=\"2346\" data-end=\"2399\">Id\u00e9al pour les maisons intelligentes et les environnements professionnels<\/strong><\/h3>\n<p data-start=\"2402\" data-end=\"2609\">L&#039;adaptateur rotatif SW White est une solution parfaite pour ceux qui souhaitent un contr\u00f4le d&#039;\u00e9clairage \u00e9l\u00e9gant et fonctionnel.<\/p>\n<p data-start=\"2402\" data-end=\"2609\">Il s&#039;int\u00e8gre aussi bien dans les maisons modernes que dans les environnements de bureau o\u00f9 vous souhaitez combiner style et fonctions intelligentes.<\/p>\n<h3 data-start=\"2611\" data-end=\"2648\"><strong data-start=\"2615\" data-end=\"2646\">Installation et utilisation<\/strong><\/h3>\n<p data-start=\"2649\" data-end=\"2706\">L&#039;installation est simple et ne n\u00e9cessite aucun outil particulier :<\/p>\n<ol data-start=\"2708\" data-end=\"3127\">\n<li data-start=\"2708\" data-end=\"2806\"><strong data-start=\"2711\" data-end=\"2757\">Cliquez sur l&#039;adaptateur pivotant avec un palet Plejd<\/strong> \u2013 Choisissez un palet compatible parmi la gamme Plejd.<\/li>\n<li data-start=\"2807\" data-end=\"2917\"><strong data-start=\"2810\" data-end=\"2830\">Monter l&#039;adaptateur<\/strong> \u2013 Encliquetez-le dans une bo\u00eete ou un cadre double avec un interrupteur ordinaire.<\/li>\n<li data-start=\"2918\" data-end=\"3018\"><strong data-start=\"2921\" data-end=\"2946\">Configurer via l&#039;application<\/strong> \u2013 R\u00e9glez la luminosit\u00e9, les sc\u00e9narios et d\u2019autres fonctions via l\u2019application Plejd.<\/li>\n<li data-start=\"3019\" data-end=\"3127\"><strong data-start=\"3022\" data-end=\"3049\">Commencez \u00e0 contr\u00f4ler l&#039;\u00e9clairage<\/strong> \u2013 Tamisez la lumi\u00e8re avec le bouton rotatif ou utilisez les fonctions sans fil du syst\u00e8me Plejd.<\/li>\n<\/ol>\n<p data-start=\"3129\" data-end=\"3264\">Le montage flexible permet d&#039;installer l&#039;adaptateur pivotant blanc SW de mani\u00e8re autonome et en combinaison avec d&#039;autres unit\u00e9s Plejd.<\/p>\n<h3 data-start=\"3266\" data-end=\"3300\"><strong data-start=\"3270\" data-end=\"3298\">Sp\u00e9cifications techniques<\/strong><\/h3>\n<ul data-start=\"3302\" data-end=\"3898\">\n<li data-start=\"3302\" data-end=\"3322\"><strong data-start=\"3304\" data-end=\"3315\">Mod\u00e8le:<\/strong> D\u00e9truire<\/li>\n<li data-start=\"3323\" data-end=\"3362\"><strong data-start=\"3325\" data-end=\"3347\">Mode op\u00e9ratoire :<\/strong> Fonction de rotation<\/li>\n<li data-start=\"3363\" data-end=\"3395\"><strong data-start=\"3365\" data-end=\"3387\">Type d&#039;\u00e9tanch\u00e9it\u00e9 :<\/strong> Instantan\u00e9<\/li>\n<li data-start=\"3396\" data-end=\"3437\"><strong data-start=\"3398\" data-end=\"3411\">Mat\u00e9riel:<\/strong> Thermoplastique (sans halog\u00e8ne)<\/li>\n<li data-start=\"3438\" data-end=\"3481\"><strong data-start=\"3440\" data-end=\"3457\">Traitement de surface :<\/strong> Surface brillante et non trait\u00e9e<\/li>\n<li data-start=\"3482\" data-end=\"3510\"><strong data-start=\"3484\" data-end=\"3493\">Peinture:<\/strong> Blanc (RAL 9003)<\/li>\n<li data-start=\"3511\" data-end=\"3551\"><strong data-start=\"3513\" data-end=\"3526\">Classe IP\u00a0:<\/strong> IP20 (pour une utilisation en int\u00e9rieur)<\/li>\n<li data-start=\"3552\" data-end=\"3578\"><strong data-start=\"3554\" data-end=\"3571\">R\u00e9sistance aux chocs :<\/strong> IK00<\/li>\n<li data-start=\"3579\" data-end=\"3599\"><strong data-start=\"3581\" data-end=\"3591\">Largeur:<\/strong> 55 millim\u00e8tres<\/li>\n<li data-start=\"3600\" data-end=\"3619\"><strong data-start=\"3602\" data-end=\"3611\">Hauteur:<\/strong> 55 millim\u00e8tres<\/li>\n<li data-start=\"3620\" data-end=\"3639\"><strong data-start=\"3622\" data-end=\"3631\">Profondeur:<\/strong> 18 mm<\/li>\n<li data-start=\"3640\" data-end=\"3694\"><strong data-start=\"3642\" data-end=\"3688\">Convient pour capteur tactile pour syst\u00e8mes de bus :<\/strong> Non<\/li>\n<li data-start=\"3695\" data-end=\"3738\"><strong data-start=\"3697\" data-end=\"3732\">Symbole num\u00e9risable \/ sans obstacle :<\/strong> Non<\/li>\n<li data-start=\"3739\" data-end=\"3772\"><strong data-start=\"3741\" data-end=\"3766\">Avec \u00e9tiquette imprimable :<\/strong> Non<\/li>\n<li data-start=\"3773\" data-end=\"3810\"><strong data-start=\"3775\" data-end=\"3804\">Avec lentille\/symbole interchangeable :<\/strong> Non<\/li>\n<li data-start=\"3811\" data-end=\"3853\"><strong data-start=\"3813\" data-end=\"3847\">Fen\u00eatre de surveillance\/prise d&#039;\u00e9clairage :<\/strong> Non<\/li>\n<li data-start=\"3854\" data-end=\"3898\"><strong data-start=\"3856\" data-end=\"3893\">Double-cliquez pour contr\u00f4ler le sc\u00e9nario\u00a0:<\/strong> Oui<\/li>\n<\/ul>\n<h3 data-start=\"3900\" data-end=\"3947\"><strong data-start=\"3904\" data-end=\"3945\">Design et fonctionnalit\u00e9 en parfaite harmonie<\/strong><\/h3>\n<p data-start=\"3948\" data-end=\"4218\">La surface blanche et brillante et la compatibilit\u00e9 avec les cadres Schneider Exxact\u00ae font de l&#039;adaptateur pivotant blanc SW un choix \u00e9l\u00e9gant pour tous les types d&#039;environnements.<\/p>\n<p data-start=\"3948\" data-end=\"4218\">Le design minimaliste s&#039;int\u00e8gre parfaitement dans les int\u00e9rieurs modernes tout en offrant un contr\u00f4le total sur l&#039;\u00e9clairage.<\/p>\n<h3 data-start=\"4220\" data-end=\"4238\"><strong data-start=\"4224\" data-end=\"4236\">Conclusion<\/strong><\/h3>\n<p data-start=\"4239\" data-end=\"4548\">L&#039;adaptateur rotatif SW White est une solution de contr\u00f4le d&#039;\u00e9clairage \u00e9l\u00e9gante et intelligente qui combine la fonction de variateur rotatif classique avec la technologie sans fil moderne.<\/p>\n<p data-start=\"4239\" data-end=\"4548\">L&#039;installation facile, le design \u00e9l\u00e9gant et l&#039;int\u00e9gration avec le syst\u00e8me Plejd en font un choix \u00e9vident pour les particuliers et les installateurs professionnels.<\/p>","protected":false},"excerpt":{"rendered":"<p>L&#039;adaptateur rotatif SW White s&#039;enclenche avec un palet Plejd en option et fonctionne comme un variateur rotatif classique.<\/p>\n<p>Gr\u00e2ce \u00e0 la technologie de maillage sans fil, il peut contr\u00f4ler d&#039;autres appareils Plejd.<\/p>\n<p>Installation et configuration faciles via l&#039;application Plejd.<\/p>\n<p>Compatible avec le cadre blanc de Schneider Exxact\u00ae.<\/p>","protected":false},"featured_media":148037,"template":"","meta":{"_acf_changed":false},"product_brand":[],"product_cat":[4661],"product_tag":[4670],"class_list":{"0":"post-148038","1":"product","2":"type-product","3":"status-publish","4":"has-post-thumbnail","6":"product_cat-plejd-vridadapter","7":"product_tag-plejd","8":"product_shipping_class-postnord-varubrev","9":"pa_brands-plejd","10":"pa_farg-vit","11":"tm-has-options","13":"first","14":"instock","15":"sale","16":"taxable","17":"shipping-taxable","18":"purchasable","19":"product-type-simple"},"acf":[],"_links":{"self":[{"href":"https:\/\/secureus.se\/fr\/wp-json\/wp\/v2\/product\/148038","targetHints":{"allow":["GET"]}}],"collection":[{"href":"https:\/\/secureus.se\/fr\/wp-json\/wp\/v2\/product"}],"about":[{"href":"https:\/\/secureus.se\/fr\/wp-json\/wp\/v2\/types\/product"}],"wp:featuredmedia":[{"embeddable":true,"href":"https:\/\/secureus.se\/fr\/wp-json\/wp\/v2\/media\/148037"}],"wp:attachment":[{"href":"https:\/\/secureus.se\/fr\/wp-json\/wp\/v2\/media?parent=148038"}],"wp:term":[{"taxonomy":"product_brand","embeddable":true,"href":"https:\/\/secureus.se\/fr\/wp-json\/wp\/v2\/product_brand?post=148038"},{"taxonomy":"product_cat","embeddable":true,"href":"https:\/\/secureus.se\/fr\/wp-json\/wp\/v2\/product_cat?post=148038"},{"taxonomy":"product_tag","embeddable":true,"href":"https:\/\/secureus.se\/fr\/wp-json\/wp\/v2\/product_tag?post=148038"}],"curies":[{"name":"wp","href":"https:\/\/api.w.org\/{rel}","templated":true}]}}