{"id":148040,"date":"2025-02-25T12:22:24","date_gmt":"2025-02-25T11:22:24","guid":{"rendered":"https:\/\/secureus.se\/?post_type=product&#038;p=148040"},"modified":"2026-04-07T12:44:50","modified_gmt":"2026-04-07T10:44:50","slug":"plejd-vridratt-tradlos-wrt-01-sw-vit","status":"publish","type":"product","link":"https:\/\/secureus.se\/fr\/plejd-vridratt-tradlos-wrt-01-sw-vit\/","title":{"rendered":"Bouton rotatif sans fil Plejd WRT-01-SW blanc"},"content":{"rendered":"<h1 data-start=\"470\" data-end=\"517\"><strong data-start=\"474\" data-end=\"515\">Contr\u00f4le d&#039;\u00e9clairage sans fil et pratique<\/strong><\/h1>\n<p data-start=\"518\" data-end=\"815\">Le bouton rotatif sans fil SW White est une solution \u00e9l\u00e9gante et flexible pour contr\u00f4ler l&#039;\u00e9clairage de votre maison intelligente ou de votre lieu de travail.<\/p>\n<p data-start=\"518\" data-end=\"815\">Avec ce bouton rotatif et poussoir sans fil, vous pouvez facilement r\u00e9gler la luminosit\u00e9 d&#039;un ou plusieurs appareils Plejd sans avoir besoin de c\u00e2blage ou d&#039;installations compliqu\u00e9es.<\/p>\n<p data-start=\"817\" data-end=\"1076\">Les r\u00e9glages s&#039;effectuent facilement via <strong data-start=\"850\" data-end=\"865\">L&#039;application Plejd<\/strong>, o\u00f9 vous pouvez cr\u00e9er des sc\u00e9narios, contr\u00f4ler les niveaux de lumi\u00e8re et personnaliser les fonctions selon vos besoins.<\/p>\n<p data-start=\"817\" data-end=\"1076\">Le bouton rotatif communique via <strong data-start=\"976\" data-end=\"1014\">Technologie maill\u00e9e 2,4 GHz et Bluetooth\u00ae<\/strong>, qui assure une connexion stable au sein du syst\u00e8me Plejd.<\/p>\n<h3 data-start=\"1078\" data-end=\"1129\"><strong data-start=\"1082\" data-end=\"1127\">Assemblage flexible et installation facile<\/strong><\/h3>\n<p data-start=\"1130\" data-end=\"1219\">Le bouton rotatif Wireless SW White peut \u00eatre mont\u00e9 de plusieurs mani\u00e8res en fonction de vos besoins d&#039;installation :<\/p>\n<ul data-start=\"1221\" data-end=\"1434\">\n<li data-start=\"1221\" data-end=\"1291\"><strong data-start=\"1223\" data-end=\"1240\">Montage sur bande<\/strong> \u2013 Parfait pour les surfaces lisses comme les murs ou le carrelage.<\/li>\n<li data-start=\"1292\" data-end=\"1364\"><strong data-start=\"1294\" data-end=\"1312\">Montage par vis<\/strong> \u2013 Peut \u00eatre mont\u00e9 directement sur un bo\u00eetier \u00e9lectrique standard.<\/li>\n<li data-start=\"1365\" data-end=\"1434\"><strong data-start=\"1367\" data-end=\"1391\">Montage autoportant<\/strong> \u2013 Peut \u00eatre plac\u00e9 n\u2019importe o\u00f9 dans la pi\u00e8ce.<\/li>\n<\/ul>\n<p data-start=\"1436\" data-end=\"1596\">Le design \u00e9l\u00e9gant et la compatibilit\u00e9 avec <strong data-start=\"1483\" data-end=\"1510\">Cadres Schneider Exxact\u00ae<\/strong> rend l&#039;installation du bouton rotatif uniforme et s&#039;int\u00e8gre dans les int\u00e9rieurs modernes.<\/p>\n<h3 data-start=\"1598\" data-end=\"1638\"><strong data-start=\"1602\" data-end=\"1636\">Caract\u00e9ristiques et avantages du produit<\/strong><\/h3>\n<ul data-start=\"1640\" data-end=\"2366\">\n<li data-start=\"1640\" data-end=\"1723\"><strong data-start=\"1642\" data-end=\"1666\">Contr\u00f4le de la lumi\u00e8re sans fil<\/strong> \u2013 R\u00e9glez facilement la lumi\u00e8re gr\u00e2ce \u00e0 la fonction rotation ou pouss\u00e9e.<\/li>\n<li data-start=\"1724\" data-end=\"1818\"><strong data-start=\"1726\" data-end=\"1744\">Compatibilit\u00e9<\/strong> \u2013 Fonctionne avec tous les appareils Plejd et peut contr\u00f4ler plusieurs lumi\u00e8res simultan\u00e9ment.<\/li>\n<li data-start=\"1819\" data-end=\"1891\"><strong data-start=\"1821\" data-end=\"1842\">Int\u00e9gration intelligente<\/strong> \u2013 Prise en charge d\u2019Apple HomeKit et de Google Assistant.<\/li>\n<li data-start=\"1892\" data-end=\"1977\"><strong data-start=\"1894\" data-end=\"1913\">Longue dur\u00e9e de vie de la batterie<\/strong> \u2013 Jusqu\u2019\u00e0 15 ans (environ 200 000 clics) avec 3 piles CR2032.<\/li>\n<li data-start=\"1978\" data-end=\"2054\"><strong data-start=\"1980\" data-end=\"2000\">Contr\u00f4le de sc\u00e9nario<\/strong> \u2013 Un double-clic peut activer des sc\u00e8nes d\u2019\u00e9clairage pr\u00e9d\u00e9finies.<\/li>\n<li data-start=\"2055\" data-end=\"2135\"><strong data-start=\"2057\" data-end=\"2076\">Montage facile<\/strong> \u2013 Installation rapide avec ruban adh\u00e9sif\/vis ou dans une bo\u00eete de jonction.<\/li>\n<li data-start=\"2136\" data-end=\"2198\"><strong data-start=\"2138\" data-end=\"2156\">Conception \u00e9l\u00e9gante<\/strong> \u2013 Surface blanche brillante non trait\u00e9e (RAL 9003).<\/li>\n<li data-start=\"2199\" data-end=\"2285\"><strong data-start=\"2201\" data-end=\"2239\">Compatible avec les cadres Schneider Exxact\u00ae<\/strong> \u2013 Pour une pose uniforme et \u00e9l\u00e9gante.<\/li>\n<li data-start=\"2286\" data-end=\"2366\"><strong data-start=\"2288\" data-end=\"2312\">Plusieurs options de couleurs<\/strong> \u2013 Disponible en diff\u00e9rentes couleurs pour s\u2019adapter \u00e0 diff\u00e9rents environnements.<\/li>\n<\/ul>\n<h3 data-start=\"2368\" data-end=\"2402\"><strong data-start=\"2372\" data-end=\"2400\">Sp\u00e9cifications techniques<\/strong><\/h3>\n<ul data-start=\"2404\" data-end=\"3101\">\n<li data-start=\"2404\" data-end=\"2435\"><strong data-start=\"2406\" data-end=\"2417\">Mod\u00e8le:<\/strong> Bouton poussoir s\u00e9rie<\/li>\n<li data-start=\"2436\" data-end=\"2479\"><strong data-start=\"2438\" data-end=\"2460\">Mode op\u00e9ratoire :<\/strong> Bouton rotatif\/poussoir<\/li>\n<li data-start=\"2480\" data-end=\"2520\"><strong data-start=\"2482\" data-end=\"2504\">Type d&#039;\u00e9tanch\u00e9it\u00e9 :<\/strong> Colle\/vis<\/li>\n<li data-start=\"2521\" data-end=\"2562\"><strong data-start=\"2523\" data-end=\"2536\">Mat\u00e9riel:<\/strong> Thermoplastique (sans halog\u00e8ne)<\/li>\n<li data-start=\"2563\" data-end=\"2606\"><strong data-start=\"2565\" data-end=\"2582\">Traitement de surface :<\/strong> Surface brillante et non trait\u00e9e<\/li>\n<li data-start=\"2607\" data-end=\"2635\"><strong data-start=\"2609\" data-end=\"2618\">Peinture:<\/strong> Blanc (RAL 9003)<\/li>\n<li data-start=\"2636\" data-end=\"2676\"><strong data-start=\"2638\" data-end=\"2651\">Classe IP\u00a0:<\/strong> IP20 (pour une utilisation en int\u00e9rieur)<\/li>\n<li data-start=\"2677\" data-end=\"2703\"><strong data-start=\"2679\" data-end=\"2696\">R\u00e9sistance aux chocs :<\/strong> IK00<\/li>\n<li data-start=\"2704\" data-end=\"2724\"><strong data-start=\"2706\" data-end=\"2716\">Largeur:<\/strong> 71 mm<\/li>\n<li data-start=\"2725\" data-end=\"2744\"><strong data-start=\"2727\" data-end=\"2736\">Hauteur:<\/strong> 71 mm<\/li>\n<li data-start=\"2745\" data-end=\"2764\"><strong data-start=\"2747\" data-end=\"2756\">Profondeur:<\/strong> 20 millim\u00e8tres<\/li>\n<li data-start=\"2765\" data-end=\"2807\"><strong data-start=\"2767\" data-end=\"2782\">Type de batterie\u00a0:<\/strong> 3 x CR2032 (rempla\u00e7able)<\/li>\n<li data-start=\"2808\" data-end=\"2842\"><strong data-start=\"2810\" data-end=\"2825\">Autonomie de la batterie\u00a0:<\/strong> Jusqu&#039;\u00e0 15 ans<\/li>\n<li data-start=\"2843\" data-end=\"2898\"><strong data-start=\"2845\" data-end=\"2861\">Syst\u00e8me radio:<\/strong> Maillage 2,4 GHz, Bluetooth\u00ae (&lt;10 dBm)<\/li>\n<li data-start=\"2899\" data-end=\"2941\"><strong data-start=\"2901\" data-end=\"2919\">Port\u00e9e radio :<\/strong> Environ 10 m\u00e8tres \u00e0 l&#039;int\u00e9rieur<\/li>\n<li data-start=\"2942\" data-end=\"2982\"><strong data-start=\"2944\" data-end=\"2976\">Extension du r\u00e9seau maill\u00e9 :<\/strong> Non<\/li>\n<li data-start=\"2983\" data-end=\"3066\"><strong data-start=\"2985\" data-end=\"3004\">Compatibilit\u00e9:<\/strong> Apple HomeKit, Google Assistant (pas Amazon Alexa, pas IFTTT)<\/li>\n<li data-start=\"3067\" data-end=\"3101\"><strong data-start=\"3069\" data-end=\"3095\">\u00c9clairage\/feu de signalisation :<\/strong> Non<\/li>\n<\/ul>\n<h3 data-start=\"3103\" data-end=\"3169\"><strong data-start=\"3107\" data-end=\"3167\">Id\u00e9al pour les maisons intelligentes et les installations professionnelles<\/strong><\/h3>\n<p data-start=\"3170\" data-end=\"3411\">Le bouton rotatif sans fil SW White est une solution id\u00e9ale pour ceux qui souhaitent un contr\u00f4le simple et sans fil de votre \u00e9clairage.<\/p>\n<p data-start=\"3170\" data-end=\"3411\">C&#039;est parfait pour <strong data-start=\"3301\" data-end=\"3356\">maisons intelligentes, environnements de bureau et autres installations<\/strong> o\u00f9 la flexibilit\u00e9 et la facilit\u00e9 d\u2019utilisation sont cruciales.<\/p>\n<h3 data-start=\"3413\" data-end=\"3450\"><strong data-start=\"3417\" data-end=\"3448\">Installation et utilisation<\/strong><\/h3>\n<p data-start=\"3451\" data-end=\"3508\">L&#039;installation est simple et ne n\u00e9cessite aucun outil particulier :<\/p>\n<ol data-start=\"3510\" data-end=\"3827\">\n<li data-start=\"3510\" data-end=\"3640\"><strong data-start=\"3513\" data-end=\"3549\">Montez le bouton rotatif \u00e0 l\u2019emplacement souhait\u00e9.<\/strong> \u2013 Mont\u00e9 sur un bo\u00eetier \u00e9lectrique standard ou avec du ruban adh\u00e9sif\/des vis sur n\u2019importe quelle surface.<\/li>\n<li data-start=\"3641\" data-end=\"3710\"><strong data-start=\"3644\" data-end=\"3668\">Connectez-vous \u00e0 l&#039;application Plejd<\/strong> \u2013 Configurer et personnaliser les fonctionnalit\u00e9s.<\/li>\n<li data-start=\"3711\" data-end=\"3827\"><strong data-start=\"3714\" data-end=\"3740\">Commencer \u00e0 utiliser le bouton rotatif<\/strong> \u2013 Tournez pour att\u00e9nuer, appuyez pour allumer\/\u00e9teindre et double-cliquez pour contr\u00f4ler le sc\u00e9nario.<\/li>\n<\/ol>\n<h3 data-start=\"3829\" data-end=\"3878\"><strong data-start=\"3833\" data-end=\"3876\">Conception \u00e9l\u00e9gante et construction durable<\/strong><\/h3>\n<p data-start=\"3879\" data-end=\"4189\">La finition blanche et brillante et la compatibilit\u00e9 avec <strong data-start=\"3930\" data-end=\"3957\">Cadres Schneider Exxact\u00ae<\/strong> faire <strong data-start=\"3962\" data-end=\"3989\">Bouton rotatif SW sans fil blanc<\/strong> un choix \u00e9l\u00e9gant pour tous les types d&#039;environnements.<\/p>\n<p data-start=\"3879\" data-end=\"4189\">Gr\u00e2ce \u00e0 son design minimaliste, il s&#039;int\u00e8gre parfaitement aux int\u00e9rieurs modernes et classiques tout en offrant un contr\u00f4le avanc\u00e9 de la lumi\u00e8re.<\/p>\n<h3 data-start=\"4191\" data-end=\"4209\"><strong data-start=\"4195\" data-end=\"4207\">Conclusion<\/strong><\/h3>\n<p data-start=\"4210\" data-end=\"4456\">Le bouton rotatif sans fil SW White est une solution innovante et flexible pour <strong data-start=\"4275\" data-end=\"4299\">Contr\u00f4le de la lumi\u00e8re sans fil<\/strong>.<\/p>\n<p data-start=\"4210\" data-end=\"4456\">Avec une longue dur\u00e9e de vie de la batterie, une installation facile et des fonctionnalit\u00e9s intelligentes, c&#039;est un appareil optimal pour tous ceux qui veulent un <strong data-start=\"4413\" data-end=\"4453\">Contr\u00f4le d&#039;\u00e9clairage fluide et moderne<\/strong>.<\/p>","protected":false},"excerpt":{"rendered":"<p>Le bouton rotatif Wireless SW White permet le contr\u00f4le sans fil d&#039;une ou plusieurs unit\u00e9s Plejd.<\/p>\n<p>Installation facile \u00e0 l&#039;ext\u00e9rieur d&#039;un bo\u00eetier \u00e9lectrique standard ou avec du ruban adh\u00e9sif\/des vis.<\/p>\n<p>Jusqu&#039;\u00e0 15 ans d&#039;autonomie de la batterie. Compatible avec Apple HomeKit et Google Assistant.<\/p>\n<p>Compatible avec le cadre blanc de Schneider Exxact\u00ae.<\/p>","protected":false},"featured_media":148039,"template":"","meta":{"_acf_changed":false},"product_brand":[],"product_cat":[4661],"product_tag":[4670],"class_list":{"0":"post-148040","1":"product","2":"type-product","3":"status-publish","4":"has-post-thumbnail","6":"product_cat-plejd-vridadapter","7":"product_tag-plejd","8":"product_shipping_class-postnord-varubrev","9":"pa_brands-plejd","10":"pa_farg-vit","11":"tm-has-options","13":"first","14":"instock","15":"sale","16":"taxable","17":"shipping-taxable","18":"purchasable","19":"product-type-simple"},"acf":[],"_links":{"self":[{"href":"https:\/\/secureus.se\/fr\/wp-json\/wp\/v2\/product\/148040","targetHints":{"allow":["GET"]}}],"collection":[{"href":"https:\/\/secureus.se\/fr\/wp-json\/wp\/v2\/product"}],"about":[{"href":"https:\/\/secureus.se\/fr\/wp-json\/wp\/v2\/types\/product"}],"wp:featuredmedia":[{"embeddable":true,"href":"https:\/\/secureus.se\/fr\/wp-json\/wp\/v2\/media\/148039"}],"wp:attachment":[{"href":"https:\/\/secureus.se\/fr\/wp-json\/wp\/v2\/media?parent=148040"}],"wp:term":[{"taxonomy":"product_brand","embeddable":true,"href":"https:\/\/secureus.se\/fr\/wp-json\/wp\/v2\/product_brand?post=148040"},{"taxonomy":"product_cat","embeddable":true,"href":"https:\/\/secureus.se\/fr\/wp-json\/wp\/v2\/product_cat?post=148040"},{"taxonomy":"product_tag","embeddable":true,"href":"https:\/\/secureus.se\/fr\/wp-json\/wp\/v2\/product_tag?post=148040"}],"curies":[{"name":"wp","href":"https:\/\/api.w.org\/{rel}","templated":true}]}}