{"id":148044,"date":"2025-02-25T12:22:24","date_gmt":"2025-02-25T11:22:24","guid":{"rendered":"https:\/\/secureus.se\/?post_type=product&#038;p=148044"},"modified":"2026-04-08T16:32:22","modified_gmt":"2026-04-08T14:32:22","slug":"plejd-extender-ext-01-2xin-bat-mesh-bt","status":"publish","type":"product","link":"https:\/\/secureus.se\/fr\/plejd-extender-ext-01-2xin-bat-mesh-bt\/","title":{"rendered":"Extension Plejd EXT-01 2xIN BAT Mesh BT"},"content":{"rendered":"<h1 data-start=\"527\" data-end=\"590\"><strong data-start=\"531\" data-end=\"588\">Port\u00e9e et fiabilit\u00e9 op\u00e9rationnelle am\u00e9lior\u00e9es gr\u00e2ce au maillage Plaid<\/strong><\/h1>\n<p data-start=\"591\" data-end=\"936\">Plejd Extender 2xIN BAT Mesh BT (EXT-01) est un appareil puissant qui <strong data-start=\"658\" data-end=\"705\">\u00e9tend la port\u00e9e du r\u00e9seau maill\u00e9 Plejd<\/strong> en agissant comme un pont sans fil entre les appareils.<\/p>\n<p data-start=\"591\" data-end=\"936\">Cela aide \u00e0 <strong data-start=\"783\" data-end=\"819\">assurer une communication stable<\/strong> au sein du syst\u00e8me, ce qui le rend parfait pour les installations plus grandes o\u00f9 la distance entre les unit\u00e9s peut \u00eatre un d\u00e9fi.<\/p>\n<p data-start=\"938\" data-end=\"1220\">Merci \u00e0 elle <strong data-start=\"952\" data-end=\"992\">batterie de secours int\u00e9gr\u00e9e (BAT-01)<\/strong> peut chronom\u00e9trer des fonctions telles que <strong data-start=\"1016\" data-end=\"1062\">horloge astronomique et autres param\u00e8tres contr\u00f4l\u00e9s par le temps<\/strong> continuer \u00e0 fonctionner m\u00eame en cas de panne de courant.<\/p>\n<p data-start=\"938\" data-end=\"1220\">Cela fait de l&#039;EXT-01 un composant important dans les installations d&#039;\u00e9clairage intelligent o\u00f9 la fiabilit\u00e9 est cruciale.<\/p>\n<h3 data-start=\"1222\" data-end=\"1267\"><strong data-start=\"1226\" data-end=\"1265\">Contr\u00f4le sans fil avec plusieurs entr\u00e9es<\/strong><\/h3>\n<p data-start=\"1268\" data-end=\"1416\">Plejd Extender peut \u00e9galement fonctionner comme un <strong data-start=\"1308\" data-end=\"1321\">module de contr\u00f4le<\/strong> pour d&#039;autres appareils Plejd gr\u00e2ce \u00e0 ses deux entr\u00e9es s\u00e9par\u00e9es. Cela permet de connecter :<\/p>\n<ul data-start=\"1418\" data-end=\"1500\">\n<li data-start=\"1418\" data-end=\"1452\"><strong data-start=\"1420\" data-end=\"1450\">Boutons poussoirs \u00e0 ressort<\/strong><\/li>\n<li data-start=\"1453\" data-end=\"1474\"><strong data-start=\"1455\" data-end=\"1472\">Agents de la circulation<\/strong><\/li>\n<li data-start=\"1475\" data-end=\"1500\"><strong data-start=\"1477\" data-end=\"1498\">Adaptateur rotatif (RTR)<\/strong><\/li>\n<\/ul>\n<p data-start=\"1502\" data-end=\"1622\">Ces fonctionnalit\u00e9s permettent d\u2019adapter facilement le contr\u00f4le de l\u2019\u00e9clairage selon les besoins et de cr\u00e9er une solution d\u2019\u00e9clairage flexible et intelligente.<\/p>\n<h3 data-start=\"1624\" data-end=\"1666\"><strong data-start=\"1628\" data-end=\"1664\">Installation facile et polyvalente<\/strong><\/h3>\n<p data-start=\"1667\" data-end=\"1753\">EXT-01 est con\u00e7u pour \u00eatre facile \u00e0 installer et peut \u00eatre mont\u00e9 de plusieurs mani\u00e8res :<\/p>\n<ul data-start=\"1755\" data-end=\"1930\">\n<li data-start=\"1755\" data-end=\"1813\"><strong data-start=\"1757\" data-end=\"1774\">Dans la bo\u00eete de l&#039;appareil<\/strong> \u2013 Derri\u00e8re un bouton poussoir ou un couvercle de bo\u00eete.<\/li>\n<li data-start=\"1814\" data-end=\"1854\"><strong data-start=\"1816\" data-end=\"1827\">Sur le mur<\/strong> \u2013 Pour un placement discret.<\/li>\n<li data-start=\"1855\" data-end=\"1930\"><strong data-start=\"1857\" data-end=\"1873\">Sur rail DIN<\/strong> \u2013 \u00c0 l\u2019aide du clip de montage (MNT-01, non inclus).<\/li>\n<\/ul>\n<p data-start=\"1932\" data-end=\"2098\">La conception compacte (46x46x18 mm) permet de le placer facilement dans des espaces restreints. <strong data-start=\"2021\" data-end=\"2061\">faible consommation en veille de seulement 0,2 W<\/strong> assure un fonctionnement \u00e9conome en \u00e9nergie.<\/p>\n<h3 data-start=\"2100\" data-end=\"2140\"><strong data-start=\"2104\" data-end=\"2138\">Caract\u00e9ristiques et avantages du produit<\/strong><\/h3>\n<ul data-start=\"2142\" data-end=\"2700\">\n<li data-start=\"2142\" data-end=\"2217\"><strong data-start=\"2144\" data-end=\"2181\">\u00c9tend la port\u00e9e en maille Plaid<\/strong> \u2013 Parfait pour les grandes propri\u00e9t\u00e9s.<\/li>\n<li data-start=\"2218\" data-end=\"2307\"><strong data-start=\"2220\" data-end=\"2257\">Batterie de secours int\u00e9gr\u00e9e (BAT-01)<\/strong> \u2013 Assure le bon fonctionnement de l\u2019heure en cas de panne de courant.<\/li>\n<li data-start=\"2308\" data-end=\"2405\"><strong data-start=\"2310\" data-end=\"2347\">Deux entr\u00e9es pour le contr\u00f4le sans fil<\/strong> \u2013 Connectez des boutons poussoirs, des capteurs de mouvement ou des adaptateurs rotatifs.<\/li>\n<li data-start=\"2406\" data-end=\"2491\"><strong data-start=\"2408\" data-end=\"2431\">Installation en douceur<\/strong> \u2013 Peut \u00eatre mont\u00e9 dans une bo\u00eete de jonction, sur un mur ou sur un rail DIN.<\/li>\n<li data-start=\"2492\" data-end=\"2547\"><strong data-start=\"2494\" data-end=\"2512\">Efficacit\u00e9 \u00e9nerg\u00e9tique<\/strong> \u2013 Consommation en veille de seulement 0,2 W.<\/li>\n<li data-start=\"2548\" data-end=\"2615\"><strong data-start=\"2550\" data-end=\"2582\">Communication sans fil stable<\/strong> \u2013 Maillage 2,4 GHz et Bluetooth\u00ae.<\/li>\n<li data-start=\"2616\" data-end=\"2700\"><strong data-start=\"2618\" data-end=\"2658\">Port\u00e9e radio d&#039;environ 10 m\u00e8tres \u00e0 l&#039;int\u00e9rieur<\/strong> \u2013 \u00c9largit et stabilise le r\u00e9seau.<\/li>\n<\/ul>\n<h3 data-start=\"2702\" data-end=\"2739\"><strong data-start=\"2706\" data-end=\"2737\">Installation et utilisation<\/strong><\/h3>\n<p data-start=\"2740\" data-end=\"2807\">L&#039;installation est simple et ne n\u00e9cessite aucune configuration avanc\u00e9e :<\/p>\n<ol data-start=\"2809\" data-end=\"3129\">\n<li data-start=\"2809\" data-end=\"2878\"><strong data-start=\"2812\" data-end=\"2875\">Placez l&#039;EXT-01 dans une bo\u00eete de jonction, sur un mur ou sur un rail DIN<\/strong>.<\/li>\n<li data-start=\"2879\" data-end=\"2943\"><strong data-start=\"2882\" data-end=\"2940\">Brancher l&#039;alimentation (230 V CA, 50 Hz, max 0,02 A)<\/strong>.<\/li>\n<li data-start=\"2944\" data-end=\"3048\"><strong data-start=\"2947\" data-end=\"3002\">Connectez des boutons-poussoirs optionnels ou d&#039;autres entr\u00e9es<\/strong> (par exemple, un capteur de mouvement ou un adaptateur rotatif).<\/li>\n<li data-start=\"3049\" data-end=\"3129\"><strong data-start=\"3052\" data-end=\"3089\">Configurer l&#039;appareil dans l&#039;application Plejd<\/strong> et personnalisez les fonctions selon vos besoins.<\/li>\n<\/ol>\n<p data-start=\"3131\" data-end=\"3247\">EXT-01 d\u00e9marrera alors automatiquement <strong data-start=\"3170\" data-end=\"3233\">\u00e9tendre la port\u00e9e et communiquer avec d&#039;autres appareils Plejd<\/strong> dans le syst\u00e8me.<\/p>\n<h3 data-start=\"3249\" data-end=\"3283\"><strong data-start=\"3253\" data-end=\"3281\">Sp\u00e9cifications techniques<\/strong><\/h3>\n<ul data-start=\"3285\" data-end=\"3853\">\n<li data-start=\"3285\" data-end=\"3307\"><strong data-start=\"3287\" data-end=\"3298\">Mod\u00e8le:<\/strong> EXT-01<\/li>\n<li data-start=\"3308\" data-end=\"3354\"><strong data-start=\"3310\" data-end=\"3326\">Tension secteur :<\/strong> 230 V\/50 Hz, max. 0,02 A<\/li>\n<li data-start=\"3355\" data-end=\"3383\"><strong data-start=\"3357\" data-end=\"3375\">Consommation en veille :<\/strong> 0,2 W<\/li>\n<li data-start=\"3384\" data-end=\"3439\"><strong data-start=\"3386\" data-end=\"3421\">Temp\u00e9rature de fonctionnement (\u00e0 l&#039;ext\u00e9rieur du carton) :<\/strong> -25 \u00e0 +35\u00b0C<\/li>\n<li data-start=\"3440\" data-end=\"3489\"><strong data-start=\"3442\" data-end=\"3460\">Batterie de secours\u00a0:<\/strong> Jusqu&#039;\u00e0 10 ans de r\u00e9serve de marche<\/li>\n<li data-start=\"3490\" data-end=\"3526\"><strong data-start=\"3492\" data-end=\"3508\">Dimensions:<\/strong> 46 x 46 x 18 mm<\/li>\n<li data-start=\"3527\" data-end=\"3557\"><strong data-start=\"3529\" data-end=\"3543\">Zone de c\u00e2ble :<\/strong> 0,5\u20134,0 mm\u00b2<\/li>\n<li data-start=\"3558\" data-end=\"3613\"><strong data-start=\"3560\" data-end=\"3576\">Syst\u00e8me radio:<\/strong> Maillage 2,4 GHz, Bluetooth\u00ae (&lt;10 dBm)<\/li>\n<li data-start=\"3614\" data-end=\"3656\"><strong data-start=\"3616\" data-end=\"3634\">Port\u00e9e radio :<\/strong> Environ 10 m\u00e8tres \u00e0 l&#039;int\u00e9rieur<\/li>\n<li data-start=\"3657\" data-end=\"3685\"><strong data-start=\"3659\" data-end=\"3678\">Classe de protection\u00a0:<\/strong> IP20<\/li>\n<li data-start=\"3686\" data-end=\"3711\"><strong data-start=\"3688\" data-end=\"3707\">Nombre d&#039;entr\u00e9es\u00a0:<\/strong> 2<\/li>\n<li data-start=\"3712\" data-end=\"3756\"><strong data-start=\"3714\" data-end=\"3741\">Type de tension d&#039;entr\u00e9e :<\/strong> 220\u2013240 V CA<\/li>\n<li data-start=\"3757\" data-end=\"3853\"><strong data-start=\"3759\" data-end=\"3784\">Options de montage :<\/strong> Bo\u00eetier d&#039;appareillage, mural ou rail DIN (avec clip de montage, MNT-01)<\/li>\n<\/ul>\n<h3 data-start=\"3855\" data-end=\"3899\"><strong data-start=\"3859\" data-end=\"3897\">Avantages du Plaid mesh et du EXT-01<\/strong><\/h3>\n<p data-start=\"3900\" data-end=\"4183\">La maille \u00e0 carreaux est une <strong data-start=\"3917\" data-end=\"3961\">solution r\u00e9seau auto-r\u00e9paratrice et \u00e9volutive<\/strong> o\u00f9 chaque appareil communique avec d&#039;autres appareils pour assurer une connectivit\u00e9 optimale.<\/p>\n<p data-start=\"3900\" data-end=\"4183\">En utilisant EXT-01, vous pouvez <strong data-start=\"4081\" data-end=\"4103\">\u00e9tendre le r\u00e9seau<\/strong> et activez en m\u00eame temps davantage d&#039;options de contr\u00f4le dans votre syst\u00e8me d&#039;\u00e9clairage intelligent.<\/p>\n<h3 data-start=\"4185\" data-end=\"4203\"><strong data-start=\"4189\" data-end=\"4201\">Conclusion<\/strong><\/h3>\n<p data-start=\"4204\" data-end=\"4544\">Plejd Extender 2xIN BAT Mesh BT (EXT-01) est un appareil polyvalent et puissant qui <strong data-start=\"4290\" data-end=\"4357\">\u00e9tend la port\u00e9e du maillage Plejd et agit comme un module de contr\u00f4le<\/strong> pour d&#039;autres appareils.<\/p>\n<p data-start=\"4204\" data-end=\"4544\">Avec <strong data-start=\"4381\" data-end=\"4409\">batterie de secours int\u00e9gr\u00e9e<\/strong>, deux entr\u00e9es pour boutons poussoirs et une installation facile, c&#039;est un <strong data-start=\"4476\" data-end=\"4496\">produit incontournable<\/strong> pour tous ceux qui souhaitent optimiser leur syst\u00e8me Plejd.<\/p>\n<p>&nbsp;<\/p>","protected":false},"excerpt":{"rendered":"<p>Plejd Extender (EXT-01) \u00e9tend la port\u00e9e du maillage Plejd et garantit que les fonctions temporelles telles que l&#039;horloge astronomique fonctionnent m\u00eame pendant les pannes de courant gr\u00e2ce \u00e0 la batterie de secours int\u00e9gr\u00e9e.<\/p>\n<p>Contr\u00f4le sans fil des appareils Plejd via bouton poussoir, capteur de mouvement ou adaptateur rotatif.<\/p>\n<p>Installation facile dans une bo\u00eete de jonction ou sur un rail DIN.<\/p>","protected":false},"featured_media":148043,"template":"","meta":{"_acf_changed":false},"product_brand":[],"product_cat":[4656],"product_tag":[4670],"class_list":{"0":"post-148044","1":"product","2":"type-product","3":"status-publish","4":"has-post-thumbnail","6":"product_cat-plejd-controller-extender","7":"product_tag-plejd","8":"product_shipping_class-postnord-varubrev","9":"pa_brands-plejd","10":"tm-has-options","12":"first","13":"instock","14":"sale","15":"taxable","16":"shipping-taxable","17":"purchasable","18":"product-type-simple"},"acf":[],"_links":{"self":[{"href":"https:\/\/secureus.se\/fr\/wp-json\/wp\/v2\/product\/148044","targetHints":{"allow":["GET"]}}],"collection":[{"href":"https:\/\/secureus.se\/fr\/wp-json\/wp\/v2\/product"}],"about":[{"href":"https:\/\/secureus.se\/fr\/wp-json\/wp\/v2\/types\/product"}],"wp:featuredmedia":[{"embeddable":true,"href":"https:\/\/secureus.se\/fr\/wp-json\/wp\/v2\/media\/148043"}],"wp:attachment":[{"href":"https:\/\/secureus.se\/fr\/wp-json\/wp\/v2\/media?parent=148044"}],"wp:term":[{"taxonomy":"product_brand","embeddable":true,"href":"https:\/\/secureus.se\/fr\/wp-json\/wp\/v2\/product_brand?post=148044"},{"taxonomy":"product_cat","embeddable":true,"href":"https:\/\/secureus.se\/fr\/wp-json\/wp\/v2\/product_cat?post=148044"},{"taxonomy":"product_tag","embeddable":true,"href":"https:\/\/secureus.se\/fr\/wp-json\/wp\/v2\/product_tag?post=148044"}],"curies":[{"name":"wp","href":"https:\/\/api.w.org\/{rel}","templated":true}]}}