{"id":148046,"date":"2025-02-25T12:22:24","date_gmt":"2025-02-25T11:22:24","guid":{"rendered":"https:\/\/secureus.se\/?post_type=product&#038;p=148046"},"modified":"2026-04-08T16:32:19","modified_gmt":"2026-04-08T14:32:19","slug":"plejd-rela-rel-01-2p-1-2-pol-16a-13a-mesh-bluetooth","status":"publish","type":"product","link":"https:\/\/secureus.se\/fr\/plejd-rela-rel-01-2p-1-2-pol-16a-13a-mesh-bluetooth\/","title":{"rendered":"Relais Plejd REL-01-2P 1\/2 p\u00f4le 16A\/13A Mesh Bluetooth"},"content":{"rendered":"<h1 data-start=\"480\" data-end=\"539\"><strong data-start=\"484\" data-end=\"537\">Commutateur de relais avanc\u00e9 pour syst\u00e8mes d&#039;\u00e9clairage intelligents<\/strong><\/h1>\n<p data-start=\"540\" data-end=\"762\">Le relais Plejd 1\/2 p\u00f4les 16A\/13A Mesh BT (REL-01-2P) est un relais polyvalent et puissant <strong data-start=\"617\" data-end=\"661\">Interrupteur relais pour contr\u00f4le d&#039;\u00e9clairage intelligent<\/strong>.<\/p>\n<p data-start=\"540\" data-end=\"762\">Il prend en charge <strong data-start=\"680\" data-end=\"709\">Interrupteur \u00e0 1 ou 2 p\u00f4les<\/strong>, le rendant flexible pour diff\u00e9rentes installations.<\/p>\n<ul data-start=\"764\" data-end=\"978\">\n<li data-start=\"764\" data-end=\"849\"><strong data-start=\"766\" data-end=\"790\">En cas de coupure unipolaire<\/strong> l&#039;unit\u00e9 peut g\u00e9rer une charge allant jusqu&#039;\u00e0 <strong data-start=\"831\" data-end=\"846\">16A (3500W)<\/strong>.<\/li>\n<li data-start=\"850\" data-end=\"978\"><strong data-start=\"852\" data-end=\"876\">En cas de commutation \u00e0 2 p\u00f4les<\/strong> est le courant maximum <strong data-start=\"894\" data-end=\"909\">13A (3000W)<\/strong>, ce qui le rend id\u00e9al pour <strong data-start=\"939\" data-end=\"975\">installations n\u00e9cessitant une s\u00e9curit\u00e9<\/strong>.<\/li>\n<\/ul>\n<p data-start=\"980\" data-end=\"1145\">Le REL-01-2P est \u00e9quip\u00e9 de <strong data-start=\"1006\" data-end=\"1035\">d\u00e9tection de passage \u00e0 z\u00e9ro<\/strong> et <strong data-start=\"1040\" data-end=\"1055\">protection par disjoncteur<\/strong>, ce qui minimise l&#039;usure et prolonge la dur\u00e9e de vie du relais et des charges connect\u00e9es.<\/p>\n<h3 data-start=\"1147\" data-end=\"1204\"><strong data-start=\"1151\" data-end=\"1202\">Contr\u00f4le sans fil et fonctions de synchronisation int\u00e9gr\u00e9es<\/strong><\/h3>\n<p data-start=\"1205\" data-end=\"1230\">L&#039;appareil peut \u00eatre contr\u00f4l\u00e9 via :<\/p>\n<ul data-start=\"1232\" data-end=\"1574\">\n<li data-start=\"1232\" data-end=\"1305\"><strong data-start=\"1234\" data-end=\"1249\">L&#039;application Plejd<\/strong> \u2013 Contr\u00f4le total de l\u2019\u00e9clairage directement depuis votre t\u00e9l\u00e9phone mobile.<\/li>\n<li data-start=\"1306\" data-end=\"1368\"><strong data-start=\"1308\" data-end=\"1336\">Bouton poussoir \u00e0 ressort de rappel<\/strong> \u2013 Pour un contr\u00f4le physique direct.<\/li>\n<li data-start=\"1369\" data-end=\"1456\"><strong data-start=\"1371\" data-end=\"1406\">Interrupteur ou d\u00e9tecteur de mouvement<\/strong> \u2013 Pour une activation automatique en fonction du mouvement.<\/li>\n<li data-start=\"1457\" data-end=\"1574\"><strong data-start=\"1459\" data-end=\"1477\">Fonctions temporelles<\/strong> \u2013 REL-01-2P dispose de fonctions de minuterie int\u00e9gr\u00e9es, d&#039;astronomie et d&#039;horloge hebdomadaire pour <strong data-start=\"1544\" data-end=\"1571\">contr\u00f4le automatique de l&#039;\u00e9clairage<\/strong>.<\/li>\n<\/ul>\n<p data-start=\"1576\" data-end=\"1706\">Vous pouvez \u00e9galement cr\u00e9er <strong data-start=\"1594\" data-end=\"1621\">sc\u00e9narios dans l&#039;application Plejd<\/strong> et contr\u00f4ler un ou plusieurs appareils simultan\u00e9ment via mobile, tablette ou bouton poussoir.<\/p>\n<h3 data-start=\"1708\" data-end=\"1772\"><strong data-start=\"1712\" data-end=\"1770\">Installation facile et options de montage polyvalentes<\/strong><\/h3>\n<p data-start=\"1773\" data-end=\"1841\">Le REL-01-2P peut \u00eatre install\u00e9 de plusieurs mani\u00e8res pour r\u00e9pondre \u00e0 diff\u00e9rents besoins :<\/p>\n<ul data-start=\"1843\" data-end=\"2028\">\n<li data-start=\"1843\" data-end=\"1901\"><strong data-start=\"1845\" data-end=\"1862\">Dans la bo\u00eete de l&#039;appareil<\/strong> \u2013 Derri\u00e8re un bouton poussoir ou un couvercle de bo\u00eete.<\/li>\n<li data-start=\"1902\" data-end=\"1952\"><strong data-start=\"1904\" data-end=\"1915\">Sur le mur<\/strong> \u2013 Pour des installations plus flexibles.<\/li>\n<li data-start=\"1953\" data-end=\"2028\"><strong data-start=\"1955\" data-end=\"1971\">Sur rail DIN<\/strong> \u2013 \u00c0 l\u2019aide du clip de montage (MNT-01, non inclus).<\/li>\n<\/ul>\n<p data-start=\"2030\" data-end=\"2120\">La taille compacte (46x46x18 mm) facilite son installation dans <strong data-start=\"2098\" data-end=\"2117\">espaces restreints<\/strong>.<\/p>\n<h3 data-start=\"2122\" data-end=\"2162\"><strong data-start=\"2126\" data-end=\"2160\">Caract\u00e9ristiques et avantages du produit<\/strong><\/h3>\n<ul data-start=\"2164\" data-end=\"2767\">\n<li data-start=\"2164\" data-end=\"2244\"><strong data-start=\"2166\" data-end=\"2186\">Contr\u00f4le sans fil<\/strong> \u2013 Contr\u00f4lez l\u2019appareil via l\u2019application Plejd ou par bouton-poussoir.<\/li>\n<li data-start=\"2245\" data-end=\"2320\"><strong data-start=\"2247\" data-end=\"2283\">Prise en charge de la commutation \u00e0 1 et 2 p\u00f4les<\/strong> \u2013 Personnaliser selon les exigences d\u2019installation.<\/li>\n<li data-start=\"2321\" data-end=\"2403\"><strong data-start=\"2323\" data-end=\"2371\">Puissance maximale 3500 W (1 p\u00f4le) ou 3000 W (2 p\u00f4les)<\/strong> \u2013 Support de charges puissantes.<\/li>\n<li data-start=\"2404\" data-end=\"2490\"><strong data-start=\"2406\" data-end=\"2435\">D\u00e9tection de passage \u00e0 z\u00e9ro<\/strong> \u2013 Prot\u00e8ge les charges connect\u00e9es et prolonge la dur\u00e9e de vie.<\/li>\n<li data-start=\"2491\" data-end=\"2551\"><strong data-start=\"2493\" data-end=\"2520\">Fonctions de temps int\u00e9gr\u00e9es<\/strong> \u2013 Minuterie, astro et horloge hebdomadaire.<\/li>\n<li data-start=\"2552\" data-end=\"2610\"><strong data-start=\"2554\" data-end=\"2576\">Prise en charge des sc\u00e9narios<\/strong> \u2013 Contr\u00f4lez plusieurs appareils simultan\u00e9ment.<\/li>\n<li data-start=\"2611\" data-end=\"2699\"><strong data-start=\"2613\" data-end=\"2642\">Compatible avec la maille Plaid<\/strong> \u2013 \u00c9tend la port\u00e9e de votre syst\u00e8me d\u2019\u00e9clairage intelligent.<\/li>\n<li data-start=\"2700\" data-end=\"2767\"><strong data-start=\"2702\" data-end=\"2720\">Efficacit\u00e9 \u00e9nerg\u00e9tique<\/strong> \u2013 Faible consommation en veille de seulement <strong data-start=\"2756\" data-end=\"2764\">0,3 W<\/strong>.<\/li>\n<\/ul>\n<h3 data-start=\"2769\" data-end=\"2806\"><strong data-start=\"2773\" data-end=\"2804\">Installation et utilisation<\/strong><\/h3>\n<ol data-start=\"2807\" data-end=\"3098\">\n<li data-start=\"2807\" data-end=\"2877\"><strong data-start=\"2810\" data-end=\"2874\">Placer l&#039;appareil dans une bo\u00eete de jonction, sur un mur ou sur un rail DIN<\/strong>.<\/li>\n<li data-start=\"2878\" data-end=\"2948\"><strong data-start=\"2881\" data-end=\"2925\">Connecter les charges en fonction des exigences d&#039;installation<\/strong> (1 p\u00f4le ou 2 p\u00f4les).<\/li>\n<li data-start=\"2949\" data-end=\"3020\"><strong data-start=\"2952\" data-end=\"2989\">Configurer l&#039;appareil dans l&#039;application Plejd<\/strong> et personnaliser les param\u00e8tres.<\/li>\n<li data-start=\"3021\" data-end=\"3098\"><strong data-start=\"3024\" data-end=\"3095\">Commencez \u00e0 contr\u00f4ler votre \u00e9clairage via l&#039;application, des boutons-poussoirs ou des capteurs de mouvement<\/strong>.<\/li>\n<\/ol>\n<h3 data-start=\"3100\" data-end=\"3134\"><strong data-start=\"3104\" data-end=\"3132\">Sp\u00e9cifications techniques<\/strong><\/h3>\n<ul data-start=\"3136\" data-end=\"3902\">\n<li data-start=\"3136\" data-end=\"3161\"><strong data-start=\"3138\" data-end=\"3149\">Mod\u00e8le:<\/strong> REL-01-2P<\/li>\n<li data-start=\"3162\" data-end=\"3194\"><strong data-start=\"3164\" data-end=\"3180\">Tension secteur :<\/strong> 230V \/ 50Hz<\/li>\n<li data-start=\"3195\" data-end=\"3223\"><strong data-start=\"3197\" data-end=\"3215\">Consommation en veille :<\/strong> 0,3 W<\/li>\n<li data-start=\"3224\" data-end=\"3264\"><strong data-start=\"3226\" data-end=\"3246\">Temp\u00e9rature de fonctionnement :<\/strong> -25 \u00e0 +35\u00b0C<\/li>\n<li data-start=\"3265\" data-end=\"3301\"><strong data-start=\"3267\" data-end=\"3283\">Dimensions:<\/strong> 46 x 46 x 18 mm<\/li>\n<li data-start=\"3302\" data-end=\"3332\"><strong data-start=\"3304\" data-end=\"3318\">Zone de c\u00e2ble :<\/strong> 0,5\u20134,0 mm\u00b2<\/li>\n<li data-start=\"3333\" data-end=\"3411\"><strong data-start=\"3335\" data-end=\"3351\">Pouvoir de coupure :<\/strong>\n<ul data-start=\"3356\" data-end=\"3411\">\n<li data-start=\"3356\" data-end=\"3382\">1 p\u00f4le : <strong data-start=\"3365\" data-end=\"3380\">16A (3500W)<\/strong><\/li>\n<li data-start=\"3385\" data-end=\"3411\">2 p\u00f4les : <strong data-start=\"3394\" data-end=\"3409\">13A (3000W)<\/strong><\/li>\n<\/ul>\n<\/li>\n<li data-start=\"3412\" data-end=\"3589\"><strong data-start=\"3414\" data-end=\"3428\">Types de charge :<\/strong>\n<ul data-start=\"3433\" data-end=\"3589\">\n<li data-start=\"3433\" data-end=\"3471\">Lampe halog\u00e8ne\/\u00e0 incandescence (230 V) : <strong data-start=\"3460\" data-end=\"3469\">3500 W<\/strong><\/li>\n<li data-start=\"3474\" data-end=\"3498\">Charges LED : <strong data-start=\"3488\" data-end=\"3496\">800 W<\/strong><\/li>\n<li data-start=\"3501\" data-end=\"3522\">Fluorescent: <strong data-start=\"3511\" data-end=\"3520\">1500 W<\/strong><\/li>\n<li data-start=\"3525\" data-end=\"3589\">\u00c9lectronique\/conventionnelle halog\u00e8ne basse tension : <strong data-start=\"3570\" data-end=\"3587\">1500W \/ 1200W<\/strong><\/li>\n<\/ul>\n<\/li>\n<li data-start=\"3590\" data-end=\"3687\"><strong data-start=\"3592\" data-end=\"3602\">Protection:<\/strong>\n<ul data-start=\"3607\" data-end=\"3687\">\n<li data-start=\"3607\" data-end=\"3650\">D\u00e9tection de passage \u00e0 z\u00e9ro (protection disjoncteur)<\/li>\n<li data-start=\"3653\" data-end=\"3687\">Protection contre la surchauffe (logiciel)<\/li>\n<\/ul>\n<\/li>\n<li data-start=\"3688\" data-end=\"3733\"><strong data-start=\"3690\" data-end=\"3706\">Syst\u00e8me radio:<\/strong> Maillage 2,4 GHz, Bluetooth\u00ae<\/li>\n<li data-start=\"3734\" data-end=\"3776\"><strong data-start=\"3736\" data-end=\"3754\">Port\u00e9e radio :<\/strong> Environ 10 m\u00e8tres \u00e0 l&#039;int\u00e9rieur<\/li>\n<li data-start=\"3777\" data-end=\"3805\"><strong data-start=\"3779\" data-end=\"3798\">Classe de protection\u00a0:<\/strong> IP20<\/li>\n<li data-start=\"3806\" data-end=\"3902\"><strong data-start=\"3808\" data-end=\"3833\">Options de montage :<\/strong> Bo\u00eetier d&#039;appareillage, mural ou rail DIN (avec clip de montage, MNT-01)<\/li>\n<\/ul>\n<h3 data-start=\"3904\" data-end=\"3970\"><strong data-start=\"3908\" data-end=\"3968\">Id\u00e9al pour les maisons intelligentes et les installations professionnelles<\/strong><\/h3>\n<p data-start=\"3971\" data-end=\"4239\">Plejd REL-01-2P est id\u00e9al pour les deux <strong data-start=\"4008\" data-end=\"4055\">r\u00e9sidences priv\u00e9es et installations commerciales<\/strong> l\u00e0 o\u00f9 un contr\u00f4le d\u2019\u00e9clairage intelligent et flexible est n\u00e9cessaire.<\/p>\n<p data-start=\"3971\" data-end=\"4239\">Gr\u00e2ce \u00e0 <strong data-start=\"4116\" data-end=\"4137\">Technologie Plaid-Mesh<\/strong> peux-tu <strong data-start=\"4145\" data-end=\"4170\">d\u00e9veloppez votre r\u00e9seau<\/strong> et assurer <strong data-start=\"4187\" data-end=\"4236\">communication sans fil stable entre les appareils<\/strong>.<\/p>\n<h3 data-start=\"4241\" data-end=\"4259\"><strong data-start=\"4245\" data-end=\"4257\">Conclusion<\/strong><\/h3>\n<p data-start=\"4260\" data-end=\"4618\">Le relais Plejd 1\/2 p\u00f4les 16A\/13A Mesh BT (REL-01-2P) est une solution puissante et flexible pour <strong data-start=\"4348\" data-end=\"4403\">contr\u00f4le sans fil de l&#039;\u00e9clairage et des charges \u00e9lectriques<\/strong>.<\/p>\n<p data-start=\"4260\" data-end=\"4618\">Avec prise en charge des deux <strong data-start=\"4423\" data-end=\"4450\">Commutation 1 et 2 p\u00f4les<\/strong>, <strong data-start=\"4452\" data-end=\"4488\">contr\u00f4le sans fil via l&#039;application Plejd<\/strong> et <strong data-start=\"4493\" data-end=\"4520\">fonctions de temps int\u00e9gr\u00e9es<\/strong> est-ce un <strong data-start=\"4533\" data-end=\"4551\">appareil indispensable<\/strong> pour tous ceux qui veulent <strong data-start=\"4573\" data-end=\"4615\">un syst\u00e8me \u00e9lectrique intelligent et \u00e9conome en \u00e9nergie<\/strong>.<\/p>\n<p data-start=\"2030\" data-end=\"2120\">","protected":false},"excerpt":{"rendered":"<p>Le relais Plejd (REL-01-2P) est un commutateur de relais sans fil prenant en charge la commutation \u00e0 1 ou 2 p\u00f4les.<\/p>\n<p>Courant maximum : 16A \u00e0 1 p\u00f4le, 13A \u00e0 2 p\u00f4les.<\/p>\n<p>Contr\u00f4le via application, bouton poussoir ou capteur de mouvement. Les fonctions temporelles telles que l&#039;astronomie et l&#039;horloge hebdomadaire sont incluses.<\/p>\n<p>Installer dans une bo\u00eete de jonction ou sur un rail DIN.<\/p>","protected":false},"featured_media":148045,"template":"","meta":{"_acf_changed":false},"product_brand":[],"product_cat":[4660],"product_tag":[4670],"class_list":{"0":"post-148046","1":"product","2":"type-product","3":"status-publish","4":"has-post-thumbnail","6":"product_cat-plejd-relaer-led","7":"product_tag-plejd","8":"product_shipping_class-postnord-varubrev","9":"pa_brands-plejd","10":"tm-has-options","12":"first","13":"instock","14":"sale","15":"taxable","16":"shipping-taxable","17":"purchasable","18":"product-type-simple"},"acf":[],"_links":{"self":[{"href":"https:\/\/secureus.se\/fr\/wp-json\/wp\/v2\/product\/148046","targetHints":{"allow":["GET"]}}],"collection":[{"href":"https:\/\/secureus.se\/fr\/wp-json\/wp\/v2\/product"}],"about":[{"href":"https:\/\/secureus.se\/fr\/wp-json\/wp\/v2\/types\/product"}],"wp:featuredmedia":[{"embeddable":true,"href":"https:\/\/secureus.se\/fr\/wp-json\/wp\/v2\/media\/148045"}],"wp:attachment":[{"href":"https:\/\/secureus.se\/fr\/wp-json\/wp\/v2\/media?parent=148046"}],"wp:term":[{"taxonomy":"product_brand","embeddable":true,"href":"https:\/\/secureus.se\/fr\/wp-json\/wp\/v2\/product_brand?post=148046"},{"taxonomy":"product_cat","embeddable":true,"href":"https:\/\/secureus.se\/fr\/wp-json\/wp\/v2\/product_cat?post=148046"},{"taxonomy":"product_tag","embeddable":true,"href":"https:\/\/secureus.se\/fr\/wp-json\/wp\/v2\/product_tag?post=148046"}],"curies":[{"name":"wp","href":"https:\/\/api.w.org\/{rel}","templated":true}]}}