{"id":148048,"date":"2025-02-25T12:22:24","date_gmt":"2025-02-25T11:22:24","guid":{"rendered":"https:\/\/secureus.se\/?post_type=product&#038;p=148048"},"modified":"2026-04-23T10:17:52","modified_gmt":"2026-04-23T08:17:52","slug":"gateway-bluetooth-internet","status":"publish","type":"product","link":"https:\/\/secureus.se\/fr\/gateway-bluetooth-internet\/","title":{"rendered":"Passerelle Internet Bluetooth"},"content":{"rendered":"<h1 data-start=\"538\" data-end=\"624\"><strong data-start=\"542\" data-end=\"622\">Faites passer le syst\u00e8me Plejd au niveau sup\u00e9rieur avec la t\u00e9l\u00e9commande et les int\u00e9grations intelligentes<\/strong><\/h1>\n<p data-start=\"625\" data-end=\"875\">Plejd Gateway GWY-01 est une solution puissante et compacte pour <strong data-start=\"690\" data-end=\"730\">connecter le syst\u00e8me Plejd \u00e0 Internet<\/strong>.<\/p>\n<p data-start=\"625\" data-end=\"875\">En reliant le maillage Plejd \u00e0 Internet, il donne \u00e0 l&#039;utilisateur <strong data-start=\"796\" data-end=\"842\">possibilit\u00e9 de contr\u00f4ler l&#039;\u00e9clairage \u00e0 distance<\/strong>, peu importe o\u00f9 vous \u00eates.<\/p>\n<p data-start=\"877\" data-end=\"1058\">Avec le soutien de <strong data-start=\"890\" data-end=\"938\">Google Home, Apple HomeKit\u00ae, Alexa et Homey<\/strong> Vous pouvez facilement int\u00e9grer Plejd \u00e0 votre maison intelligente et contr\u00f4ler l&#039;\u00e9clairage via des commandes vocales ou des sc\u00e9narios d&#039;automatisation.<\/p>\n<h3 data-start=\"1060\" data-end=\"1099\"><strong data-start=\"1064\" data-end=\"1097\">Principales caract\u00e9ristiques et avantages<\/strong><\/h3>\n<ul data-start=\"1101\" data-end=\"1743\">\n<li data-start=\"1101\" data-end=\"1186\"><strong data-start=\"1103\" data-end=\"1135\">Contr\u00f4le \u00e0 distance de l&#039;\u00e9clairage<\/strong> \u2013 G\u00e9rez le syst\u00e8me Plejd o\u00f9 que vous soyez.<\/li>\n<li data-start=\"1187\" data-end=\"1260\"><strong data-start=\"1189\" data-end=\"1219\">Activation du mode vacances<\/strong> \u2013 Simulez une pr\u00e9sence lorsque vous \u00eates absent.<\/li>\n<li data-start=\"1261\" data-end=\"1376\"><strong data-start=\"1263\" data-end=\"1306\">Prot\u00e8ge les fonctions horaires en cas de panne de courant<\/strong> \u2013 Assure le fonctionnement des horloges astronomiques et hebdomadaires m\u00eame en cas de panne de courant.<\/li>\n<li data-start=\"1377\" data-end=\"1487\"><strong data-start=\"1379\" data-end=\"1428\">Permet l&#039;int\u00e9gration avec des services tiers<\/strong> \u2013 Prise en charge de Google Home, Apple HomeKit\u00ae, Alexa et Homey.<\/li>\n<li data-start=\"1488\" data-end=\"1582\"><strong data-start=\"1490\" data-end=\"1512\">Installation simple<\/strong> \u2013 Se connecte avec un c\u00e2ble r\u00e9seau (Ethernet\/RJ45) et un adaptateur d\u2019alimentation USB-C.<\/li>\n<li data-start=\"1583\" data-end=\"1686\"><strong data-start=\"1585\" data-end=\"1606\">Une partie de la maille \u00e0 carreaux<\/strong> \u2013 S&#039;installe via l&#039;application Plejd et \u00e9tend la port\u00e9e gr\u00e2ce \u00e0 la communication maill\u00e9e.<\/li>\n<li data-start=\"1687\" data-end=\"1743\"><strong data-start=\"1689\" data-end=\"1707\">Efficacit\u00e9 \u00e9nerg\u00e9tique<\/strong> \u2013 Consomme seulement 0,6 W en fonctionnement.<\/li>\n<\/ul>\n<h3 data-start=\"1745\" data-end=\"1786\"><strong data-start=\"1749\" data-end=\"1784\">Int\u00e9gration transparente dans Plaid Mesh<\/strong><\/h3>\n<p data-start=\"1787\" data-end=\"1977\">La passerelle GWY-01 devient une <strong data-start=\"1810\" data-end=\"1855\">partie int\u00e9gr\u00e9e de votre r\u00e9seau maill\u00e9 Plejd<\/strong>, ce qui signifie qu&#039;il peut \u00e0 la fois communiquer directement avec les appareils et utiliser la technologie maill\u00e9e de Plejd pour \u00e9tendre la port\u00e9e.<\/p>\n<p data-start=\"1979\" data-end=\"2158\">Il a un <strong data-start=\"1990\" data-end=\"2030\">port\u00e9e radio d&#039;environ 10 m\u00e8tres \u00e0 l&#039;int\u00e9rieur<\/strong>, mais gr\u00e2ce au maillage Plejd, d&#039;autres appareils Plejd peuvent relayer le signal, permettant des installations grandes et stables.<\/p>\n<h3 data-start=\"2160\" data-end=\"2195\"><strong data-start=\"2164\" data-end=\"2193\">T\u00e9l\u00e9commande intelligente<\/strong><\/h3>\n<p data-start=\"2196\" data-end=\"2432\">Avec Gateway install\u00e9, vous pouvez <strong data-start=\"2227\" data-end=\"2267\">contr\u00f4ler l&#039;\u00e9clairage de n&#039;importe o\u00f9<\/strong> via l&#039;application Plejd.<\/p>\n<p data-start=\"2196\" data-end=\"2432\">Que vous soyez en vacances ou que vous souhaitiez r\u00e9gler l&#039;\u00e9clairage avant de rentrer chez vous, vous pouvez facilement contr\u00f4ler vos appareils Plejd avec votre smartphone.<\/p>\n<p data-start=\"2434\" data-end=\"2470\"><strong data-start=\"2434\" data-end=\"2468\">Exemples d&#039;utilisations :<\/strong><\/p>\n<ul data-start=\"2471\" data-end=\"2664\">\n<li data-start=\"2471\" data-end=\"2520\">Allumez et \u00e9teignez les lumi\u00e8res lorsque vous \u00eates absent.<\/li>\n<li data-start=\"2521\" data-end=\"2581\">Cr\u00e9ez des sc\u00e9narios d\u2019automatisation en fonction du temps et du niveau de lumi\u00e8re.<\/li>\n<li data-start=\"2582\" data-end=\"2664\">Contr\u00f4lez des lumi\u00e8res individuelles ou des pi\u00e8ces enti\u00e8res avec des commandes vocales via des assistants intelligents.<\/li>\n<\/ul>\n<h3 data-start=\"2666\" data-end=\"2709\"><strong data-start=\"2670\" data-end=\"2707\">Installation et utilisation faciles<\/strong><\/h3>\n<p data-start=\"2710\" data-end=\"2756\">L&#039;installation du GWY-01 est simple et rapide :<\/p>\n<ol data-start=\"2758\" data-end=\"3089\">\n<li data-start=\"2758\" data-end=\"2848\"><strong data-start=\"2761\" data-end=\"2794\">Connectez l&#039;appareil au r\u00e9seau<\/strong> avec le c\u00e2ble r\u00e9seau fourni (Ethernet\/RJ45).<\/li>\n<li data-start=\"2849\" data-end=\"2906\"><strong data-start=\"2852\" data-end=\"2884\">Connectez l&#039;alimentation \u00e9lectrique<\/strong> via l&#039;adaptateur USB-C.<\/li>\n<li data-start=\"2907\" data-end=\"2998\"><strong data-start=\"2910\" data-end=\"2946\">Installer l&#039;appareil dans l&#039;application Plejd<\/strong> et connectez-le \u00e0 votre syst\u00e8me Plejd existant.<\/li>\n<li data-start=\"2999\" data-end=\"3089\"><strong data-start=\"3002\" data-end=\"3030\">Commencez \u00e0 contr\u00f4ler vos appareils<\/strong> \u00e0 distance et les int\u00e9grer \u00e0 des plateformes tierces.<\/li>\n<\/ol>\n<p data-start=\"3091\" data-end=\"3235\">La passerelle GWY-01 peut \u00eatre mont\u00e9e <strong data-start=\"3119\" data-end=\"3163\">sur le mur avec le support mural inclus<\/strong>, ce qui vous permet de le positionner de mani\u00e8re optimale pour la meilleure port\u00e9e du signal.<\/p>\n<h3 data-start=\"3237\" data-end=\"3271\"><strong data-start=\"3241\" data-end=\"3269\">Sp\u00e9cifications techniques<\/strong><\/h3>\n<ul data-start=\"3273\" data-end=\"3712\">\n<li data-start=\"3273\" data-end=\"3295\"><strong data-start=\"3275\" data-end=\"3286\">Mod\u00e8le:<\/strong> GWY-01<\/li>\n<li data-start=\"3296\" data-end=\"3331\"><strong data-start=\"3298\" data-end=\"3313\">Connexion:<\/strong> Ethernet (RJ45)<\/li>\n<li data-start=\"3332\" data-end=\"3371\"><strong data-start=\"3334\" data-end=\"3355\">Alimentation\u00a0:<\/strong> Adaptateur USB-C<\/li>\n<li data-start=\"3372\" data-end=\"3404\"><strong data-start=\"3374\" data-end=\"3396\">Consommation \u00e9lectrique :<\/strong> 0,6 W<\/li>\n<li data-start=\"3405\" data-end=\"3450\"><strong data-start=\"3407\" data-end=\"3423\">Syst\u00e8me radio:<\/strong> Maillage 2,4 GHz, Bluetooth\u00ae<\/li>\n<li data-start=\"3451\" data-end=\"3493\"><strong data-start=\"3453\" data-end=\"3471\">Port\u00e9e radio :<\/strong> Environ 10 m\u00e8tres \u00e0 l&#039;int\u00e9rieur<\/li>\n<li data-start=\"3494\" data-end=\"3533\"><strong data-start=\"3496\" data-end=\"3524\">Protocole de communication\u00a0:<\/strong> TCP\/IP<\/li>\n<li data-start=\"3534\" data-end=\"3573\"><strong data-start=\"3536\" data-end=\"3568\">Nombre maximal d&#039;appareils par canal\u00a0:<\/strong> 80<\/li>\n<li data-start=\"3574\" data-end=\"3612\"><strong data-start=\"3576\" data-end=\"3596\">Temp\u00e9rature de fonctionnement :<\/strong> 0 \u00e0 +35\u00b0C<\/li>\n<li data-start=\"3613\" data-end=\"3649\"><strong data-start=\"3615\" data-end=\"3631\">Dimensions:<\/strong> 70 x 70 x 20 mm<\/li>\n<li data-start=\"3650\" data-end=\"3689\"><strong data-start=\"3652\" data-end=\"3672\">M\u00e9thode de montage :<\/strong> Montage en surface<\/li>\n<li data-start=\"3690\" data-end=\"3712\"><strong data-start=\"3692\" data-end=\"3705\">Classe IP\u00a0:<\/strong> IP20<\/li>\n<\/ul>\n<h3 data-start=\"3714\" data-end=\"3762\"><strong data-start=\"3718\" data-end=\"3760\">S\u00e9curit\u00e9 et automatisation am\u00e9lior\u00e9es<\/strong><\/h3>\n<p data-start=\"3763\" data-end=\"3942\">Plejd Gateway garantit que votre <strong data-start=\"3799\" data-end=\"3862\">les fonctions de temps continuent de fonctionner m\u00eame en cas de panne de courant<\/strong>, ce qui signifie que, par exemple, <strong data-start=\"3890\" data-end=\"3912\">horloge astro et hebdomadaire<\/strong> peuvent maintenir leurs horaires.<\/p>\n<p data-start=\"3944\" data-end=\"4083\">En le connectant \u00e0 <strong data-start=\"3971\" data-end=\"4021\">Google Home, Apple HomeKit\u00ae, Alexa ou Homey<\/strong>, vous pouvez \u00e9galement cr\u00e9er des sc\u00e9narios automatis\u00e9s tels que :<\/p>\n<ul data-start=\"4085\" data-end=\"4267\">\n<li data-start=\"4085\" data-end=\"4148\">Allumez les lumi\u00e8res automatiquement au lever ou au coucher du soleil.<\/li>\n<li data-start=\"4149\" data-end=\"4201\">\u00c9teignez toutes les lumi\u00e8res de la maison avec une commande vocale.<\/li>\n<li data-start=\"4202\" data-end=\"4267\">Utilisez des d\u00e9tecteurs de mouvement en combinaison avec le contr\u00f4le de l&#039;\u00e9clairage.<\/li>\n<\/ul>\n<h3 data-start=\"4269\" data-end=\"4335\"><strong data-start=\"4273\" data-end=\"4333\">Id\u00e9al pour les maisons intelligentes et les installations professionnelles<\/strong><\/h3>\n<p data-start=\"4336\" data-end=\"4577\">Plejd Gateway GWY-01 est un incontournable pour tous ceux qui veulent <strong data-start=\"4391\" data-end=\"4446\">une solution d&#039;\u00e9clairage plus intelligente et connect\u00e9e<\/strong>.<\/p>\n<p data-start=\"4336\" data-end=\"4577\">Il est parfait pour les deux <strong data-start=\"4476\" data-end=\"4520\">maisons priv\u00e9es et propri\u00e9t\u00e9s commerciales<\/strong> o\u00f9 la t\u00e9l\u00e9commande et les int\u00e9grations intelligentes sont importantes.<\/p>\n<p data-start=\"4579\" data-end=\"4767\">Que vous souhaitiez <strong data-start=\"4598\" data-end=\"4700\">am\u00e9liorez la s\u00e9curit\u00e9 de votre maison, rationalisez votre consommation d&#039;\u00e9nergie ou cr\u00e9ez des automatisations fluides<\/strong> est-ce que cette passerelle est une <strong data-start=\"4721\" data-end=\"4764\">composant n\u00e9cessaire dans votre syst\u00e8me Plejd<\/strong>.<\/p>\n<h3 data-start=\"4769\" data-end=\"4787\"><strong data-start=\"4773\" data-end=\"4785\">Conclusion<\/strong><\/h3>\n<p data-start=\"4788\" data-end=\"5151\">Plejd Gateway GWY-01 est une solution intelligente et efficace pour <strong data-start=\"4850\" data-end=\"4894\">connectez votre maillage Plejd \u00e0 Internet<\/strong> et permet le contr\u00f4le \u00e0 distance, les automatisations intelligentes et les int\u00e9grations tierces.<\/p>\n<p data-start=\"4788\" data-end=\"5151\">Une installation facile, une faible consommation d&#039;\u00e9nergie et une connexion puissante font de cette passerelle <strong data-start=\"5068\" data-end=\"5148\">un \u00e9l\u00e9ment indispensable de votre solution d&#039;\u00e9clairage domestique ou commerciale intelligente<\/strong>.<\/p>","protected":false},"excerpt":{"rendered":"<p>La passerelle Plejd (GWY-01) connecte le maillage Plejd \u00e0 Internet, permettant le contr\u00f4le \u00e0 distance du syst\u00e8me et l&#039;activation du mode vacances.<\/p>\n<p>Il prot\u00e8ge les fonctions de synchronisation en cas de panne de courant et permet l&#039;int\u00e9gration avec Google Home, Apple HomeKit\u00ae, Alexa et Homey.<\/p>\n<p>Installation facile avec c\u00e2ble r\u00e9seau et adaptateur d&#039;alimentation USB-C.<\/p>","protected":false},"featured_media":148047,"template":"","meta":{"_acf_changed":false},"product_brand":[],"product_cat":[4668],"product_tag":[4670],"class_list":{"0":"post-148048","1":"product","2":"type-product","3":"status-publish","4":"has-post-thumbnail","6":"product_cat-plejd-gateway","7":"product_tag-plejd","8":"product_shipping_class-postnord-varubrev","9":"pa_brands-plejd","10":"tm-has-options","12":"first","13":"instock","14":"sale","15":"taxable","16":"shipping-taxable","17":"purchasable","18":"product-type-simple"},"acf":[],"_links":{"self":[{"href":"https:\/\/secureus.se\/fr\/wp-json\/wp\/v2\/product\/148048","targetHints":{"allow":["GET"]}}],"collection":[{"href":"https:\/\/secureus.se\/fr\/wp-json\/wp\/v2\/product"}],"about":[{"href":"https:\/\/secureus.se\/fr\/wp-json\/wp\/v2\/types\/product"}],"wp:featuredmedia":[{"embeddable":true,"href":"https:\/\/secureus.se\/fr\/wp-json\/wp\/v2\/media\/148047"}],"wp:attachment":[{"href":"https:\/\/secureus.se\/fr\/wp-json\/wp\/v2\/media?parent=148048"}],"wp:term":[{"taxonomy":"product_brand","embeddable":true,"href":"https:\/\/secureus.se\/fr\/wp-json\/wp\/v2\/product_brand?post=148048"},{"taxonomy":"product_cat","embeddable":true,"href":"https:\/\/secureus.se\/fr\/wp-json\/wp\/v2\/product_cat?post=148048"},{"taxonomy":"product_tag","embeddable":true,"href":"https:\/\/secureus.se\/fr\/wp-json\/wp\/v2\/product_tag?post=148048"}],"curies":[{"name":"wp","href":"https:\/\/api.w.org\/{rel}","templated":true}]}}