{"id":148050,"date":"2025-02-25T12:22:24","date_gmt":"2025-02-25T11:22:24","guid":{"rendered":"https:\/\/secureus.se\/?post_type=product&#038;p=148050"},"modified":"2026-04-08T16:32:11","modified_gmt":"2026-04-08T14:32:11","slug":"plejd-kronrela-rel-02-16a-2-mesh-bluetooth","status":"publish","type":"product","link":"https:\/\/secureus.se\/fr\/plejd-kronrela-rel-02-16a-2-mesh-bluetooth\/","title":{"rendered":"Relais Plejd Crown REL-02 16A\/2 Mesh Bluetooth"},"content":{"rendered":"<h1 data-start=\"505\" data-end=\"567\"><strong data-start=\"509\" data-end=\"565\">Contr\u00f4le de relais intelligent pour syst\u00e8mes d&#039;\u00e9clairage intelligents<\/strong><\/h1>\n<p data-start=\"568\" data-end=\"911\">Le relais Plejd Crown 16A\/2 Mesh Bluetooth (REL-02) est un <strong data-start=\"619\" data-end=\"657\">commutateur relais puissant et flexible<\/strong> pour contr\u00f4ler l&#039;\u00e9clairage et d&#039;autres charges \u00e9lectriques.<\/p>\n<p data-start=\"568\" data-end=\"911\">Avec <strong data-start=\"717\" data-end=\"746\">deux sorties relais s\u00e9par\u00e9es<\/strong> l&#039;appareil peut \u00eatre utilis\u00e9 pour <strong data-start=\"776\" data-end=\"827\">phase de rupture (L) vers une ou deux charges distinctes<\/strong>, par exemple dans une liaison d&#039;escalier, ou pour commander deux groupes d&#039;\u00e9clairage individuellement.<\/p>\n<p data-start=\"913\" data-end=\"1172\">Le <strong data-start=\"917\" data-end=\"949\">la capacit\u00e9 de coupure maximale est de 16A<\/strong>, ce qui le rend parfait pour <strong data-start=\"978\" data-end=\"1015\">installations d&#039;\u00e9clairage exigeantes<\/strong>.<\/p>\n<p data-start=\"913\" data-end=\"1172\">Avec le soutien de <strong data-start=\"1030\" data-end=\"1075\">d\u00e9tection de passage \u00e0 z\u00e9ro et protection par disjoncteur<\/strong> L\u2019usure du relais et des charges connect\u00e9es est minimis\u00e9e, ce qui prolonge la dur\u00e9e de vie du produit.<\/p>\n<h3 data-start=\"1174\" data-end=\"1219\"><strong data-start=\"1178\" data-end=\"1217\">Contr\u00f4le et automatisation sans fil<\/strong><\/h3>\n<p data-start=\"1220\" data-end=\"1260\">Plejd REL-02 peut \u00eatre contr\u00f4l\u00e9 de plusieurs mani\u00e8res :<\/p>\n<ul data-start=\"1262\" data-end=\"1566\">\n<li data-start=\"1262\" data-end=\"1310\"><strong data-start=\"1264\" data-end=\"1279\">L&#039;application Plejd<\/strong> \u2013 Contr\u00f4le total via mobile.<\/li>\n<li data-start=\"1311\" data-end=\"1369\"><strong data-start=\"1313\" data-end=\"1341\">Bouton poussoir \u00e0 ressort de rappel<\/strong> \u2013 Contr\u00f4le physique direct.<\/li>\n<li data-start=\"1370\" data-end=\"1450\"><strong data-start=\"1372\" data-end=\"1407\">Interrupteur ou d\u00e9tecteur de mouvement<\/strong> \u2013 Pour l\u2019allumage et l\u2019extinction automatique.<\/li>\n<li data-start=\"1451\" data-end=\"1566\"><strong data-start=\"1453\" data-end=\"1480\">Fonctions de temps int\u00e9gr\u00e9es<\/strong> \u2013 REL-02 dispose d\u2019une minuterie int\u00e9gr\u00e9e, d\u2019horloges astronomiques et hebdomadaires pour le contr\u00f4le automatique de l\u2019\u00e9clairage.<\/li>\n<\/ul>\n<p data-start=\"1568\" data-end=\"1748\">Le malin <strong data-start=\"1579\" data-end=\"1601\">contr\u00f4le de sc\u00e9nario<\/strong> permet de r\u00e9gler facilement l&#039;\u00e9clairage selon les besoins, et l&#039;unit\u00e9 peut \u00e9galement \u00eatre int\u00e9gr\u00e9e \u00e0 d&#039;autres <strong data-start=\"1696\" data-end=\"1715\">Produits \u00e0 carreaux<\/strong> pour <strong data-start=\"1720\" data-end=\"1745\">contr\u00f4le de groupe sans fil<\/strong>.<\/p>\n<h3 data-start=\"1750\" data-end=\"1814\"><strong data-start=\"1754\" data-end=\"1812\">Installation facile et options de montage polyvalentes<\/strong><\/h3>\n<p data-start=\"1815\" data-end=\"1881\">Le REL-02 peut \u00eatre mont\u00e9 de plusieurs mani\u00e8res en fonction des exigences d&#039;installation :<\/p>\n<ul data-start=\"1883\" data-end=\"2060\">\n<li data-start=\"1883\" data-end=\"1943\"><strong data-start=\"1885\" data-end=\"1902\">Dans la bo\u00eete de l&#039;appareil<\/strong> \u2013 Parfait pour les installations discr\u00e8tes.<\/li>\n<li data-start=\"1944\" data-end=\"1993\"><strong data-start=\"1946\" data-end=\"1957\">Sur le mur<\/strong> \u2013 Peut \u00eatre install\u00e9 en saillie.<\/li>\n<li data-start=\"1994\" data-end=\"2060\"><strong data-start=\"1996\" data-end=\"2012\">Sur rail DIN<\/strong> \u2013 Avec clip de montage (MNT-01, non inclus).<\/li>\n<\/ul>\n<p data-start=\"2062\" data-end=\"2171\">Le <strong data-start=\"2066\" data-end=\"2101\">conception compacte (46x46x18 mm)<\/strong> Cela signifie que l&#039;unit\u00e9 peut facilement s&#039;int\u00e9grer m\u00eame dans des espaces d&#039;installation restreints.<\/p>\n<h3 data-start=\"2173\" data-end=\"2213\"><strong data-start=\"2177\" data-end=\"2211\">Caract\u00e9ristiques et avantages du produit<\/strong><\/h3>\n<ul data-start=\"2215\" data-end=\"2855\">\n<li data-start=\"2215\" data-end=\"2281\"><strong data-start=\"2217\" data-end=\"2246\">Deux sorties relais s\u00e9par\u00e9es<\/strong> \u2013 Peut contr\u00f4ler deux charges distinctes.<\/li>\n<li data-start=\"2282\" data-end=\"2368\"><strong data-start=\"2284\" data-end=\"2319\">Contr\u00f4le sans fil via le maillage Plejd<\/strong> \u2013 S\u2019int\u00e8gre au r\u00e9seau d\u2019\u00e9clairage intelligent.<\/li>\n<li data-start=\"2369\" data-end=\"2446\"><strong data-start=\"2371\" data-end=\"2397\">Puissance maximale 3500W (16A)<\/strong> \u2013 Parfait pour les installations d\u2019\u00e9clairage plus grandes.<\/li>\n<li data-start=\"2447\" data-end=\"2533\"><strong data-start=\"2449\" data-end=\"2478\">D\u00e9tection de passage \u00e0 z\u00e9ro<\/strong> \u2013 Prot\u00e8ge les charges connect\u00e9es et prolonge la dur\u00e9e de vie.<\/li>\n<li data-start=\"2534\" data-end=\"2621\"><strong data-start=\"2536\" data-end=\"2579\">Fonctions horaires (astro, horloge hebdomadaire, minuterie)<\/strong> \u2013 Pour le contr\u00f4le automatis\u00e9 de l\u2019\u00e9clairage.<\/li>\n<li data-start=\"2622\" data-end=\"2701\"><strong data-start=\"2624\" data-end=\"2653\">Prise en charge du contr\u00f4le des sc\u00e9narios<\/strong> \u2013 Int\u00e9gration transparente avec d\u2019autres appareils Plejd.<\/li>\n<li data-start=\"2702\" data-end=\"2779\"><strong data-start=\"2704\" data-end=\"2725\">Faible consommation en veille<\/strong> \u2013 Efficacit\u00e9 \u00e9nerg\u00e9tique avec seulement <strong data-start=\"2754\" data-end=\"2762\">0,3 W<\/strong> en mode veille.<\/li>\n<li data-start=\"2780\" data-end=\"2855\"><strong data-start=\"2782\" data-end=\"2804\">Installation simple<\/strong> \u2013 Peut \u00eatre mont\u00e9 dans un bo\u00eetier d\u2019appareil ou sur un rail DIN.<\/li>\n<\/ul>\n<h3 data-start=\"2857\" data-end=\"2894\"><strong data-start=\"2861\" data-end=\"2892\">Installation et utilisation<\/strong><\/h3>\n<ol data-start=\"2895\" data-end=\"3193\">\n<li data-start=\"2895\" data-end=\"2961\"><strong data-start=\"2898\" data-end=\"2958\">Installez le REL-02 dans une bo\u00eete de jonction, sur un mur ou sur un rail DIN<\/strong>.<\/li>\n<li data-start=\"2962\" data-end=\"3043\"><strong data-start=\"2965\" data-end=\"3009\">Connecter les charges en fonction des exigences d&#039;installation<\/strong> (une ou deux charges s\u00e9par\u00e9es).<\/li>\n<li data-start=\"3044\" data-end=\"3115\"><strong data-start=\"3047\" data-end=\"3084\">Configurer l&#039;appareil dans l&#039;application Plejd<\/strong> et personnaliser les param\u00e8tres.<\/li>\n<li data-start=\"3116\" data-end=\"3193\"><strong data-start=\"3119\" data-end=\"3190\">Commencez \u00e0 contr\u00f4ler votre \u00e9clairage via l&#039;application, des boutons-poussoirs ou des capteurs de mouvement<\/strong>.<\/li>\n<\/ol>\n<h3 data-start=\"3195\" data-end=\"3229\"><strong data-start=\"3199\" data-end=\"3227\">Sp\u00e9cifications techniques<\/strong><\/h3>\n<ul data-start=\"3231\" data-end=\"3940\">\n<li data-start=\"3231\" data-end=\"3253\"><strong data-start=\"3233\" data-end=\"3244\">Mod\u00e8le:<\/strong> REL-02<\/li>\n<li data-start=\"3254\" data-end=\"3286\"><strong data-start=\"3256\" data-end=\"3272\">Tension secteur :<\/strong> 230V \/ 50Hz<\/li>\n<li data-start=\"3287\" data-end=\"3315\"><strong data-start=\"3289\" data-end=\"3307\">Consommation en veille :<\/strong> 0,3 W<\/li>\n<li data-start=\"3316\" data-end=\"3356\"><strong data-start=\"3318\" data-end=\"3338\">Temp\u00e9rature de fonctionnement :<\/strong> -25 \u00e0 +35\u00b0C<\/li>\n<li data-start=\"3357\" data-end=\"3393\"><strong data-start=\"3359\" data-end=\"3375\">Dimensions:<\/strong> 46 x 46 x 18 mm<\/li>\n<li data-start=\"3394\" data-end=\"3424\"><strong data-start=\"3396\" data-end=\"3410\">Zone de c\u00e2ble :<\/strong> 0,5\u20134,0 mm\u00b2<\/li>\n<li data-start=\"3425\" data-end=\"3641\"><strong data-start=\"3427\" data-end=\"3443\">Pouvoir de coupure :<\/strong>\n<ul data-start=\"3448\" data-end=\"3641\">\n<li data-start=\"3448\" data-end=\"3484\"><strong data-start=\"3450\" data-end=\"3467\">Effet total :<\/strong> 16A (10A + 6A)<\/li>\n<li data-start=\"3487\" data-end=\"3513\"><strong data-start=\"3489\" data-end=\"3506\">Charge maximale LED :<\/strong> 800 W<\/li>\n<li data-start=\"3516\" data-end=\"3556\"><strong data-start=\"3518\" data-end=\"3548\">Charge maximale de la lumi\u00e8re halog\u00e8ne\/incandescente :<\/strong> 3500 W<\/li>\n<li data-start=\"3559\" data-end=\"3589\"><strong data-start=\"3561\" data-end=\"3581\">Charge maximale du tube fluorescent :<\/strong> 1500 W<\/li>\n<li data-start=\"3592\" data-end=\"3641\"><strong data-start=\"3594\" data-end=\"3633\">Charge maximale du transformateur \u00e9lectronique :<\/strong> 1500 W<\/li>\n<\/ul>\n<\/li>\n<li data-start=\"3642\" data-end=\"3725\"><strong data-start=\"3644\" data-end=\"3654\">Protection:<\/strong>\n<ul data-start=\"3659\" data-end=\"3725\">\n<li data-start=\"3659\" data-end=\"3688\">D\u00e9tection de passage \u00e0 z\u00e9ro<\/li>\n<li data-start=\"3691\" data-end=\"3725\">Protection contre la surchauffe (logiciel)<\/li>\n<\/ul>\n<\/li>\n<li data-start=\"3726\" data-end=\"3771\"><strong data-start=\"3728\" data-end=\"3744\">Syst\u00e8me radio:<\/strong> Maillage 2,4 GHz, Bluetooth\u00ae<\/li>\n<li data-start=\"3772\" data-end=\"3814\"><strong data-start=\"3774\" data-end=\"3792\">Port\u00e9e radio :<\/strong> Environ 10 m\u00e8tres \u00e0 l&#039;int\u00e9rieur<\/li>\n<li data-start=\"3815\" data-end=\"3843\"><strong data-start=\"3817\" data-end=\"3836\">Classe de protection\u00a0:<\/strong> IP20<\/li>\n<li data-start=\"3844\" data-end=\"3940\"><strong data-start=\"3846\" data-end=\"3871\">Options de montage :<\/strong> Bo\u00eetier d&#039;appareillage, mural ou rail DIN (avec clip de montage, MNT-01)<\/li>\n<\/ul>\n<h3 data-start=\"3942\" data-end=\"4008\"><strong data-start=\"3946\" data-end=\"4006\">Id\u00e9al pour les maisons intelligentes et les installations professionnelles<\/strong><\/h3>\n<p data-start=\"4009\" data-end=\"4266\">Le Plaid REL-02 est parfait pour <strong data-start=\"4037\" data-end=\"4090\">maisons priv\u00e9es, bureaux, h\u00f4tels et autres propri\u00e9t\u00e9s<\/strong> o\u00f9 <strong data-start=\"4095\" data-end=\"4125\">solutions d&#039;\u00e9clairage intelligentes<\/strong> requis.<\/p>\n<p data-start=\"4009\" data-end=\"4266\">Gr\u00e2ce \u00e0 <strong data-start=\"4143\" data-end=\"4164\">Technologie Plaid-Mesh<\/strong> peux-tu <strong data-start=\"4172\" data-end=\"4197\">d\u00e9veloppez votre r\u00e9seau<\/strong> et assurer <strong data-start=\"4214\" data-end=\"4263\">communication sans fil stable entre les appareils<\/strong>.<\/p>\n<p data-start=\"4268\" data-end=\"4447\">Peu importe que vous souhaitiez ou non <strong data-start=\"4290\" data-end=\"4390\">contr\u00f4le manuel fluide, fonctions de temps automatis\u00e9es ou contr\u00f4le \u00e0 distance complet via l&#039;application<\/strong>, le REL-02 offre une <strong data-start=\"4411\" data-end=\"4444\">solution efficace et flexible<\/strong>.<\/p>\n<h3 data-start=\"4449\" data-end=\"4467\"><strong data-start=\"4453\" data-end=\"4465\">Conclusion<\/strong><\/h3>\n<p data-start=\"4468\" data-end=\"4789\">Le relais Plejd Crown 16A\/2 Mesh Bluetooth (REL-02) est un <strong data-start=\"4519\" data-end=\"4558\">Interrupteur \u00e0 relais puissant et polyvalent<\/strong> pour les installations d&#039;\u00e9clairage intelligentes.<\/p>\n<p data-start=\"4468\" data-end=\"4789\">Avec <strong data-start=\"4600\" data-end=\"4682\">deux sorties s\u00e9par\u00e9es, prise en charge du contr\u00f4le sans fil et fonctions de synchronisation avanc\u00e9es<\/strong> est-ce un <strong data-start=\"4695\" data-end=\"4786\">solution id\u00e9ale pour tous ceux qui souhaitent un contr\u00f4le d&#039;\u00e9clairage intelligent et \u00e9conome en \u00e9nergie<\/strong>.<\/p>","protected":false},"excerpt":{"rendered":"<p>Le relais Plejd Crown (REL-02) permet la commutation d&#039;une ou deux charges s\u00e9par\u00e9es jusqu&#039;\u00e0 16A (par exemple 10+6A).<\/p>\n<p>Contr\u00f4le via application, bouton poussoir ou capteur de mouvement. Fonctions de temps int\u00e9gr\u00e9es telles que l&#039;astronomie et l&#039;horloge hebdomadaire.<\/p>\n<p>Install\u00e9 dans un bo\u00eetier d&#039;appareil ou sur un rail DIN.<\/p>\n<p>Id\u00e9al pour un contr\u00f4le d&#039;\u00e9clairage flexible et sans fil.<\/p>","protected":false},"featured_media":148049,"template":"","meta":{"_acf_changed":false},"product_brand":[],"product_cat":[4660],"product_tag":[4670],"class_list":{"0":"post-148050","1":"product","2":"type-product","3":"status-publish","4":"has-post-thumbnail","6":"product_cat-plejd-relaer-led","7":"product_tag-plejd","8":"product_shipping_class-postnord-varubrev","9":"pa_brands-plejd","10":"tm-has-options","12":"first","13":"instock","14":"sale","15":"taxable","16":"shipping-taxable","17":"purchasable","18":"product-type-simple"},"acf":[],"_links":{"self":[{"href":"https:\/\/secureus.se\/fr\/wp-json\/wp\/v2\/product\/148050","targetHints":{"allow":["GET"]}}],"collection":[{"href":"https:\/\/secureus.se\/fr\/wp-json\/wp\/v2\/product"}],"about":[{"href":"https:\/\/secureus.se\/fr\/wp-json\/wp\/v2\/types\/product"}],"wp:featuredmedia":[{"embeddable":true,"href":"https:\/\/secureus.se\/fr\/wp-json\/wp\/v2\/media\/148049"}],"wp:attachment":[{"href":"https:\/\/secureus.se\/fr\/wp-json\/wp\/v2\/media?parent=148050"}],"wp:term":[{"taxonomy":"product_brand","embeddable":true,"href":"https:\/\/secureus.se\/fr\/wp-json\/wp\/v2\/product_brand?post=148050"},{"taxonomy":"product_cat","embeddable":true,"href":"https:\/\/secureus.se\/fr\/wp-json\/wp\/v2\/product_cat?post=148050"},{"taxonomy":"product_tag","embeddable":true,"href":"https:\/\/secureus.se\/fr\/wp-json\/wp\/v2\/product_tag?post=148050"}],"curies":[{"name":"wp","href":"https:\/\/api.w.org\/{rel}","templated":true}]}}