{"id":148052,"date":"2025-02-25T12:22:24","date_gmt":"2025-02-25T11:22:24","guid":{"rendered":"https:\/\/secureus.se\/?post_type=product&#038;p=148052"},"modified":"2026-04-23T10:17:46","modified_gmt":"2026-04-23T08:17:46","slug":"plejd-batteribackup-for-klocka","status":"publish","type":"product","link":"https:\/\/secureus.se\/fr\/plejd-batteribackup-for-klocka\/","title":{"rendered":"Plejd Batterie de secours pour montre"},"content":{"rendered":"<h1 data-start=\"485\" data-end=\"546\"><strong data-start=\"489\" data-end=\"544\">Assurer le fonctionnement des fonctions horaires en cas de panne de courant<\/strong><\/h1>\n<p data-start=\"547\" data-end=\"840\">La batterie de secours Plejd (BAT-01) est une <strong data-start=\"582\" data-end=\"605\">composant n\u00e9cessaire<\/strong> pour toutes les installations Plejd o\u00f9 des fonctions de temporisation fiables sont requises.<\/p>\n<p data-start=\"547\" data-end=\"840\">En connectant le BAT-01 \u00e0 un <strong data-start=\"712\" data-end=\"726\">Rondelle \u00e0 carreaux<\/strong> assure que le temps fonctionne, comme <strong data-start=\"765\" data-end=\"787\">horloge astro et hebdomadaire<\/strong>, <strong data-start=\"789\" data-end=\"837\">continue de fonctionner m\u00eame en cas de panne de courant<\/strong>.<\/p>\n<p data-start=\"842\" data-end=\"951\">C&#039;est <strong data-start=\"849\" data-end=\"872\">facile \u00e0 installer<\/strong> gr\u00e2ce \u00e0 son <strong data-start=\"887\" data-end=\"904\">fonction clip<\/strong>, et n\u00e9cessite <strong data-start=\"917\" data-end=\"948\">pas de configuration s\u00e9par\u00e9e<\/strong>.<\/p>\n<h3 data-start=\"953\" data-end=\"1006\"><strong data-start=\"957\" data-end=\"1004\">Parfait pour Astrour et la direction programm\u00e9e<\/strong><\/h3>\n<p data-start=\"1007\" data-end=\"1265\">Avec BAT-01, vous pouvez \u00eatre s\u00fbr que votre <strong data-start=\"1047\" data-end=\"1104\">\u00e9clairage, ventilation ou autres dispositifs \u00e0 commande temporelle<\/strong> continue de fonctionner selon le calendrier pr\u00e9vu, m\u00eame en cas de panne de courant.<\/p>\n<p data-start=\"1007\" data-end=\"1265\">Ceci est particuli\u00e8rement important pour les installations o\u00f9 <strong data-start=\"1214\" data-end=\"1250\">le fonctionnement automatis\u00e9 est crucial<\/strong>, Par exemple:<\/p>\n<ul data-start=\"1267\" data-end=\"1440\">\n<li data-start=\"1267\" data-end=\"1320\">\u00c9clairage ext\u00e9rieur contr\u00f4l\u00e9 avec <strong data-start=\"1300\" data-end=\"1317\">fonction astro<\/strong>.<\/li>\n<li data-start=\"1321\" data-end=\"1372\">\u00c9clairage de bureau et industriel avec <strong data-start=\"1358\" data-end=\"1369\">horloge hebdomadaire<\/strong>.<\/li>\n<li data-start=\"1373\" data-end=\"1440\">Autres syst\u00e8mes automatis\u00e9s n\u00e9cessitant <strong data-start=\"1415\" data-end=\"1437\">synchronisation horaire<\/strong>.<\/li>\n<\/ul>\n<h3 data-start=\"1442\" data-end=\"1490\"><strong data-start=\"1446\" data-end=\"1488\">Longue dur\u00e9e de vie de la batterie et installation facile<\/strong><\/h3>\n<p data-start=\"1491\" data-end=\"1623\">BAT-01 a un <strong data-start=\"1505\" data-end=\"1537\">r\u00e9serve de marche jusqu&#039;\u00e0 10 ans<\/strong>, ce qui en fait un <strong data-start=\"1562\" data-end=\"1584\">solution fiable<\/strong> sans n\u00e9cessiter d&#039;entretien r\u00e9gulier.<\/p>\n<p data-start=\"1625\" data-end=\"1666\">Il peut \u00eatre mont\u00e9 sur <strong data-start=\"1645\" data-end=\"1663\">deux mani\u00e8res diff\u00e9rentes<\/strong>:<\/p>\n<ul data-start=\"1667\" data-end=\"1809\">\n<li data-start=\"1667\" data-end=\"1742\"><strong data-start=\"1669\" data-end=\"1685\">Sur rail DIN<\/strong> \u2013 Id\u00e9al pour les panneaux \u00e9lectriques et les installations techniques.<\/li>\n<li data-start=\"1743\" data-end=\"1809\"><strong data-start=\"1745\" data-end=\"1756\">Sur le mur<\/strong> \u2013 Avec support \u00e0 vis pour un montage facile et flexible.<\/li>\n<\/ul>\n<p data-start=\"1811\" data-end=\"1925\"><strong data-start=\"1811\" data-end=\"1855\">Un seul BAT-01 est n\u00e9cessaire par syst\u00e8me Plejd<\/strong>, \u00e0 condition que toutes les unit\u00e9s aient <strong data-start=\"1888\" data-end=\"1922\">port\u00e9e sans fil entre eux<\/strong>.<\/p>\n<h3 data-start=\"1927\" data-end=\"1967\"><strong data-start=\"1931\" data-end=\"1965\">Caract\u00e9ristiques et avantages du produit<\/strong><\/h3>\n<p data-start=\"1969\" data-end=\"2509\">\u2714 <strong data-start=\"1971\" data-end=\"2019\">Assure le bon fonctionnement de l&#039;heure en cas de panne de courant<\/strong> \u2013 Parfait pour les montres astro et les montres hebdomadaires.<br data-start=\"2054\" data-end=\"2057\" \/>\u2714 <strong data-start=\"2059\" data-end=\"2081\">Installation simple<\/strong> \u2013 Fonction clip pour une connexion directe aux palets Plejd.<br data-start=\"2137\" data-end=\"2140\" \/>\u2714 <strong data-start=\"2142\" data-end=\"2160\">Longue dur\u00e9e de vie<\/strong> - Jusqu&#039;\u00e0 <strong data-start=\"2172\" data-end=\"2193\">R\u00e9serve de marche de 10 ans<\/strong> sans besoin d&#039;entretien.<br data-start=\"2218\" data-end=\"2221\" \/>\u2714 <strong data-start=\"2223\" data-end=\"2251\">S&#039;adapte \u00e0 toutes les rondelles Plejd<\/strong> \u2013 Compatible avec les palets 46x46x18 mm.<br data-start=\"2288\" data-end=\"2291\" \/>\u2714 <strong data-start=\"2293\" data-end=\"2315\">Montage flexible<\/strong> \u2013 Convient <strong data-start=\"2328\" data-end=\"2358\">Rail DIN (3 modules de large)<\/strong> ou mur.<br data-start=\"2370\" data-end=\"2373\" \/>\u2714 <strong data-start=\"2375\" data-end=\"2394\">Taille compacte<\/strong> \u2013 Occupe un espace minimal dans le panneau \u00e9lectrique.<br data-start=\"2434\" data-end=\"2437\" \/>\u2714 <strong data-start=\"2439\" data-end=\"2457\">Efficacit\u00e9 \u00e9nerg\u00e9tique<\/strong> \u2013 Sans entretien et optimis\u00e9 pour une longue dur\u00e9e de fonctionnement.<\/p>\n<h3 data-start=\"2511\" data-end=\"2545\"><strong data-start=\"2515\" data-end=\"2543\">Sp\u00e9cifications techniques<\/strong><\/h3>\n<ul data-start=\"2547\" data-end=\"2949\">\n<li data-start=\"2547\" data-end=\"2569\"><strong data-start=\"2549\" data-end=\"2560\">Mod\u00e8le:<\/strong> BAT-01<\/li>\n<li data-start=\"2570\" data-end=\"2596\"><strong data-start=\"2572\" data-end=\"2587\">Type de batterie\u00a0:<\/strong> Lithium<\/li>\n<li data-start=\"2597\" data-end=\"2617\"><strong data-start=\"2599\" data-end=\"2612\">tension:<\/strong> 3V<\/li>\n<li data-start=\"2618\" data-end=\"2643\"><strong data-start=\"2620\" data-end=\"2634\">Capacit\u00e9:<\/strong> 48 mAh<\/li>\n<li data-start=\"2644\" data-end=\"2676\"><strong data-start=\"2646\" data-end=\"2662\">Dimensions:<\/strong> 50x38x24mm<\/li>\n<li data-start=\"2677\" data-end=\"2714\"><strong data-start=\"2679\" data-end=\"2702\">Largeur du rail DIN :<\/strong> 3 modules<\/li>\n<li data-start=\"2715\" data-end=\"2796\"><strong data-start=\"2717\" data-end=\"2742\">Options de montage :<\/strong> Fonction clip pour rondelle Plejd, rail DIN ou mur<\/li>\n<li data-start=\"2797\" data-end=\"2842\"><strong data-start=\"2799\" data-end=\"2813\">Vie:<\/strong> Jusqu&#039;\u00e0 10 ans de r\u00e9serve de marche<\/li>\n<li data-start=\"2843\" data-end=\"2859\"><strong data-start=\"2845\" data-end=\"2854\">Poids:<\/strong> 8g<\/li>\n<li data-start=\"2860\" data-end=\"2907\"><strong data-start=\"2862\" data-end=\"2878\">Convient pour\u00a0:<\/strong> Rondelles \u00e0 carreaux (46x46x18 mm)<\/li>\n<li data-start=\"2908\" data-end=\"2949\"><strong data-start=\"2910\" data-end=\"2943\">Convient aux applications EX :<\/strong> Non<\/li>\n<\/ul>\n<h3 data-start=\"2951\" data-end=\"2988\"><strong data-start=\"2955\" data-end=\"2986\">Installation et utilisation<\/strong><\/h3>\n<p data-start=\"2989\" data-end=\"3078\">L&#039;installation de Plejd Battery Backup (BAT-01) est simple et ne n\u00e9cessite aucune programmation :<\/p>\n<ol data-start=\"3080\" data-end=\"3388\">\n<li data-start=\"3080\" data-end=\"3180\"><strong data-start=\"3083\" data-end=\"3135\">Connectez la batterie de secours \u00e0 n&#039;importe quel palet Plejd<\/strong> en utilisant la fonction clip int\u00e9gr\u00e9e.<\/li>\n<li data-start=\"3181\" data-end=\"3278\"><strong data-start=\"3184\" data-end=\"3248\">Placez l&#039;appareil sur un rail DIN ou vissez-le au mur<\/strong> selon les exigences d&#039;installation.<\/li>\n<li data-start=\"3279\" data-end=\"3388\"><strong data-start=\"3282\" data-end=\"3323\">La batterie de secours est activ\u00e9e automatiquement<\/strong> et garantit que les fonctions temporelles fonctionnent pendant les pannes de courant.<\/li>\n<\/ol>\n<p data-start=\"3390\" data-end=\"3512\">C&#039;est n\u00e9cessaire <strong data-start=\"3401\" data-end=\"3438\">un seul BAT-01 par syst\u00e8me Plejd<\/strong>, \u00e0 condition que toutes les unit\u00e9s aient <strong data-start=\"3471\" data-end=\"3496\">communication sans fil<\/strong> les uns avec les autres.<\/p>\n<h3 data-start=\"3514\" data-end=\"3569\"><strong data-start=\"3518\" data-end=\"3567\">Avantages du BAT-01 dans les syst\u00e8mes d&#039;\u00e9clairage intelligents<\/strong><\/h3>\n<p data-start=\"3570\" data-end=\"3762\">Le syst\u00e8me Plejd est bas\u00e9 sur la technologie maill\u00e9e sans fil, et en ajoutant le BAT-01, vous pouvez \u00eatre s\u00fbr que <strong data-start=\"3673\" data-end=\"3726\">toutes les fonctions contr\u00f4l\u00e9es par le temps continuent de fonctionner<\/strong> m\u00eame si la tension du secteur dispara\u00eet.<\/p>\n<p data-start=\"3764\" data-end=\"3793\">Utilisations courantes :<\/p>\n<ul data-start=\"3795\" data-end=\"4028\">\n<li data-start=\"3795\" data-end=\"3867\"><strong data-start=\"3797\" data-end=\"3817\">Maison et maison intelligente<\/strong> \u2013 Assure le bon fonctionnement de l\u2019\u00e9clairage pr\u00e9vu.<\/li>\n<li data-start=\"3868\" data-end=\"3937\"><strong data-start=\"3870\" data-end=\"3890\">Bureaux &amp; Commerces<\/strong> \u2013 Maintient le contr\u00f4le de l\u2019\u00e9clairage pendant une panne de courant.<\/li>\n<li data-start=\"3938\" data-end=\"4028\"><strong data-start=\"3940\" data-end=\"3965\">Installations ext\u00e9rieures<\/strong> \u2013 Maintient l\u2019\u00e9clairage programm\u00e9 pour des raisons de s\u00e9curit\u00e9.<\/li>\n<\/ul>\n<h3 data-start=\"4030\" data-end=\"4048\"><strong data-start=\"4034\" data-end=\"4046\">Conclusion<\/strong><\/h3>\n<p data-start=\"4049\" data-end=\"4375\">La batterie de secours Plejd (BAT-01) est une <strong data-start=\"4084\" data-end=\"4115\">solution simple mais puissante<\/strong> pour s&#039;assurer que <strong data-start=\"4140\" data-end=\"4216\">L&#039;horloge astronomique et d&#039;autres fonctions horaires continuent de fonctionner pendant les pannes de courant<\/strong>.<\/p>\n<p data-start=\"4049\" data-end=\"4375\">Avec son <strong data-start=\"4226\" data-end=\"4285\">conception compacte, longue dur\u00e9e de vie et installation facile<\/strong> est-ce un <strong data-start=\"4296\" data-end=\"4339\">composant n\u00e9cessaire dans tous les syst\u00e8mes Plejd<\/strong> o\u00f9 la fiabilit\u00e9 op\u00e9rationnelle est une priorit\u00e9.<\/p>","protected":false},"excerpt":{"rendered":"<p>La batterie de secours Plejd (BAT-01) garantit que les fonctions temporelles telles que l&#039;horloge astronomique et l&#039;horloge hebdomadaire fonctionnent pendant les pannes de courant.<\/p>\n<p>Installation facile via la fonction clip sur n&#039;importe quel palet Plejd. Une seule unit\u00e9 est n\u00e9cessaire par syst\u00e8me.<\/p>\n<p>Mont\u00e9 sur rail DIN ou mural.<\/p>\n<p>Jusqu&#039;\u00e0 10 ans de r\u00e9serve de marche.<\/p>","protected":false},"featured_media":148051,"template":"","meta":{"_acf_changed":false},"product_brand":[],"product_cat":[4662],"product_tag":[4670],"class_list":{"0":"post-148052","1":"product","2":"type-product","3":"status-publish","4":"has-post-thumbnail","6":"product_cat-plejd-tillbehor","7":"product_tag-plejd","8":"product_shipping_class-postnord-varubrev","9":"pa_brands-plejd","10":"tm-has-options","12":"first","13":"instock","14":"sale","15":"taxable","16":"shipping-taxable","17":"purchasable","18":"product-type-simple"},"acf":[],"_links":{"self":[{"href":"https:\/\/secureus.se\/fr\/wp-json\/wp\/v2\/product\/148052","targetHints":{"allow":["GET"]}}],"collection":[{"href":"https:\/\/secureus.se\/fr\/wp-json\/wp\/v2\/product"}],"about":[{"href":"https:\/\/secureus.se\/fr\/wp-json\/wp\/v2\/types\/product"}],"wp:featuredmedia":[{"embeddable":true,"href":"https:\/\/secureus.se\/fr\/wp-json\/wp\/v2\/media\/148051"}],"wp:attachment":[{"href":"https:\/\/secureus.se\/fr\/wp-json\/wp\/v2\/media?parent=148052"}],"wp:term":[{"taxonomy":"product_brand","embeddable":true,"href":"https:\/\/secureus.se\/fr\/wp-json\/wp\/v2\/product_brand?post=148052"},{"taxonomy":"product_cat","embeddable":true,"href":"https:\/\/secureus.se\/fr\/wp-json\/wp\/v2\/product_cat?post=148052"},{"taxonomy":"product_tag","embeddable":true,"href":"https:\/\/secureus.se\/fr\/wp-json\/wp\/v2\/product_tag?post=148052"}],"curies":[{"name":"wp","href":"https:\/\/api.w.org\/{rel}","templated":true}]}}