{"id":148054,"date":"2025-02-25T12:22:24","date_gmt":"2025-02-25T11:22:24","guid":{"rendered":"https:\/\/secureus.se\/?post_type=product&#038;p=148054"},"modified":"2026-04-08T16:28:59","modified_gmt":"2026-04-08T14:28:59","slug":"plejd-smart-plug-spr-01-on-off-16a-mesh-bluetooth","status":"publish","type":"product","link":"https:\/\/secureus.se\/fr\/plejd-smart-plug-spr-01-on-off-16a-mesh-bluetooth\/","title":{"rendered":"Prise intelligente Plejd SPR-01 marche\/arr\u00eat 16 A Mesh Bluetooth"},"content":{"rendered":"<h1 data-start=\"542\" data-end=\"607\"><strong data-start=\"546\" data-end=\"605\">Rendez vos appareils \u00e9lectriques intelligents avec la prise intelligente Plejd<\/strong><\/h1>\n<p data-start=\"608\" data-end=\"875\">La prise intelligente Plejd SPR-01 est une <strong data-start=\"638\" data-end=\"670\">solution flexible et puissante<\/strong> pour contr\u00f4ler l&#039;\u00e9clairage et les appareils \u00e9lectriques \u00e0 la maison ou au travail.<\/p>\n<p data-start=\"608\" data-end=\"875\">Par <strong data-start=\"763\" data-end=\"801\">facilement connect\u00e9 \u00e0 une prise murale<\/strong> donne SPR-01 <strong data-start=\"813\" data-end=\"872\">contr\u00f4le complet des appareils jusqu&#039;\u00e0 16 A (3 600 W)<\/strong>.<\/p>\n<p data-start=\"877\" data-end=\"1108\">Il peut \u00eatre contr\u00f4l\u00e9 via <strong data-start=\"896\" data-end=\"911\">L&#039;application Plejd<\/strong>, via d&#039;autres appareils Plejd ou manuellement via le <strong data-start=\"962\" data-end=\"985\">bouton int\u00e9gr\u00e9<\/strong> sur la page.<\/p>\n<p data-start=\"877\" data-end=\"1108\">Pour le contr\u00f4le \u00e0 distance et l&#039;int\u00e9gration avec Google Home, Apple HomeKit\u00ae, Alexa et Homey, un <strong data-start=\"1088\" data-end=\"1105\">Passerelle \u00e0 carreaux<\/strong>.<\/p>\n<h3 data-start=\"1110\" data-end=\"1167\"><strong data-start=\"1114\" data-end=\"1165\">Contr\u00f4le marche\/arr\u00eat fluide pour des installations simples<\/strong><\/h3>\n<p data-start=\"1168\" data-end=\"1294\">SPR-01 est <strong data-start=\"1178\" data-end=\"1211\">parfait pour allumer et \u00e9teindre<\/strong> appareils \u00e9lectriques, mais sont <strong data-start=\"1239\" data-end=\"1252\">non dimmable<\/strong>. Cela le rend optimal pour les appareils tels que\u00a0:<\/p>\n<ul data-start=\"1296\" data-end=\"1436\">\n<li data-start=\"1296\" data-end=\"1313\"><strong data-start=\"1298\" data-end=\"1311\">\u00c9clairage<\/strong><\/li>\n<li data-start=\"1314\" data-end=\"1334\"><strong data-start=\"1316\" data-end=\"1332\">Radiateurs soufflants<\/strong><\/li>\n<li data-start=\"1335\" data-end=\"1356\"><strong data-start=\"1337\" data-end=\"1354\">Cafeti\u00e8re<\/strong><\/li>\n<li data-start=\"1357\" data-end=\"1391\"><strong data-start=\"1359\" data-end=\"1389\">Bornes de recharge pour v\u00e9los \u00e9lectriques<\/strong><\/li>\n<li data-start=\"1392\" data-end=\"1436\"><strong data-start=\"1394\" data-end=\"1434\">Autres charges \u00e9lectriques jusqu&#039;\u00e0 16A<\/strong><\/li>\n<\/ul>\n<p data-start=\"1438\" data-end=\"1594\">Cela fonctionne \u00e0 la fois <strong data-start=\"1456\" data-end=\"1470\">ind\u00e9pendant<\/strong> et dans le cadre d&#039;un <strong data-start=\"1493\" data-end=\"1515\">R\u00e9seau maill\u00e9 \u00e0 carreaux<\/strong>, o\u00f9 le signal peut <strong data-start=\"1534\" data-end=\"1571\">\u00e9tendu via d&#039;autres appareils Plejd<\/strong> pour une meilleure couverture.<\/p>\n<h3 data-start=\"1596\" data-end=\"1643\"><strong data-start=\"1600\" data-end=\"1641\">Gestion intelligente du temps et automatisation<\/strong><\/h3>\n<p data-start=\"1644\" data-end=\"1765\">En plus d&#039;un simple contr\u00f4le marche\/arr\u00eat, le SPR-01 dispose d&#039;un <strong data-start=\"1692\" data-end=\"1710\">fonctions temporelles<\/strong>, ce qui le rend id\u00e9al pour le contr\u00f4le automatis\u00e9.<\/p>\n<p data-start=\"1767\" data-end=\"2083\">\u2714 <strong data-start=\"1769\" data-end=\"1778\">Minuteur<\/strong> \u2013 D\u00e9finir un arr\u00eat automatique apr\u00e8s un certain temps.<br data-start=\"1834\" data-end=\"1837\" \/>\u2714 <strong data-start=\"1839\" data-end=\"1851\">Montre Astro<\/strong> \u2013 Synchronisez l\u2019appareil avec le lever et le coucher du soleil.<br data-start=\"1903\" data-end=\"1906\" \/>\u2714 <strong data-start=\"1908\" data-end=\"1919\">Horloge hebdomadaire<\/strong> \u2013 Programmez les appareils pour qu\u2019ils s\u2019allument et s\u2019\u00e9teignent \u00e0 des heures pr\u00e9cises.<br data-start=\"1986\" data-end=\"1989\" \/>\u2714 <strong data-start=\"1991\" data-end=\"2004\">Sc\u00e9nario<\/strong> \u2013 Utilis\u00e9 avec l\u2019application Plejd pour contr\u00f4ler plusieurs appareils simultan\u00e9ment.<\/p>\n<h3 data-start=\"2085\" data-end=\"2127\"><strong data-start=\"2089\" data-end=\"2125\">Contr\u00f4le flexible et facile \u00e0 utiliser<\/strong><\/h3>\n<p data-start=\"2128\" data-end=\"2162\">Le SPR-01 peut \u00eatre contr\u00f4l\u00e9 de plusieurs mani\u00e8res :<\/p>\n<ul data-start=\"2164\" data-end=\"2374\">\n<li data-start=\"2164\" data-end=\"2201\"><strong data-start=\"2166\" data-end=\"2181\">L&#039;application Plejd<\/strong> (iOS et Android)<\/li>\n<li data-start=\"2202\" data-end=\"2248\"><strong data-start=\"2204\" data-end=\"2246\">Boutons poussoirs ou autres dispositifs Plejd<\/strong><\/li>\n<li data-start=\"2249\" data-end=\"2289\"><strong data-start=\"2251\" data-end=\"2287\">Le bouton int\u00e9gr\u00e9 sur le c\u00f4t\u00e9<\/strong><\/li>\n<li data-start=\"2290\" data-end=\"2374\"><strong data-start=\"2292\" data-end=\"2350\">Contr\u00f4le vocal via Google Home, Apple HomeKit\u00ae et Alexa<\/strong> <em data-start=\"2351\" data-end=\"2372\">(par l&#039;interm\u00e9diaire de Plaid Gateway)<\/em><\/li>\n<\/ul>\n<p data-start=\"2376\" data-end=\"2516\">Que vous souhaitiez <strong data-start=\"2395\" data-end=\"2420\">programmer l&#039;\u00e9clairage<\/strong> ou <strong data-start=\"2427\" data-end=\"2462\">appareils \u00e9lectriques t\u00e9l\u00e9command\u00e9s<\/strong> Le SPR-01 offre une <strong data-start=\"2482\" data-end=\"2513\">solution simple et polyvalente<\/strong>.<\/p>\n<h3 data-start=\"2518\" data-end=\"2558\"><strong data-start=\"2522\" data-end=\"2556\">Caract\u00e9ristiques et avantages du produit<\/strong><\/h3>\n<p data-start=\"2560\" data-end=\"3171\">\u2714 <strong data-start=\"2562\" data-end=\"2612\">Contr\u00f4le sans fil via Bluetooth\u00ae et Plejd mesh<\/strong><br data-start=\"2612\" data-end=\"2615\" \/>\u2714 <strong data-start=\"2617\" data-end=\"2649\">Charge maximale de 16 A (3 600 W)<\/strong> \u2013 Peut g\u00e9rer des appareils \u00e9lectriques puissants<br data-start=\"2690\" data-end=\"2693\" \/>\u2714 <strong data-start=\"2695\" data-end=\"2721\">Commande marche\/arr\u00eat manuelle<\/strong> via le bouton int\u00e9gr\u00e9<br data-start=\"2742\" data-end=\"2745\" \/>\u2714 <strong data-start=\"2747\" data-end=\"2792\">Fonctions horaires (horloge astronomique, horloge hebdomadaire, minuterie)<\/strong><br data-start=\"2792\" data-end=\"2795\" \/>\u2714 <strong data-start=\"2797\" data-end=\"2847\">Possibilit\u00e9 de contr\u00f4le \u00e0 distance via Plejd Gateway<\/strong><br data-start=\"2847\" data-end=\"2850\" \/>\u2714 <strong data-start=\"2852\" data-end=\"2908\">Compatible avec Google Home, Apple HomeKit\u00ae et Alexa<\/strong> <em data-start=\"2909\" data-end=\"2930\">(par l&#039;interm\u00e9diaire de Plaid Gateway)<\/em><br data-start=\"2930\" data-end=\"2933\" \/>\u2714 <strong data-start=\"2935\" data-end=\"2987\">\u00c9conome en \u00e9nergie avec une faible consommation en veille (0,3 W)<\/strong><br data-start=\"2987\" data-end=\"2990\" \/>\u2714 <strong data-start=\"2992\" data-end=\"3022\">Design compact et \u00e9l\u00e9gant<\/strong> \u2013 S\u2019int\u00e8gre dans tous les environnements<br data-start=\"3050\" data-end=\"3053\" \/>\u2714 <strong data-start=\"3055\" data-end=\"3078\">Protection contre la surchauffe<\/strong> pour une utilisation en toute s\u00e9curit\u00e9<br data-start=\"3099\" data-end=\"3102\" \/>\u2714 <strong data-start=\"3104\" data-end=\"3139\">Port\u00e9e radio jusqu&#039;\u00e0 10 m\u00e8tres<\/strong> <em data-start=\"3140\" data-end=\"3169\">(peut \u00eatre \u00e9tendu avec un maillage Plaid)<\/em><\/p>\n<h3 data-start=\"3173\" data-end=\"3207\"><strong data-start=\"3177\" data-end=\"3205\">Sp\u00e9cifications techniques<\/strong><\/h3>\n<ul data-start=\"3209\" data-end=\"3638\">\n<li data-start=\"3209\" data-end=\"3231\"><strong data-start=\"3211\" data-end=\"3222\">Mod\u00e8le:<\/strong> SPR-01<\/li>\n<li data-start=\"3232\" data-end=\"3264\"><strong data-start=\"3234\" data-end=\"3250\">Tension secteur :<\/strong> 230V \/ 50Hz<\/li>\n<li data-start=\"3265\" data-end=\"3294\"><strong data-start=\"3267\" data-end=\"3279\">Charge maximale :<\/strong> 16A (3600W)<\/li>\n<li data-start=\"3295\" data-end=\"3350\"><strong data-start=\"3297\" data-end=\"3313\">Syst\u00e8me radio:<\/strong> Maillage 2,4 GHz, Bluetooth\u00ae (&lt;10 dBm)<\/li>\n<li data-start=\"3351\" data-end=\"3396\"><strong data-start=\"3353\" data-end=\"3371\">Port\u00e9e radio :<\/strong> Environ 10 m\u00e8tres \u00e0 l&#039;int\u00e9rieur<\/li>\n<li data-start=\"3397\" data-end=\"3430\"><strong data-start=\"3399\" data-end=\"3419\">Temp\u00e9rature de fonctionnement :<\/strong> 0 \u2013 35\u00b0C<\/li>\n<li data-start=\"3431\" data-end=\"3473\"><strong data-start=\"3433\" data-end=\"3449\">Environnement d&#039;exploitation :<\/strong> Uniquement \u00e0 l&#039;int\u00e9rieur (IP20)<\/li>\n<li data-start=\"3474\" data-end=\"3505\"><strong data-start=\"3476\" data-end=\"3492\">Dimensions:<\/strong> 66 x 43 mm<\/li>\n<li data-start=\"3506\" data-end=\"3533\"><strong data-start=\"3508\" data-end=\"3526\">Consommation en veille :<\/strong> 0,3 W<\/li>\n<li data-start=\"3534\" data-end=\"3568\"><strong data-start=\"3536\" data-end=\"3546\">Protection:<\/strong> Protection contre la surchauffe<\/li>\n<li data-start=\"3569\" data-end=\"3638\"><strong data-start=\"3571\" data-end=\"3580\">Peinture:<\/strong> Disponible en blanc et noir (num\u00e9ro E 13 777 40 \/ 13 777 41)<\/li>\n<\/ul>\n<h3 data-start=\"3640\" data-end=\"3682\"><strong data-start=\"3644\" data-end=\"3680\">Installation facile \u2013 Plug &amp; Play<\/strong><\/h3>\n<p data-start=\"3683\" data-end=\"3735\">Aucune installation avanc\u00e9e requise\u00a0! Voici comment :<\/p>\n<ol data-start=\"3737\" data-end=\"3988\">\n<li data-start=\"3737\" data-end=\"3775\"><strong data-start=\"3740\" data-end=\"3773\">Branchez le SPR-01 sur une prise \u00e9lectrique.<\/strong><\/li>\n<li data-start=\"3776\" data-end=\"3814\"><strong data-start=\"3779\" data-end=\"3812\">Connectez l&#039;appareil que vous souhaitez contr\u00f4ler.<\/strong><\/li>\n<li data-start=\"3815\" data-end=\"3865\"><strong data-start=\"3818\" data-end=\"3847\">Associez-vous \u00e0 l&#039;application Plejd<\/strong> par Bluetooth\u00ae.<\/li>\n<li data-start=\"3866\" data-end=\"3930\"><strong data-start=\"3869\" data-end=\"3915\">Configurer des fonctions temporelles ou des sc\u00e9narios<\/strong> selon les besoins.<\/li>\n<li data-start=\"3931\" data-end=\"3988\"><strong data-start=\"3934\" data-end=\"3965\">Contr\u00f4le \u00e0 distance avec Plejd Gateway<\/strong> <em data-start=\"3966\" data-end=\"3985\">(si disponible)<\/em>.<\/li>\n<\/ol>\n<p data-start=\"3990\" data-end=\"4114\">Dans quelques minutes vous aurez <strong data-start=\"4016\" data-end=\"4067\">contr\u00f4le total sur vos appareils connect\u00e9s<\/strong>, directement via l&#039;application ou d&#039;autres appareils Plejd !<\/p>\n<h3 data-start=\"4116\" data-end=\"4182\"><strong data-start=\"4120\" data-end=\"4180\">Id\u00e9al pour les maisons intelligentes et les installations professionnelles<\/strong><\/h3>\n<p data-start=\"4183\" data-end=\"4418\">La prise intelligente Plejd SPR-01 est une <strong data-start=\"4213\" data-end=\"4276\">solution id\u00e9ale pour un usage priv\u00e9 et commercial<\/strong>.<\/p>\n<p data-start=\"4183\" data-end=\"4418\">Parfait pour <strong data-start=\"4290\" data-end=\"4304\">maisons intelligentes<\/strong>, <strong data-start=\"4306\" data-end=\"4317\">magasins<\/strong>, <strong data-start=\"4319\" data-end=\"4329\">bureau<\/strong>, <strong data-start=\"4331\" data-end=\"4341\">H\u00f4tel<\/strong> et d\u2019autres environnements o\u00f9 <strong data-start=\"4364\" data-end=\"4415\">le contr\u00f4le sans fil des appareils \u00e9lectriques est n\u00e9cessaire<\/strong>.<\/p>\n<h3 data-start=\"4420\" data-end=\"4438\"><strong data-start=\"4424\" data-end=\"4436\">Conclusion<\/strong><\/h3>\n<p data-start=\"4439\" data-end=\"4819\">La prise intelligente Plejd SPR-01 est <strong data-start=\"4466\" data-end=\"4503\">une solution puissante et flexible<\/strong> pour automatiser et contr\u00f4ler \u00e0 distance <strong data-start=\"4540\" data-end=\"4576\">\u00e9clairage et appareils \u00e9lectriques<\/strong>.<\/p>\n<p data-start=\"4439\" data-end=\"4819\">Avec <strong data-start=\"4582\" data-end=\"4632\">contr\u00f4le sans fil via Bluetooth\u00ae et Plejd mesh<\/strong>, <strong data-start=\"4634\" data-end=\"4652\">fonctions temporelles<\/strong> et <strong data-start=\"4657\" data-end=\"4707\">possibilit\u00e9 de contr\u00f4le \u00e0 distance via Plejd Gateway<\/strong>, est-ce un <strong data-start=\"4721\" data-end=\"4739\">appareil indispensable<\/strong> pour tous ceux qui en veulent un <strong data-start=\"4765\" data-end=\"4816\">Maison ou lieu de travail intelligent et \u00e9conome en \u00e9nergie<\/strong>.<\/p>","protected":false},"excerpt":{"rendered":"<p>Plejd Smart Plug SPR-01 est une prise intelligente sans fil qui contr\u00f4le l&#039;\u00e9clairage et les appareils jusqu&#039;\u00e0 16 A (3 600 W).<\/p>\n<p>Contr\u00f4le via l&#039;application Plejd, d&#039;autres produits Plejd ou le bouton int\u00e9gr\u00e9.<\/p>\n<p>Prise en charge de la minuterie, de l&#039;astronomie et de l&#039;horloge hebdomadaire.<\/p>\n<p>Peut \u00eatre int\u00e9gr\u00e9 \u00e0 des syst\u00e8mes tiers via Plejd Gateway.<\/p>\n<p>IP20, pour une utilisation en int\u00e9rieur uniquement.<\/p>","protected":false},"featured_media":148053,"template":"","meta":{"_acf_changed":false},"product_brand":[],"product_cat":[4659],"product_tag":[4670],"class_list":{"0":"post-148054","1":"product","2":"type-product","3":"status-publish","4":"has-post-thumbnail","6":"product_cat-plejd-plugg","7":"product_tag-plejd","8":"product_shipping_class-postnord-varubrev","9":"pa_farg-vit","10":"tm-has-options","12":"first","13":"instock","14":"sale","15":"taxable","16":"shipping-taxable","17":"purchasable","18":"product-type-simple"},"acf":[],"_links":{"self":[{"href":"https:\/\/secureus.se\/fr\/wp-json\/wp\/v2\/product\/148054","targetHints":{"allow":["GET"]}}],"collection":[{"href":"https:\/\/secureus.se\/fr\/wp-json\/wp\/v2\/product"}],"about":[{"href":"https:\/\/secureus.se\/fr\/wp-json\/wp\/v2\/types\/product"}],"wp:featuredmedia":[{"embeddable":true,"href":"https:\/\/secureus.se\/fr\/wp-json\/wp\/v2\/media\/148053"}],"wp:attachment":[{"href":"https:\/\/secureus.se\/fr\/wp-json\/wp\/v2\/media?parent=148054"}],"wp:term":[{"taxonomy":"product_brand","embeddable":true,"href":"https:\/\/secureus.se\/fr\/wp-json\/wp\/v2\/product_brand?post=148054"},{"taxonomy":"product_cat","embeddable":true,"href":"https:\/\/secureus.se\/fr\/wp-json\/wp\/v2\/product_cat?post=148054"},{"taxonomy":"product_tag","embeddable":true,"href":"https:\/\/secureus.se\/fr\/wp-json\/wp\/v2\/product_tag?post=148054"}],"curies":[{"name":"wp","href":"https:\/\/api.w.org\/{rel}","templated":true}]}}