{"id":148056,"date":"2025-02-25T12:22:25","date_gmt":"2025-02-25T11:22:25","guid":{"rendered":"https:\/\/secureus.se\/?post_type=product&#038;p=148056"},"modified":"2026-04-23T10:17:53","modified_gmt":"2026-04-23T08:17:53","slug":"plejd-led-driver-led-10-10w-150-700ma-12-24v","status":"publish","type":"product","link":"https:\/\/secureus.se\/fr\/plejd-led-driver-led-10-10w-150-700ma-12-24v\/","title":{"rendered":"Pilote LED Plejd LED-10 10W 150-700mA 12\/24V"},"content":{"rendered":"<h1 data-start=\"524\" data-end=\"583\"><strong data-start=\"528\" data-end=\"581\">Contr\u00f4le LED fluide et flexible avec Plejd LED-10<\/strong><\/h1>\n<p data-start=\"584\" data-end=\"925\">Le pilote LED Plejd LED-10 est un <strong data-start=\"614\" data-end=\"653\">Driver LED compact et intelligent<\/strong> avec int\u00e9gr\u00e9 <strong data-start=\"666\" data-end=\"684\">fonction variateur<\/strong>, parfait pour contr\u00f4ler des luminaires LED individuels ou des bandes LED.<\/p>\n<p data-start=\"584\" data-end=\"925\">Avec <strong data-start=\"753\" data-end=\"789\">contr\u00f4le sans fil via l&#039;application Plejd<\/strong> et le soutien pour <strong data-start=\"803\" data-end=\"849\">bouton poussoir \u00e0 ressort ou capteur de mouvement<\/strong>, il est id\u00e9al pour <strong data-start=\"871\" data-end=\"922\">solutions d&#039;\u00e9clairage modernes et \u00e9conomes en \u00e9nergie<\/strong>.<\/p>\n<p data-start=\"927\" data-end=\"1192\">LED-10 est <strong data-start=\"937\" data-end=\"1006\">parfait pour les charges \u00e0 courant constant (CC) et \u00e0 tension constante (CV)<\/strong> et offres <strong data-start=\"1020\" data-end=\"1044\">gradation de 1 \u00e0 100 %<\/strong> sans scintillement.<\/p>\n<p data-start=\"927\" data-end=\"1192\">Le produit est facile \u00e0 installer <strong data-start=\"1088\" data-end=\"1133\">dans un bo\u00eetier d&#039;appareil, sur un mur ou sur un rail DIN<\/strong> avec l&#039;aide de <strong data-start=\"1147\" data-end=\"1189\">Clip de montage (MNT-01, non inclus)<\/strong>.<\/p>\n<h3 data-start=\"1194\" data-end=\"1248\"><strong data-start=\"1198\" data-end=\"1246\">Contr\u00f4le d&#039;\u00e9clairage sans fil et automatis\u00e9<\/strong><\/h3>\n<p data-start=\"1249\" data-end=\"1323\">La LED-10 peut \u00eatre contr\u00f4l\u00e9e de plusieurs mani\u00e8res pour ajuster la luminosit\u00e9 selon les besoins :<\/p>\n<p data-start=\"1325\" data-end=\"1705\">\u2714 <strong data-start=\"1327\" data-end=\"1342\">L&#039;application Plejd<\/strong> \u2013 Contr\u00f4lez l\u2019\u00e9clairage directement via mobile ou tablette.<br data-start=\"1403\" data-end=\"1406\" \/>\u2714 <strong data-start=\"1408\" data-end=\"1436\">Bouton poussoir \u00e0 ressort de rappel<\/strong> \u2013 Contr\u00f4le manuel facile en cas de besoin.<br data-start=\"1472\" data-end=\"1475\" \/>\u2714 <strong data-start=\"1477\" data-end=\"1492\">D\u00e9tecteur de mouvement<\/strong> \u2013 Automatisez le contr\u00f4le de l\u2019\u00e9clairage en fonction du mouvement.<br data-start=\"1540\" data-end=\"1543\" \/>\u2714 <strong data-start=\"1545\" data-end=\"1558\">Sc\u00e9nario<\/strong> \u2013 Utilisez l\u2019application Plejd pour contr\u00f4ler plusieurs appareils simultan\u00e9ment.<br data-start=\"1618\" data-end=\"1621\" \/>\u2714 <strong data-start=\"1623\" data-end=\"1641\">Fonctions temporelles<\/strong> \u2013 Int\u00e9gr\u00e9 <strong data-start=\"1652\" data-end=\"1674\">horloge astro et hebdomadaire<\/strong> pour le contr\u00f4le automatique de l&#039;\u00e9clairage.<\/p>\n<p data-start=\"1707\" data-end=\"1847\">Par <strong data-start=\"1713\" data-end=\"1734\">Technologie Plaid-Mesh<\/strong> peut LED-10 <strong data-start=\"1746\" data-end=\"1785\">communiquer avec d&#039;autres appareils Plejd<\/strong> pour cr\u00e9er un <strong data-start=\"1803\" data-end=\"1844\">solution d&#039;\u00e9clairage stable et flexible<\/strong>.<\/p>\n<h3 data-start=\"1849\" data-end=\"1901\"><strong data-start=\"1853\" data-end=\"1899\">Contr\u00f4le LED \u00e0 haute compatibilit\u00e9 et \u00e0 intensit\u00e9 variable<\/strong><\/h3>\n<p data-start=\"1902\" data-end=\"2046\">LED-10 est <strong data-start=\"1912\" data-end=\"1980\">compatible avec le courant constant (CC) et la tension constante (CV)<\/strong>, ce qui le rend <strong data-start=\"1997\" data-end=\"2043\">parfait pour de nombreuses installations LED diff\u00e9rentes<\/strong>.<\/p>\n<table data-start=\"2048\" data-end=\"2251\">\n<thead data-start=\"2048\" data-end=\"2083\">\n<tr data-start=\"2048\" data-end=\"2083\">\n<th data-start=\"2048\" data-end=\"2063\"><strong data-start=\"2050\" data-end=\"2061\">Type de charge<\/strong><\/th>\n<th data-start=\"2063\" data-end=\"2083\"><strong data-start=\"2065\" data-end=\"2081\">Gamme de puissance<\/strong><\/th>\n<\/tr>\n<\/thead>\n<tbody data-start=\"2117\" data-end=\"2251\">\n<tr data-start=\"2117\" data-end=\"2138\">\n<td><strong data-start=\"2119\" data-end=\"2129\">150 mA<\/strong><\/td>\n<td>1\u20134W<\/td>\n<\/tr>\n<tr data-start=\"2139\" data-end=\"2160\">\n<td><strong data-start=\"2141\" data-end=\"2151\">350 mA<\/strong><\/td>\n<td>1\u20139 W<\/td>\n<\/tr>\n<tr data-start=\"2161\" data-end=\"2183\">\n<td><strong data-start=\"2163\" data-end=\"2173\">500 mA<\/strong><\/td>\n<td>1\u201310 W<\/td>\n<\/tr>\n<tr data-start=\"2184\" data-end=\"2206\">\n<td><strong data-start=\"2186\" data-end=\"2196\">700 mA<\/strong><\/td>\n<td>1\u201310 W<\/td>\n<\/tr>\n<tr data-start=\"2207\" data-end=\"2228\">\n<td><strong data-start=\"2209\" data-end=\"2219\">12 V CC<\/strong><\/td>\n<td>0\u20138 W<\/td>\n<\/tr>\n<tr data-start=\"2229\" data-end=\"2251\">\n<td><strong data-start=\"2231\" data-end=\"2241\">24 V CC<\/strong><\/td>\n<td>0\u201310 W<\/td>\n<\/tr>\n<\/tbody>\n<\/table>\n<p data-start=\"2253\" data-end=\"2464\">LED-10 assure <strong data-start=\"2273\" data-end=\"2312\">transitions de gradation douces et pr\u00e9cises<\/strong>, et le <strong data-start=\"2322\" data-end=\"2351\">technologie de protection avanc\u00e9e<\/strong> comprend <strong data-start=\"2363\" data-end=\"2409\">protection contre les courts-circuits et protection contre la surchauffe<\/strong>, qui garantit une <strong data-start=\"2432\" data-end=\"2461\">fonctionnement s\u00fbr et durable<\/strong>.<\/p>\n<h3 data-start=\"2466\" data-end=\"2509\"><strong data-start=\"2470\" data-end=\"2507\">Installation facile dans tous les environnements<\/strong><\/h3>\n<p data-start=\"2510\" data-end=\"2562\">Le LED-10 peut \u00eatre facilement install\u00e9 de plusieurs mani\u00e8res diff\u00e9rentes\u00a0:<\/p>\n<ul data-start=\"2564\" data-end=\"2729\">\n<li data-start=\"2564\" data-end=\"2619\"><strong data-start=\"2566\" data-end=\"2583\">Dans la bo\u00eete de l&#039;appareil<\/strong> \u2013 Derri\u00e8re un bouton poussoir ou un couvercle de bo\u00eete.<\/li>\n<li data-start=\"2620\" data-end=\"2659\"><strong data-start=\"2622\" data-end=\"2633\">Sur le mur<\/strong> \u2013 Mont\u00e9 avec des vis.<\/li>\n<li data-start=\"2660\" data-end=\"2729\"><strong data-start=\"2662\" data-end=\"2678\">Sur rail DIN<\/strong> \u2013 N\u00e9cessite un clip de montage (MNT-01, non inclus).<\/li>\n<\/ul>\n<p data-start=\"2731\" data-end=\"2842\">Le <strong data-start=\"2735\" data-end=\"2770\">conception compacte (46x46x18 mm)<\/strong> rend l&#039;unit\u00e9 facile \u00e0 installer m\u00eame dans des espaces d&#039;installation restreints.<\/p>\n<h3 data-start=\"2844\" data-end=\"2884\"><strong data-start=\"2848\" data-end=\"2882\">Caract\u00e9ristiques et avantages du produit<\/strong><\/h3>\n<p data-start=\"2886\" data-end=\"3461\">\u2714 <strong data-start=\"2888\" data-end=\"2920\">Contr\u00f4le LED \u00e0 intensit\u00e9 variable (1\u2013100%)<\/strong> \u2013 Parfait pour les luminaires LED et les bandes LED.<br data-start=\"2969\" data-end=\"2972\" \/>\u2714 <strong data-start=\"2974\" data-end=\"3024\">Contr\u00f4le sans fil via Plejd mesh et Bluetooth\u00ae<\/strong>.<br data-start=\"3025\" data-end=\"3028\" \/>\u2714 <strong data-start=\"3030\" data-end=\"3110\">Puissance maximale 10 W \u2013 Prise en charge du courant constant (CC) et de la tension constante (CV).<\/strong><br data-start=\"3110\" data-end=\"3113\" \/>\u2714 <strong data-start=\"3115\" data-end=\"3142\">\u00c9clairage automatis\u00e9<\/strong> \u2013 Horloge astronomique et hebdomadaire int\u00e9gr\u00e9e.<br data-start=\"3172\" data-end=\"3175\" \/>\u2714 <strong data-start=\"3177\" data-end=\"3199\">Prise en charge des sc\u00e9narios<\/strong> \u2013 Int\u00e9gration transparente avec d\u2019autres appareils Plejd.<br data-start=\"3245\" data-end=\"3248\" \/>\u2714 <strong data-start=\"3250\" data-end=\"3278\">Faible consommation en veille (0,3 W)<\/strong> \u2013 Efficacit\u00e9 \u00e9nerg\u00e9tique.<br data-start=\"3296\" data-end=\"3299\" \/>\u2714 <strong data-start=\"3301\" data-end=\"3320\">Protection avanc\u00e9e<\/strong> \u2013 Protection contre les courts-circuits et les surchauffes.<br data-start=\"3362\" data-end=\"3365\" \/>\u2714 <strong data-start=\"3367\" data-end=\"3404\">Installation compacte et flexible<\/strong> \u2013 Peut \u00eatre mont\u00e9 dans une bo\u00eete de jonction, sur un mur ou sur un rail DIN.<\/p>\n<h3 data-start=\"3463\" data-end=\"3497\"><strong data-start=\"3467\" data-end=\"3495\">Sp\u00e9cifications techniques<\/strong><\/h3>\n<ul data-start=\"3499\" data-end=\"4026\">\n<li data-start=\"3499\" data-end=\"3521\"><strong data-start=\"3501\" data-end=\"3512\">Mod\u00e8le:<\/strong> LED-10<\/li>\n<li data-start=\"3522\" data-end=\"3565\"><strong data-start=\"3524\" data-end=\"3540\">Tension secteur :<\/strong> 230 V \/ 50 Hz, 0,15 A max.<\/li>\n<li data-start=\"3566\" data-end=\"3593\"><strong data-start=\"3568\" data-end=\"3586\">Consommation en veille :<\/strong> 0,3 W<\/li>\n<li data-start=\"3594\" data-end=\"3633\"><strong data-start=\"3596\" data-end=\"3616\">Temp\u00e9rature de fonctionnement :<\/strong> -20 \u00e0 +35\u00b0C<\/li>\n<li data-start=\"3634\" data-end=\"3666\"><strong data-start=\"3636\" data-end=\"3652\">Dimensions:<\/strong> 46x46x18mm<\/li>\n<li data-start=\"3667\" data-end=\"3697\"><strong data-start=\"3669\" data-end=\"3683\">Zone de c\u00e2ble :<\/strong> 0,5\u20134,0 mm\u00b2<\/li>\n<li data-start=\"3698\" data-end=\"3731\"><strong data-start=\"3700\" data-end=\"3720\">Tension de sortie :<\/strong> 3\u201328 V CC<\/li>\n<li data-start=\"3732\" data-end=\"3758\"><strong data-start=\"3734\" data-end=\"3750\">Pouvoir de coupure :<\/strong> 1\u201310 W<\/li>\n<li data-start=\"3759\" data-end=\"3813\"><strong data-start=\"3761\" data-end=\"3771\">Protection:<\/strong> Protection contre la surchauffe, protection contre les courts-circuits<\/li>\n<li data-start=\"3814\" data-end=\"3863\"><strong data-start=\"3816\" data-end=\"3826\">Radio:<\/strong> Maillage 2,4 GHz, Bluetooth\u00ae (&lt;10 dBm)<\/li>\n<li data-start=\"3864\" data-end=\"3906\"><strong data-start=\"3866\" data-end=\"3884\">Port\u00e9e radio :<\/strong> Environ 10 m\u00e8tres \u00e0 l&#039;int\u00e9rieur<\/li>\n<li data-start=\"3907\" data-end=\"3929\"><strong data-start=\"3909\" data-end=\"3922\">Classe IP\u00a0:<\/strong> IP20<\/li>\n<li data-start=\"3930\" data-end=\"4026\"><strong data-start=\"3932\" data-end=\"3957\">Options de montage :<\/strong> Bo\u00eetier d&#039;appareillage, mural ou rail DIN (avec clip de montage, MNT-01)<\/li>\n<\/ul>\n<h3 data-start=\"4028\" data-end=\"4094\"><strong data-start=\"4032\" data-end=\"4092\">Id\u00e9al pour les maisons intelligentes et les installations professionnelles<\/strong><\/h3>\n<p data-start=\"4095\" data-end=\"4369\">Plejd LED-10 est id\u00e9al pour <strong data-start=\"4124\" data-end=\"4181\">propri\u00e9t\u00e9s r\u00e9sidentielles, de bureaux, d&#039;h\u00f4tels et commerciales<\/strong> o\u00f9 <strong data-start=\"4186\" data-end=\"4221\">Contr\u00f4le LED intelligent et flexible<\/strong> requis.<\/p>\n<p data-start=\"4095\" data-end=\"4369\">En utilisant <strong data-start=\"4247\" data-end=\"4268\">Technologie Plaid-Mesh<\/strong> peux-tu en cr\u00e9er un <strong data-start=\"4285\" data-end=\"4332\">solution d&#039;\u00e9clairage s\u00fbre, stable et sans fil<\/strong> sans n\u00e9cessiter de c\u00e2blage suppl\u00e9mentaire.<\/p>\n<p data-start=\"4371\" data-end=\"4554\">Peu importe que vous souhaitiez ou non <strong data-start=\"4393\" data-end=\"4469\">contr\u00f4le manuel, sc\u00e9narios automatis\u00e9s ou contr\u00f4le d&#039;\u00e9clairage \u00e0 distance<\/strong>, le LED-10 offre une <strong data-start=\"4490\" data-end=\"4517\">solution simple et intelligente<\/strong> pour tous types d&#039;\u00e9clairage LED.<\/p>\n<h3 data-start=\"4556\" data-end=\"4574\"><strong data-start=\"4560\" data-end=\"4572\">Conclusion<\/strong><\/h3>\n<p data-start=\"4575\" data-end=\"4858\">Plejd LED-10 est un <strong data-start=\"4594\" data-end=\"4637\">pilote LED avanc\u00e9 et \u00e9conome en \u00e9nergie<\/strong> ce qui donne <strong data-start=\"4646\" data-end=\"4680\">contr\u00f4le total de l&#039;\u00e9clairage<\/strong>. Avec <strong data-start=\"4686\" data-end=\"4755\">fonction dimmable, prise en charge de l&#039;application Plejd et fonctions de temps int\u00e9gr\u00e9es<\/strong> est-ce un <strong data-start=\"4768\" data-end=\"4788\">produit incontournable<\/strong> pour tous ceux qui veulent <strong data-start=\"4810\" data-end=\"4855\">Contr\u00f4le d&#039;\u00e9clairage fluide et intelligent<\/strong>.<\/p>\n<p data-start=\"2886\" data-end=\"3461\">","protected":false},"excerpt":{"rendered":"<p>Le pilote LED Plejd LED-10 est un pilote LED dimmable prenant en charge les charges \u00e0 courant constant (CC) et \u00e0 tension constante (CV) jusqu&#039;\u00e0 10 W.<\/p>\n<p>Contr\u00f4le sans fil via l&#039;application Plejd, bouton poussoir \u00e0 ressort ou capteur de mouvement.<\/p>\n<p>Fonctions de temps int\u00e9gr\u00e9es et prise en charge de sc\u00e9narios.<\/p>\n<p>Mont\u00e9 dans un bo\u00eetier d&#039;appareil, sur un mur ou sur un rail DIN.<\/p>","protected":false},"featured_media":148055,"template":"","meta":{"_acf_changed":false},"product_brand":[],"product_cat":[4660],"product_tag":[4670],"class_list":{"0":"post-148056","1":"product","2":"type-product","3":"status-publish","4":"has-post-thumbnail","6":"product_cat-plejd-relaer-led","7":"product_tag-plejd","8":"product_shipping_class-postnord-varubrev","9":"pa_brands-plejd","10":"tm-has-options","12":"first","13":"instock","14":"sale","15":"taxable","16":"shipping-taxable","17":"purchasable","18":"product-type-simple"},"acf":[],"_links":{"self":[{"href":"https:\/\/secureus.se\/fr\/wp-json\/wp\/v2\/product\/148056","targetHints":{"allow":["GET"]}}],"collection":[{"href":"https:\/\/secureus.se\/fr\/wp-json\/wp\/v2\/product"}],"about":[{"href":"https:\/\/secureus.se\/fr\/wp-json\/wp\/v2\/types\/product"}],"wp:featuredmedia":[{"embeddable":true,"href":"https:\/\/secureus.se\/fr\/wp-json\/wp\/v2\/media\/148055"}],"wp:attachment":[{"href":"https:\/\/secureus.se\/fr\/wp-json\/wp\/v2\/media?parent=148056"}],"wp:term":[{"taxonomy":"product_brand","embeddable":true,"href":"https:\/\/secureus.se\/fr\/wp-json\/wp\/v2\/product_brand?post=148056"},{"taxonomy":"product_cat","embeddable":true,"href":"https:\/\/secureus.se\/fr\/wp-json\/wp\/v2\/product_cat?post=148056"},{"taxonomy":"product_tag","embeddable":true,"href":"https:\/\/secureus.se\/fr\/wp-json\/wp\/v2\/product_tag?post=148056"}],"curies":[{"name":"wp","href":"https:\/\/api.w.org\/{rel}","templated":true}]}}