{"id":148058,"date":"2025-02-25T12:22:25","date_gmt":"2025-02-25T11:22:25","guid":{"rendered":"https:\/\/secureus.se\/?post_type=product&#038;p=148058"},"modified":"2026-03-26T11:06:07","modified_gmt":"2026-03-26T10:06:07","slug":"plejd-tryckknapp-tradlos-wph-01-sw-vit","status":"publish","type":"product","link":"https:\/\/secureus.se\/fr\/plejd-tryckknapp-tradlos-wph-01-sw-vit\/","title":{"rendered":"Bouton poussoir sans fil Plejd WPH-01-SW blanc"},"content":{"rendered":"<h1 data-start=\"514\" data-end=\"892\">Plejd WPH-01-SW est un bouton-poussoir sans fil et flexible qui permet un contr\u00f4le fluide d&#039;un ou plusieurs appareils Plejd.<\/h1>\n<p data-start=\"514\" data-end=\"892\">Il peut \u00eatre utilis\u00e9 pour contr\u00f4ler directement l&#039;\u00e9clairage, cr\u00e9er des connexions d&#039;escalier ou activer diff\u00e9rents sc\u00e9narios via l&#039;application Plejd.<\/p>\n<p data-start=\"514\" data-end=\"892\">L&#039;installation est simple et peut \u00eatre effectu\u00e9e \u00e0 l&#039;ext\u00e9rieur d&#039;un bo\u00eetier \u00e9lectrique standard avec des vis ou en le fixant directement au mur avec le ruban adh\u00e9sif fourni.<\/p>\n<p data-start=\"894\" data-end=\"1233\">Le bouton-poussoir utilise la technologie Bluetooth\u00ae mesh \u00e0 2,4 GHz et a une port\u00e9e radio d&#039;environ 10 m\u00e8tres en int\u00e9rieur.<\/p>\n<p data-start=\"894\" data-end=\"1233\">Veuillez noter que le WPH-01-SW n&#039;\u00e9tend pas la port\u00e9e du syst\u00e8me de maillage Plejd. Avec une dur\u00e9e de vie de la batterie impressionnante allant jusqu&#039;\u00e0 15 ans ou 200 000 clics (aliment\u00e9 par deux piles CR2032), ce bouton-poussoir est une solution fiable et \u00e0 long terme.<\/p>\n<p data-start=\"1235\" data-end=\"1559\">En termes de design, le bouton poussoir s&#039;int\u00e8gre parfaitement dans les environnements modernes avec son cadre blanc Exxact\u00ae et ses dimensions compactes de 71x71x14 mm.<\/p>\n<p data-start=\"1235\" data-end=\"1559\">Il est livr\u00e9 avec un rocker simple et double pour une flexibilit\u00e9 accrue. Il est fabriqu\u00e9 en thermoplastique de haute qualit\u00e9 avec une surface brillante et est class\u00e9 IP20, ce qui le rend adapt\u00e9 \u00e0 une utilisation en int\u00e9rieur.<\/p>\n<h3 data-start=\"1561\" data-end=\"1594\"><strong data-start=\"1565\" data-end=\"1594\">Sp\u00e9cifications techniques\u00a0:<\/strong><\/h3>\n<ul data-start=\"1595\" data-end=\"2122\">\n<li data-start=\"1595\" data-end=\"1650\"><strong data-start=\"1597\" data-end=\"1615\">Communication:<\/strong> Maillage Bluetooth\u00ae 2,4 GHz, &lt; 10 dBm<\/li>\n<li data-start=\"1651\" data-end=\"1696\"><strong data-start=\"1653\" data-end=\"1671\">Port\u00e9e radio :<\/strong> Environ 10 m\u00e8tres \u00e0 l&#039;int\u00e9rieur<\/li>\n<li data-start=\"1697\" data-end=\"1751\"><strong data-start=\"1699\" data-end=\"1714\">Autonomie de la batterie\u00a0:<\/strong> Jusqu&#039;\u00e0 15 ans ou 200 000 clics<\/li>\n<li data-start=\"1752\" data-end=\"1812\"><strong data-start=\"1754\" data-end=\"1775\">Alimentation\u00a0:<\/strong> 2 pi\u00e8ces Piles CR2032 (rempla\u00e7ables)<\/li>\n<li data-start=\"1813\" data-end=\"1887\"><strong data-start=\"1815\" data-end=\"1835\">M\u00e9thode de montage :<\/strong> Montage en surface avec vis ou ruban adh\u00e9sif<\/li>\n<li data-start=\"1888\" data-end=\"1913\"><strong data-start=\"1890\" data-end=\"1899\">Mesure:<\/strong> 71x71x14mm<\/li>\n<li data-start=\"1914\" data-end=\"1945\"><strong data-start=\"1916\" data-end=\"1934\">Plaque centrale :<\/strong> 55\u00d755mm<\/li>\n<li data-start=\"1946\" data-end=\"1990\"><strong data-start=\"1948\" data-end=\"1961\">Mat\u00e9riel:<\/strong> Thermoplastique, blanc (RAL 9003)<\/li>\n<li data-start=\"1991\" data-end=\"2021\"><strong data-start=\"1993\" data-end=\"2001\">Surface:<\/strong> Vierge, non trait\u00e9e<\/li>\n<li data-start=\"2022\" data-end=\"2065\"><strong data-start=\"2024\" data-end=\"2037\">Classe IP\u00a0:<\/strong> IP20 (usage int\u00e9rieur uniquement)<\/li>\n<li data-start=\"2066\" data-end=\"2122\"><strong data-start=\"2068\" data-end=\"2087\">Compatibilit\u00e9:<\/strong> Compatible avec le cadre Schneider Exxact\u00ae<\/li>\n<\/ul>\n<p data-start=\"2124\" data-end=\"2335\">Avec Plejd WPH-01-SW, vous obtenez une solution \u00e9l\u00e9gante et fonctionnelle pour le contr\u00f4le sans fil de votre \u00e9clairage intelligent.<\/p>\n<p data-start=\"2124\" data-end=\"2335\">Id\u00e9al pour les maisons, les bureaux ou autres environnements int\u00e9rieurs o\u00f9 la flexibilit\u00e9 et la facilit\u00e9 d&#039;installation sont prioritaires.<\/p>","protected":false},"excerpt":{"rendered":"<p>Plejd WPH-01-SW est un bouton-poussoir sans fil qui permet un contr\u00f4le fluide des produits Plejd.<\/p>\n<p>Il peut \u00eatre mont\u00e9 sur la surface avec du ruban adh\u00e9sif ou des vis et est facilement configur\u00e9 dans l&#039;application Plejd.<\/p>\n<p>Avec une autonomie de batterie allant jusqu&#039;\u00e0 15 ans et la technologie Bluetooth\u00ae Mesh, il s&#039;agit d&#039;une solution flexible et \u00e0 long terme pour le contr\u00f4le intelligent de l&#039;\u00e9clairage.<\/p>","protected":false},"featured_media":148057,"template":"","meta":{"_acf_changed":false},"product_brand":[],"product_cat":[4658],"product_tag":[],"class_list":{"0":"post-148058","1":"product","2":"type-product","3":"status-publish","4":"has-post-thumbnail","6":"product_cat-plejd-stromstallare","7":"product_shipping_class-tunga-paket","8":"pa_brands-plejd","9":"pa_farg-vit","10":"tm-has-options","12":"first","13":"instock","14":"sale","15":"taxable","16":"shipping-taxable","17":"purchasable","18":"product-type-simple"},"acf":[],"_links":{"self":[{"href":"https:\/\/secureus.se\/fr\/wp-json\/wp\/v2\/product\/148058","targetHints":{"allow":["GET"]}}],"collection":[{"href":"https:\/\/secureus.se\/fr\/wp-json\/wp\/v2\/product"}],"about":[{"href":"https:\/\/secureus.se\/fr\/wp-json\/wp\/v2\/types\/product"}],"wp:featuredmedia":[{"embeddable":true,"href":"https:\/\/secureus.se\/fr\/wp-json\/wp\/v2\/media\/148057"}],"wp:attachment":[{"href":"https:\/\/secureus.se\/fr\/wp-json\/wp\/v2\/media?parent=148058"}],"wp:term":[{"taxonomy":"product_brand","embeddable":true,"href":"https:\/\/secureus.se\/fr\/wp-json\/wp\/v2\/product_brand?post=148058"},{"taxonomy":"product_cat","embeddable":true,"href":"https:\/\/secureus.se\/fr\/wp-json\/wp\/v2\/product_cat?post=148058"},{"taxonomy":"product_tag","embeddable":true,"href":"https:\/\/secureus.se\/fr\/wp-json\/wp\/v2\/product_tag?post=148058"}],"curies":[{"name":"wp","href":"https:\/\/api.w.org\/{rel}","templated":true}]}}