{"id":148060,"date":"2025-02-25T12:22:25","date_gmt":"2025-02-25T11:22:25","guid":{"rendered":"https:\/\/secureus.se\/?post_type=product&#038;p=148060"},"modified":"2026-04-08T16:26:43","modified_gmt":"2026-04-08T14:26:43","slug":"plejd-controller-ctr-01-0-1-10v-16a-mesh-bt","status":"publish","type":"product","link":"https:\/\/secureus.se\/fr\/plejd-controller-ctr-01-0-1-10v-16a-mesh-bt\/","title":{"rendered":"Contr\u00f4leur Plejd CTR-01 0\/1-10V 16A Mesh BT"},"content":{"rendered":"<h1 data-start=\"526\" data-end=\"893\">Plejd CTR-01 \u2013 Contr\u00f4leur puissant et flexible pour un contr\u00f4le intelligent de l&#039;\u00e9clairage<\/h1>\n<p data-start=\"526\" data-end=\"893\">Le contr\u00f4leur Plejd CTR-01 est un appareil polyvalent et puissant qui permet \u00e0 la fois le contr\u00f4le du relais et le contr\u00f4le de produits tiers avec une entr\u00e9e 0-10 V ou 1-10 V, tels que les pilotes LED et les appareils HF.<\/p>\n<p data-start=\"526\" data-end=\"893\">Il peut g\u00e9rer une charge allant jusqu&#039;\u00e0 16 A et dispose d&#039;une d\u00e9tection de passage \u00e0 z\u00e9ro, ce qui augmente la dur\u00e9e de vie des appareils connect\u00e9s en r\u00e9duisant l&#039;usure des interrupteurs.<\/p>\n<p data-start=\"895\" data-end=\"1230\">Le CTR-01 peut \u00eatre contr\u00f4l\u00e9 sans fil via l&#039;application Plejd et manuellement via un bouton-poussoir \u00e0 ressort, un interrupteur ou un capteur de mouvement.<\/p>\n<p data-start=\"895\" data-end=\"1230\">Il dispose de deux entr\u00e9es s\u00e9par\u00e9es pour un contr\u00f4le flexible et prend en charge des fonctions de temps avanc\u00e9es telles que la minuterie, l&#039;astronomie et l&#039;horloge hebdomadaire, ce qui le rend id\u00e9al pour la planification et le contr\u00f4le automatis\u00e9 de l&#039;\u00e9clairage.<\/p>\n<p data-start=\"1232\" data-end=\"1525\">L&#039;appareil utilise la technologie Bluetooth\u00ae Mesh, ce qui signifie que chaque appareil du syst\u00e8me agit comme un n\u0153ud, \u00e9tendant la port\u00e9e pour une connexion stable et fiable.<\/p>\n<p data-start=\"1232\" data-end=\"1525\">Avec une port\u00e9e radio d&#039;environ 10 m\u00e8tres en int\u00e9rieur, il peut \u00eatre facilement int\u00e9gr\u00e9 dans des syst\u00e8mes Plejd plus grands sans perte de signal.<\/p>\n<p data-start=\"1527\" data-end=\"1858\">Le CTR-01 a un format compact de 46x46x18 mm et peut \u00eatre install\u00e9 directement dans un bo\u00eetier d&#039;appareil derri\u00e8re un interrupteur, ou mont\u00e9 sur un mur ou un rail DIN avec l&#039;accessoire clip de montage MNT-01 (non inclus).<\/p>\n<p data-start=\"1527\" data-end=\"1858\">Il est con\u00e7u pour une tension secteur de 230 V\/50 Hz et dispose d&#039;une faible consommation en veille de &lt; 0,5 W, ce qui le rend \u00e9conome en \u00e9nergie.<\/p>\n<p data-start=\"1860\" data-end=\"2019\">Ce contr\u00f4leur est un excellent choix pour les installations priv\u00e9es et commerciales, o\u00f9 le besoin d&#039;un contr\u00f4le d&#039;\u00e9clairage fiable et flexible est primordial.<\/p>\n<h3 data-start=\"2021\" data-end=\"2054\"><strong data-start=\"2025\" data-end=\"2054\">Sp\u00e9cifications techniques\u00a0:<\/strong><\/h3>\n<ul data-start=\"2055\" data-end=\"2636\">\n<li data-start=\"2055\" data-end=\"2087\"><strong data-start=\"2057\" data-end=\"2073\">Tension secteur :<\/strong> 230V \/ 50Hz<\/li>\n<li data-start=\"2088\" data-end=\"2117\"><strong data-start=\"2090\" data-end=\"2108\">Consommation en veille :<\/strong> &lt; 0,5 W<\/li>\n<li data-start=\"2118\" data-end=\"2165\"><strong data-start=\"2120\" data-end=\"2136\">Pouvoir de coupure :<\/strong> Jusqu&#039;\u00e0 16 A (sortie relais)<\/li>\n<li data-start=\"2166\" data-end=\"2212\"><strong data-start=\"2168\" data-end=\"2186\">Communication:<\/strong> Maillage Bluetooth\u00ae 2,4 GHz<\/li>\n<li data-start=\"2213\" data-end=\"2255\"><strong data-start=\"2215\" data-end=\"2233\">Port\u00e9e radio :<\/strong> Environ 10 m\u00e8tres \u00e0 l&#039;int\u00e9rieur<\/li>\n<li data-start=\"2256\" data-end=\"2300\"><strong data-start=\"2258\" data-end=\"2271\">Prise en charge de\u00a0:<\/strong> Contr\u00f4le 0\u201310 V et 1\u201310 V<\/li>\n<li data-start=\"2301\" data-end=\"2374\"><strong data-start=\"2303\" data-end=\"2322\">Nombre d&#039;entr\u00e9es\u00a0:<\/strong> 2 pour bouton poussoir, interrupteur ou d\u00e9tecteur de mouvement<\/li>\n<li data-start=\"2375\" data-end=\"2424\"><strong data-start=\"2377\" data-end=\"2396\">Fonctions temporelles :<\/strong> Minuterie, astro et horloge hebdomadaire<\/li>\n<li data-start=\"2425\" data-end=\"2450\"><strong data-start=\"2427\" data-end=\"2436\">Mesure:<\/strong> 46x46x18mm<\/li>\n<li data-start=\"2451\" data-end=\"2527\"><strong data-start=\"2453\" data-end=\"2467\">Montage:<\/strong> Installation encastr\u00e9e dans un bo\u00eetier d&#039;appareillage ou sur rail mural\/DIN<\/li>\n<li data-start=\"2528\" data-end=\"2592\"><strong data-start=\"2530\" data-end=\"2540\">Protection:<\/strong> D\u00e9tection de passage \u00e0 z\u00e9ro et protection contre la surchauffe<\/li>\n<li data-start=\"2593\" data-end=\"2636\"><strong data-start=\"2595\" data-end=\"2608\">Classe IP\u00a0:<\/strong> IP20 (usage int\u00e9rieur uniquement)<\/li>\n<\/ul>\n<p data-start=\"2638\" data-end=\"2801\">Avec <strong data-start=\"2642\" data-end=\"2658\">Plaid CTR-01<\/strong> tu en as un <strong data-start=\"2669\" data-end=\"2704\">solution intelligente et \u00e9volutive<\/strong> pour le contr\u00f4le de l&#039;\u00e9clairage, adapt\u00e9 \u00e0 tout, des petites installations domestiques aux grands projets commerciaux.<\/p>","protected":false},"excerpt":{"rendered":"<p>Plejd CTR-01 est un contr\u00f4leur puissant et flexible pour le contr\u00f4le de relais jusqu&#039;\u00e0 16 A et le contr\u00f4le de produits tiers via 0-10 V ou 1-10 V.<\/p>\n<p>Il peut \u00eatre contr\u00f4l\u00e9 sans fil via l&#039;application Plejd et offre des fonctions de temps avanc\u00e9es telles que la minuterie, l&#039;astro et l&#039;horloge hebdomadaire.<\/p>\n<p>Id\u00e9al pour le contr\u00f4le intelligent de l&#039;\u00e9clairage dans les maisons et les entreprises.<\/p>","protected":false},"featured_media":148059,"template":"","meta":{"_acf_changed":false},"product_brand":[],"product_cat":[4660],"product_tag":[4670],"class_list":{"0":"post-148060","1":"product","2":"type-product","3":"status-publish","4":"has-post-thumbnail","6":"product_cat-plejd-relaer-led","7":"product_tag-plejd","8":"product_shipping_class-postnord-varubrev","9":"pa_brands-plejd","10":"tm-has-options","12":"first","13":"instock","14":"sale","15":"taxable","16":"shipping-taxable","17":"purchasable","18":"product-type-simple"},"acf":[],"_links":{"self":[{"href":"https:\/\/secureus.se\/fr\/wp-json\/wp\/v2\/product\/148060","targetHints":{"allow":["GET"]}}],"collection":[{"href":"https:\/\/secureus.se\/fr\/wp-json\/wp\/v2\/product"}],"about":[{"href":"https:\/\/secureus.se\/fr\/wp-json\/wp\/v2\/types\/product"}],"wp:featuredmedia":[{"embeddable":true,"href":"https:\/\/secureus.se\/fr\/wp-json\/wp\/v2\/media\/148059"}],"wp:attachment":[{"href":"https:\/\/secureus.se\/fr\/wp-json\/wp\/v2\/media?parent=148060"}],"wp:term":[{"taxonomy":"product_brand","embeddable":true,"href":"https:\/\/secureus.se\/fr\/wp-json\/wp\/v2\/product_brand?post=148060"},{"taxonomy":"product_cat","embeddable":true,"href":"https:\/\/secureus.se\/fr\/wp-json\/wp\/v2\/product_cat?post=148060"},{"taxonomy":"product_tag","embeddable":true,"href":"https:\/\/secureus.se\/fr\/wp-json\/wp\/v2\/product_tag?post=148060"}],"curies":[{"name":"wp","href":"https:\/\/api.w.org\/{rel}","templated":true}]}}