{"id":148062,"date":"2025-02-25T12:22:25","date_gmt":"2025-02-25T11:22:25","guid":{"rendered":"https:\/\/secureus.se\/?post_type=product&#038;p=148062"},"modified":"2026-04-23T10:17:42","modified_gmt":"2026-04-23T08:17:42","slug":"plejd-krondimmer-dim-02-2x100va-mesh","status":"publish","type":"product","link":"https:\/\/secureus.se\/fr\/plejd-krondimmer-dim-02-2x100va-mesh\/","title":{"rendered":"Variateur de lumi\u00e8re Plejd Crown DIM-02 2x100VA Mesh"},"content":{"rendered":"<h1 data-start=\"500\" data-end=\"573\"><strong data-start=\"504\" data-end=\"571\">Plejd DIM-02 \u2013 Variateur d&#039;intensit\u00e9 de lustre intelligent pour un contr\u00f4le flexible de l&#039;\u00e9clairage<\/strong><\/h1>\n<p data-start=\"575\" data-end=\"892\">Le variateur Plejd Crown DIM-02 est un variateur innovant et flexible <strong data-start=\"628\" data-end=\"649\">variateur \u00e0 deux canaux<\/strong> qui permet le contr\u00f4le ind\u00e9pendant de deux charges distinctes.<\/p>\n<p data-start=\"575\" data-end=\"892\">Avec prise en charge des deux <strong data-start=\"725\" data-end=\"759\">att\u00e9nuation du bord de fuite et du bord d&#039;attaque<\/strong> Le DIM-02 peut g\u00e9rer une vari\u00e9t\u00e9 de sources lumineuses et cr\u00e9er l&#039;environnement d&#039;\u00e9clairage parfait pour les installations domestiques et commerciales.<\/p>\n<p data-start=\"894\" data-end=\"1245\">Le variateur s&#039;installe facilement dans un <strong data-start=\"926\" data-end=\"975\">bo\u00eetier d&#039;appareil derri\u00e8re un bouton-poussoir ou un couvercle de bo\u00eetier<\/strong>, il peut \u00e9galement \u00eatre mont\u00e9 sur un mur ou un rail DIN \u00e0 l&#039;aide <strong data-start=\"1043\" data-end=\"1069\">clip de montage MNT-01<\/strong> (vendu s\u00e9par\u00e9ment).<\/p>\n<p data-start=\"894\" data-end=\"1245\">Avec <strong data-start=\"1091\" data-end=\"1120\">Technologie Bluetooth\u00ae Mesh<\/strong> l&#039;appareil peut \u00eatre contr\u00f4l\u00e9 sans fil via <strong data-start=\"1153\" data-end=\"1168\">L&#039;application Plejd<\/strong>, qui permet le contr\u00f4le \u00e0 distance et l&#039;int\u00e9gration avec d&#039;autres produits Plejd.<\/p>\n<p data-start=\"1247\" data-end=\"1577\">DIM-02 a \u00e9galement <strong data-start=\"1263\" data-end=\"1290\">fonctions de temps int\u00e9gr\u00e9es<\/strong> comme <strong data-start=\"1295\" data-end=\"1317\">horloge astro et hebdomadaire<\/strong>, qui permet d&#039;automatiser l&#039;\u00e9clairage en fonction du lever et du coucher du soleil ou d&#039;horaires pr\u00e9d\u00e9finis.<\/p>\n<p data-start=\"1247\" data-end=\"1577\">Il est \u00e9quip\u00e9 de <strong data-start=\"1456\" data-end=\"1497\">niveaux min, max et de d\u00e9marrage r\u00e9glables<\/strong>, qui offre un contr\u00f4le total sur la luminosit\u00e9 et une exp\u00e9rience de gradation optimale.<\/p>\n<p data-start=\"1579\" data-end=\"1906\">Avec deux entr\u00e9es s\u00e9par\u00e9es, le DIM-02 peut \u00eatre contr\u00f4l\u00e9 avec <strong data-start=\"1627\" data-end=\"1701\">bouton-poussoir \u00e0 ressort, capteur de mouvement ou autres signaux de commande externes<\/strong>, ce qui le rend id\u00e9al pour les solutions d&#039;\u00e9clairage personnalis\u00e9es.<\/p>\n<p data-start=\"1579\" data-end=\"1906\">Il dispose \u00e9galement de plusieurs protections int\u00e9gr\u00e9es, notamment <strong data-start=\"1811\" data-end=\"1848\">protection contre la surchauffe et la surcharge<\/strong>, ce qui garantit une longue dur\u00e9e de vie et un fonctionnement fiable.<\/p>\n<h3 data-start=\"1908\" data-end=\"1943\"><strong data-start=\"1912\" data-end=\"1941\">Sp\u00e9cifications techniques\u00a0:<\/strong><\/h3>\n<ul data-start=\"1944\" data-end=\"2727\">\n<li data-start=\"1944\" data-end=\"1976\"><strong data-start=\"1946\" data-end=\"1962\">Tension secteur :<\/strong> 230V \/ 50Hz<\/li>\n<li data-start=\"1977\" data-end=\"2005\"><strong data-start=\"1979\" data-end=\"1997\">Consommation en veille :<\/strong> 0,3 W<\/li>\n<li data-start=\"2006\" data-end=\"2239\"><strong data-start=\"2008\" data-end=\"2031\">Charge maximale par canal\u00a0:<\/strong>\n<ul data-start=\"2036\" data-end=\"2239\">\n<li data-start=\"2036\" data-end=\"2072\">Lampe halog\u00e8ne\/\u00e0 incandescence (230 V) : 0\u2013100 W<\/li>\n<li data-start=\"2075\" data-end=\"2126\">Sources\/pilotes de lumi\u00e8re LED (230 V en aval) : 0\u2013100 VA<\/li>\n<li data-start=\"2129\" data-end=\"2180\">Sources\/pilotes de lumi\u00e8re LED (230 V en amont) : 0\u201350 VA<\/li>\n<li data-start=\"2183\" data-end=\"2239\">Transformateurs \u00e9lectroniques (halog\u00e8ne 12 V) : 0\u2013100 VA<\/li>\n<\/ul>\n<\/li>\n<li data-start=\"2240\" data-end=\"2272\"><strong data-start=\"2242\" data-end=\"2263\">Puissance maximale totale :<\/strong> 200 VA<\/li>\n<li data-start=\"2273\" data-end=\"2319\"><strong data-start=\"2275\" data-end=\"2293\">Communication:<\/strong> Maillage Bluetooth\u00ae 2,4 GHz<\/li>\n<li data-start=\"2320\" data-end=\"2395\"><strong data-start=\"2322\" data-end=\"2340\">Port\u00e9e radio :<\/strong> Environ 10 m\u00e8tres en int\u00e9rieur (\u00e9tendu avec la technologie de maillage Plejd)<\/li>\n<li data-start=\"2396\" data-end=\"2473\"><strong data-start=\"2398\" data-end=\"2412\">Montage:<\/strong> Installation encastr\u00e9e dans une bo\u00eete de jonction, un mur ou un rail DIN<\/li>\n<li data-start=\"2474\" data-end=\"2499\"><strong data-start=\"2476\" data-end=\"2485\">Mesure:<\/strong> 46x46x18mm<\/li>\n<li data-start=\"2500\" data-end=\"2562\"><strong data-start=\"2502\" data-end=\"2512\">Protection:<\/strong> Protection contre la surchauffe logicielle\/mat\u00e9rielle, protection contre les surcharges<\/li>\n<li data-start=\"2563\" data-end=\"2606\"><strong data-start=\"2565\" data-end=\"2578\">Classe IP\u00a0:<\/strong> IP20 (usage int\u00e9rieur uniquement)<\/li>\n<li data-start=\"2607\" data-end=\"2671\"><strong data-start=\"2609\" data-end=\"2622\">Mat\u00e9riel:<\/strong> Thermoplastique sans halog\u00e8ne, turquoise brillant (RAL 6027)<\/li>\n<li data-start=\"2672\" data-end=\"2727\"><strong data-start=\"2674\" data-end=\"2693\">Compatibilit\u00e9:<\/strong> Apple HomeKit, Google Assistant<\/li>\n<\/ul>\n<p data-start=\"2729\" data-end=\"2927\">Plejd DIM-02 est un <strong data-start=\"2748\" data-end=\"2787\">solution \u00e9volutive et polyvalente<\/strong> pour ceux d&#039;entre vous qui veulent <strong data-start=\"2808\" data-end=\"2853\">Contr\u00f4le d&#039;\u00e9clairage fluide et intelligent<\/strong>, qu&#039;il s&#039;agisse de la maison, du bureau ou de projets immobiliers de plus grande envergure.<\/p>","protected":false},"excerpt":{"rendered":"<p>Plejd DIM-02 est un variateur universel \u00e0 deux canaux avec contr\u00f4le pour deux charges s\u00e9par\u00e9es.<\/p>\n<p>Il peut \u00eatre utilis\u00e9 avec un bouton-poussoir \u00e0 ressort ou un capteur de mouvement et offre des fonctions de temps intelligentes telles que l&#039;astronomie et l&#039;horloge hebdomadaire.<\/p>\n<p>Le variateur est contr\u00f4l\u00e9 sans fil via l&#039;application Plejd ou d&#039;autres appareils Plejd et est optimis\u00e9 pour les sources lumineuses LED jusqu&#039;\u00e0 100 VA par canal.<\/p>","protected":false},"featured_media":148061,"template":"","meta":{"_acf_changed":false},"product_brand":[],"product_cat":[4660],"product_tag":[4670],"class_list":{"0":"post-148062","1":"product","2":"type-product","3":"status-publish","4":"has-post-thumbnail","6":"product_cat-plejd-relaer-led","7":"product_tag-plejd","8":"product_shipping_class-postnord-varubrev","9":"pa_brands-plejd","10":"pa_farg-turkos","11":"tm-has-options","13":"first","14":"instock","15":"sale","16":"taxable","17":"shipping-taxable","18":"purchasable","19":"product-type-simple"},"acf":[],"_links":{"self":[{"href":"https:\/\/secureus.se\/fr\/wp-json\/wp\/v2\/product\/148062","targetHints":{"allow":["GET"]}}],"collection":[{"href":"https:\/\/secureus.se\/fr\/wp-json\/wp\/v2\/product"}],"about":[{"href":"https:\/\/secureus.se\/fr\/wp-json\/wp\/v2\/types\/product"}],"wp:featuredmedia":[{"embeddable":true,"href":"https:\/\/secureus.se\/fr\/wp-json\/wp\/v2\/media\/148061"}],"wp:attachment":[{"href":"https:\/\/secureus.se\/fr\/wp-json\/wp\/v2\/media?parent=148062"}],"wp:term":[{"taxonomy":"product_brand","embeddable":true,"href":"https:\/\/secureus.se\/fr\/wp-json\/wp\/v2\/product_brand?post=148062"},{"taxonomy":"product_cat","embeddable":true,"href":"https:\/\/secureus.se\/fr\/wp-json\/wp\/v2\/product_cat?post=148062"},{"taxonomy":"product_tag","embeddable":true,"href":"https:\/\/secureus.se\/fr\/wp-json\/wp\/v2\/product_tag?post=148062"}],"curies":[{"name":"wp","href":"https:\/\/api.w.org\/{rel}","templated":true}]}}