{"id":148064,"date":"2025-02-25T12:22:25","date_gmt":"2025-02-25T11:22:25","guid":{"rendered":"https:\/\/secureus.se\/?post_type=product&#038;p=148064"},"modified":"2026-04-08T16:26:36","modified_gmt":"2026-04-08T14:26:36","slug":"plejd-dosdimmer-dim-01-300va-led-mesh","status":"publish","type":"product","link":"https:\/\/secureus.se\/fr\/plejd-dosdimmer-dim-01-300va-led-mesh\/","title":{"rendered":"Variateur de tension Plejd DIM-01 300VA LED Mesh"},"content":{"rendered":"<h1>Plejd DIM-01 \u2013 Variateur de lumi\u00e8re intelligent pour un contr\u00f4le efficace et fluide de l&#039;\u00e9clairage<\/h1>\n<p data-start=\"85\" data-end=\"436\">Plejd Dosdimmer DIM-01 est un variateur universel con\u00e7u pour offrir une flexibilit\u00e9 maximale dans le contr\u00f4le de l&#039;\u00e9clairage.<\/p>\n<p data-start=\"85\" data-end=\"436\">Avec la prise en charge de la gradation des bords arri\u00e8re et avant, il peut g\u00e9rer diff\u00e9rents types de sources lumineuses, y compris les sources lumineuses LED et les transformateurs \u00e9lectroniques.<\/p>\n<p data-start=\"85\" data-end=\"436\">Il peut g\u00e9rer des charges jusqu&#039;\u00e0 300 VA et peut \u00eatre contr\u00f4l\u00e9 manuellement et sans fil.<\/p>\n<p data-start=\"438\" data-end=\"843\">Le DIM-01 est \u00e9quip\u00e9 de deux entr\u00e9es s\u00e9par\u00e9es, ce qui permet de le contr\u00f4ler via un bouton-poussoir \u00e0 ressort, un capteur de mouvement ou d&#039;autres signaux de commande externes.<\/p>\n<p data-start=\"438\" data-end=\"843\">Cela signifie qu&#039;il peut \u00eatre int\u00e9gr\u00e9 dans des solutions d&#039;\u00e9clairage modernes et traditionnelles. De plus, le variateur dispose de niveaux minimum, maximum et de d\u00e9marrage r\u00e9glables, ce qui permet de r\u00e9gler facilement la luminosit\u00e9 pour des performances et un confort optimaux.<\/p>\n<p data-start=\"845\" data-end=\"1228\">Gr\u00e2ce \u00e0 la technologie Bluetooth\u00ae mesh, le DIM-01 peut \u00eatre contr\u00f4l\u00e9 sans fil via l&#039;application Plejd, offrant un acc\u00e8s facile \u00e0 des fonctionnalit\u00e9s avanc\u00e9es telles que le contr\u00f4le du temps, les sc\u00e9narios et la t\u00e9l\u00e9commande.<\/p>\n<p data-start=\"845\" data-end=\"1228\">Les horloges astronomiques et hebdomadaires int\u00e9gr\u00e9es vous permettent d&#039;automatiser l&#039;\u00e9clairage en fonction de l&#039;heure de la journ\u00e9e ou du lever et du coucher du soleil, contribuant ainsi \u00e0 la fois au confort et \u00e0 l&#039;efficacit\u00e9 \u00e9nerg\u00e9tique.<\/p>\n<p data-start=\"1230\" data-end=\"1623\">Le DIM-01 est compact avec des dimensions de 46x46x18 mm et peut \u00eatre install\u00e9 dans un bo\u00eetier d&#039;appareil derri\u00e8re un bouton-poussoir ou un couvercle de bo\u00eetier.<\/p>\n<p data-start=\"1230\" data-end=\"1623\">Il peut \u00e9galement \u00eatre mont\u00e9 sur un mur ou un rail DIN \u00e0 l&#039;aide de l&#039;accessoire de clip de montage MNT-01 (vendu s\u00e9par\u00e9ment).<\/p>\n<p data-start=\"1230\" data-end=\"1623\">L&#039;unit\u00e9 dispose de plusieurs m\u00e9canismes de protection, notamment une protection contre les surchauffes et les surcharges, garantissant une longue dur\u00e9e de vie et un fonctionnement fiable.<\/p>\n<p data-start=\"1625\" data-end=\"1833\">Que vous souhaitiez cr\u00e9er un \u00e9clairage d&#039;ambiance dans votre maison, votre bureau ou un environnement commercial plus grand, Plejd DIM-01 est une solution intelligente et \u00e9volutive pour un contr\u00f4le de l&#039;\u00e9clairage fluide et efficace.<\/p>\n<h3 data-start=\"1840\" data-end=\"1875\"><strong data-start=\"1844\" data-end=\"1873\">Sp\u00e9cifications techniques\u00a0:<\/strong><\/h3>\n<ul data-start=\"1876\" data-end=\"2617\">\n<li data-start=\"1876\" data-end=\"1908\"><strong data-start=\"1878\" data-end=\"1894\">Tension secteur :<\/strong> 230V \/ 50Hz<\/li>\n<li data-start=\"1909\" data-end=\"1937\"><strong data-start=\"1911\" data-end=\"1929\">Consommation en veille :<\/strong> 0,3 W<\/li>\n<li data-start=\"1938\" data-end=\"2162\"><strong data-start=\"1940\" data-end=\"1953\">Charge maximale :<\/strong>\n<ul data-start=\"1958\" data-end=\"2162\">\n<li data-start=\"1958\" data-end=\"1994\">Lampe halog\u00e8ne\/\u00e0 incandescence (230 V) : 0\u2013300 W<\/li>\n<li data-start=\"1997\" data-end=\"2048\">Sources\/pilotes de lumi\u00e8re LED (230 V en aval) : 0\u2013200 VA<\/li>\n<li data-start=\"2051\" data-end=\"2103\">Sources lumineuses\/pilotes LED (bord avant 230 V) : 0\u2013100 VA<\/li>\n<li data-start=\"2106\" data-end=\"2162\">Transformateurs \u00e9lectroniques (halog\u00e8ne 12 V) : 0\u2013300 VA<\/li>\n<\/ul>\n<\/li>\n<li data-start=\"2163\" data-end=\"2209\"><strong data-start=\"2165\" data-end=\"2183\">Communication:<\/strong> Maillage Bluetooth\u00ae 2,4 GHz<\/li>\n<li data-start=\"2210\" data-end=\"2285\"><strong data-start=\"2212\" data-end=\"2230\">Port\u00e9e radio :<\/strong> Environ 10 m\u00e8tres en int\u00e9rieur (\u00e9tendu avec la technologie de maillage Plejd)<\/li>\n<li data-start=\"2286\" data-end=\"2363\"><strong data-start=\"2288\" data-end=\"2302\">Montage:<\/strong> Installation encastr\u00e9e dans une bo\u00eete de jonction, un mur ou un rail DIN<\/li>\n<li data-start=\"2364\" data-end=\"2389\"><strong data-start=\"2366\" data-end=\"2375\">Mesure:<\/strong> 46x46x18mm<\/li>\n<li data-start=\"2390\" data-end=\"2452\"><strong data-start=\"2392\" data-end=\"2402\">Protection:<\/strong> Protection contre la surchauffe logicielle\/mat\u00e9rielle, protection contre les surcharges<\/li>\n<li data-start=\"2453\" data-end=\"2496\"><strong data-start=\"2455\" data-end=\"2468\">Classe IP\u00a0:<\/strong> IP20 (usage int\u00e9rieur uniquement)<\/li>\n<li data-start=\"2497\" data-end=\"2561\"><strong data-start=\"2499\" data-end=\"2512\">Mat\u00e9riel:<\/strong> Thermoplastique sans halog\u00e8ne, turquoise brillant (RAL 6027)<\/li>\n<li data-start=\"2562\" data-end=\"2617\"><strong data-start=\"2564\" data-end=\"2583\">Compatibilit\u00e9:<\/strong> Apple HomeKit, Google Assistant<\/li>\n<\/ul>","protected":false},"excerpt":{"rendered":"<p>Plejd DIM-01 est un variateur universel puissant prenant en charge la gradation de bord de fuite et de bord d&#039;attaque jusqu&#039;\u00e0 300 VA.<\/p>\n<p>Contr\u00f4l\u00e9 via l&#039;application Plejd ou d&#039;autres appareils et dispose de fonctions de temps int\u00e9gr\u00e9es telles que l&#039;astronomie et l&#039;horloge hebdomadaire.<\/p>\n<p>Dot\u00e9 de deux entr\u00e9es s\u00e9par\u00e9es, il peut \u00eatre connect\u00e9 \u00e0 des boutons-poussoirs \u00e0 ressort ou \u00e0 des capteurs de mouvement pour un contr\u00f4le flexible.<\/p>","protected":false},"featured_media":148063,"template":"","meta":{"_acf_changed":false},"product_brand":[],"product_cat":[4660],"product_tag":[],"class_list":{"0":"post-148064","1":"product","2":"type-product","3":"status-publish","4":"has-post-thumbnail","6":"product_cat-plejd-relaer-led","7":"product_shipping_class-postnord-varubrev","8":"pa_brands-plejd","9":"pa_farg-turkos","10":"tm-has-options","12":"first","13":"instock","14":"sale","15":"taxable","16":"shipping-taxable","17":"purchasable","18":"product-type-simple"},"acf":[],"_links":{"self":[{"href":"https:\/\/secureus.se\/fr\/wp-json\/wp\/v2\/product\/148064","targetHints":{"allow":["GET"]}}],"collection":[{"href":"https:\/\/secureus.se\/fr\/wp-json\/wp\/v2\/product"}],"about":[{"href":"https:\/\/secureus.se\/fr\/wp-json\/wp\/v2\/types\/product"}],"wp:featuredmedia":[{"embeddable":true,"href":"https:\/\/secureus.se\/fr\/wp-json\/wp\/v2\/media\/148063"}],"wp:attachment":[{"href":"https:\/\/secureus.se\/fr\/wp-json\/wp\/v2\/media?parent=148064"}],"wp:term":[{"taxonomy":"product_brand","embeddable":true,"href":"https:\/\/secureus.se\/fr\/wp-json\/wp\/v2\/product_brand?post=148064"},{"taxonomy":"product_cat","embeddable":true,"href":"https:\/\/secureus.se\/fr\/wp-json\/wp\/v2\/product_cat?post=148064"},{"taxonomy":"product_tag","embeddable":true,"href":"https:\/\/secureus.se\/fr\/wp-json\/wp\/v2\/product_tag?post=148064"}],"curies":[{"name":"wp","href":"https:\/\/api.w.org\/{rel}","templated":true}]}}