{"id":148066,"date":"2025-02-25T12:22:25","date_gmt":"2025-02-25T11:22:25","guid":{"rendered":"https:\/\/secureus.se\/?post_type=product&#038;p=148066"},"modified":"2026-04-08T16:28:55","modified_gmt":"2026-04-08T14:28:55","slug":"plejd-dimmer-dal-01-dali-bcast-128ma-dt8-bt","status":"publish","type":"product","link":"https:\/\/secureus.se\/fr\/plejd-dimmer-dal-01-dali-bcast-128ma-dt8-bt\/","title":{"rendered":"Variateur d&#039;intensit\u00e9 Plejd DAL-01 DALI Bcast 128mA DT8 BT"},"content":{"rendered":"<h1 data-start=\"503\" data-end=\"574\"><strong data-start=\"507\" data-end=\"572\">Plejd DAL-01 \u2013 Variateur intelligent DALI avec alimentation int\u00e9gr\u00e9e<\/strong><\/h1>\n<p data-start=\"576\" data-end=\"896\">Plejd DAL-01 est un variateur de diffusion DALI qui permet un contr\u00f4le simple et flexible des solutions d&#039;\u00e9clairage bas\u00e9es sur DALI.<\/p>\n<p data-start=\"576\" data-end=\"896\">Avec un bloc d&#039;alimentation int\u00e9gr\u00e9, le DAL-01 peut g\u00e9rer jusqu&#039;\u00e0 64 charges DALI sans avoir besoin d&#039;une alimentation externe, ce qui rend l&#039;installation plus fluide et plus rentable.<\/p>\n<p data-start=\"898\" data-end=\"1213\">DAL-01 est compatible avec le blanc r\u00e9glable (type d&#039;appareil 8 - DT8), ce qui signifie qu&#039;il peut contr\u00f4ler \u00e0 la fois la luminosit\u00e9 et la temp\u00e9rature de couleur des luminaires DALI connect\u00e9s.<\/p>\n<p data-start=\"898\" data-end=\"1213\">Il dispose de deux entr\u00e9es s\u00e9par\u00e9es qui permettent de contr\u00f4ler l&#039;unit\u00e9 via un bouton-poussoir \u00e0 ressort, un capteur de mouvement ou d&#039;autres signaux de commande externes.<\/p>\n<p data-start=\"1215\" data-end=\"1581\">La communication sans fil s&#039;effectue via Bluetooth\u00ae mesh, ce qui permet le contr\u00f4le via l&#039;application Plejd et l&#039;int\u00e9gration avec d&#039;autres produits Plejd.<\/p>\n<p data-start=\"1215\" data-end=\"1581\">Gr\u00e2ce \u00e0 l&#039;application, l&#039;utilisateur peut cr\u00e9er des sc\u00e9narios, ajuster les niveaux de lumi\u00e8re et programmer l&#039;\u00e9clairage avec des horloges astronomiques et hebdomadaires int\u00e9gr\u00e9es, ce qui facilite l&#039;automatisation des programmes d&#039;\u00e9clairage en fonction de l&#039;heure de la journ\u00e9e.<\/p>\n<p data-start=\"1583\" data-end=\"1921\">Le DAL-01 est compact et convient \u00e0 une installation encastr\u00e9e dans un bo\u00eetier d&#039;appareil derri\u00e8re un bouton-poussoir ou un couvercle de bo\u00eetier.<\/p>\n<p data-start=\"1583\" data-end=\"1921\">Alternativement, il peut \u00eatre mont\u00e9 sur un mur ou un rail DIN \u00e0 l&#039;aide du clip de montage MNT-01 (vendu s\u00e9par\u00e9ment). L&#039;appareil dispose \u00e9galement d&#039;une protection contre les courts-circuits et les surchauffes, garantissant un fonctionnement s\u00fbr et \u00e0 long terme.<\/p>\n<p data-start=\"1923\" data-end=\"2147\">Avec une alimentation garantie de 128 mA et une longueur de c\u00e2ble maximale de 300 m\u00e8tres, le DAL-01 est une solution id\u00e9ale pour les petites et grandes installations DALI o\u00f9 un contr\u00f4le d&#039;\u00e9clairage fluide et intelligent est requis.<\/p>\n<h3 data-start=\"2154\" data-end=\"2189\"><strong data-start=\"2158\" data-end=\"2187\">Sp\u00e9cifications techniques\u00a0:<\/strong><\/h3>\n<ul data-start=\"2190\" data-end=\"3010\">\n<li data-start=\"2190\" data-end=\"2235\"><strong data-start=\"2192\" data-end=\"2208\">Tension secteur :<\/strong> 230 V \/ 50 Hz (max 0,05 A)<\/li>\n<li data-start=\"2236\" data-end=\"2264\"><strong data-start=\"2238\" data-end=\"2256\">Consommation en veille :<\/strong> 0,4 W<\/li>\n<li data-start=\"2265\" data-end=\"2333\"><strong data-start=\"2267\" data-end=\"2281\">Prise en charge DALI :<\/strong> Diffusion DALI-2 (64 charges), blanc r\u00e9glable (DT8)<\/li>\n<li data-start=\"2334\" data-end=\"2475\"><strong data-start=\"2336\" data-end=\"2350\">Autobus DALI :<\/strong>\n<ul data-start=\"2355\" data-end=\"2475\">\n<li data-start=\"2355\" data-end=\"2394\">Alimentation garantie : 128 mA<\/li>\n<li data-start=\"2397\" data-end=\"2433\">Alimentation maximale : 150 mA<\/li>\n<li data-start=\"2436\" data-end=\"2475\">Longueur maximale du c\u00e2ble : 300 m\u00e8tres (1,5 mm\u00b2)<\/li>\n<\/ul>\n<\/li>\n<li data-start=\"2476\" data-end=\"2559\"><strong data-start=\"2478\" data-end=\"2497\">Nombre d&#039;entr\u00e9es\u00a0:<\/strong> 2 (pour bouton poussoir, d\u00e9tecteur de mouvement ou autre commande externe)<\/li>\n<li data-start=\"2560\" data-end=\"2606\"><strong data-start=\"2562\" data-end=\"2580\">Communication:<\/strong> Maillage Bluetooth\u00ae 2,4 GHz<\/li>\n<li data-start=\"2607\" data-end=\"2682\"><strong data-start=\"2609\" data-end=\"2627\">Port\u00e9e radio :<\/strong> Environ 10 m\u00e8tres en int\u00e9rieur (\u00e9tendu avec la technologie de maillage Plejd)<\/li>\n<li data-start=\"2683\" data-end=\"2760\"><strong data-start=\"2685\" data-end=\"2699\">Montage:<\/strong> Installation encastr\u00e9e dans une bo\u00eete de jonction, un mur ou un rail DIN<\/li>\n<li data-start=\"2761\" data-end=\"2786\"><strong data-start=\"2763\" data-end=\"2772\">Mesure:<\/strong> 46x46x18mm<\/li>\n<li data-start=\"2787\" data-end=\"2845\"><strong data-start=\"2789\" data-end=\"2799\">Protection:<\/strong> Logiciel de surchauffe, protection contre les courts-circuits<\/li>\n<li data-start=\"2846\" data-end=\"2889\"><strong data-start=\"2848\" data-end=\"2861\">Classe IP\u00a0:<\/strong> IP20 (usage int\u00e9rieur uniquement)<\/li>\n<li data-start=\"2890\" data-end=\"2954\"><strong data-start=\"2892\" data-end=\"2905\">Mat\u00e9riel:<\/strong> Thermoplastique sans halog\u00e8ne, turquoise brillant (RAL 6027)<\/li>\n<li data-start=\"2955\" data-end=\"3010\"><strong data-start=\"2957\" data-end=\"2976\">Compatibilit\u00e9:<\/strong> Apple HomeKit, Google Assistant<\/li>\n<\/ul>\n<p data-start=\"3012\" data-end=\"3198\">Plejd DAL-01 est une solution fiable et puissante pour les syst\u00e8mes d&#039;\u00e9clairage modernes bas\u00e9s sur DALI et offre un contr\u00f4le simple et flexible pour les environnements r\u00e9sidentiels et commerciaux.<\/p>","protected":false},"excerpt":{"rendered":"<p>Plejd DAL-01 est un variateur DALI avanc\u00e9 avec alimentation int\u00e9gr\u00e9e pour jusqu&#039;\u00e0 64 charges DALI.<\/p>\n<p>Il prend en charge le blanc r\u00e9glable (DT8) et peut \u00eatre contr\u00f4l\u00e9 via l&#039;application Plejd, un bouton-poussoir ou un capteur de mouvement.<\/p>\n<p>Avec des fonctions de synchronisation int\u00e9gr\u00e9es et la technologie Bluetooth\u00ae Mesh, le DAL-01 est une solution flexible et puissante pour le contr\u00f4le intelligent de l&#039;\u00e9clairage.<\/p>","protected":false},"featured_media":148065,"template":"","meta":{"_acf_changed":false},"product_brand":[],"product_cat":[4660],"product_tag":[4670],"class_list":{"0":"post-148066","1":"product","2":"type-product","3":"status-publish","4":"has-post-thumbnail","6":"product_cat-plejd-relaer-led","7":"product_tag-plejd","8":"product_shipping_class-postnord-varubrev","9":"pa_brands-plejd","10":"pa_farg-turkos","11":"tm-has-options","13":"first","14":"instock","15":"sale","16":"taxable","17":"shipping-taxable","18":"purchasable","19":"product-type-simple"},"acf":[],"_links":{"self":[{"href":"https:\/\/secureus.se\/fr\/wp-json\/wp\/v2\/product\/148066","targetHints":{"allow":["GET"]}}],"collection":[{"href":"https:\/\/secureus.se\/fr\/wp-json\/wp\/v2\/product"}],"about":[{"href":"https:\/\/secureus.se\/fr\/wp-json\/wp\/v2\/types\/product"}],"wp:featuredmedia":[{"embeddable":true,"href":"https:\/\/secureus.se\/fr\/wp-json\/wp\/v2\/media\/148065"}],"wp:attachment":[{"href":"https:\/\/secureus.se\/fr\/wp-json\/wp\/v2\/media?parent=148066"}],"wp:term":[{"taxonomy":"product_brand","embeddable":true,"href":"https:\/\/secureus.se\/fr\/wp-json\/wp\/v2\/product_brand?post=148066"},{"taxonomy":"product_cat","embeddable":true,"href":"https:\/\/secureus.se\/fr\/wp-json\/wp\/v2\/product_cat?post=148066"},{"taxonomy":"product_tag","embeddable":true,"href":"https:\/\/secureus.se\/fr\/wp-json\/wp\/v2\/product_tag?post=148066"}],"curies":[{"name":"wp","href":"https:\/\/api.w.org\/{rel}","templated":true}]}}