{"id":148414,"date":"2025-03-05T12:03:59","date_gmt":"2025-03-05T11:03:59","guid":{"rendered":"https:\/\/secureus.se\/provstangsforlangare-113-m-solo-101\/"},"modified":"2026-04-08T16:02:26","modified_gmt":"2026-04-08T14:02:26","slug":"provstangsforlangare-113-m-solo-101","status":"publish","type":"product","link":"https:\/\/secureus.se\/fr\/provstangsforlangare-113-m-solo-101\/","title":{"rendered":"Rallonge de canne \u00e0 essai 1,13 m \u2013 Solo 101"},"content":{"rendered":"<h1>Rallonge de canne \u00e0 essai 1,13 m \u2013 Solo 101<\/h1>\n<h3 data-start=\"264\" data-end=\"319\">Rallonge flexible pour tige d&#039;essai permettant une plus grande port\u00e9e<\/h3>\n<p data-start=\"320\" data-end=\"590\">Le Solo 101 est une rallonge de tige de test de 1,13 m de long qui permet d&#039;atteindre facilement les d\u00e9tecteurs de fum\u00e9e, de chaleur et de CO situ\u00e9s en hauteur sans \u00e9chelle.<\/p>\n<p data-start=\"320\" data-end=\"590\">Il est compatible avec les perches t\u00e9lescopiques Solo 100, Solo 108 et Solo 110, ce qui en fait un accessoire polyvalent pour les installateurs et les techniciens.<\/p>\n<h3 data-start=\"592\" data-end=\"624\">Combinez pour une hauteur maximale<\/h3>\n<ul data-start=\"625\" data-end=\"823\">\n<li data-start=\"625\" data-end=\"699\">\n<p data-start=\"627\" data-end=\"699\">Il est possible de connecter jusqu&#039;\u00e0 3 Solo 101 ensemble pour obtenir une hauteur suppl\u00e9mentaire totale de 4,8 m.<\/p>\n<\/li>\n<li data-start=\"700\" data-end=\"761\">\n<p data-start=\"702\" data-end=\"761\">Peut \u00eatre combin\u00e9 avec le Solo 108 pour atteindre jusqu&#039;\u00e0 environ 7,3 m.<\/p>\n<\/li>\n<li data-start=\"762\" data-end=\"823\">\n<p data-start=\"764\" data-end=\"823\">Peut \u00eatre combin\u00e9 avec le Solo 100 pour atteindre jusqu&#039;\u00e0 environ 9,3 m.<\/p>\n<\/li>\n<\/ul>\n<h3 data-start=\"825\" data-end=\"852\">Avantages de Solo 101<\/h3>\n<ul data-start=\"853\" data-end=\"1085\">\n<li data-start=\"853\" data-end=\"880\">\n<p data-start=\"855\" data-end=\"880\">Longueur : 1,13 m par unit\u00e9<\/p>\n<\/li>\n<li data-start=\"881\" data-end=\"921\">\n<p data-start=\"883\" data-end=\"921\">Compatible avec les Solo 100, 108 et 110<\/p>\n<\/li>\n<li data-start=\"922\" data-end=\"984\">\n<p data-start=\"924\" data-end=\"984\">Connectez jusqu&#039;\u00e0 trois unit\u00e9s pour une port\u00e9e suppl\u00e9mentaire de 4,8 m<\/p>\n<\/li>\n<li data-start=\"985\" data-end=\"1037\">\n<p data-start=\"987\" data-end=\"1037\">Peut \u00eatre combin\u00e9 avec des barres t\u00e9lescopiques pour les plafonds plus hauts.<\/p>\n<\/li>\n<li data-start=\"1038\" data-end=\"1085\">\n<p data-start=\"1040\" data-end=\"1085\">L\u00e9ger et facile \u00e0 utiliser sur le lieu de travail<\/p>\n<\/li>\n<\/ul>\n<p data-start=\"1087\" data-end=\"1114\"><strong>SP\u00c9CIFICATIONS TECHNIQUES :<\/strong><\/p>\n<ul data-start=\"1115\" data-end=\"1451\">\n<li data-start=\"1115\" data-end=\"1148\">\n<p data-start=\"1117\" data-end=\"1148\">Produit : Rallonge de tige de test<\/p>\n<\/li>\n<li data-start=\"1149\" data-end=\"1169\">\n<p data-start=\"1151\" data-end=\"1169\">Mod\u00e8le : Solo 101<\/p>\n<\/li>\n<li data-start=\"1170\" data-end=\"1197\">\n<p data-start=\"1172\" data-end=\"1197\">Longueur par unit\u00e9 : 1,13 m<\/p>\n<\/li>\n<li data-start=\"1198\" data-end=\"1236\">\n<p data-start=\"1200\" data-end=\"1236\">Compatible avec : Solo 100, 108, 110<\/p>\n<\/li>\n<li data-start=\"1237\" data-end=\"1280\">\n<p data-start=\"1239\" data-end=\"1280\">Nombre maximal de c\u00e2bles connect\u00e9s : 3 (total 4,8 m)<\/p>\n<\/li>\n<li data-start=\"1281\" data-end=\"1331\">\n<p data-start=\"1283\" data-end=\"1331\">Peut \u00eatre combin\u00e9 avec le Solo 108\u00a0: port\u00e9e d\u2019environ 7,3\u00a0m<\/p>\n<\/li>\n<li data-start=\"1332\" data-end=\"1382\">\n<p data-start=\"1334\" data-end=\"1382\">Peut \u00eatre combin\u00e9 avec le Solo 100\u00a0: port\u00e9e d\u2019environ 9,3\u00a0m<\/p>\n<\/li>\n<li data-start=\"1383\" data-end=\"1451\">\n<p data-start=\"1385\" data-end=\"1451\">Utilisation : Permet d&#039;allonger les tiges t\u00e9lescopiques lors du test des d\u00e9tecteurs.<\/p>\n<\/li>\n<\/ul>","protected":false},"excerpt":{"rendered":"<p>L&#039;extension de tige d&#039;\u00e9chantillon Solo 101 est une extension de 1,13 m pour les tiges t\u00e9lescopiques telles que les Solo 100, 108 et 110.<\/p>\n<p>Il est possible de connecter jusqu&#039;\u00e0 3 barres pour atteindre une hauteur sous plafond allant jusqu&#039;\u00e0 4,8 m, ou avec d&#039;autres barres jusqu&#039;\u00e0 9,3 m.<\/p>","protected":false},"featured_media":148413,"template":"","meta":{"_acf_changed":false},"product_brand":[],"product_cat":[2945,5070,5088,5072,5089,2946],"product_tag":[],"class_list":{"0":"post-148414","1":"product","2":"type-product","3":"status-publish","4":"has-post-thumbnail","6":"product_cat-solo","7":"product_cat-provstanger","8":"product_cat-solo-solo","9":"product_cat-solo-365","10":"product_cat-solo-365-solo-365","11":"product_cat-testifire","12":"product_shipping_class-tunga-paket","13":"pa_brands-solo","14":"tm-no-options","16":"first","17":"instock","18":"sale","19":"taxable","20":"shipping-taxable","21":"purchasable","22":"product-type-simple"},"acf":[],"_links":{"self":[{"href":"https:\/\/secureus.se\/fr\/wp-json\/wp\/v2\/product\/148414","targetHints":{"allow":["GET"]}}],"collection":[{"href":"https:\/\/secureus.se\/fr\/wp-json\/wp\/v2\/product"}],"about":[{"href":"https:\/\/secureus.se\/fr\/wp-json\/wp\/v2\/types\/product"}],"wp:featuredmedia":[{"embeddable":true,"href":"https:\/\/secureus.se\/fr\/wp-json\/wp\/v2\/media\/148413"}],"wp:attachment":[{"href":"https:\/\/secureus.se\/fr\/wp-json\/wp\/v2\/media?parent=148414"}],"wp:term":[{"taxonomy":"product_brand","embeddable":true,"href":"https:\/\/secureus.se\/fr\/wp-json\/wp\/v2\/product_brand?post=148414"},{"taxonomy":"product_cat","embeddable":true,"href":"https:\/\/secureus.se\/fr\/wp-json\/wp\/v2\/product_cat?post=148414"},{"taxonomy":"product_tag","embeddable":true,"href":"https:\/\/secureus.se\/fr\/wp-json\/wp\/v2\/product_tag?post=148414"}],"curies":[{"name":"wp","href":"https:\/\/api.w.org\/{rel}","templated":true}]}}