{"id":148592,"date":"2025-03-10T11:55:48","date_gmt":"2025-03-10T10:55:48","guid":{"rendered":"https:\/\/secureus.se\/armbagskontakt-sparkfunktion-jck148\/"},"modified":"2025-12-31T21:46:53","modified_gmt":"2025-12-31T20:46:53","slug":"armbagskontakt-sparkfunktion-jck148","status":"publish","type":"product","link":"https:\/\/secureus.se\/fr\/armbagskontakt-sparkfunktion-jck148\/","title":{"rendered":"Contact coude \u2013 Fonction coup de pied \u2013 JCK148"},"content":{"rendered":"<h1>Contact coude \u2013 Fonction coup de pied \u2013 JCK148<\/h1>\n<section>\n<section>Contact combin\u00e9 coude\/coup de pied. Mod\u00e8le long en aluminium anodis\u00e9 argent, avec surface de pression en haut et surface de frappe en bas.<\/p>\n<p>Le JCK148 appartient \u00e0 une s\u00e9rie de connecteurs coud\u00e9s qui sont combin\u00e9s avec un connecteur de coup de pied en bas.<\/p>\n<p>Les mod\u00e8les sont sp\u00e9cialement d\u00e9velopp\u00e9s pour faciliter par exemple le personnel de l&#039;h\u00f4pital puisse ouvrir rapidement et facilement les portes, par exemple le lit, le coude, la hanche ou le pied.<\/p>\n<\/section>\n<section>\n<h3>Sp\u00e9cification technique<\/h3>\n<ul>\n<li>Mat\u00e9riau : Alu.6060-T6, plastique POM (plastique ac\u00e9tal).<\/li>\n<li>Dimensions version standard l\/l\/h : 1200x80x28 mm.<\/li>\n<li>Microinterrupteur : NON Classe IP 67.<\/li>\n<li>Nombre de micro-interrupteurs : Standard 8 pi\u00e8ces NON.<\/li>\n<\/ul>\n<\/section>\n<p>&nbsp;<\/p>\n<section>\n<h3>Accessoires et options<\/h3>\n<ul>\n<li>Unit\u00e9 de contr\u00f4le avec doubles sorties et signal retard\u00e9 sur une sortie.<\/li>\n<\/ul>\n<\/section>\n<\/section>","protected":false},"excerpt":{"rendered":"<p>Dimensions du produit : 1200 x 80 x 28 mm.<\/p>\n<p>Raccord coud\u00e9 long en aluminium anodis\u00e9 argent avec fonction kick\/connecteur kick en bas.<\/p>","protected":false},"featured_media":148590,"template":"","meta":{"_acf_changed":false},"product_brand":[],"product_cat":[1422,4706],"product_tag":[],"class_list":{"0":"post-148592","1":"product","2":"type-product","3":"status-publish","4":"has-post-thumbnail","6":"product_cat-armbagskontakter-dorrautomatik","7":"product_cat-metall","8":"product_shipping_class-tunga-paket","9":"pa_brands-jc-kontakter","10":"tm-no-options","12":"first","13":"instock","14":"sale","15":"taxable","16":"shipping-taxable","17":"purchasable","18":"product-type-simple"},"acf":[],"_links":{"self":[{"href":"https:\/\/secureus.se\/fr\/wp-json\/wp\/v2\/product\/148592","targetHints":{"allow":["GET"]}}],"collection":[{"href":"https:\/\/secureus.se\/fr\/wp-json\/wp\/v2\/product"}],"about":[{"href":"https:\/\/secureus.se\/fr\/wp-json\/wp\/v2\/types\/product"}],"wp:featuredmedia":[{"embeddable":true,"href":"https:\/\/secureus.se\/fr\/wp-json\/wp\/v2\/media\/148590"}],"wp:attachment":[{"href":"https:\/\/secureus.se\/fr\/wp-json\/wp\/v2\/media?parent=148592"}],"wp:term":[{"taxonomy":"product_brand","embeddable":true,"href":"https:\/\/secureus.se\/fr\/wp-json\/wp\/v2\/product_brand?post=148592"},{"taxonomy":"product_cat","embeddable":true,"href":"https:\/\/secureus.se\/fr\/wp-json\/wp\/v2\/product_cat?post=148592"},{"taxonomy":"product_tag","embeddable":true,"href":"https:\/\/secureus.se\/fr\/wp-json\/wp\/v2\/product_tag?post=148592"}],"curies":[{"name":"wp","href":"https:\/\/api.w.org\/{rel}","templated":true}]}}