{"id":148601,"date":"2025-03-10T11:35:30","date_gmt":"2025-03-10T10:35:30","guid":{"rendered":"https:\/\/secureus.se\/armbagskontakt-aluminium-jck237\/"},"modified":"2025-12-31T21:46:26","modified_gmt":"2025-12-31T20:46:26","slug":"armbagskontakt-aluminium-jck237","status":"publish","type":"product","link":"https:\/\/secureus.se\/fr\/armbagskontakt-aluminium-jck237\/","title":{"rendered":"Raccord coud\u00e9 \u2013 Aluminium \u2013 JCK237"},"content":{"rendered":"<h1>Raccord coud\u00e9 \u2013 Aluminium \u2013 JCK237<\/h1>\n<section>JCK237 appartient \u00e0 une s\u00e9rie de connecteurs coud\u00e9s \u00e0 double surface de pression qui permettent de connecter par exemple une porte suppl\u00e9mentaire ou une serrure.JCK237 est fabriqu\u00e9 en aluminium anodis\u00e9 noir avec des embouts blancs.<\/p>\n<p>Les deux surfaces d&#039;impression sont con\u00e7ues avec quatre rainures tactiles et servent de guidage suppl\u00e9mentaire pour les personnes malvoyantes.<\/p>\n<p>Vous pouvez facilement sentir o\u00f9 appuyer pour activer l&#039;ouverture de la porte.<\/p>\n<\/section>\n<section>\n<h4>Sp\u00e9cification technique<\/h4>\n<ul>\n<li>Fabriqu\u00e9 en Su\u00e8de.<\/li>\n<li>Mat\u00e9riau : Alu.6060-T6, plastique POM (plastique ac\u00e9tal).<\/li>\n<li>Dimensions version standard l\/l\/h : 311x80x23 mm.<\/li>\n<li>Microrupteur : 1 NO + 1 NO\/NC. IP67.<\/li>\n<\/ul>\n<\/section>","protected":false},"excerpt":{"rendered":"<p>Dimensions du produit : 311 x 80 x 23 mm.<\/p>\n<p>Raccord coud\u00e9 en aluminium anodis\u00e9 noir avec embouts blancs.<\/p>\n<p>Surfaces \u00e0 double pression avec rainures tactiles.<\/p>","protected":false},"featured_media":148599,"template":"","meta":{"_acf_changed":false},"product_brand":[],"product_cat":[1422,4706],"product_tag":[],"class_list":{"0":"post-148601","1":"product","2":"type-product","3":"status-publish","4":"has-post-thumbnail","6":"product_cat-armbagskontakter-dorrautomatik","7":"product_cat-metall","8":"product_shipping_class-tunga-paket","9":"pa_brands-jc-kontakter","10":"tm-has-options","12":"first","13":"instock","14":"sale","15":"taxable","16":"shipping-taxable","17":"purchasable","18":"product-type-simple"},"acf":[],"_links":{"self":[{"href":"https:\/\/secureus.se\/fr\/wp-json\/wp\/v2\/product\/148601","targetHints":{"allow":["GET"]}}],"collection":[{"href":"https:\/\/secureus.se\/fr\/wp-json\/wp\/v2\/product"}],"about":[{"href":"https:\/\/secureus.se\/fr\/wp-json\/wp\/v2\/types\/product"}],"wp:featuredmedia":[{"embeddable":true,"href":"https:\/\/secureus.se\/fr\/wp-json\/wp\/v2\/media\/148599"}],"wp:attachment":[{"href":"https:\/\/secureus.se\/fr\/wp-json\/wp\/v2\/media?parent=148601"}],"wp:term":[{"taxonomy":"product_brand","embeddable":true,"href":"https:\/\/secureus.se\/fr\/wp-json\/wp\/v2\/product_brand?post=148601"},{"taxonomy":"product_cat","embeddable":true,"href":"https:\/\/secureus.se\/fr\/wp-json\/wp\/v2\/product_cat?post=148601"},{"taxonomy":"product_tag","embeddable":true,"href":"https:\/\/secureus.se\/fr\/wp-json\/wp\/v2\/product_tag?post=148601"}],"curies":[{"name":"wp","href":"https:\/\/api.w.org\/{rel}","templated":true}]}}