{"id":148611,"date":"2025-03-10T11:23:06","date_gmt":"2025-03-10T10:23:06","guid":{"rendered":"https:\/\/secureus.se\/armbagskontakt-aluminium-jck217-300-mm\/"},"modified":"2025-12-31T21:51:21","modified_gmt":"2025-12-31T20:51:21","slug":"armbagskontakt-aluminium-jck217-300-mm","status":"publish","type":"product","link":"https:\/\/secureus.se\/fr\/armbagskontakt-aluminium-jck217-300-mm\/","title":{"rendered":"Raccord coud\u00e9 \u2013 Aluminium \u2013 JCK217 300 mm"},"content":{"rendered":"<h1>Raccord coud\u00e9 \u2013 Aluminium \u2013 JCK217 300 mm<\/h1>\n<section>Le JCK217 appartient \u00e0 une s\u00e9rie de contacts coud\u00e9s dot\u00e9s d&#039;une surface de pression plate avec quatre rainures tactiles. Les rainures servent de guidage suppl\u00e9mentaire pour les personnes malvoyantes.<\/p>\n<p>Vous pouvez facilement sentir o\u00f9 appuyer pour activer l&#039;ouverture de la porte.<\/p>\n<p>Le JCK217 est fabriqu\u00e9 en aluminium anodis\u00e9 noir et poss\u00e8de des embouts blancs.<\/p>\n<p>Il est livr\u00e9 avec 1 microswitch en IP67, mais peut \u00e9galement \u00eatre command\u00e9 avec plus.<\/p>\n<\/section>\n<section>\n<h4>Sp\u00e9cification technique<\/h4>\n<ul>\n<li>Fabriqu\u00e9 en Su\u00e8de.<\/li>\n<li>Mat\u00e9riau : Alu.6060-T6, plastique POM (plastique ac\u00e9tal).<\/li>\n<li>Dimensions version standard l\/l\/h : 300x80x23 mm.<\/li>\n<li>Micro-interrupteur\u00a0:\u00a0Standard 1pc NON IP67. Peut \u00eatre command\u00e9 avec 2, ainsi qu&#039;avec NO\/NC.<\/li>\n<\/ul>\n<\/section>","protected":false},"excerpt":{"rendered":"<p>Dimensions du produit : 300 x 80 x 23 mm.<\/p>\n<p>Raccord coud\u00e9 en aluminium anodis\u00e9 noir avec embouts blancs.<\/p>\n<p>Plaque de pression plate avec rainures tactiles.<\/p>","protected":false},"featured_media":148608,"template":"","meta":{"_acf_changed":false},"product_brand":[],"product_cat":[1422,4706],"product_tag":[],"class_list":{"0":"post-148611","1":"product","2":"type-product","3":"status-publish","4":"has-post-thumbnail","6":"product_cat-armbagskontakter-dorrautomatik","7":"product_cat-metall","8":"product_shipping_class-tunga-paket","9":"pa_brands-jc-kontakter","10":"tm-no-options","12":"first","13":"instock","14":"sale","15":"taxable","16":"shipping-taxable","17":"purchasable","18":"product-type-simple"},"acf":[],"_links":{"self":[{"href":"https:\/\/secureus.se\/fr\/wp-json\/wp\/v2\/product\/148611","targetHints":{"allow":["GET"]}}],"collection":[{"href":"https:\/\/secureus.se\/fr\/wp-json\/wp\/v2\/product"}],"about":[{"href":"https:\/\/secureus.se\/fr\/wp-json\/wp\/v2\/types\/product"}],"wp:featuredmedia":[{"embeddable":true,"href":"https:\/\/secureus.se\/fr\/wp-json\/wp\/v2\/media\/148608"}],"wp:attachment":[{"href":"https:\/\/secureus.se\/fr\/wp-json\/wp\/v2\/media?parent=148611"}],"wp:term":[{"taxonomy":"product_brand","embeddable":true,"href":"https:\/\/secureus.se\/fr\/wp-json\/wp\/v2\/product_brand?post=148611"},{"taxonomy":"product_cat","embeddable":true,"href":"https:\/\/secureus.se\/fr\/wp-json\/wp\/v2\/product_cat?post=148611"},{"taxonomy":"product_tag","embeddable":true,"href":"https:\/\/secureus.se\/fr\/wp-json\/wp\/v2\/product_tag?post=148611"}],"curies":[{"name":"wp","href":"https:\/\/api.w.org\/{rel}","templated":true}]}}