{"id":148623,"date":"2025-03-04T15:26:28","date_gmt":"2025-03-04T14:26:28","guid":{"rendered":"https:\/\/secureus.se\/armbagskontakt-beroringsfri-jck201\/"},"modified":"2025-12-31T21:44:22","modified_gmt":"2025-12-31T20:44:22","slug":"armbagskontakt-beroringsfri-jck201","status":"publish","type":"product","link":"https:\/\/secureus.se\/fr\/armbagskontakt-beroringsfri-jck201\/","title":{"rendered":"Contact coud\u00e9 \u2013 Sans contact \u2013 JCK201"},"content":{"rendered":"<h1>Contact coud\u00e9 \u2013 Sans contact \u2013 JCK201<\/h1>\n<section>Le JCK201 est un mod\u00e8le dot\u00e9 d&#039;un capteur infrarouge int\u00e9gr\u00e9, permettant un fonctionnement sans contact. Ce capteur r\u00e9agit aux variations de luminosit\u00e9, ce qui permet d&#039;activer l&#039;ouverture de la porte d&#039;un simple mouvement de la main devant le contact.<\/p>\n<p>Ce type de contact coud\u00e9 est particuli\u00e8rement adapt\u00e9 dans les environnements o\u00f9 l&#039;on souhaite limiter la propagation des bact\u00e9ries, comme les \u00e9coles, les h\u00f4pitaux et autres b\u00e2timents publics.<\/p>\n<p>Le mod\u00e8le est \u00e9galement \u00e9quip\u00e9 de voyants LED qui aident \u00e0 afficher l&#039;\u00e9tat actuel - vert pour le mode veille et bleu lorsqu&#039;il est activ\u00e9.<\/p>\n<p>Le JCK201 est livr\u00e9 avec deux relais et un commutateur DIP qui permettent un certain nombre d&#039;options d&#039;installation diff\u00e9rentes.<\/p>\n<\/section>\n<section>\n<h4>Sp\u00e9cification technique<\/h4>\n<ul>\n<li>Fabriqu\u00e9 en Su\u00e8de.<\/li>\n<li>Mat\u00e9riau : Alu.6060-T6, plastique POM (plastique ac\u00e9tal).<\/li>\n<li>Dimensions l\/l\/h : 245 x 80 x 26 mm.<\/li>\n<li>Capteur IR.<\/li>\n<li>Lumi\u00e8re LED.<\/li>\n<li>Unit\u00e9 de commande avec interrupteur DIP.<\/li>\n<li>Deux relais.<\/li>\n<\/ul>\n<\/section>\n<p>&nbsp;<\/p>","protected":false},"excerpt":{"rendered":"<p>Dimensions du produit : 245 x 80 x 26 mm.<\/p>\n<p>Connecteur coud\u00e9 en aluminium avec capteur IR int\u00e9gr\u00e9 pour un fonctionnement sans contact.<\/p>\n<p>Voyant LED indiquant le mode veille et le mode activation.<\/p>","protected":false},"featured_media":148621,"template":"","meta":{"_acf_changed":false},"product_brand":[],"product_cat":[1422,4706],"product_tag":[],"class_list":{"0":"post-148623","1":"product","2":"type-product","3":"status-publish","4":"has-post-thumbnail","6":"product_cat-armbagskontakter-dorrautomatik","7":"product_cat-metall","8":"product_shipping_class-tunga-paket","9":"pa_brands-jc-kontakter","10":"tm-no-options","12":"first","13":"instock","14":"sale","15":"taxable","16":"shipping-taxable","17":"purchasable","18":"product-type-simple"},"acf":[],"_links":{"self":[{"href":"https:\/\/secureus.se\/fr\/wp-json\/wp\/v2\/product\/148623","targetHints":{"allow":["GET"]}}],"collection":[{"href":"https:\/\/secureus.se\/fr\/wp-json\/wp\/v2\/product"}],"about":[{"href":"https:\/\/secureus.se\/fr\/wp-json\/wp\/v2\/types\/product"}],"wp:featuredmedia":[{"embeddable":true,"href":"https:\/\/secureus.se\/fr\/wp-json\/wp\/v2\/media\/148621"}],"wp:attachment":[{"href":"https:\/\/secureus.se\/fr\/wp-json\/wp\/v2\/media?parent=148623"}],"wp:term":[{"taxonomy":"product_brand","embeddable":true,"href":"https:\/\/secureus.se\/fr\/wp-json\/wp\/v2\/product_brand?post=148623"},{"taxonomy":"product_cat","embeddable":true,"href":"https:\/\/secureus.se\/fr\/wp-json\/wp\/v2\/product_cat?post=148623"},{"taxonomy":"product_tag","embeddable":true,"href":"https:\/\/secureus.se\/fr\/wp-json\/wp\/v2\/product_tag?post=148623"}],"curies":[{"name":"wp","href":"https:\/\/api.w.org\/{rel}","templated":true}]}}