{"id":148634,"date":"2025-03-10T12:32:40","date_gmt":"2025-03-10T11:32:40","guid":{"rendered":"https:\/\/secureus.se\/armbagskontakt-abs-plast-jck212\/"},"modified":"2026-04-16T16:11:45","modified_gmt":"2026-04-16T14:11:45","slug":"armbagskontakt-abs-plast-jck212","status":"publish","type":"product","link":"https:\/\/secureus.se\/fr\/armbagskontakt-abs-plast-jck212\/","title":{"rendered":"Raccord coud\u00e9 \u2013 Plastique ABS \u2013 JCK212"},"content":{"rendered":"<h1 class=\"product_title entry-title elementor-heading-title elementor-size-default\">Raccord coud\u00e9 \u2013 Plastique ABS \u2013 JCK212<\/h1>\n<p>Connecteur coud\u00e9 robuste en plastique ABS durable.<\/p>\n<p>Mod\u00e8le auto-contrast\u00e9 avec rainures tactiles sur la plaque de pression en standard.<\/p>\n<p>JCK212 a \u00e9t\u00e9 d\u00e9velopp\u00e9 par nos soins pour faciliter l&#039;ouverture des portes pour les personnes malvoyantes.<\/p>\n<p>La fonction d&#039;auto-contraste signifie que le connecteur coud\u00e9 lui-m\u00eame pr\u00e9sente toujours un contraste clair, quel que soit l&#039;environnement dans lequel il est mont\u00e9.<\/p>\n<p>Il sera donc facile \u00e0 d\u00e9couvrir et \u00e0 utiliser pour ceux qui en ont besoin.<\/p>\n<h3>Sp\u00e9cification technique<\/h3>\n<ul>\n<li>Fabriqu\u00e9 en Su\u00e8de.<\/li>\n<li>Mat\u00e9riau : plastique ABS recyclable.<\/li>\n<li>Dimensions l\/l\/h : 250x95x25 mm.<\/li>\n<li>Microinterrupteur : Standard 1 pc NO IP67. Peut \u00eatre command\u00e9 avec 2 pi\u00e8ces, ainsi qu&#039;avec NO\/NC.<\/li>\n<\/ul>","protected":false},"excerpt":{"rendered":"<p>Dimensions du produit : 250 x 95 x 25 mm.<\/p>\n<p>Raccord coud\u00e9 noir avec plaque de pression convexe et marquage contrast\u00e9 blanc. Cadre gris fonc\u00e9.<\/p>","protected":false},"featured_media":148632,"template":"","meta":{"_acf_changed":false},"product_brand":[],"product_cat":[1422,4705],"product_tag":[2989],"class_list":{"0":"post-148634","1":"product","2":"type-product","3":"status-publish","4":"has-post-thumbnail","6":"product_cat-armbagskontakter-dorrautomatik","7":"product_cat-abs-plast","8":"product_tag-egen-logo-ej-taggar-kort","9":"product_shipping_class-tunga-paket","10":"pa_brands-jc-kontakter","11":"tm-has-options","13":"first","14":"onbackorder","15":"sale","16":"featured","17":"taxable","18":"shipping-taxable","19":"purchasable","20":"product-type-simple"},"acf":[],"_links":{"self":[{"href":"https:\/\/secureus.se\/fr\/wp-json\/wp\/v2\/product\/148634","targetHints":{"allow":["GET"]}}],"collection":[{"href":"https:\/\/secureus.se\/fr\/wp-json\/wp\/v2\/product"}],"about":[{"href":"https:\/\/secureus.se\/fr\/wp-json\/wp\/v2\/types\/product"}],"wp:featuredmedia":[{"embeddable":true,"href":"https:\/\/secureus.se\/fr\/wp-json\/wp\/v2\/media\/148632"}],"wp:attachment":[{"href":"https:\/\/secureus.se\/fr\/wp-json\/wp\/v2\/media?parent=148634"}],"wp:term":[{"taxonomy":"product_brand","embeddable":true,"href":"https:\/\/secureus.se\/fr\/wp-json\/wp\/v2\/product_brand?post=148634"},{"taxonomy":"product_cat","embeddable":true,"href":"https:\/\/secureus.se\/fr\/wp-json\/wp\/v2\/product_cat?post=148634"},{"taxonomy":"product_tag","embeddable":true,"href":"https:\/\/secureus.se\/fr\/wp-json\/wp\/v2\/product_tag?post=148634"}],"curies":[{"name":"wp","href":"https:\/\/api.w.org\/{rel}","templated":true}]}}