{"id":148649,"date":"2025-03-10T12:04:53","date_gmt":"2025-03-10T11:04:53","guid":{"rendered":"https:\/\/secureus.se\/armbagskontakt-abs-plast-jck107\/"},"modified":"2026-04-16T16:17:00","modified_gmt":"2026-04-16T14:17:00","slug":"armbagskontakt-abs-plast-jck107","status":"publish","type":"product","link":"https:\/\/secureus.se\/fr\/armbagskontakt-abs-plast-jck107\/","title":{"rendered":"Raccord coud\u00e9 \u2013 Plastique ABS \u2013 JCK107"},"content":{"rendered":"<h1 class=\"product_title entry-title elementor-heading-title elementor-size-default\">Raccord coud\u00e9 \u2013 Plastique ABS \u2013 JCK107<\/h1>\n<p>Connecteur coud\u00e9 \u00e9l\u00e9gant en plastique ABS durable.<\/p>\n<p>Mod\u00e8le avec plaque de pression plate en acier inoxydable et fond gris fonc\u00e9.<\/p>\n<p>Le JCK107 est livr\u00e9 avec 1 microswitch en IP67, mais peut \u00e9galement \u00eatre command\u00e9 avec plus.<\/p>\n<h3>Sp\u00e9cification technique<\/h3>\n<ul>\n<li>Fabriqu\u00e9 en Su\u00e8de.<\/li>\n<li>Mat\u00e9riau : Plastique ABS recyclable. M\u00e9tal inoxydable.<\/li>\n<li>Dimensions l\/l\/h : 250x95x23 mm.<\/li>\n<li>Micro-interrupteur\u00a0:\u00a0Standard 1pc NON IP67. Peut \u00eatre command\u00e9 avec 2, ainsi qu&#039;avec NO\/NC.<\/li>\n<\/ul>","protected":false},"excerpt":{"rendered":"<p>Dimensions du produit : 250 x 95 x 23 mm.<\/p>\n<p>Raccord coud\u00e9 en plastique avec plaque de pression plate en acier inoxydable et cadre gris fonc\u00e9.<\/p>","protected":false},"featured_media":148647,"template":"","meta":{"_acf_changed":false},"product_brand":[],"product_cat":[1422,4705],"product_tag":[2989],"class_list":{"0":"post-148649","1":"product","2":"type-product","3":"status-publish","4":"has-post-thumbnail","6":"product_cat-armbagskontakter-dorrautomatik","7":"product_cat-abs-plast","8":"product_tag-egen-logo-ej-taggar-kort","9":"product_shipping_class-tunga-paket","10":"pa_brands-jc-kontakter","11":"tm-has-options","13":"first","14":"instock","15":"sale","16":"featured","17":"taxable","18":"shipping-taxable","19":"purchasable","20":"product-type-simple"},"acf":[],"_links":{"self":[{"href":"https:\/\/secureus.se\/fr\/wp-json\/wp\/v2\/product\/148649","targetHints":{"allow":["GET"]}}],"collection":[{"href":"https:\/\/secureus.se\/fr\/wp-json\/wp\/v2\/product"}],"about":[{"href":"https:\/\/secureus.se\/fr\/wp-json\/wp\/v2\/types\/product"}],"wp:featuredmedia":[{"embeddable":true,"href":"https:\/\/secureus.se\/fr\/wp-json\/wp\/v2\/media\/148647"}],"wp:attachment":[{"href":"https:\/\/secureus.se\/fr\/wp-json\/wp\/v2\/media?parent=148649"}],"wp:term":[{"taxonomy":"product_brand","embeddable":true,"href":"https:\/\/secureus.se\/fr\/wp-json\/wp\/v2\/product_brand?post=148649"},{"taxonomy":"product_cat","embeddable":true,"href":"https:\/\/secureus.se\/fr\/wp-json\/wp\/v2\/product_cat?post=148649"},{"taxonomy":"product_tag","embeddable":true,"href":"https:\/\/secureus.se\/fr\/wp-json\/wp\/v2\/product_tag?post=148649"}],"curies":[{"name":"wp","href":"https:\/\/api.w.org\/{rel}","templated":true}]}}