{"id":148652,"date":"2025-03-10T11:58:49","date_gmt":"2025-03-10T10:58:49","guid":{"rendered":"https:\/\/secureus.se\/armbagskontakt-sparkfunktion-jck158\/"},"modified":"2026-04-16T16:18:21","modified_gmt":"2026-04-16T14:18:21","slug":"armbagskontakt-sparkfunktion-jck158","status":"publish","type":"product","link":"https:\/\/secureus.se\/fr\/armbagskontakt-sparkfunktion-jck158\/","title":{"rendered":"Contact coude \u2013 Fonction coup de pied \u2013 JCK158"},"content":{"rendered":"<h1>Contact coude \u2013 Fonction coup de pied \u2013 JCK158<\/h1>\n<section>\n<section>\n<section>Contact combin\u00e9 coude\/coup de pied. Mod\u00e8le long en aluminium anodis\u00e9 noir, dot\u00e9 d&#039;une surface de pression sup\u00e9rieure et d&#039;une surface de frappe inf\u00e9rieure. Le JCK158 fait partie d&#039;une gamme de contacts coud\u00e9s combin\u00e9s \u00e0 une surface de frappe inf\u00e9rieure. Ces mod\u00e8les sont sp\u00e9cialement con\u00e7us pour faciliter, par exemple\u00a0: le personnel de l&#039;h\u00f4pital puisse ouvrir rapidement et facilement les portes avec, par exemple le lit, le coude, la hanche ou le pied.<\/section>\n<section>\n<h4>Sp\u00e9cification technique<\/h4>\n<ul>\n<li>Fabriqu\u00e9 en Su\u00e8de.<\/li>\n<li>Mat\u00e9riau : Alu.6060-T6, plastique POM (plastique ac\u00e9tal).<\/li>\n<li>Dimensions version standard l\/l\/h : 1200x80x28 mm.<\/li>\n<li>Micro-interrupteurs : Standard 8 pi\u00e8ces NON Classe IP 67.<\/li>\n<\/ul>\n<\/section>\n<section>\n<h4>Accessoires et options<\/h4>\n<ul>\n<li>Unit\u00e9 de commande avec deux sorties et signal retard\u00e9 sur une sortie.<\/li>\n<\/ul>\n<\/section>\n<\/section>\n<\/section>","protected":false},"excerpt":{"rendered":"<p>Dimensions du produit : 1200 x 80 x 28 mm.<\/p>\n<p>Raccord coud\u00e9 long en aluminium anodis\u00e9 argent avec fonction kick\/connecteur kick en bas.<\/p>","protected":false},"featured_media":148650,"template":"","meta":{"_acf_changed":false},"product_brand":[],"product_cat":[1422,4706],"product_tag":[],"class_list":{"0":"post-148652","1":"product","2":"type-product","3":"status-publish","4":"has-post-thumbnail","6":"product_cat-armbagskontakter-dorrautomatik","7":"product_cat-metall","8":"product_shipping_class-tunga-paket","9":"pa_brands-jc-kontakter","10":"tm-no-options","12":"first","13":"instock","14":"sale","15":"taxable","16":"shipping-taxable","17":"purchasable","18":"product-type-simple"},"acf":[],"_links":{"self":[{"href":"https:\/\/secureus.se\/fr\/wp-json\/wp\/v2\/product\/148652","targetHints":{"allow":["GET"]}}],"collection":[{"href":"https:\/\/secureus.se\/fr\/wp-json\/wp\/v2\/product"}],"about":[{"href":"https:\/\/secureus.se\/fr\/wp-json\/wp\/v2\/types\/product"}],"wp:featuredmedia":[{"embeddable":true,"href":"https:\/\/secureus.se\/fr\/wp-json\/wp\/v2\/media\/148650"}],"wp:attachment":[{"href":"https:\/\/secureus.se\/fr\/wp-json\/wp\/v2\/media?parent=148652"}],"wp:term":[{"taxonomy":"product_brand","embeddable":true,"href":"https:\/\/secureus.se\/fr\/wp-json\/wp\/v2\/product_brand?post=148652"},{"taxonomy":"product_cat","embeddable":true,"href":"https:\/\/secureus.se\/fr\/wp-json\/wp\/v2\/product_cat?post=148652"},{"taxonomy":"product_tag","embeddable":true,"href":"https:\/\/secureus.se\/fr\/wp-json\/wp\/v2\/product_tag?post=148652"}],"curies":[{"name":"wp","href":"https:\/\/api.w.org\/{rel}","templated":true}]}}