{"id":148662,"date":"2025-03-04T16:45:54","date_gmt":"2025-03-04T15:45:54","guid":{"rendered":"https:\/\/secureus.se\/armbagskontakt-aluminium-jck118-600-mm\/"},"modified":"2026-04-16T16:41:25","modified_gmt":"2026-04-16T14:41:25","slug":"armbagskontakt-aluminium-jck118-600-mm","status":"publish","type":"product","link":"https:\/\/secureus.se\/fr\/armbagskontakt-aluminium-jck118-600-mm\/","title":{"rendered":"Raccord coud\u00e9 \u2013 Aluminium \u2013 JCK118 600 mm"},"content":{"rendered":"<h1 class=\"product_title entry-title elementor-heading-title elementor-size-default\">Raccord coud\u00e9 \u2013 Aluminium \u2013 JCK118 600 mm<\/h1>\n<p>JCK118 est un connecteur coud\u00e9 en aluminium robuste.<\/p>\n<p>Le mod\u00e8le est dot\u00e9 d&#039;une plaque de pression noire concave avec des embouts blancs contrast\u00e9s et est particuli\u00e8rement adapt\u00e9 \u00e0 l&#039;installation dans des environnements exigeants.<\/p>\n<p>Le JCK118 est livr\u00e9 avec 1 microswitch en IP67, mais peut \u00e9galement \u00eatre command\u00e9 avec plus.<\/p>\n<section>\n<h3>Sp\u00e9cification technique<\/h3>\n<ul>\n<li>Fabriqu\u00e9 en Su\u00e8de.<\/li>\n<li>Mat\u00e9riau : Alu.6060-T6, plastique POM (plastique ac\u00e9tal).<\/li>\n<li>Dimensions version standard l\/l\/h : 600x80x28 mm.<\/li>\n<li>Microrupteur : NO Classe IP 67. Standard 1 NO, peut \u00eatre command\u00e9 avec 2 microrupteurs et avec microrupteur commutable NO\/NC.<\/li>\n<\/ul>\n<\/section>","protected":false},"excerpt":{"rendered":"<p>Dimensions : 600 x 80 x 28 mm.<\/p>\n<p>Raccord coud\u00e9 avec plaque de pression concave en aluminium anodis\u00e9 noir et embouts blancs.<\/p>","protected":false},"featured_media":148659,"template":"","meta":{"_acf_changed":false},"product_brand":[],"product_cat":[1422,4706],"product_tag":[],"class_list":{"0":"post-148662","1":"product","2":"type-product","3":"status-publish","4":"has-post-thumbnail","6":"product_cat-armbagskontakter-dorrautomatik","7":"product_cat-metall","8":"product_shipping_class-tunga-paket","9":"pa_brands-jc-kontakter","10":"tm-has-options","12":"first","13":"instock","14":"sale","15":"taxable","16":"shipping-taxable","17":"purchasable","18":"product-type-simple"},"acf":[],"_links":{"self":[{"href":"https:\/\/secureus.se\/fr\/wp-json\/wp\/v2\/product\/148662","targetHints":{"allow":["GET"]}}],"collection":[{"href":"https:\/\/secureus.se\/fr\/wp-json\/wp\/v2\/product"}],"about":[{"href":"https:\/\/secureus.se\/fr\/wp-json\/wp\/v2\/types\/product"}],"wp:featuredmedia":[{"embeddable":true,"href":"https:\/\/secureus.se\/fr\/wp-json\/wp\/v2\/media\/148659"}],"wp:attachment":[{"href":"https:\/\/secureus.se\/fr\/wp-json\/wp\/v2\/media?parent=148662"}],"wp:term":[{"taxonomy":"product_brand","embeddable":true,"href":"https:\/\/secureus.se\/fr\/wp-json\/wp\/v2\/product_brand?post=148662"},{"taxonomy":"product_cat","embeddable":true,"href":"https:\/\/secureus.se\/fr\/wp-json\/wp\/v2\/product_cat?post=148662"},{"taxonomy":"product_tag","embeddable":true,"href":"https:\/\/secureus.se\/fr\/wp-json\/wp\/v2\/product_tag?post=148662"}],"curies":[{"name":"wp","href":"https:\/\/api.w.org\/{rel}","templated":true}]}}