{"id":148666,"date":"2025-03-04T16:38:36","date_gmt":"2025-03-04T15:38:36","guid":{"rendered":"https:\/\/secureus.se\/armbagskontakt-aluminium-jck108-850-mm\/"},"modified":"2026-04-16T16:45:31","modified_gmt":"2026-04-16T14:45:31","slug":"armbagskontakt-aluminium-jck108-850-mm","status":"publish","type":"product","link":"https:\/\/secureus.se\/fr\/armbagskontakt-aluminium-jck108-850-mm\/","title":{"rendered":"Raccord coud\u00e9 \u2013 Aluminium \u2013 JCK108 850 mm"},"content":{"rendered":"<h1>Raccord coud\u00e9 \u2013 Aluminium \u2013 JCK108 850 mm<\/h1>\n<section>Le JCK108 est un connecteur coud\u00e9 robuste en aluminium. Le mod\u00e8le est dot\u00e9 d&#039;une plaque de pression concave avec des embouts noirs contrastants et est particuli\u00e8rement adapt\u00e9 \u00e0 l&#039;installation dans des environnements exigeants.<br \/>\nLe JCK108 est livr\u00e9 avec 2 microswitches en IP67.<\/section>\n<section>\n<h4>Sp\u00e9cification technique<\/h4>\n<ul>\n<li>Fabriqu\u00e9 en Su\u00e8de.<\/li>\n<li>Mat\u00e9riau : Alu.6060-T6, plastique POM (plastique ac\u00e9tal).<\/li>\n<li>Dimensions l\/l\/h : 850x80x28 mm.<\/li>\n<li>Microinterrupteur : Standard 2 pi\u00e8ces NO IP67. Peut \u00eatre command\u00e9 avec NO\/NC.<\/li>\n<\/ul>\n<\/section>","protected":false},"excerpt":{"rendered":"<p>Dimensions du produit : 850 x 80 x 28 mm.<\/p>\n<p>Raccord coud\u00e9 avec plaque de pression concave en aluminium anodis\u00e9 argent et embouts noirs.<\/p>\n<p>Des embouts blancs sont disponibles en option.<\/p>","protected":false},"featured_media":148664,"template":"","meta":{"_acf_changed":false},"product_brand":[],"product_cat":[1422,4706],"product_tag":[],"class_list":{"0":"post-148666","1":"product","2":"type-product","3":"status-publish","4":"has-post-thumbnail","6":"product_cat-armbagskontakter-dorrautomatik","7":"product_cat-metall","8":"product_shipping_class-tunga-paket","9":"pa_brands-jc-kontakter","10":"tm-no-options","12":"first","13":"instock","14":"sale","15":"taxable","16":"shipping-taxable","17":"purchasable","18":"product-type-simple"},"acf":[],"_links":{"self":[{"href":"https:\/\/secureus.se\/fr\/wp-json\/wp\/v2\/product\/148666","targetHints":{"allow":["GET"]}}],"collection":[{"href":"https:\/\/secureus.se\/fr\/wp-json\/wp\/v2\/product"}],"about":[{"href":"https:\/\/secureus.se\/fr\/wp-json\/wp\/v2\/types\/product"}],"wp:featuredmedia":[{"embeddable":true,"href":"https:\/\/secureus.se\/fr\/wp-json\/wp\/v2\/media\/148664"}],"wp:attachment":[{"href":"https:\/\/secureus.se\/fr\/wp-json\/wp\/v2\/media?parent=148666"}],"wp:term":[{"taxonomy":"product_brand","embeddable":true,"href":"https:\/\/secureus.se\/fr\/wp-json\/wp\/v2\/product_brand?post=148666"},{"taxonomy":"product_cat","embeddable":true,"href":"https:\/\/secureus.se\/fr\/wp-json\/wp\/v2\/product_cat?post=148666"},{"taxonomy":"product_tag","embeddable":true,"href":"https:\/\/secureus.se\/fr\/wp-json\/wp\/v2\/product_tag?post=148666"}],"curies":[{"name":"wp","href":"https:\/\/api.w.org\/{rel}","templated":true}]}}