{"id":148669,"date":"2025-03-04T16:31:44","date_gmt":"2025-03-04T15:31:44","guid":{"rendered":"https:\/\/secureus.se\/armbagskontakt-50mm-alu-jck265\/"},"modified":"2025-12-31T21:42:14","modified_gmt":"2025-12-31T20:42:14","slug":"armbagskontakt-50mm-alu-jck265","status":"publish","type":"product","link":"https:\/\/secureus.se\/fr\/armbagskontakt-50mm-alu-jck265\/","title":{"rendered":"Raccord coud\u00e9 \u2013 50 mm \u2013 Alu \u2013 JCK265"},"content":{"rendered":"<h1 class=\"product_title entry-title elementor-heading-title elementor-size-default\">Raccord coud\u00e9 \u2013 50 mm \u2013 Alu \u2013 JCK265<\/h1>\n<p>Le JCK265 est sp\u00e9cialement d\u00e9velopp\u00e9 pour l&#039;installation sur des sections de verre avec des syst\u00e8mes de profil\u00e9s de 50 mm.<\/p>\n<p>Le mod\u00e8le convient \u00e9galement \u00e0 l&#039;installation dans d&#039;autres environnements o\u00f9 l&#039;espace est limit\u00e9.<\/p>\n<p>Le JCK265 est \u00e9quip\u00e9 de doubles surfaces de pression et fabriqu\u00e9 en aluminium anodis\u00e9 noir avec des embouts blancs.<\/p>\n<p>Nos interrupteurs coud\u00e9s \u00e0 double surface de pression sont d\u00e9velopp\u00e9s pour les environnements \u00e0 doubles portes battantes et permettent un contr\u00f4le s\u00e9par\u00e9 de chaque porte.<\/p>\n<p>Cela r\u00e9duit les courants d&#039;air froids et les courants d&#039;air tout en \u00e9conomisant de l&#039;\u00e9nergie, car les deux portes n&#039;ont pas besoin d&#039;\u00eatre ouvertes \u00e0 chaque passage.<\/p>\n<p>La fonction est \u00e9galement pratique dans les espaces avec deux entr\u00e9es s\u00e9par\u00e9es vers la m\u00eame pi\u00e8ce.<\/p>\n<h4>Sp\u00e9cification technique<\/h4>\n<ul>\n<li>Fabriqu\u00e9 en Su\u00e8de.<\/li>\n<li>Mat\u00e9riau : Alu.6060-T6, plastique POM (plastique ac\u00e9tal).<\/li>\n<li>Dimensions version standard l\/l\/h : 311x50x23 mm.<\/li>\n<li>Micro-interrupteurs : 2 pi\u00e8ces IP67. 1 NO\/NC (petite zone de pression), 1 NO (grande zone de pression).<\/li>\n<\/ul>\n<p>&nbsp;<\/p>","protected":false},"excerpt":{"rendered":"<p>Dimensions du produit : 311 x 50 x 23 mm.<\/p>\n<p>Raccord coud\u00e9 en aluminium anodis\u00e9 noir avec embouts blancs.<\/p>\n<p>Mod\u00e8le mince avec double surface d&#039;impression.<\/p>","protected":false},"featured_media":148668,"template":"","meta":{"_acf_changed":false},"product_brand":[],"product_cat":[1422,4706],"product_tag":[],"class_list":{"0":"post-148669","1":"product","2":"type-product","3":"status-publish","4":"has-post-thumbnail","6":"product_cat-armbagskontakter-dorrautomatik","7":"product_cat-metall","8":"product_shipping_class-tunga-paket","9":"pa_brands-jc-kontakter","10":"tm-has-options","12":"first","13":"instock","14":"sale","15":"taxable","16":"shipping-taxable","17":"purchasable","18":"product-type-simple"},"acf":[],"_links":{"self":[{"href":"https:\/\/secureus.se\/fr\/wp-json\/wp\/v2\/product\/148669","targetHints":{"allow":["GET"]}}],"collection":[{"href":"https:\/\/secureus.se\/fr\/wp-json\/wp\/v2\/product"}],"about":[{"href":"https:\/\/secureus.se\/fr\/wp-json\/wp\/v2\/types\/product"}],"wp:featuredmedia":[{"embeddable":true,"href":"https:\/\/secureus.se\/fr\/wp-json\/wp\/v2\/media\/148668"}],"wp:attachment":[{"href":"https:\/\/secureus.se\/fr\/wp-json\/wp\/v2\/media?parent=148669"}],"wp:term":[{"taxonomy":"product_brand","embeddable":true,"href":"https:\/\/secureus.se\/fr\/wp-json\/wp\/v2\/product_brand?post=148669"},{"taxonomy":"product_cat","embeddable":true,"href":"https:\/\/secureus.se\/fr\/wp-json\/wp\/v2\/product_cat?post=148669"},{"taxonomy":"product_tag","embeddable":true,"href":"https:\/\/secureus.se\/fr\/wp-json\/wp\/v2\/product_tag?post=148669"}],"curies":[{"name":"wp","href":"https:\/\/api.w.org\/{rel}","templated":true}]}}