{"id":148671,"date":"2025-03-04T16:29:00","date_gmt":"2025-03-04T15:29:00","guid":{"rendered":"https:\/\/secureus.se\/armbagskontakt-50mm-alu-jck260\/"},"modified":"2026-04-16T16:50:15","modified_gmt":"2026-04-16T14:50:15","slug":"armbagskontakt-50mm-alu-jck260","status":"publish","type":"product","link":"https:\/\/secureus.se\/fr\/armbagskontakt-50mm-alu-jck260\/","title":{"rendered":"Raccord coud\u00e9 \u2013 50 mm \u2013 Alu \u2013 JCK260"},"content":{"rendered":"<h1 class=\"product_title entry-title elementor-heading-title elementor-size-default\">Raccord coud\u00e9 \u2013 50 mm \u2013 Alu \u2013 JCK260<\/h1>\n<p>Le JCK260 mesure seulement 50 mm de large et est con\u00e7u pour \u00eatre install\u00e9 sur des sections de verre construites avec des syst\u00e8mes de profil\u00e9s de 50 mm, ainsi que dans d&#039;autres espaces o\u00f9 l&#039;espace est limit\u00e9.<\/p>\n<p>Le mod\u00e8le dispose de deux surfaces d&#039;impression et est fabriqu\u00e9 en aluminium anodis\u00e9 argent\u00e9 avec des embouts noirs.<\/p>\n<p>Nos interrupteurs coud\u00e9s \u00e0 double surface de pression sont d\u00e9velopp\u00e9s pour les environnements avec portes battantes doubles et permettent de contr\u00f4ler chaque porte s\u00e9par\u00e9ment avec son propre bouton poussoir.<\/p>\n<p>La fonction permet de r\u00e9duire les courants d&#039;air froids et les courants d&#039;air, et d&#039;\u00e9conomiser de l&#039;\u00e9nergie par rapport \u00e0 l&#039;ouverture des deux portes \u00e0 chaque ouverture.<\/p>\n<p>Ces raccords coud\u00e9s peuvent \u00e9galement convenir dans un passage o\u00f9 il y a deux entr\u00e9es dans les locaux.<\/p>\n<h4>Sp\u00e9cification technique<\/h4>\n<ul>\n<li>Fabriqu\u00e9 en Su\u00e8de.<\/li>\n<li>Mat\u00e9riau : Alu.6060-T6, plastique POM (plastique ac\u00e9tal).<\/li>\n<li>Dimensions version standard l\/l\/h : 311x50x23 mm.<\/li>\n<li>Micro-interrupteurs : 2 pi\u00e8ces IP67. 1 NO\/NC (petite zone de pression), 1 NO (grande zone de pression).<\/li>\n<\/ul>\n<p>&nbsp;<\/p>","protected":false},"excerpt":{"rendered":"<p>Dimensions du produit : 311 x 50 x 23 mm.<\/p>\n<p>Raccord coud\u00e9 en aluminium anodis\u00e9 argent avec embouts noirs.<\/p>\n<p>Mod\u00e8le mince avec double surface d&#039;impression.<\/p>","protected":false},"featured_media":148670,"template":"","meta":{"_acf_changed":false},"product_brand":[],"product_cat":[1422,4706],"product_tag":[],"class_list":{"0":"post-148671","1":"product","2":"type-product","3":"status-publish","4":"has-post-thumbnail","6":"product_cat-armbagskontakter-dorrautomatik","7":"product_cat-metall","8":"product_shipping_class-tunga-paket","9":"pa_brands-jc-kontakter","10":"tm-has-options","12":"first","13":"instock","14":"sale","15":"taxable","16":"shipping-taxable","17":"purchasable","18":"product-type-simple"},"acf":[],"_links":{"self":[{"href":"https:\/\/secureus.se\/fr\/wp-json\/wp\/v2\/product\/148671","targetHints":{"allow":["GET"]}}],"collection":[{"href":"https:\/\/secureus.se\/fr\/wp-json\/wp\/v2\/product"}],"about":[{"href":"https:\/\/secureus.se\/fr\/wp-json\/wp\/v2\/types\/product"}],"wp:featuredmedia":[{"embeddable":true,"href":"https:\/\/secureus.se\/fr\/wp-json\/wp\/v2\/media\/148670"}],"wp:attachment":[{"href":"https:\/\/secureus.se\/fr\/wp-json\/wp\/v2\/media?parent=148671"}],"wp:term":[{"taxonomy":"product_brand","embeddable":true,"href":"https:\/\/secureus.se\/fr\/wp-json\/wp\/v2\/product_brand?post=148671"},{"taxonomy":"product_cat","embeddable":true,"href":"https:\/\/secureus.se\/fr\/wp-json\/wp\/v2\/product_cat?post=148671"},{"taxonomy":"product_tag","embeddable":true,"href":"https:\/\/secureus.se\/fr\/wp-json\/wp\/v2\/product_tag?post=148671"}],"curies":[{"name":"wp","href":"https:\/\/api.w.org\/{rel}","templated":true}]}}