{"id":148673,"date":"2025-03-04T16:25:44","date_gmt":"2025-03-04T15:25:44","guid":{"rendered":"https:\/\/secureus.se\/armbagskontakt-50mm-alu-jck255\/"},"modified":"2025-12-31T21:49:50","modified_gmt":"2025-12-31T20:49:50","slug":"armbagskontakt-50mm-alu-jck255","status":"publish","type":"product","link":"https:\/\/secureus.se\/fr\/armbagskontakt-50mm-alu-jck255\/","title":{"rendered":"Raccord coud\u00e9 \u2013 50 mm \u2013 Alu \u2013 JCK255"},"content":{"rendered":"<h1>Raccord coud\u00e9 \u2013 50 mm \u2013 Alu \u2013 JCK255<\/h1>\n<p>Le JCK255 mesure seulement 50 mm de large et est con\u00e7u pour \u00eatre install\u00e9 sur des sections de verre construites avec des syst\u00e8mes de profil\u00e9s de 50 mm, ainsi que dans d&#039;autres espaces o\u00f9 l&#039;espace est limit\u00e9.<\/p>\n<section>\n<h4>Sp\u00e9cification technique<\/h4>\n<ul>\n<li>Fabriqu\u00e9 en Su\u00e8de.<\/li>\n<li>Mat\u00e9riau : Alu.6060-T6, plastique POM (plastique ac\u00e9tal).<\/li>\n<li>Dimensions version standard l\/l\/h : 245x50x23 mm.<\/li>\n<li>Micro-interrupteur\u00a0:\u00a0Standard 1pc NON IP67. Peut \u00eatre command\u00e9 avec 2, ainsi qu&#039;avec NO\/NC.<\/li>\n<\/ul>\n<\/section>","protected":false},"excerpt":{"rendered":"<p>Dimensions du produit : 245 x 50 x 23 mm.<\/p>\n<p>Raccord coud\u00e9 en aluminium anodis\u00e9 noir avec embouts blancs.<\/p>\n<p>Mod\u00e8le mince de seulement 50 mm.<\/p>","protected":false},"featured_media":148672,"template":"","meta":{"_acf_changed":false},"product_brand":[],"product_cat":[1422,4706],"product_tag":[],"class_list":{"0":"post-148673","1":"product","2":"type-product","3":"status-publish","4":"has-post-thumbnail","6":"product_cat-armbagskontakter-dorrautomatik","7":"product_cat-metall","8":"product_shipping_class-tunga-paket","9":"pa_brands-jc-kontakter","10":"tm-has-options","12":"first","13":"instock","14":"sale","15":"taxable","16":"shipping-taxable","17":"purchasable","18":"product-type-simple"},"acf":[],"_links":{"self":[{"href":"https:\/\/secureus.se\/fr\/wp-json\/wp\/v2\/product\/148673","targetHints":{"allow":["GET"]}}],"collection":[{"href":"https:\/\/secureus.se\/fr\/wp-json\/wp\/v2\/product"}],"about":[{"href":"https:\/\/secureus.se\/fr\/wp-json\/wp\/v2\/types\/product"}],"wp:featuredmedia":[{"embeddable":true,"href":"https:\/\/secureus.se\/fr\/wp-json\/wp\/v2\/media\/148672"}],"wp:attachment":[{"href":"https:\/\/secureus.se\/fr\/wp-json\/wp\/v2\/media?parent=148673"}],"wp:term":[{"taxonomy":"product_brand","embeddable":true,"href":"https:\/\/secureus.se\/fr\/wp-json\/wp\/v2\/product_brand?post=148673"},{"taxonomy":"product_cat","embeddable":true,"href":"https:\/\/secureus.se\/fr\/wp-json\/wp\/v2\/product_cat?post=148673"},{"taxonomy":"product_tag","embeddable":true,"href":"https:\/\/secureus.se\/fr\/wp-json\/wp\/v2\/product_tag?post=148673"}],"curies":[{"name":"wp","href":"https:\/\/api.w.org\/{rel}","templated":true}]}}