{"id":148676,"date":"2025-03-04T15:41:48","date_gmt":"2025-03-04T14:41:48","guid":{"rendered":"https:\/\/secureus.se\/armbagskontakt-led-jck277\/"},"modified":"2025-12-31T21:49:37","modified_gmt":"2025-12-31T20:49:37","slug":"armbagskontakt-led-jck277","status":"publish","type":"product","link":"https:\/\/secureus.se\/fr\/armbagskontakt-led-jck277\/","title":{"rendered":"Connecteur coud\u00e9 \u2013 LED \u2013 JCK277"},"content":{"rendered":"<h1 class=\"product_title entry-title elementor-heading-title elementor-size-default\">Connecteur coud\u00e9 \u2013 LED \u2013 JCK277<\/h1>\n<p>Mod\u00e8le moderne \u00e9quip\u00e9 d&#039;un \u00e9clairage LED de guidage (bleu).<\/p>\n<p>Fabriqu\u00e9 en aluminium anodis\u00e9 noir avec embouts noirs.<\/p>\n<h4>Sp\u00e9cification technique<\/h4>\n<ul>\n<li>Fabriqu\u00e9 en Su\u00e8de.<\/li>\n<li>Equip\u00e9 d&#039;une lumi\u00e8re LED (bleue).<\/li>\n<li>Mat\u00e9riau : Alu.6060-T6, plastique POM (plastique ac\u00e9tal).<\/li>\n<li>Dimensions version standard l\/l\/h : 245 x 80 x 23 mm.<\/li>\n<li>Microrupteur : Standard 1 NO + 1 NO\/NC IP67.<\/li>\n<\/ul>","protected":false},"excerpt":{"rendered":"<p>Dimensions du produit : 245 x 80 x 23 mm.<\/p>\n<p>Connecteur coud\u00e9 en aluminium anodis\u00e9 noir avec lumi\u00e8re LED pour un guidage suppl\u00e9mentaire.<\/p>\n<p>Mod\u00e8le plat avec embouts noirs.<\/p>","protected":false},"featured_media":148674,"template":"","meta":{"_acf_changed":false},"product_brand":[],"product_cat":[1422,4706],"product_tag":[],"class_list":{"0":"post-148676","1":"product","2":"type-product","3":"status-publish","4":"has-post-thumbnail","6":"product_cat-armbagskontakter-dorrautomatik","7":"product_cat-metall","8":"product_shipping_class-tunga-paket","9":"pa_brands-jc-kontakter","10":"tm-has-options","12":"first","13":"instock","14":"sale","15":"taxable","16":"shipping-taxable","17":"purchasable","18":"product-type-simple"},"acf":[],"_links":{"self":[{"href":"https:\/\/secureus.se\/fr\/wp-json\/wp\/v2\/product\/148676","targetHints":{"allow":["GET"]}}],"collection":[{"href":"https:\/\/secureus.se\/fr\/wp-json\/wp\/v2\/product"}],"about":[{"href":"https:\/\/secureus.se\/fr\/wp-json\/wp\/v2\/types\/product"}],"wp:featuredmedia":[{"embeddable":true,"href":"https:\/\/secureus.se\/fr\/wp-json\/wp\/v2\/media\/148674"}],"wp:attachment":[{"href":"https:\/\/secureus.se\/fr\/wp-json\/wp\/v2\/media?parent=148676"}],"wp:term":[{"taxonomy":"product_brand","embeddable":true,"href":"https:\/\/secureus.se\/fr\/wp-json\/wp\/v2\/product_brand?post=148676"},{"taxonomy":"product_cat","embeddable":true,"href":"https:\/\/secureus.se\/fr\/wp-json\/wp\/v2\/product_cat?post=148676"},{"taxonomy":"product_tag","embeddable":true,"href":"https:\/\/secureus.se\/fr\/wp-json\/wp\/v2\/product_tag?post=148676"}],"curies":[{"name":"wp","href":"https:\/\/api.w.org\/{rel}","templated":true}]}}