{"id":148679,"date":"2025-03-04T15:37:48","date_gmt":"2025-03-04T14:37:48","guid":{"rendered":"https:\/\/secureus.se\/armbagskontakt-led-jck267\/"},"modified":"2025-12-31T21:49:30","modified_gmt":"2025-12-31T20:49:30","slug":"armbagskontakt-led-jck267","status":"publish","type":"product","link":"https:\/\/secureus.se\/fr\/armbagskontakt-led-jck267\/","title":{"rendered":"Connecteur coud\u00e9 \u2013 LED \u2013 JCK267"},"content":{"rendered":"<h1 class=\"product_title entry-title elementor-heading-title elementor-size-default\">Connecteur coud\u00e9 \u2013 LED \u2013 JCK267<\/h1>\n<p>Mod\u00e8le moderne \u00e9quip\u00e9 d&#039;un \u00e9clairage LED de guidage (bleu).<\/p>\n<p>Fabriqu\u00e9 en aluminium gris argent\u00e9 avec embouts noirs.<\/p>\n<h3>Sp\u00e9cification technique<\/h3>\n<ul>\n<li>Fabriqu\u00e9 en Su\u00e8de.<\/li>\n<li>Equip\u00e9 d&#039;une lumi\u00e8re LED (bleue).<\/li>\n<li>Mat\u00e9riau : Alu.6060-T6, plastique POM (plastique ac\u00e9tal).<\/li>\n<li>Dimensions version standard l\/l\/h : 245 x 80 x 23 mm.<\/li>\n<li>Microrupteur : Standard 1 NO + 1 NO\/NC IP67.<\/li>\n<\/ul>\n<p>&nbsp;<\/p>","protected":false},"excerpt":{"rendered":"<p>Dimensions du produit : 245 x 80 x 23 mm.<\/p>\n<p>Connecteur coud\u00e9 en aluminium avec LED pour guidage.<\/p>\n<p>Mod\u00e8le plat avec embouts noirs.<\/p>\n<p>&nbsp;<\/p>","protected":false},"featured_media":148677,"template":"","meta":{"_acf_changed":false},"product_brand":[],"product_cat":[1422,4706],"product_tag":[],"class_list":{"0":"post-148679","1":"product","2":"type-product","3":"status-publish","4":"has-post-thumbnail","6":"product_cat-armbagskontakter-dorrautomatik","7":"product_cat-metall","8":"product_shipping_class-tunga-paket","9":"pa_brands-jc-kontakter","10":"tm-has-options","12":"first","13":"instock","14":"sale","15":"taxable","16":"shipping-taxable","17":"purchasable","18":"product-type-simple"},"acf":[],"_links":{"self":[{"href":"https:\/\/secureus.se\/fr\/wp-json\/wp\/v2\/product\/148679","targetHints":{"allow":["GET"]}}],"collection":[{"href":"https:\/\/secureus.se\/fr\/wp-json\/wp\/v2\/product"}],"about":[{"href":"https:\/\/secureus.se\/fr\/wp-json\/wp\/v2\/types\/product"}],"wp:featuredmedia":[{"embeddable":true,"href":"https:\/\/secureus.se\/fr\/wp-json\/wp\/v2\/media\/148677"}],"wp:attachment":[{"href":"https:\/\/secureus.se\/fr\/wp-json\/wp\/v2\/media?parent=148679"}],"wp:term":[{"taxonomy":"product_brand","embeddable":true,"href":"https:\/\/secureus.se\/fr\/wp-json\/wp\/v2\/product_brand?post=148679"},{"taxonomy":"product_cat","embeddable":true,"href":"https:\/\/secureus.se\/fr\/wp-json\/wp\/v2\/product_cat?post=148679"},{"taxonomy":"product_tag","embeddable":true,"href":"https:\/\/secureus.se\/fr\/wp-json\/wp\/v2\/product_tag?post=148679"}],"curies":[{"name":"wp","href":"https:\/\/api.w.org\/{rel}","templated":true}]}}