{"id":148866,"date":"2026-01-07T15:13:23","date_gmt":"2026-01-07T14:13:23","guid":{"rendered":"https:\/\/secureus.se\/?post_type=product&#038;p=148866"},"modified":"2026-03-13T10:45:50","modified_gmt":"2026-03-13T09:45:50","slug":"fjarrkontroll-for-led-ljuslist-med-rorelsesensor-full-kontroll-av-belysningen","status":"publish","type":"product","link":"https:\/\/secureus.se\/fr\/fjarrkontroll-for-led-ljuslist-med-rorelsesensor-full-kontroll-av-belysningen\/","title":{"rendered":"T\u00e9l\u00e9commande pour ruban LED Spotlight argent\u00e9 \u2013 Contr\u00f4le total de l&#039;\u00e9clairage"},"content":{"rendered":"<p data-start=\"0\" data-end=\"449\"><strong data-start=\"0\" data-end=\"83\">T\u00e9l\u00e9commande pour bande lumineuse LED avec d\u00e9tecteur de mouvement \u2013 Contr\u00f4le total de l&#039;\u00e9clairage<\/strong><br data-start=\"83\" data-end=\"86\" \/>D\u00e9sormais, vous n\u2019avez plus besoin de vous tenir juste \u00e0 c\u00f4t\u00e9 de la bande lumineuse pour contr\u00f4ler l\u2019\u00e9clairage. Avec cette t\u00e9l\u00e9commande, vous pouvez facilement allumer et \u00e9teindre la lampe ou plusieurs lampes (jusqu&#039;\u00e0 20), r\u00e9gler la luminosit\u00e9, basculer entre diff\u00e9rentes temp\u00e9ratures de couleur et m\u00eame r\u00e9gler une minuterie entre 15 et 60 minutes. Parfait pour ceux qui souhaitent un maximum de confort et de flexibilit\u00e9 lors de l&#039;utilisation de nos bandes lumineuses LED intelligentes.<\/p>\n<hr data-start=\"451\" data-end=\"454\" \/>\n<h2 data-start=\"456\" data-end=\"475\">Principales caract\u00e9ristiques<\/h2>\n<ol data-start=\"477\" data-end=\"1293\">\n<li data-start=\"477\" data-end=\"593\">\n<p data-start=\"480\" data-end=\"593\"><strong data-start=\"480\" data-end=\"503\">Marche\/Arr\u00eat en un clic<\/strong><br data-start=\"503\" data-end=\"506\" \/>\u00c9vitez les tracas : allumez ou \u00e9teignez votre lumi\u00e8re LED directement depuis votre canap\u00e9 ou votre lit.<\/p>\n<\/li>\n<li data-start=\"595\" data-end=\"771\">\n<p data-start=\"598\" data-end=\"771\"><strong data-start=\"598\" data-end=\"625\">R\u00e9glages de temps multiples<\/strong><br data-start=\"625\" data-end=\"628\" \/>Choisissez entre <strong data-start=\"643\" data-end=\"673\">15, 30, 45 et 60 minutes<\/strong> minuteur. Parfait lorsque vous souhaitez que la lumi\u00e8re s&#039;\u00e9teigne automatiquement sans que vous ayez rien d&#039;autre \u00e0 faire.<\/p>\n<\/li>\n<li data-start=\"773\" data-end=\"969\">\n<p data-start=\"776\" data-end=\"969\"><strong data-start=\"776\" data-end=\"800\">Luminosit\u00e9 r\u00e9glable<\/strong><br data-start=\"800\" data-end=\"803\" \/>Ajustez facilement le niveau de lumi\u00e8re avec <strong data-start=\"835\" data-end=\"846\">+\/- Lux<\/strong>des boutons pour obtenir la lumi\u00e8re id\u00e9ale pour le moment, que ce soit pour la lecture, l&#039;\u00e9clairage d\u00e9coratif ou une veilleuse.<\/p>\n<\/li>\n<li data-start=\"971\" data-end=\"1168\">\n<p data-start=\"974\" data-end=\"1168\"><strong data-start=\"974\" data-end=\"998\">Trois temp\u00e9ratures de couleur<\/strong><br data-start=\"998\" data-end=\"1001\" \/>En appuyant sur un bouton, vous pouvez basculer entre <strong data-start=\"1044\" data-end=\"1078\">lumi\u00e8re chaude, froide et neutre<\/strong>. Cr\u00e9ez l\u2019atmosph\u00e8re dont vous avez besoin : un \u00e9clairage chaleureux le soir ou un \u00e9clairage lumineux pendant que vous travaillez.<\/p>\n<\/li>\n<li data-start=\"1170\" data-end=\"1293\">\n<p data-start=\"1173\" data-end=\"1293\"><strong data-start=\"1173\" data-end=\"1187\">Bouton de mode<\/strong><br data-start=\"1187\" data-end=\"1190\" \/>Basculez rapidement entre diff\u00e9rents modes.<\/p>\n<\/li>\n<\/ol>\n<hr data-start=\"1295\" data-end=\"1298\" \/>\n<h2 data-start=\"1300\" data-end=\"1322\">Informations techniques<\/h2>\n<ul data-start=\"1324\" data-end=\"1912\">\n<li data-start=\"1324\" data-end=\"1433\"><strong data-start=\"1326\" data-end=\"1344\">Compatibilit\u00e9<\/strong>:Fonctionne avec nos bandes lumineuses LED \u00e9quip\u00e9es de d\u00e9tecteur de mouvement et de changement de temp\u00e9rature de couleur. Ceux-ci sont li\u00e9s sur cette page produit.<\/li>\n<li data-start=\"1434\" data-end=\"1518\"><strong data-start=\"1436\" data-end=\"1448\">Port\u00e9e<\/strong>:Jusqu&#039;\u00e0 plusieurs m\u00e8tres, selon l&#039;environnement et les \u00e9ventuels obstacles.<\/li>\n<li data-start=\"1519\" data-end=\"1623\"><strong data-start=\"1521\" data-end=\"1538\">Aliment\u00e9 par batterie<\/strong>:Aliment\u00e9 par une pile bouton (CR2025) (incluse) pour une longue dur\u00e9e de fonctionnement.<\/li>\n<li data-start=\"1624\" data-end=\"1912\"><strong data-start=\"1626\" data-end=\"1637\">Boutons<\/strong>:\n<ul data-start=\"1643\" data-end=\"1912\">\n<li data-start=\"1643\" data-end=\"1672\"><strong data-start=\"1645\" data-end=\"1655\">MARCHE\/ARR\u00caT<\/strong> \u2013 Interrupteur d&#039;alimentation<\/li>\n<li data-start=\"1675\" data-end=\"1718\"><strong data-start=\"1677\" data-end=\"1696\">15\/30\/45\/60 minutes<\/strong> \u2013 R\u00e9glages de l&#039;heure<\/li>\n<li data-start=\"1721\" data-end=\"1766\"><strong data-start=\"1723\" data-end=\"1734\">LUX +\/-<\/strong> \u2013 R\u00e9glage continu de la luminosit\u00e9<\/li>\n<li data-start=\"1769\" data-end=\"1845\"><strong data-start=\"1771\" data-end=\"1779\">MODE<\/strong> \u2013 Active diff\u00e9rents modes de capteur ou r\u00e9glages de temp\u00e9rature de couleur<\/li>\n<li data-start=\"1848\" data-end=\"1912\"><strong data-start=\"1850\" data-end=\"1875\">Commutation de la temp\u00e9rature de couleur<\/strong> \u2013 Lumi\u00e8re chaude, froide ou neutre<\/li>\n<\/ul>\n<\/li>\n<\/ul>\n<blockquote data-start=\"1914\" data-end=\"2021\">\n<p data-start=\"1916\" data-end=\"2021\"><strong data-start=\"1916\" data-end=\"1929\">Note<\/strong>:Les caract\u00e9ristiques exactes peuvent varier en fonction du mod\u00e8le d&#039;\u00e9clairage LED pour lequel vous l&#039;utilisez. Nous ne pouvons pas r\u00e9pondre si cela fonctionne avec d&#039;autres bandes lumineuses que les n\u00f4tres.<\/p>\n<\/blockquote>\n<h2 data-start=\"2028\" data-end=\"2065\">Pourquoi avez-vous besoin d&#039;une t\u00e9l\u00e9commande<\/h2>\n<ul data-start=\"2067\" data-end=\"2486\">\n<li data-start=\"2067\" data-end=\"2156\"><strong data-start=\"2069\" data-end=\"2093\">Confort maximal<\/strong>:Vous n&#039;avez pas besoin d&#039;aller \u00e0 la lampe pour modifier les param\u00e8tres ou l&#039;allumer.<\/li>\n<li data-start=\"2157\" data-end=\"2244\"><strong data-start=\"2159\" data-end=\"2175\">\u00c9conomiser de l&#039;\u00e9nergie<\/strong>:Les fonctions de minuterie garantissent que vous n&#039;oublierez jamais d&#039;\u00e9teindre la lampe.<\/li>\n<li data-start=\"2245\" data-end=\"2378\"><strong data-start=\"2247\" data-end=\"2270\">Utilisation flexible<\/strong>:Parfait si vous avez plusieurs lampes \u00e0 diff\u00e9rents endroits ou si la lampe est plac\u00e9e en hauteur ou difficile d&#039;acc\u00e8s.<\/li>\n<li data-start=\"2379\" data-end=\"2486\"><strong data-start=\"2381\" data-end=\"2403\">Installation rapide<\/strong>: Associez la t\u00e9l\u00e9commande \u00e0 votre lampe en suivant les instructions du manuel.<\/li>\n<\/ul>\n<hr data-start=\"2488\" data-end=\"2491\" \/>\n<h2 data-start=\"2493\" data-end=\"2513\">Contenu du colis<\/h2>\n<ul data-start=\"2515\" data-end=\"2625\">\n<li data-start=\"2515\" data-end=\"2539\"><strong data-start=\"2517\" data-end=\"2537\">1\u00d7 T\u00e9l\u00e9commande<\/strong><\/li>\n<li data-start=\"2540\" data-end=\"2599\"><strong data-start=\"2542\" data-end=\"2569\">1 pile bouton CR<\/strong> (pr\u00e9install\u00e9)<\/li>\n<li data-start=\"2600\" data-end=\"2625\"><strong data-start=\"2602\" data-end=\"2623\">1\u00d7 Manuel d&#039;utilisation<\/strong><\/li>\n<\/ul>","protected":false},"excerpt":{"rendered":"<p><strong data-start=\"2826\" data-end=\"2878\">REMARQUE : Fonctionne uniquement avec les bandes lumineuses \u00e0 spots argent\u00e9s !<\/strong><\/p>\n<p>T\u00e9l\u00e9commande pour bande lumineuse LED avec d\u00e9tecteur de mouvement \u2013 contr\u00f4lez votre \u00e9clairage \u00e0 distance ! R\u00e9glez la luminosit\u00e9, basculez entre une temp\u00e9rature de couleur chaude, neutre ou froide et d\u00e9finissez une minuterie pour l&#039;arr\u00eat automatique. Gr\u00e2ce \u00e0 des boutons faciles \u00e0 utiliser, vous avez un contr\u00f4le total sur les fonctions de la lampe, qu&#039;elle soit situ\u00e9e en hauteur ou difficile d&#039;acc\u00e8s. Am\u00e9liorez votre exp\u00e9rience d&#039;\u00e9clairage et \u00e9conomisez de l&#039;\u00e9nergie avec cette t\u00e9l\u00e9commande pratique qui peut \u00eatre connect\u00e9e \u00e0 plusieurs bandes lumineuses (jusqu&#039;\u00e0 20) en m\u00eame temps !<\/p>","protected":false},"featured_media":148863,"template":"","meta":{"_acf_changed":false},"product_brand":[],"product_cat":[4181],"product_tag":[],"class_list":{"0":"post-148866","1":"product","2":"type-product","3":"status-publish","4":"has-post-thumbnail","6":"product_cat-belysning","7":"product_shipping_class-postnord-varubrev","8":"pa_brands-secureus","9":"tm-no-options","11":"first","12":"instock","13":"sale","14":"taxable","15":"shipping-taxable","16":"purchasable","17":"product-type-simple"},"acf":[],"_links":{"self":[{"href":"https:\/\/secureus.se\/fr\/wp-json\/wp\/v2\/product\/148866","targetHints":{"allow":["GET"]}}],"collection":[{"href":"https:\/\/secureus.se\/fr\/wp-json\/wp\/v2\/product"}],"about":[{"href":"https:\/\/secureus.se\/fr\/wp-json\/wp\/v2\/types\/product"}],"wp:featuredmedia":[{"embeddable":true,"href":"https:\/\/secureus.se\/fr\/wp-json\/wp\/v2\/media\/148863"}],"wp:attachment":[{"href":"https:\/\/secureus.se\/fr\/wp-json\/wp\/v2\/media?parent=148866"}],"wp:term":[{"taxonomy":"product_brand","embeddable":true,"href":"https:\/\/secureus.se\/fr\/wp-json\/wp\/v2\/product_brand?post=148866"},{"taxonomy":"product_cat","embeddable":true,"href":"https:\/\/secureus.se\/fr\/wp-json\/wp\/v2\/product_cat?post=148866"},{"taxonomy":"product_tag","embeddable":true,"href":"https:\/\/secureus.se\/fr\/wp-json\/wp\/v2\/product_tag?post=148866"}],"curies":[{"name":"wp","href":"https:\/\/api.w.org\/{rel}","templated":true}]}}