{"id":148877,"date":"2026-01-07T15:13:22","date_gmt":"2026-01-07T14:13:22","guid":{"rendered":"https:\/\/secureus.se\/?post_type=product&#038;p=148877"},"modified":"2026-03-13T11:14:10","modified_gmt":"2026-03-13T10:14:10","slug":"ljuslist-40cm-led-lampa-med-rorelsesensor-perfekt-garderobsbelysning-och-skapbelysning-silver","status":"publish","type":"product","link":"https:\/\/secureus.se\/fr\/ljuslist-40cm-led-lampa-med-rorelsesensor-perfekt-garderobsbelysning-och-skapbelysning-silver\/","title":{"rendered":"Bandeau lumineux LED 40 cm avec d\u00e9tecteur de mouvement (argent\u00e9)"},"content":{"rendered":"<p data-start=\"0\" data-end=\"486\"><strong data-start=\"0\" data-end=\"92\">Lampe LED Light Strip 40CM avec d\u00e9tecteur de mouvement - \u00c9clairage parfait pour garde-robe et \u00e9clairage d&#039;armoire<\/strong><br data-start=\"92\" data-end=\"95\" \/>Avez-vous besoin d&#039;une solution d&#039;\u00e9clairage efficace et simple pour votre placard, votre cuisine ou sous vos armoires ? Cette lampe LED ultra-mince de 40 cm avec d\u00e9tecteur de mouvement fournit une lumi\u00e8re vive et uniforme l\u00e0 o\u00f9 vous en avez vraiment besoin. Gr\u00e2ce \u00e0 une solution de batterie int\u00e9gr\u00e9e rechargeable par USB, vous \u00e9vitez les c\u00e2bles et les installations compliqu\u00e9es, et gr\u00e2ce au support magn\u00e9tique, vous pouvez facilement monter la bande lumineuse en quelques secondes seulement.<\/p>\n<h3 data-start=\"488\" data-end=\"508\">Principales caract\u00e9ristiques<\/h3>\n<ul data-start=\"509\" data-end=\"1315\">\n<li data-start=\"509\" data-end=\"647\"><strong data-start=\"511\" data-end=\"544\">Capteur de mouvement multimode<\/strong>: Choisissez entre Always On, Night Sensor et All Day Sensor pour un \u00e9clairage optimal quelle que soit l&#039;heure de la journ\u00e9e.<\/li>\n<li data-start=\"648\" data-end=\"775\"><strong data-start=\"650\" data-end=\"680\">Design ultra-mince et discret<\/strong>: Son profil mince lui permet de s&#039;int\u00e9grer parfaitement dans les placards, les armoires et autres espaces restreints.<\/li>\n<li data-start=\"776\" data-end=\"911\"><strong data-start=\"778\" data-end=\"802\">Luminosit\u00e9 r\u00e9glable<\/strong>: Maintenez le bouton enfonc\u00e9 pour r\u00e9gler la luminosit\u00e9 en continu et rel\u00e2chez-le pour verrouiller la position qui vous convient le mieux.<\/li>\n<li data-start=\"912\" data-end=\"1084\"><strong data-start=\"914\" data-end=\"944\">Installation rapide et facile<\/strong>:Gr\u00e2ce au dos magn\u00e9tique int\u00e9gr\u00e9 ou aux bandes adh\u00e9sives 3M incluses, vous pouvez facilement fixer la bande lumineuse o\u00f9 vous le souhaitez.<\/li>\n<li data-start=\"1085\" data-end=\"1194\"><strong data-start=\"1087\" data-end=\"1119\">Batterie rechargeable USB<\/strong>: Chargez rapidement et en toute s\u00e9curit\u00e9 via USB (5 V) \u2013 fini les piles jetables co\u00fbteuses.<\/li>\n<li data-start=\"1195\" data-end=\"1315\"><strong data-start=\"1197\" data-end=\"1217\">Qualit\u00e9 durable<\/strong>:\u00c9quip\u00e9 de lumi\u00e8res LED \u00e9conomes en \u00e9nergie et d&#039;un mat\u00e9riau durable qui peut r\u00e9sister \u00e0 une utilisation quotidienne intensive.<\/li>\n<\/ul>\n<h3 data-start=\"1317\" data-end=\"1345\">Sp\u00e9cifications techniques<\/h3>\n<ul data-start=\"1346\" data-end=\"1844\">\n<li data-start=\"1346\" data-end=\"1396\"><strong data-start=\"1348\" data-end=\"1357\">Longueur<\/strong>: 40CM (\u00e9galement disponible en 20, 30 et 60CM)<\/li>\n<li data-start=\"1397\" data-end=\"1419\"><strong data-start=\"1399\" data-end=\"1411\">Tension<\/strong>: \u226436V<\/li>\n<li data-start=\"1420\" data-end=\"1480\"><strong data-start=\"1422\" data-end=\"1436\">Source d&#039;alimentation<\/strong>: Batterie rechargeable au lithium (polym\u00e8re)<\/li>\n<li data-start=\"1481\" data-end=\"1514\"><strong data-start=\"1483\" data-end=\"1500\">Port de chargement<\/strong>: USB Type-C<\/li>\n<li data-start=\"1515\" data-end=\"1571\"><strong data-start=\"1517\" data-end=\"1535\">M\u00e9thode de montage<\/strong>: Dos magn\u00e9tique ou bande 3M<\/li>\n<li data-start=\"1572\" data-end=\"1630\"><strong data-start=\"1574\" data-end=\"1601\">Angle et port\u00e9e du capteur<\/strong>: 120\u00b0 et jusqu&#039;\u00e0 3 m\u00e8tres<\/li>\n<li data-start=\"1631\" data-end=\"1720\"><strong data-start=\"1633\" data-end=\"1651\">Temp\u00e9rature de couleur<\/strong>:Peut varier du chaud au neutre ou au froid, selon le mod\u00e8le<\/li>\n<li data-start=\"1721\" data-end=\"1844\"><strong data-start=\"1723\" data-end=\"1751\">Contenu du colis<\/strong>:\n<ul data-start=\"1757\" data-end=\"1844\">\n<li data-start=\"1757\" data-end=\"1779\">1\u00d7 Bande lumineuse (40CM)<\/li>\n<li data-start=\"1782\" data-end=\"1798\">1\u00d7 c\u00e2ble USB<\/li>\n<li data-start=\"1801\" data-end=\"1828\">2 bandes magn\u00e9tiques 3M<\/li>\n<li data-start=\"1831\" data-end=\"1844\">1\u00d7 Manuel<\/li>\n<\/ul>\n<\/li>\n<\/ul>\n<h3 data-start=\"1846\" data-end=\"1878\">Pourquoi choisir cette bande lumineuse ?<\/h3>\n<ul data-start=\"1879\" data-end=\"2336\">\n<li data-start=\"1879\" data-end=\"1990\"><strong data-start=\"1881\" data-end=\"1905\">Flexibilit\u00e9 maximale<\/strong>:La longueur suppl\u00e9mentaire de 40 cm offre une couverture encore plus large dans les placards, les armoires ou les cuisines.<\/li>\n<li data-start=\"1991\" data-end=\"2121\"><strong data-start=\"1993\" data-end=\"2020\">Fluide et gain de temps<\/strong>:Le d\u00e9tecteur de mouvement garantit que la lumi\u00e8re n&#039;est activ\u00e9e qu&#039;en cas de besoin, \u00e9conomisant ainsi de l&#039;\u00e9nergie et du temps.<\/li>\n<li data-start=\"2122\" data-end=\"2216\"><strong data-start=\"2124\" data-end=\"2142\">Efficacit\u00e9 \u00e9nerg\u00e9tique<\/strong>:La technologie LED maintient une faible consommation d&#039;\u00e9nergie et prolonge la dur\u00e9e de vie de la batterie.<\/li>\n<li data-start=\"2217\" data-end=\"2336\"><strong data-start=\"2219\" data-end=\"2239\">Facile \u00e0 d\u00e9placer<\/strong>:Avec le dos magn\u00e9tique, vous pouvez facilement d\u00e9placer la bande lumineuse entre diff\u00e9rents espaces sans tracas.<\/li>\n<\/ul>\n<h3 data-start=\"2338\" data-end=\"2369\">Achat suppl\u00e9mentaire \u2013 T\u00e9l\u00e9commande<\/h3>\n<p data-start=\"2370\" data-end=\"2564\">Voulez-vous r\u00e9gler la luminosit\u00e9 ou changer le mode du capteur \u00e0 distance ? Achetez notre t\u00e9l\u00e9commande pour obtenir un contr\u00f4le total sur la bande lumineuse, parfaite si vous avez plusieurs lumi\u00e8res ou un endroit difficile \u00e0 atteindre.<\/p>\n<p data-start=\"2566\" data-end=\"2740\">Donnez un coup de jeune \u00e0 vos espaces sombres avec ce produit intelligent et \u00e9l\u00e9gant <strong data-start=\"2628\" data-end=\"2673\">Bande lumineuse LED 40 cm avec d\u00e9tecteur de mouvement<\/strong>. N&#039;h\u00e9sitez pas \u00e0 nous contacter si vous avez des questions ou souhaitez plus d&#039;informations !<\/p>","protected":false},"excerpt":{"rendered":"<p>D\u00e9couvrez-en un <strong data-start=\"2801\" data-end=\"2837\">Lampe LED 40CM avec d\u00e9tecteur de mouvement<\/strong> qui fournit un \u00e9clairage efficace et uniforme dans les armoires, placards ou cuisines. Sa conception ultra-mince le rend parfait pour les espaces restreints et l&#039;installation est facile gr\u00e2ce au support magn\u00e9tique et \u00e0 la batterie rechargeable USB. Ajustez la luminosit\u00e9 selon vos besoins et choisissez entre plusieurs modes de capteur pour de meilleures \u00e9conomies d&#039;\u00e9nergie. Une t\u00e9l\u00e9commande est disponible en option pour encore plus de confort. Am\u00e9liorez vos espaces sombres d\u00e8s aujourd&#039;hui\u00a0!<\/p>","protected":false},"featured_media":148867,"template":"","meta":{"_acf_changed":false},"product_brand":[],"product_cat":[4181],"product_tag":[],"class_list":{"0":"post-148877","1":"product","2":"type-product","3":"status-publish","4":"has-post-thumbnail","6":"product_cat-belysning","7":"product_shipping_class-tunga-paket","8":"pa_brands-secureus","9":"tm-no-options","11":"first","12":"instock","13":"sale","14":"featured","15":"taxable","16":"shipping-taxable","17":"purchasable","18":"product-type-simple"},"acf":[],"_links":{"self":[{"href":"https:\/\/secureus.se\/fr\/wp-json\/wp\/v2\/product\/148877","targetHints":{"allow":["GET"]}}],"collection":[{"href":"https:\/\/secureus.se\/fr\/wp-json\/wp\/v2\/product"}],"about":[{"href":"https:\/\/secureus.se\/fr\/wp-json\/wp\/v2\/types\/product"}],"wp:featuredmedia":[{"embeddable":true,"href":"https:\/\/secureus.se\/fr\/wp-json\/wp\/v2\/media\/148867"}],"wp:attachment":[{"href":"https:\/\/secureus.se\/fr\/wp-json\/wp\/v2\/media?parent=148877"}],"wp:term":[{"taxonomy":"product_brand","embeddable":true,"href":"https:\/\/secureus.se\/fr\/wp-json\/wp\/v2\/product_brand?post=148877"},{"taxonomy":"product_cat","embeddable":true,"href":"https:\/\/secureus.se\/fr\/wp-json\/wp\/v2\/product_cat?post=148877"},{"taxonomy":"product_tag","embeddable":true,"href":"https:\/\/secureus.se\/fr\/wp-json\/wp\/v2\/product_tag?post=148877"}],"curies":[{"name":"wp","href":"https:\/\/api.w.org\/{rel}","templated":true}]}}