{"id":148884,"date":"2026-01-07T15:13:24","date_gmt":"2026-01-07T14:13:24","guid":{"rendered":"https:\/\/secureus.se\/?post_type=product&#038;p=148884"},"modified":"2026-03-13T11:14:26","modified_gmt":"2026-03-13T10:14:26","slug":"ljuslist-30cm-led-lampa-med-rorelsesensor-perfekt-garderobsbelysning-och-skapbelysning-silver","status":"publish","type":"product","link":"https:\/\/secureus.se\/fr\/ljuslist-30cm-led-lampa-med-rorelsesensor-perfekt-garderobsbelysning-och-skapbelysning-silver\/","title":{"rendered":"Bandeau lumineux LED 30 cm avec d\u00e9tecteur de mouvement (argent\u00e9)"},"content":{"rendered":"<p data-start=\"0\" data-end=\"488\"><strong data-start=\"0\" data-end=\"92\">Bande lumineuse LED 30 cm avec d\u00e9tecteur de mouvement \u2013 \u00c9clairage id\u00e9al pour armoire et placard<\/strong><br data-start=\"92\" data-end=\"95\" \/>Vous recherchez une solution d&#039;\u00e9clairage flexible et \u00e9conome en \u00e9nergie pour votre garde-robe, votre cuisine ou sous vos armoires ? Cette lampe LED ultra-mince de 30 cm avec d\u00e9tecteur de mouvement est con\u00e7ue pour fournir une lumi\u00e8re vive et uniforme exactement l\u00e0 o\u00f9 vous en avez besoin. Gr\u00e2ce \u00e0 une solution de batterie rechargeable int\u00e9gr\u00e9e (chargement USB), vous n&#039;avez pas \u00e0 vous soucier des c\u00e2bles de passage et, gr\u00e2ce au support magn\u00e9tique, l&#039;installation est \u00e0 la fois rapide et facile.<\/p>\n<h3 data-start=\"490\" data-end=\"512\">Principales caract\u00e9ristiques<\/h3>\n<ul data-start=\"513\" data-end=\"1301\">\n<li data-start=\"513\" data-end=\"651\"><strong data-start=\"515\" data-end=\"548\">Capteur de mouvement multimode<\/strong>: Choisissez entre Always On, Night Sensor et All Day Sensor pour un \u00e9clairage optimal quelle que soit l&#039;heure de la journ\u00e9e.<\/li>\n<li data-start=\"652\" data-end=\"768\"><strong data-start=\"654\" data-end=\"684\">Design ultra-mince et discret<\/strong>:Le profil mince s&#039;int\u00e8gre facilement dans les placards, les armoires et autres espaces restreints.<\/li>\n<li data-start=\"769\" data-end=\"893\"><strong data-start=\"771\" data-end=\"795\">Luminosit\u00e9 r\u00e9glable<\/strong>: Maintenez le bouton enfonc\u00e9 pour r\u00e9gler la luminosit\u00e9 en continu\u00a0; Rel\u00e2chez pour verrouiller votre niveau pr\u00e9f\u00e9r\u00e9.<\/li>\n<li data-start=\"894\" data-end=\"1064\"><strong data-start=\"896\" data-end=\"926\">Installation rapide et facile<\/strong>:Montez avec le support magn\u00e9tique int\u00e9gr\u00e9 ou utilisez les bandes adh\u00e9sives 3M incluses pour installer la bande lumineuse o\u00f9 vous le souhaitez.<\/li>\n<li data-start=\"1065\" data-end=\"1185\"><strong data-start=\"1067\" data-end=\"1099\">Batterie rechargeable USB<\/strong>:Une charge efficace et s\u00fbre (5 V) via USB signifie que vous n&#039;avez pas besoin d&#039;acheter de piles jetables.<\/li>\n<li data-start=\"1186\" data-end=\"1301\"><strong data-start=\"1188\" data-end=\"1208\">Qualit\u00e9 durable<\/strong>:Construit avec des lumi\u00e8res LED \u00e9co\u00e9nerg\u00e9tiques et des mat\u00e9riaux robustes qui peuvent r\u00e9sister \u00e0 une utilisation quotidienne.<\/li>\n<\/ul>\n<h3 data-start=\"1303\" data-end=\"1333\">Sp\u00e9cifications techniques<\/h3>\n<ul data-start=\"1334\" data-end=\"1828\">\n<li data-start=\"1334\" data-end=\"1380\"><strong data-start=\"1336\" data-end=\"1345\">Longueur<\/strong>: 30CM (\u00e9galement disponible en 20 et 40CM)<\/li>\n<li data-start=\"1381\" data-end=\"1403\"><strong data-start=\"1383\" data-end=\"1395\">Tension<\/strong>: \u226436V<\/li>\n<li data-start=\"1404\" data-end=\"1464\"><strong data-start=\"1406\" data-end=\"1420\">Source d&#039;alimentation<\/strong>: Batterie rechargeable au lithium (polym\u00e8re)<\/li>\n<li data-start=\"1465\" data-end=\"1498\"><strong data-start=\"1467\" data-end=\"1484\">Port de chargement<\/strong>: USB Type-C<\/li>\n<li data-start=\"1499\" data-end=\"1555\"><strong data-start=\"1501\" data-end=\"1519\">M\u00e9thode de montage<\/strong>: Dos magn\u00e9tique ou bande 3M<\/li>\n<li data-start=\"1556\" data-end=\"1614\"><strong data-start=\"1558\" data-end=\"1585\">Angle et port\u00e9e du capteur<\/strong>: 120\u00b0 et jusqu&#039;\u00e0 3 m\u00e8tres<\/li>\n<li data-start=\"1615\" data-end=\"1704\"><strong data-start=\"1617\" data-end=\"1635\">Temp\u00e9rature de couleur<\/strong>:Peut varier du chaud au neutre ou au froid, selon le mod\u00e8le<\/li>\n<li data-start=\"1705\" data-end=\"1828\"><strong data-start=\"1707\" data-end=\"1735\">Contenu du colis<\/strong>:\n<ul data-start=\"1741\" data-end=\"1828\">\n<li data-start=\"1741\" data-end=\"1763\">1\u00d7 Bande lumineuse (30CM)<\/li>\n<li data-start=\"1766\" data-end=\"1782\">1\u00d7 c\u00e2ble USB<\/li>\n<li data-start=\"1785\" data-end=\"1812\">2 bandes magn\u00e9tiques 3M<\/li>\n<li data-start=\"1815\" data-end=\"1828\">1\u00d7 Manuel<\/li>\n<\/ul>\n<\/li>\n<\/ul>\n<h3 data-start=\"1830\" data-end=\"1864\">Pourquoi choisir cette bande lumineuse ?<\/h3>\n<ul data-start=\"1865\" data-end=\"2264\">\n<li data-start=\"1865\" data-end=\"1957\"><strong data-start=\"1867\" data-end=\"1891\">Flexibilit\u00e9 maximale<\/strong>:Parfait comme \u00e9clairage de garde-robe, sous les armoires de cuisine ou dans le couloir.<\/li>\n<li data-start=\"1958\" data-end=\"2051\"><strong data-start=\"1960\" data-end=\"1987\">Fluide et gain de temps<\/strong>:La technologie du capteur ne s&#039;active que lorsque vous avez vraiment besoin de lumi\u00e8re.<\/li>\n<li data-start=\"2052\" data-end=\"2153\"><strong data-start=\"2054\" data-end=\"2072\">Efficacit\u00e9 \u00e9nerg\u00e9tique<\/strong>:La technologie LED consomme un minimum d&#039;\u00e9nergie et prolonge la dur\u00e9e de vie de la batterie.<\/li>\n<li data-start=\"2154\" data-end=\"2264\"><strong data-start=\"2156\" data-end=\"2176\">Facile \u00e0 d\u00e9placer<\/strong>:Gr\u00e2ce au support magn\u00e9tique, vous pouvez d\u00e9placer la bande lumineuse entre diff\u00e9rents espaces sans souci.<\/li>\n<\/ul>\n<h3 data-start=\"2266\" data-end=\"2299\">Achat suppl\u00e9mentaire \u2013 T\u00e9l\u00e9commande<\/h3>\n<p data-start=\"2300\" data-end=\"2588\">Vous souhaitez contr\u00f4ler la bande lumineuse \u00e0 distance et r\u00e9gler facilement la luminosit\u00e9 et les modes du capteur ? Vous pouvez alors acheter notre t\u00e9l\u00e9commande pratique. Il offre un contr\u00f4le total sur la lampe sans avoir \u00e0 atteindre physiquement le bouton \u2013 parfait pour ceux qui ont plusieurs lampes ou des emplacements de montage difficiles d&#039;acc\u00e8s.<\/p>\n<p data-start=\"2590\" data-end=\"2771\">Donnez \u00e0 vos espaces sombres une touche de modernit\u00e9 avec ce produit intelligent et \u00e9l\u00e9gant <strong data-start=\"2666\" data-end=\"2711\">Bande lumineuse LED 30 cm avec d\u00e9tecteur de mouvement<\/strong>. N&#039;h\u00e9sitez pas \u00e0 nous contacter si vous avez des questions ou souhaitez en savoir plus.<\/p>","protected":false},"excerpt":{"rendered":"<p>D\u00e9couvrez-en un <strong data-start=\"2838\" data-end=\"2874\">Lampe LED 30CM avec d\u00e9tecteur de mouvement<\/strong> qui fournit un \u00e9clairage efficace et uniforme dans les armoires, placards ou cuisines. La conception ultra-mince est associ\u00e9e \u00e0 une installation facile via un support magn\u00e9tique et une solution USB rechargeable. Ajustez la luminosit\u00e9 selon vos besoins et choisissez entre plusieurs modes de capteur pour des \u00e9conomies d&#039;\u00e9nergie optimales. Pour un contr\u00f4le encore plus pratique, vous pouvez acheter une t\u00e9l\u00e9commande. Am\u00e9liorez vos espaces sombres d\u00e8s aujourd&#039;hui\u00a0!<\/p>","protected":false},"featured_media":148882,"template":"","meta":{"_acf_changed":false},"product_brand":[],"product_cat":[4181],"product_tag":[],"class_list":{"0":"post-148884","1":"product","2":"type-product","3":"status-publish","4":"has-post-thumbnail","6":"product_cat-belysning","7":"pa_brands-secureus","8":"tm-no-options","10":"first","11":"instock","12":"sale","13":"featured","14":"taxable","15":"shipping-taxable","16":"purchasable","17":"product-type-simple"},"acf":[],"_links":{"self":[{"href":"https:\/\/secureus.se\/fr\/wp-json\/wp\/v2\/product\/148884","targetHints":{"allow":["GET"]}}],"collection":[{"href":"https:\/\/secureus.se\/fr\/wp-json\/wp\/v2\/product"}],"about":[{"href":"https:\/\/secureus.se\/fr\/wp-json\/wp\/v2\/types\/product"}],"wp:featuredmedia":[{"embeddable":true,"href":"https:\/\/secureus.se\/fr\/wp-json\/wp\/v2\/media\/148882"}],"wp:attachment":[{"href":"https:\/\/secureus.se\/fr\/wp-json\/wp\/v2\/media?parent=148884"}],"wp:term":[{"taxonomy":"product_brand","embeddable":true,"href":"https:\/\/secureus.se\/fr\/wp-json\/wp\/v2\/product_brand?post=148884"},{"taxonomy":"product_cat","embeddable":true,"href":"https:\/\/secureus.se\/fr\/wp-json\/wp\/v2\/product_cat?post=148884"},{"taxonomy":"product_tag","embeddable":true,"href":"https:\/\/secureus.se\/fr\/wp-json\/wp\/v2\/product_tag?post=148884"}],"curies":[{"name":"wp","href":"https:\/\/api.w.org\/{rel}","templated":true}]}}