{"id":148935,"date":"2025-03-17T11:52:53","date_gmt":"2025-03-17T10:52:53","guid":{"rendered":"https:\/\/secureus.se\/brandfilt-120x120-cm-vmp\/"},"modified":"2026-04-23T10:17:36","modified_gmt":"2026-04-23T08:17:36","slug":"brandfilt-120x120-cm-vmp","status":"publish","type":"product","link":"https:\/\/secureus.se\/fr\/brandfilt-120x120-cm-vmp\/","title":{"rendered":"COUVERTURE ANTI-FEU 120X120 CM. VMP"},"content":{"rendered":"<h1>COUVERTURE ANTI-FEU 120X120 CM. VMP<\/h1>\n<p>Les couvertures anti-feu Nexa sont fabriqu\u00e9es en fibre de verre avec du silicone qui peut r\u00e9sister \u00e0 des temp\u00e9ratures allant jusqu&#039;\u00e0 500 degr\u00e9s.<\/p>\n<p>La couverture anti-feu est dense et r\u00e9siste \u00e0 la p\u00e9n\u00e9tration du gaz.<\/p>\n<p>Gr\u00e2ce au rev\u00eatement en silicone, le risque de r\u00e9inflammation est minime.<\/p>\n<section id=\"produkt-egenskaper-container\" class=\"fd-sektion-ramad\">\n<div class=\"produkt-egenskaper\"><span class=\"produkt-egenskap\"><span class=\"label\">Longueur<\/span><span class=\"value\">1200 mm<\/span><\/span><span class=\"produkt-egenskap\"><span class=\"label\">Largeur<\/span><span class=\"value\">1200 mm<\/span><\/span><span class=\"produkt-egenskap\"><span class=\"label\">Avec poign\u00e9e murale<\/span><span class=\"value\">Non<\/span><\/span><span class=\"produkt-egenskap\"><span class=\"label\">Approuv\u00e9 selon EN 1869<\/span><span class=\"value\">Non<\/span><\/span><\/div>\n<\/section>\n<div id=\"liknande-artiklar-container\">\n<p>Longueur : 1200 mm<\/p>\n<p>Largeur : 1200 mm<\/p>\n<p>Avec poign\u00e9e murale : Non<\/p>\n<p>Homologu\u00e9 selon la norme EN 1869 : Non<\/p>\n<\/div>","protected":false},"excerpt":{"rendered":"<p>&nbsp;<\/p>\n<p>&nbsp;<\/p>","protected":false},"featured_media":148934,"template":"","meta":{"_acf_changed":false},"product_brand":[],"product_cat":[1533],"product_tag":[],"class_list":{"0":"post-148935","1":"product","2":"type-product","3":"status-publish","4":"has-post-thumbnail","6":"product_cat-brandslackare","7":"product_shipping_class-tunga-paket","8":"tm-no-options","10":"first","11":"instock","12":"sale","13":"taxable","14":"shipping-taxable","15":"purchasable","16":"product-type-simple"},"acf":[],"_links":{"self":[{"href":"https:\/\/secureus.se\/fr\/wp-json\/wp\/v2\/product\/148935","targetHints":{"allow":["GET"]}}],"collection":[{"href":"https:\/\/secureus.se\/fr\/wp-json\/wp\/v2\/product"}],"about":[{"href":"https:\/\/secureus.se\/fr\/wp-json\/wp\/v2\/types\/product"}],"wp:featuredmedia":[{"embeddable":true,"href":"https:\/\/secureus.se\/fr\/wp-json\/wp\/v2\/media\/148934"}],"wp:attachment":[{"href":"https:\/\/secureus.se\/fr\/wp-json\/wp\/v2\/media?parent=148935"}],"wp:term":[{"taxonomy":"product_brand","embeddable":true,"href":"https:\/\/secureus.se\/fr\/wp-json\/wp\/v2\/product_brand?post=148935"},{"taxonomy":"product_cat","embeddable":true,"href":"https:\/\/secureus.se\/fr\/wp-json\/wp\/v2\/product_cat?post=148935"},{"taxonomy":"product_tag","embeddable":true,"href":"https:\/\/secureus.se\/fr\/wp-json\/wp\/v2\/product_tag?post=148935"}],"curies":[{"name":"wp","href":"https:\/\/api.w.org\/{rel}","templated":true}]}}