{"id":148952,"date":"2024-12-03T11:31:43","date_gmt":"2024-12-03T10:31:43","guid":{"rendered":"https:\/\/secureus.se\/radionyckel-vaka\/"},"modified":"2026-04-23T10:26:29","modified_gmt":"2026-04-23T08:26:29","slug":"radionyckel-vaka","status":"publish","type":"product","link":"https:\/\/secureus.se\/fr\/radionyckel-vaka\/","title":{"rendered":"MONTRE CL\u00c9 RADIO"},"content":{"rendered":"<p>Cl\u00e9 radio pour VAKA C18 et lecteurs A61 et A66. La cl\u00e9 radio poss\u00e8de une identit\u00e9 unique et est li\u00e9e \u00e0 une personne dans le syst\u00e8me VAKA, au m\u00eame titre qu&#039;un tag ou une carte. Les cl\u00e9s radio peuvent alors \u00eatre facilement chronom\u00e9tr\u00e9es, verrouill\u00e9es et donner acc\u00e8s \u00e0 diff\u00e9rentes portes. La communication entre les cl\u00e9s radio et le C18 est crypt\u00e9e et permet une haute s\u00e9curit\u00e9 contre les \u00e9coutes clandestines. Quatre boutons avec des codes d&#039;identification uniques peuvent \u00eatre programm\u00e9s pour contr\u00f4ler diff\u00e9rentes portes\/relais. Design \u00e9l\u00e9gant avec couvercle coulissant qui prot\u00e8ge contre les pressions accidentelles sur les boutons. Port\u00e9e en fonction des circonstances ext\u00e9rieures environ 5 \u00e0 50 m. Batterie 12V (type 27A) incluse.<\/p>","protected":false},"excerpt":{"rendered":"<p>Cl\u00e9 radio pour VAKA C18 et lecteurs A61 et A66. La cl\u00e9 radio poss\u00e8de une identit\u00e9 unique et est li\u00e9e \u00e0 une personne dans le syst\u00e8me VAKA, de la m\u00eame mani\u00e8re qu&#039;un badge ou une carte.<\/p>","protected":false},"featured_media":133378,"template":"","meta":{"_acf_changed":false},"product_brand":[],"product_cat":[3842,1616],"product_tag":[],"class_list":{"0":"post-148952","1":"product","2":"type-product","3":"status-publish","4":"has-post-thumbnail","6":"product_cat-axema-vaka-taggar","7":"product_cat-radiosandare-mottagare","8":"product_shipping_class-postnord-varubrev","9":"tm-no-options","11":"first","12":"instock","13":"sale","14":"taxable","15":"shipping-taxable","16":"purchasable","17":"product-type-simple"},"acf":[],"_links":{"self":[{"href":"https:\/\/secureus.se\/fr\/wp-json\/wp\/v2\/product\/148952","targetHints":{"allow":["GET"]}}],"collection":[{"href":"https:\/\/secureus.se\/fr\/wp-json\/wp\/v2\/product"}],"about":[{"href":"https:\/\/secureus.se\/fr\/wp-json\/wp\/v2\/types\/product"}],"wp:featuredmedia":[{"embeddable":true,"href":"https:\/\/secureus.se\/fr\/wp-json\/wp\/v2\/media\/133378"}],"wp:attachment":[{"href":"https:\/\/secureus.se\/fr\/wp-json\/wp\/v2\/media?parent=148952"}],"wp:term":[{"taxonomy":"product_brand","embeddable":true,"href":"https:\/\/secureus.se\/fr\/wp-json\/wp\/v2\/product_brand?post=148952"},{"taxonomy":"product_cat","embeddable":true,"href":"https:\/\/secureus.se\/fr\/wp-json\/wp\/v2\/product_cat?post=148952"},{"taxonomy":"product_tag","embeddable":true,"href":"https:\/\/secureus.se\/fr\/wp-json\/wp\/v2\/product_tag?post=148952"}],"curies":[{"name":"wp","href":"https:\/\/api.w.org\/{rel}","templated":true}]}}