{"id":148964,"date":"2024-09-02T12:37:11","date_gmt":"2024-09-02T10:37:11","guid":{"rendered":"https:\/\/secureus.se\/assa-abloy-h100-aperio-lasare-for-hoger-handtag\/"},"modified":"2025-10-21T12:43:03","modified_gmt":"2025-10-21T10:43:03","slug":"assa-abloy-h100-aperio-lasare-for-hoger-handtag","status":"publish","type":"product","link":"https:\/\/secureus.se\/fr\/assa-abloy-h100-aperio-lasare-for-hoger-handtag\/","title":{"rendered":"Lecteur ASSA ABLOY H100 Aperio pour poign\u00e9e droite"},"content":{"rendered":"<h2 class=\"display-4 d-none d-md-block\">Informations sur le produit<\/h2>\n<div id=\"collapseProductInformation\" class=\"product-presentation__accordion collapse d-md-block\">\n<div class=\"mb-3\">Le DBL362 est un lecteur de vantail compact \u00e9volutif qui g\u00e8re les technologies 13,56 MHz : MIFARE Classic, MIFARE Plus (niveau 1 et 3), MIFARE DESFire EV1+2, iCLASS et SEOS. Le lecteur dispose \u00e9galement d&#039;un support pour pouvoir passer aux futures technologies 13,56 MHz \u00e0 l&#039;avenir.<br \/>\nLe lecteur est inviolable car il poss\u00e8de toute l\u2019intelligence en toute s\u00e9curit\u00e9 \u00e0 l\u2019int\u00e9rieur et uniquement la partie antenne \u00e0 l\u2019ext\u00e9rieur.<br \/>\nLe lecteur DBL362 se compose d&#039;une unit\u00e9 de lecture et d&#039;une serrure \u00e9lectrique ABLOY EL981 avec fonction de broche divis\u00e9e, d\u00e9tection de pression et indication de la position de la porte.<\/div>\n<div class=\"mb-3\">Aucun trou suppl\u00e9mentaire ne doit \u00eatre perc\u00e9 dans la porte pour monter le bo\u00eetier de la serrure ou l&#039;unit\u00e9 de lecture lorsque le c\u00e2ble est plac\u00e9 \u00e0 l&#039;int\u00e9rieur ou \u00e0 l&#039;ext\u00e9rieur de la porte.<\/div>\n<div class=\"mb-3\">L&#039;unit\u00e9 peut \u00eatre compl\u00e9t\u00e9e selon vos souhaits par un cylindre de pression et de verrouillage.<br \/>\nLe DBL362 est principalement utilis\u00e9 sur les portes int\u00e9rieures comme protection contre l&#039;\u00e9clatement. Des exemples de tels locaux sont les vestiaires, les r\u00e9serves int\u00e9rieures, les portes int\u00e9rieures, les portes de cave et les bureaux.<br \/>\nToute la programmation du syst\u00e8me se fait via le logiciel ARX ou RX WEB et toutes les donn\u00e9es de configuration sont enregistr\u00e9es dans une base de donn\u00e9es centrale.<\/div>\n<div class=\"mb-3\">Les avantages des lecteurs de vantail connect\u00e9s de mani\u00e8re centralis\u00e9e sont nombreux. La gestion des autorisations est simple puisque les cartes individuelles peuvent \u00eatre imm\u00e9diatement bloqu\u00e9es dans le syst\u00e8me. Les \u00e9v\u00e9nements les plus r\u00e9cents sont enregistr\u00e9s dans un fichier journal du syst\u00e8me.<br \/>\nLe DBL360 dispose d&#039;une unit\u00e9 de commande de porte (DAC) int\u00e9gr\u00e9e, qui permet une installation facile car elle est connect\u00e9e directement \u00e0 l&#039;unit\u00e9 centrale du syst\u00e8me d&#039;acc\u00e8s.<\/div>\n<\/div>","protected":false},"excerpt":{"rendered":"<p>Lecteur ASSA ABLOY H100 Aperio pour poign\u00e9e droite<\/p>","protected":false},"featured_media":136267,"template":"","meta":{"_acf_changed":false},"product_brand":[],"product_cat":[4124],"product_tag":[4418,4863],"class_list":{"0":"post-148964","1":"product","2":"type-product","3":"status-publish","4":"has-post-thumbnail","6":"product_cat-dorrhandtag-innerdorr","7":"product_tag-assa-passer-lasare-port","8":"product_tag-pf","9":"product_shipping_class-tunga-paket","10":"pa_brands-abloy","11":"tm-no-options","13":"first","14":"instock","15":"sale","16":"taxable","17":"shipping-taxable","18":"purchasable","19":"product-type-simple"},"acf":[],"_links":{"self":[{"href":"https:\/\/secureus.se\/fr\/wp-json\/wp\/v2\/product\/148964","targetHints":{"allow":["GET"]}}],"collection":[{"href":"https:\/\/secureus.se\/fr\/wp-json\/wp\/v2\/product"}],"about":[{"href":"https:\/\/secureus.se\/fr\/wp-json\/wp\/v2\/types\/product"}],"wp:featuredmedia":[{"embeddable":true,"href":"https:\/\/secureus.se\/fr\/wp-json\/wp\/v2\/media\/136267"}],"wp:attachment":[{"href":"https:\/\/secureus.se\/fr\/wp-json\/wp\/v2\/media?parent=148964"}],"wp:term":[{"taxonomy":"product_brand","embeddable":true,"href":"https:\/\/secureus.se\/fr\/wp-json\/wp\/v2\/product_brand?post=148964"},{"taxonomy":"product_cat","embeddable":true,"href":"https:\/\/secureus.se\/fr\/wp-json\/wp\/v2\/product_cat?post=148964"},{"taxonomy":"product_tag","embeddable":true,"href":"https:\/\/secureus.se\/fr\/wp-json\/wp\/v2\/product_tag?post=148964"}],"curies":[{"name":"wp","href":"https:\/\/api.w.org\/{rel}","templated":true}]}}