{"id":149059,"date":"2025-03-18T14:41:47","date_gmt":"2025-03-18T13:41:47","guid":{"rendered":"https:\/\/secureus.se\/ajax-psu-stromforsorjningskort-12v-24v-for-hub2-hub2plus-rex-2\/"},"modified":"2026-03-30T23:38:16","modified_gmt":"2026-03-30T21:38:16","slug":"ajax-psu-stromforsorjningskort-12v-24v-for-hub2-hub2plus-rex-2","status":"publish","type":"product","link":"https:\/\/secureus.se\/fr\/ajax-psu-stromforsorjningskort-12v-24v-for-hub2-hub2plus-rex-2\/","title":{"rendered":"Carte d&#039;alimentation Ajax PSU 12V-24V pour Hub2, Hub2Plus, ReX 2"},"content":{"rendered":"<div class=\"mb-3\">\n<p>Carte d&#039;alimentation qui s&#039;installe dans Hub 2, Hub2Plus et ReX 2 pour pouvoir les alimenter en 12-24VDC. Parfait si vous, par exemple, vous souhaitez alerter votre bateau ou camping-car\/caravane ou connecter une alimentation externe.<\/p>\n<p>Compatibilit\u00e9 : Hub 2, Hub2Plus et ReX 2<\/p>\n<p>Tension d&#039;entr\u00e9e : 8-32 V CC<br \/>\nCourant d&#039;entr\u00e9e : &lt;1A<br \/>\nDouille : 6,5 x 2 mm<br \/>\nFiche CC : 5,5 x 2,1 mm avec borne \u00e0 vis (incluse)<\/p>\n<\/div>","protected":false},"excerpt":{"rendered":"<p>Une unit\u00e9 d&#039;alimentation alternative qui connecte les concentrateurs Ajax et les prolongateurs de port\u00e9e \u00e0 des sources basse tension. Remplace le bloc d&#039;alimentation 110\/230 VAC int\u00e9gr\u00e9.<\/p>\n<p>Fonctions principales<br \/>\nCompatible avec Hub 2 et Hub 2 Plus<br \/>\nProlongateur de port\u00e9e ReX 2<br \/>\nPrise standard qui relie la fiche secteur et un adaptateur de terminal dans l&#039;ensemble<\/p>","protected":false},"featured_media":151889,"template":"","meta":{"_acf_changed":false},"product_brand":[],"product_cat":[3171],"product_tag":[4863],"class_list":{"0":"post-149059","1":"product","2":"type-product","3":"status-publish","4":"has-post-thumbnail","6":"product_cat-psu-stromforsorjning","7":"product_tag-pf","8":"product_shipping_class-postnord-varubrev","9":"pa_brands-ajax-systems","10":"tm-no-options","12":"first","13":"instock","14":"sale","15":"taxable","16":"shipping-taxable","17":"purchasable","18":"product-type-simple"},"acf":[],"_links":{"self":[{"href":"https:\/\/secureus.se\/fr\/wp-json\/wp\/v2\/product\/149059","targetHints":{"allow":["GET"]}}],"collection":[{"href":"https:\/\/secureus.se\/fr\/wp-json\/wp\/v2\/product"}],"about":[{"href":"https:\/\/secureus.se\/fr\/wp-json\/wp\/v2\/types\/product"}],"wp:featuredmedia":[{"embeddable":true,"href":"https:\/\/secureus.se\/fr\/wp-json\/wp\/v2\/media\/151889"}],"wp:attachment":[{"href":"https:\/\/secureus.se\/fr\/wp-json\/wp\/v2\/media?parent=149059"}],"wp:term":[{"taxonomy":"product_brand","embeddable":true,"href":"https:\/\/secureus.se\/fr\/wp-json\/wp\/v2\/product_brand?post=149059"},{"taxonomy":"product_cat","embeddable":true,"href":"https:\/\/secureus.se\/fr\/wp-json\/wp\/v2\/product_cat?post=149059"},{"taxonomy":"product_tag","embeddable":true,"href":"https:\/\/secureus.se\/fr\/wp-json\/wp\/v2\/product_tag?post=149059"}],"curies":[{"name":"wp","href":"https:\/\/api.w.org\/{rel}","templated":true}]}}