{"id":149110,"date":"2025-03-20T11:17:03","date_gmt":"2025-03-20T10:17:03","guid":{"rendered":"https:\/\/secureus.se\/?post_type=product&#038;p=149110"},"modified":"2026-03-30T16:50:44","modified_gmt":"2026-03-30T14:50:44","slug":"kameraovervakning-dekal-dubbelsidig-premium-pet-repfritt-material-a8-a6-a5-a4","status":"publish","type":"product","link":"https:\/\/secureus.se\/fr\/kameraovervakning-dekal-dubbelsidig-premium-pet-repfritt-material-a8-a6-a5-a4\/","title":{"rendered":"Autocollant de surveillance par cam\u00e9ra \u2013 PET de qualit\u00e9 sup\u00e9rieure (double face)"},"content":{"rendered":"<p data-start=\"29\" data-end=\"421\">Am\u00e9liorez votre s\u00e9curit\u00e9 avec notre <strong data-start=\"59\" data-end=\"97\">Autocollant de surveillance par cam\u00e9ra<\/strong>\u00a0\u2013 une solution \u00e9l\u00e9gante et robuste pour marquer que la zone est surveill\u00e9e. Fabriqu\u00e9 \u00e0 partir d&#039;un mat\u00e9riau PET de qualit\u00e9 sup\u00e9rieure anti-rayures, cet autocollant double face offre une qualit\u00e9 sup\u00e9rieure par rapport aux alternatives PVC standard. La surface sans rayures garantit que l&#039;autocollant conserve son aspect frais et net, m\u00eame apr\u00e8s une exposition prolong\u00e9e.<\/p>\n<p data-start=\"423\" data-end=\"773\">Avec <strong data-start=\"427\" data-end=\"442\">adh\u00e9sif 3 mm<\/strong> Il est tr\u00e8s facile \u00e0 assembler, ce qui rend l&#039;installation rapide et facile. La conception recto verso garantit que le message est clairement visible des deux c\u00f4t\u00e9s, qu&#039;il soit plac\u00e9 \u00e0 l&#039;int\u00e9rieur ou \u00e0 l&#039;ext\u00e9rieur. L&#039;autocollant est donc id\u00e9al pour marquer les entr\u00e9es, les fen\u00eatres et autres points strat\u00e9giques o\u00f9 vous souhaitez augmenter la s\u00e9curit\u00e9.<\/p>\n<p data-start=\"775\" data-end=\"795\"><strong data-start=\"775\" data-end=\"795\">Caract\u00e9ristiques:<\/strong><\/p>\n<ul data-start=\"796\" data-end=\"914\">\n<li data-start=\"796\" data-end=\"822\"><strong data-start=\"798\" data-end=\"810\">Taille:<\/strong> Plusieurs tailles diff\u00e9rentes, A8, A6, A5, A4.<\/li>\n<li data-start=\"823\" data-end=\"851\"><strong data-start=\"825\" data-end=\"838\">Mat\u00e9riel:<\/strong> PET anti-rayures<\/li>\n<li data-start=\"852\" data-end=\"877\"><strong data-start=\"854\" data-end=\"865\">Conception:<\/strong> Recto-verso<\/li>\n<li data-start=\"878\" data-end=\"914\"><strong data-start=\"880\" data-end=\"892\">Adh\u00e9sif:<\/strong> 3 mm \u2013 assemblage facile<\/li>\n<\/ul>\n<p data-start=\"916\" data-end=\"1059\">Choisissez notre autocollant de surveillance par cam\u00e9ra pour une solution de s\u00e9curit\u00e9 durable et efficace qui dissuade les intrus et contribue \u00e0 un environnement plus s\u00fbr.<\/p>","protected":false},"excerpt":{"rendered":"<p>Un autocollant de surveillance de cam\u00e9ra double face en mat\u00e9riau PET anti-rayures avec un adh\u00e9sif de 3 mm pour une installation facile - parfait pour augmenter la s\u00e9curit\u00e9 \u00e0 l&#039;int\u00e9rieur comme \u00e0 l&#039;ext\u00e9rieur.<\/p>","protected":false},"featured_media":158961,"template":"","meta":{"_acf_changed":false},"product_brand":[],"product_cat":[3227,1793],"product_tag":[],"class_list":{"0":"post-149110","1":"product","2":"type-product","3":"status-publish","4":"has-post-thumbnail","6":"product_cat-kameraovervakning-skylt","7":"product_cat-kameraskyltar","8":"product_shipping_class-postnord-varubrev","9":"pa_brands-secureus","10":"pa_storlek-a4-21x29-7cm","11":"pa_storlek-a5-14-8x21cm","12":"pa_storlek-a6-10-5x14-8cm","13":"pa_storlek-a8-5-2-x-7-4-cm","14":"tm-no-options","16":"first","17":"instock","18":"taxable","19":"shipping-taxable","20":"purchasable","21":"product-type-variable"},"acf":[],"_links":{"self":[{"href":"https:\/\/secureus.se\/fr\/wp-json\/wp\/v2\/product\/149110","targetHints":{"allow":["GET"]}}],"collection":[{"href":"https:\/\/secureus.se\/fr\/wp-json\/wp\/v2\/product"}],"about":[{"href":"https:\/\/secureus.se\/fr\/wp-json\/wp\/v2\/types\/product"}],"wp:featuredmedia":[{"embeddable":true,"href":"https:\/\/secureus.se\/fr\/wp-json\/wp\/v2\/media\/158961"}],"wp:attachment":[{"href":"https:\/\/secureus.se\/fr\/wp-json\/wp\/v2\/media?parent=149110"}],"wp:term":[{"taxonomy":"product_brand","embeddable":true,"href":"https:\/\/secureus.se\/fr\/wp-json\/wp\/v2\/product_brand?post=149110"},{"taxonomy":"product_cat","embeddable":true,"href":"https:\/\/secureus.se\/fr\/wp-json\/wp\/v2\/product_cat?post=149110"},{"taxonomy":"product_tag","embeddable":true,"href":"https:\/\/secureus.se\/fr\/wp-json\/wp\/v2\/product_tag?post=149110"}],"curies":[{"name":"wp","href":"https:\/\/api.w.org\/{rel}","templated":true}]}}