{"id":149220,"date":"2025-03-24T10:45:28","date_gmt":"2025-03-24T09:45:28","guid":{"rendered":"https:\/\/secureus.se\/?post_type=product&#038;p=149220"},"modified":"2025-05-09T12:44:25","modified_gmt":"2025-05-09T10:44:25","slug":"forinstallerad-psu","status":"publish","type":"product","link":"https:\/\/secureus.se\/fr\/forinstallerad-psu\/","title":{"rendered":"Bloc d&#039;alimentation 12 V pr\u00e9-assembl\u00e9"},"content":{"rendered":"<p class=\"\" data-start=\"164\" data-end=\"488\"><strong data-start=\"164\" data-end=\"241\">Bloc d&#039;alimentation 12 V pr\u00e9-assembl\u00e9\u00a0: votre solution de s\u00e9curit\u00e9 compl\u00e8te<\/strong><br data-start=\"241\" data-end=\"244\" \/>Pr\u00e9parez votre Ajax Hub2 Plus 12V pour une utilisation imm\u00e9diate avec notre bloc d&#039;alimentation 12V pr\u00e9-assembl\u00e9. Ce module est pr\u00e9install\u00e9 dans l&#039;unit\u00e9 centrale, ce qui signifie que vous n&#039;avez pas besoin d&#039;effectuer d&#039;assemblage suppl\u00e9mentaire et que vous obtenez une solution fiable d\u00e8s la sortie de la bo\u00eete.<\/p>\n<p class=\"\" data-start=\"490\" data-end=\"520\"><strong data-start=\"490\" data-end=\"518\">Caract\u00e9ristiques et avantages\u00a0:<\/strong><\/p>\n<ul data-start=\"521\" data-end=\"1084\">\n<li class=\"\" data-start=\"521\" data-end=\"648\">\n<p class=\"\" data-start=\"523\" data-end=\"648\"><strong data-start=\"523\" data-end=\"546\">Installation facile :<\/strong> Le produit est d\u00e9j\u00e0 mont\u00e9 dans l&#039;unit\u00e9 centrale, ce qui permet de gagner du temps et de minimiser les travaux d&#039;installation.<\/p>\n<\/li>\n<li class=\"\" data-start=\"649\" data-end=\"790\">\n<p class=\"\" data-start=\"651\" data-end=\"790\"><strong data-start=\"651\" data-end=\"680\">Large plage de tension :<\/strong> Avec une tension d&#039;entr\u00e9e de 8 \u00e0 32 VCC, il est id\u00e9al pour les installations mobiles telles que les bateaux, les camping-cars et les caravanes.<\/p>\n<\/li>\n<li class=\"\" data-start=\"791\" data-end=\"916\">\n<p class=\"\" data-start=\"793\" data-end=\"916\"><strong data-start=\"793\" data-end=\"816\">Haute compatibilit\u00e9 :<\/strong> Fonctionne de mani\u00e8re transparente avec Hub2, Hub2Plus et ReX 2, offrant une flexibilit\u00e9 quelle que soit la configuration du syst\u00e8me.<\/p>\n<\/li>\n<li class=\"\" data-start=\"917\" data-end=\"1084\">\n<p class=\"\" data-start=\"919\" data-end=\"1084\"><strong data-start=\"919\" data-end=\"957\">Alimentation \u00e9lectrique stable et s\u00fbre :<\/strong> Equip\u00e9 d&#039;une prise CC robuste (5,5 x 2,1 mm avec borne \u00e0 vis incluse) qui assure une connexion et une alimentation fiables.<\/p>\n<\/li>\n<\/ul>\n<p class=\"\" data-start=\"1086\" data-end=\"1341\">Choisissez notre bloc d&#039;alimentation 12 V pr\u00e9-assembl\u00e9 si vous souhaitez une solution de s\u00e9curit\u00e9 compl\u00e8te et sans tracas d\u00e8s la sortie de la bo\u00eete. Ce produit est parfait pour les particuliers et les installateurs professionnels qui souhaitent une solution rapide et facile pour les applications mobiles.<\/p>","protected":false},"excerpt":{"rendered":"<p><strong data-start=\"1404\" data-end=\"1459\">Bloc d&#039;alimentation 12 V pr\u00e9-assembl\u00e9 \u2013 Pr\u00eat \u00e0 l&#039;emploi imm\u00e9diatement<\/strong><br data-start=\"1459\" data-end=\"1462\" \/>Notre bloc d&#039;alimentation 12V pr\u00e9install\u00e9 est livr\u00e9 pr\u00e9-assembl\u00e9 dans votre Ajax Hub2 Plus 12V, ce qui signifie que vous n&#039;avez pas besoin de l&#039;assembler vous-m\u00eame. Compatible avec Hub2, Hub2Plus et ReX 2, et avec une tension d&#039;entr\u00e9e de 8-32 VDC, c&#039;est la solution parfaite pour les bateaux, camping-cars et caravanes. Obtenez une installation fiable et sans probl\u00e8me d\u00e8s la livraison !<\/p>","protected":false},"featured_media":149221,"template":"","meta":{"_acf_changed":false},"product_brand":[],"product_cat":[3171],"product_tag":[],"class_list":{"0":"post-149220","1":"product","2":"type-product","3":"status-publish","4":"has-post-thumbnail","6":"product_cat-psu-stromforsorjning","7":"tm-no-options","9":"first","10":"instock","11":"taxable","12":"shipping-taxable","13":"purchasable","14":"product-type-simple"},"acf":[],"_links":{"self":[{"href":"https:\/\/secureus.se\/fr\/wp-json\/wp\/v2\/product\/149220","targetHints":{"allow":["GET"]}}],"collection":[{"href":"https:\/\/secureus.se\/fr\/wp-json\/wp\/v2\/product"}],"about":[{"href":"https:\/\/secureus.se\/fr\/wp-json\/wp\/v2\/types\/product"}],"wp:featuredmedia":[{"embeddable":true,"href":"https:\/\/secureus.se\/fr\/wp-json\/wp\/v2\/media\/149221"}],"wp:attachment":[{"href":"https:\/\/secureus.se\/fr\/wp-json\/wp\/v2\/media?parent=149220"}],"wp:term":[{"taxonomy":"product_brand","embeddable":true,"href":"https:\/\/secureus.se\/fr\/wp-json\/wp\/v2\/product_brand?post=149220"},{"taxonomy":"product_cat","embeddable":true,"href":"https:\/\/secureus.se\/fr\/wp-json\/wp\/v2\/product_cat?post=149220"},{"taxonomy":"product_tag","embeddable":true,"href":"https:\/\/secureus.se\/fr\/wp-json\/wp\/v2\/product_tag?post=149220"}],"curies":[{"name":"wp","href":"https:\/\/api.w.org\/{rel}","templated":true}]}}