{"id":149264,"date":"2025-03-25T11:26:19","date_gmt":"2025-03-25T10:26:19","guid":{"rendered":"https:\/\/secureus.se\/varning-for-hunden-skylt-hund-aluminium-a5-14-8x21cm\/"},"modified":"2026-03-27T11:20:45","modified_gmt":"2026-03-27T10:20:45","slug":"varning-for-hunden-skylt-hund-aluminium-a5-14-8x21cm","status":"publish","type":"product","link":"https:\/\/secureus.se\/fr\/varning-for-hunden-skylt-hund-aluminium-a5-14-8x21cm\/","title":{"rendered":"AVERTISSEMENT POUR CHIENS \u2013 Panneau pour chien \u2013 Aluminium (A5 \u2013 14,8 x 21 cm)"},"content":{"rendered":"<p class=\"\" data-start=\"556\" data-end=\"848\"><strong data-start=\"556\" data-end=\"617\">AVERTISSEMENT POUR LES CHIENS \u2013 Panneau en aluminium (A5, 148 \u00d7 210 mm)<\/strong><br data-start=\"617\" data-end=\"620\" \/>Soyez clair sur la pr\u00e9sence d\u2019un chien dans les environs et d\u00e9couragez les invit\u00e9s ind\u00e9sirables. Ce panneau de format A5 est fabriqu\u00e9 en aluminium durable et est parfait pour ceux qui souhaitent un avertissement l\u00e9g\u00e8rement plus petit, mais toujours visible.<\/p>\n<h3 class=\"\" data-start=\"850\" data-end=\"904\"><strong data-start=\"854\" data-end=\"904\">Pourquoi un panneau \u00ab Chien d\u2019avertissement \u00bb ?<\/strong><\/h3>\n<ul data-start=\"905\" data-end=\"1259\">\n<li class=\"\" data-start=\"905\" data-end=\"1030\">\n<p class=\"\" data-start=\"907\" data-end=\"1030\"><strong data-start=\"907\" data-end=\"931\">Effet dissuasif :<\/strong> Signalez clairement la pr\u00e9sence d\u2019un chien \u00e0 proximit\u00e9 et r\u00e9duisez les risques de cambriolage et de visites ind\u00e9sirables.<\/p>\n<\/li>\n<li class=\"\" data-start=\"1031\" data-end=\"1135\">\n<p class=\"\" data-start=\"1033\" data-end=\"1135\"><strong data-start=\"1033\" data-end=\"1056\">Informer les visiteurs :<\/strong> Faites savoir aux invit\u00e9s qui ont peur des chiens ou qui n\u2019y sont pas habitu\u00e9s qu\u2019un chien est pr\u00e9sent.<\/p>\n<\/li>\n<li class=\"\" data-start=\"1136\" data-end=\"1259\">\n<p class=\"\" data-start=\"1138\" data-end=\"1259\"><strong data-start=\"1138\" data-end=\"1157\">Format flexible :<\/strong> Le format A5 (148 \u00d7 210 mm) est plus petit que le format A4 et s&#039;adapte bien aux portails, portes et cl\u00f4tures avec un espace limit\u00e9.<\/p>\n<\/li>\n<\/ul>\n<h3 class=\"\" data-start=\"1261\" data-end=\"1292\"><strong data-start=\"1265\" data-end=\"1292\">Aluminium de haute qualit\u00e9<\/strong><\/h3>\n<ul data-start=\"1293\" data-end=\"1663\">\n<li class=\"\" data-start=\"1293\" data-end=\"1419\">\n<p class=\"\" data-start=\"1295\" data-end=\"1419\"><strong data-start=\"1295\" data-end=\"1329\">R\u00e9sistant \u00e0 la rouille et \u00e0 la corrosion :<\/strong> La construction en aluminium garantit une longue dur\u00e9e de vie m\u00eame dans des conditions ext\u00e9rieures difficiles.<\/p>\n<\/li>\n<li class=\"\" data-start=\"1420\" data-end=\"1535\">\n<p class=\"\" data-start=\"1422\" data-end=\"1535\"><strong data-start=\"1422\" data-end=\"1450\">R\u00e9sistant aux intemp\u00e9ries et aux UV :<\/strong> La couleur ne se d\u00e9colore pas au soleil et le panneau peut r\u00e9sister \u00e0 la pluie, au froid et \u00e0 la chaleur sans aucun probl\u00e8me.<\/p>\n<\/li>\n<li class=\"\" data-start=\"1536\" data-end=\"1663\">\n<p class=\"\" data-start=\"1538\" data-end=\"1663\"><strong data-start=\"1538\" data-end=\"1558\">Montage facile :<\/strong> Equip\u00e9 d&#039;un support auto-adh\u00e9sif (ruban adh\u00e9sif 3M) ou d&#039;une option de montage \u00e0 vis (si vous souhaitez percer des trous).<\/p>\n<\/li>\n<\/ul>\n<h3 class=\"\" data-start=\"1665\" data-end=\"1691\"><strong data-start=\"1669\" data-end=\"1691\">Domaines d&#039;utilisation<\/strong><\/h3>\n<ul data-start=\"1692\" data-end=\"1974\">\n<li class=\"\" data-start=\"1692\" data-end=\"1763\">\n<p class=\"\" data-start=\"1694\" data-end=\"1763\"><strong data-start=\"1694\" data-end=\"1711\">R\u00e9sidence priv\u00e9e :<\/strong> Placez le panneau sur la porte d\u2019entr\u00e9e, le portail ou la cl\u00f4ture.<\/p>\n<\/li>\n<li class=\"\" data-start=\"1764\" data-end=\"1862\">\n<p class=\"\" data-start=\"1766\" data-end=\"1862\"><strong data-start=\"1766\" data-end=\"1794\">Cour ou jardin pour chien :<\/strong> Indiquez clairement o\u00f9 se trouve le chien pour \u00e9viter les surprises.<\/p>\n<\/li>\n<li class=\"\" data-start=\"1863\" data-end=\"1974\">\n<p class=\"\" data-start=\"1865\" data-end=\"1974\"><strong data-start=\"1865\" data-end=\"1890\">Entreprises et associations :<\/strong> Id\u00e9al pour les zones o\u00f9 les chiens sont autoris\u00e9s, comme les club-houses ou les zones pour chiens de garde.<\/p>\n<\/li>\n<\/ul>\n<h3 class=\"\" data-start=\"1976\" data-end=\"2006\"><strong data-start=\"1980\" data-end=\"2006\">Sp\u00e9cifications du produit<\/strong><\/h3>\n<ul data-start=\"2007\" data-end=\"2222\">\n<li class=\"\" data-start=\"2007\" data-end=\"2038\">\n<p class=\"\" data-start=\"2009\" data-end=\"2038\"><strong data-start=\"2009\" data-end=\"2018\">Mesure:<\/strong> A5 (148 \u00d7 210 mm)<\/p>\n<\/li>\n<li class=\"\" data-start=\"2039\" data-end=\"2066\">\n<p class=\"\" data-start=\"2041\" data-end=\"2066\"><strong data-start=\"2041\" data-end=\"2054\">Mat\u00e9riel:<\/strong> Aluminium<\/p>\n<\/li>\n<li class=\"\" data-start=\"2067\" data-end=\"2134\">\n<p class=\"\" data-start=\"2069\" data-end=\"2134\"><strong data-start=\"2069\" data-end=\"2087\">Couleur et design :<\/strong> Fond jaune avec texte noir et silhouette de chien<\/p>\n<\/li>\n<li class=\"\" data-start=\"2135\" data-end=\"2222\">\n<p class=\"\" data-start=\"2137\" data-end=\"2222\"><strong data-start=\"2137\" data-end=\"2151\">M\u00e9thode de fixation :<\/strong> Dos autocollant (3M) ou fixation par vis (trous perc\u00e9s si n\u00e9cessaire)<\/p>\n<\/li>\n<\/ul>\n<p class=\"\" data-start=\"2224\" data-end=\"2253\"><strong data-start=\"2224\" data-end=\"2253\">Le paquet contient :<\/strong><\/p>\n<ul data-start=\"2254\" data-end=\"2304\">\n<li class=\"\" data-start=\"2254\" data-end=\"2304\">\n<p class=\"\" data-start=\"2256\" data-end=\"2304\">1 pi\u00e8ce <em data-start=\"2261\" data-end=\"2281\">AVERTISSEMENT POUR LE CHIEN<\/em>-panneau en aluminium (A5)<\/p>\n<\/li>\n<\/ul>\n<p class=\"\" data-start=\"2306\" data-end=\"2541\">Avec un panneau A5, vous obtenez un format pratique qui reste clair et efficace pour informer et dissuader. En combinant une construction robuste avec un design accrocheur, cela devient une mesure de s\u00e9curit\u00e9 fiable pour n&#039;importe quel environnement.<\/p>","protected":false},"excerpt":{"rendered":"<p><strong data-start=\"224\" data-end=\"271\">AVERTISSEMENT POUR LES CHIENS \u2013 Panneau en aluminium (A5)<\/strong><br data-start=\"271\" data-end=\"274\" \/>Prot\u00e9gez votre maison et votre chien avec un panneau d&#039;avertissement clair et durable au format A5. Fabriqu\u00e9 en aluminium pour r\u00e9sister aux conditions m\u00e9t\u00e9orologiques difficiles, parfait pour une utilisation en ext\u00e9rieur. Dissuader les intrus et informer les visiteurs qu&#039;il y a un chien sur place.<\/p>","protected":false},"featured_media":156006,"template":"","meta":{"_acf_changed":false},"product_brand":[],"product_cat":[1323],"product_tag":[],"class_list":{"0":"post-149264","1":"product","2":"type-product","3":"status-publish","4":"has-post-thumbnail","6":"product_cat-larmdekaler","7":"product_shipping_class-postnord-varubrev","8":"pa_brands-secureus","9":"pa_storlek-a5-14-8x21cm","10":"tm-no-options","12":"first","13":"instock","14":"sale","15":"taxable","16":"shipping-taxable","17":"purchasable","18":"product-type-simple"},"acf":[],"_links":{"self":[{"href":"https:\/\/secureus.se\/fr\/wp-json\/wp\/v2\/product\/149264","targetHints":{"allow":["GET"]}}],"collection":[{"href":"https:\/\/secureus.se\/fr\/wp-json\/wp\/v2\/product"}],"about":[{"href":"https:\/\/secureus.se\/fr\/wp-json\/wp\/v2\/types\/product"}],"wp:featuredmedia":[{"embeddable":true,"href":"https:\/\/secureus.se\/fr\/wp-json\/wp\/v2\/media\/156006"}],"wp:attachment":[{"href":"https:\/\/secureus.se\/fr\/wp-json\/wp\/v2\/media?parent=149264"}],"wp:term":[{"taxonomy":"product_brand","embeddable":true,"href":"https:\/\/secureus.se\/fr\/wp-json\/wp\/v2\/product_brand?post=149264"},{"taxonomy":"product_cat","embeddable":true,"href":"https:\/\/secureus.se\/fr\/wp-json\/wp\/v2\/product_cat?post=149264"},{"taxonomy":"product_tag","embeddable":true,"href":"https:\/\/secureus.se\/fr\/wp-json\/wp\/v2\/product_tag?post=149264"}],"curies":[{"name":"wp","href":"https:\/\/api.w.org\/{rel}","templated":true}]}}