{"id":149267,"date":"2025-03-25T11:32:45","date_gmt":"2025-03-25T10:32:45","guid":{"rendered":"https:\/\/secureus.se\/warning-varning-hund-skylt-aluminium-a5-14-8x21cm\/"},"modified":"2026-02-06T15:04:06","modified_gmt":"2026-02-06T14:04:06","slug":"warning-varning-hund-skylt-aluminium-a5-14-8x21cm","status":"publish","type":"product","link":"https:\/\/secureus.se\/fr\/warning-varning-hund-skylt-aluminium-a5-14-8x21cm\/","title":{"rendered":"AVERTISSEMENT \u2013 Panneau d&#039;avertissement pour chien \u2013 Aluminium (A5 \u2013 14,8 x 21 cm)"},"content":{"rendered":"<p class=\"\" data-start=\"128\" data-end=\"431\"><strong data-start=\"128\" data-end=\"191\">AVERTISSEMENT \u2013 Panneau d&#039;avertissement pour chien en aluminium (A5, 14,8 \u00d7 21 cm)<\/strong><br data-start=\"191\" data-end=\"194\" \/>\u00c9loignez les invit\u00e9s ind\u00e9sirables et informez les visiteurs qu&#039;il y a un chien sur place. Ce panneau en aluminium A5 combine un message visuel puissant avec une grande durabilit\u00e9, ce qui le rend id\u00e9al pour les maisons priv\u00e9es et les entreprises.<\/p>\n<h3 class=\"\" data-start=\"433\" data-end=\"471\"><strong data-start=\"437\" data-end=\"471\">Conception claire et dissuasive<\/strong><\/h3>\n<ul data-start=\"472\" data-end=\"759\">\n<li class=\"\" data-start=\"472\" data-end=\"629\">\n<p class=\"\" data-start=\"474\" data-end=\"629\"><strong data-start=\"474\" data-end=\"508\">Silhouette de chien et texte \u00ab AVERTISSEMENT \u00bb :<\/strong> Sur le fond jaune vif, une silhouette de chien pro\u00e9minente et le texte \u00ab AVERTISSEMENT \u00bb sont visibles, ce qui attire imm\u00e9diatement l&#039;attention.<\/p>\n<\/li>\n<li class=\"\" data-start=\"630\" data-end=\"759\">\n<p class=\"\" data-start=\"632\" data-end=\"759\"><strong data-start=\"632\" data-end=\"652\">Avertissement pour le chien :<\/strong> Le panneau signale la pr\u00e9sence d&#039;un chien dans la zone, r\u00e9duisant ainsi le risque de cambriolage et de visiteurs ind\u00e9sirables.<\/p>\n<\/li>\n<\/ul>\n<h3 class=\"\" data-start=\"761\" data-end=\"792\"><strong data-start=\"765\" data-end=\"792\">Aluminium de haute qualit\u00e9<\/strong><\/h3>\n<ul data-start=\"793\" data-end=\"1038\">\n<li class=\"\" data-start=\"793\" data-end=\"919\">\n<p class=\"\" data-start=\"795\" data-end=\"919\"><strong data-start=\"795\" data-end=\"829\">R\u00e9sistant \u00e0 la rouille et \u00e0 la corrosion :<\/strong> Parfait pour une utilisation en ext\u00e9rieur dans les climats scandinaves, quelle que soit la pluie, la neige ou le soleil \u00e9clatant.<\/p>\n<\/li>\n<li class=\"\" data-start=\"920\" data-end=\"1038\">\n<p class=\"\" data-start=\"922\" data-end=\"1038\"><strong data-start=\"922\" data-end=\"941\">Longue dur\u00e9e de vie :<\/strong> L&#039;aluminium conserve sa couleur et sa forme pendant de nombreuses ann\u00e9es, ce qui en fait un investissement s\u00fbr.<\/p>\n<\/li>\n<\/ul>\n<h3 class=\"\" data-start=\"1040\" data-end=\"1078\"><strong data-start=\"1044\" data-end=\"1078\">Installation facile avec du ruban adh\u00e9sif 3M<\/strong><\/h3>\n<ul data-start=\"1079\" data-end=\"1296\">\n<li class=\"\" data-start=\"1079\" data-end=\"1194\">\n<p class=\"\" data-start=\"1081\" data-end=\"1194\"><strong data-start=\"1081\" data-end=\"1107\">Support autocollant :<\/strong> Le panneau est livr\u00e9 avec un ruban adh\u00e9sif 3M qui rend l&#039;installation rapide et facile.<\/p>\n<\/li>\n<li class=\"\" data-start=\"1195\" data-end=\"1296\">\n<p class=\"\" data-start=\"1197\" data-end=\"1296\"><strong data-start=\"1197\" data-end=\"1216\">Montage \u00e0 vis :<\/strong> Si vous souhaitez une r\u00e9sistance suppl\u00e9mentaire, vous pouvez facilement percer des trous et fixer le panneau avec des vis.<\/p>\n<\/li>\n<\/ul>\n<h3 class=\"\" data-start=\"1298\" data-end=\"1335\"><strong data-start=\"1302\" data-end=\"1335\">Applications polyvalentes<\/strong><\/h3>\n<ul data-start=\"1336\" data-end=\"1633\">\n<li class=\"\" data-start=\"1336\" data-end=\"1429\">\n<p class=\"\" data-start=\"1338\" data-end=\"1429\"><strong data-start=\"1338\" data-end=\"1364\">Entr\u00e9es et portails de la maison :<\/strong> Placez le panneau aux entr\u00e9es pour avertir les visiteurs \u00e0 temps.<\/p>\n<\/li>\n<li class=\"\" data-start=\"1430\" data-end=\"1528\">\n<p class=\"\" data-start=\"1432\" data-end=\"1528\"><strong data-start=\"1432\" data-end=\"1460\">Jardins et aires de jeux pour chiens :<\/strong> Informez clairement les voisins et les invit\u00e9s de la pr\u00e9sence du chien.<\/p>\n<\/li>\n<li class=\"\" data-start=\"1529\" data-end=\"1633\">\n<p class=\"\" data-start=\"1531\" data-end=\"1633\"><strong data-start=\"1531\" data-end=\"1551\">Environnements d&#039;entreprise :<\/strong> \u00c9galement parfait pour les entrep\u00f4ts, garages ou autres zones o\u00f9 des chiens de garde peuvent \u00eatre pr\u00e9sents.<\/p>\n<\/li>\n<\/ul>\n<h4 class=\"\" data-start=\"1635\" data-end=\"1666\"><strong data-start=\"1640\" data-end=\"1666\">Sp\u00e9cifications du produit<\/strong><\/h4>\n<ul data-start=\"1667\" data-end=\"1911\">\n<li class=\"\" data-start=\"1667\" data-end=\"1698\">\n<p class=\"\" data-start=\"1669\" data-end=\"1698\"><strong data-start=\"1669\" data-end=\"1678\">Mesure:<\/strong> A5 (14,8 \u00d7 21 cm)<\/p>\n<\/li>\n<li class=\"\" data-start=\"1699\" data-end=\"1757\">\n<p class=\"\" data-start=\"1701\" data-end=\"1757\"><strong data-start=\"1701\" data-end=\"1714\">Mat\u00e9riel:<\/strong> Aluminium (durable et r\u00e9sistant aux intemp\u00e9ries)<\/p>\n<\/li>\n<li class=\"\" data-start=\"1758\" data-end=\"1828\">\n<p class=\"\" data-start=\"1760\" data-end=\"1828\"><strong data-start=\"1760\" data-end=\"1771\">Conception:<\/strong> Fond jaune avec silhouette de chien et texte noir \u00ab\u00a0AVERTISSEMENT\u00a0\u00bb<\/p>\n<\/li>\n<li class=\"\" data-start=\"1829\" data-end=\"1911\">\n<p class=\"\" data-start=\"1831\" data-end=\"1911\"><strong data-start=\"1831\" data-end=\"1845\">Montage:<\/strong> Montage par ruban adh\u00e9sif 3M ou par vis (trous perc\u00e9s si n\u00e9cessaire)<\/p>\n<\/li>\n<\/ul>","protected":false},"excerpt":{"rendered":"<p><strong data-start=\"203\" data-end=\"251\">AVERTISSEMENT \u2013 Panneau d&#039;avertissement pour chien (A5, aluminium)<\/strong><br data-start=\"251\" data-end=\"254\" \/>Un panneau en aluminium clair et robuste qui avertit des chiens. Avec un motif accrocheur d&#039;une silhouette de chien et le texte \u00ab AVERTISSEMENT \u00bb sur fond jaune, il dissuade efficacement les visiteurs ind\u00e9sirables. Parfait pour une utilisation en ext\u00e9rieur gr\u00e2ce \u00e0 un mat\u00e9riau r\u00e9sistant aux intemp\u00e9ries et un montage facile.<\/p>","protected":false},"featured_media":156007,"template":"","meta":{"_acf_changed":false},"product_brand":[],"product_cat":[1323],"product_tag":[],"class_list":{"0":"post-149267","1":"product","2":"type-product","3":"status-publish","4":"has-post-thumbnail","6":"product_cat-larmdekaler","7":"product_shipping_class-postnord-varubrev","8":"pa_brands-secureus","9":"pa_storlek-a5-14-8x21cm","10":"tm-no-options","12":"first","13":"instock","14":"sale","15":"taxable","16":"shipping-taxable","17":"purchasable","18":"product-type-simple"},"acf":[],"_links":{"self":[{"href":"https:\/\/secureus.se\/fr\/wp-json\/wp\/v2\/product\/149267","targetHints":{"allow":["GET"]}}],"collection":[{"href":"https:\/\/secureus.se\/fr\/wp-json\/wp\/v2\/product"}],"about":[{"href":"https:\/\/secureus.se\/fr\/wp-json\/wp\/v2\/types\/product"}],"wp:featuredmedia":[{"embeddable":true,"href":"https:\/\/secureus.se\/fr\/wp-json\/wp\/v2\/media\/156007"}],"wp:attachment":[{"href":"https:\/\/secureus.se\/fr\/wp-json\/wp\/v2\/media?parent=149267"}],"wp:term":[{"taxonomy":"product_brand","embeddable":true,"href":"https:\/\/secureus.se\/fr\/wp-json\/wp\/v2\/product_brand?post=149267"},{"taxonomy":"product_cat","embeddable":true,"href":"https:\/\/secureus.se\/fr\/wp-json\/wp\/v2\/product_cat?post=149267"},{"taxonomy":"product_tag","embeddable":true,"href":"https:\/\/secureus.se\/fr\/wp-json\/wp\/v2\/product_tag?post=149267"}],"curies":[{"name":"wp","href":"https:\/\/api.w.org\/{rel}","templated":true}]}}